{"id":107,"date":"2024-09-10T12:55:11","date_gmt":"2024-09-10T10:55:11","guid":{"rendered":"https:\/\/www.montessoriostrava.cz\/jesle\/?page_id=107"},"modified":"2025-02-04T16:46:49","modified_gmt":"2025-02-04T15:46:49","slug":"o-jeslich","status":"publish","type":"page","link":"https:\/\/www.montessoriostrava.cz\/jesle\/o-nas\/o-jeslich\/","title":{"rendered":"O jesl\u00edch"},"content":{"rendered":"\n<p>D\u011btsk\u00e1 skupina pro d\u011bti od 1,5 do 3 let. Na\u0161e ch\u016fvy s laskavost\u00ed a respektem pe\u010duj\u00ed o v\u0161estrann\u00fd rozvoj ka\u017ed\u00e9ho d\u00edt\u011bte.<\/p>\n\n\n\n<p>N\u00e1\u0161 p\u0159\u00edb\u011bh za\u010dal v roce 2022 a dnes m\u00e1me dv\u011b jesli\u010dkov\u00e9 t\u0159\u00eddy s kapacitou 12 d\u011bt\u00ed na ul. Matrosovova v Mari\u00e1nsk\u00fdch Hor\u00e1ch a B\u00edloveck\u00e1 ve Svinov\u011b.<br><br>V\u011b\u0159\u00edme, \u017ee d\u011bti si zaslou\u017e\u00ed respekt a v\u00edru v jejich schopnosti. Na\u0161\u00ed odm\u011bnou je jejich nad\u0161en\u00ed, zv\u00eddavost a tvo\u0159ivost. M\u00e1me \u0161t\u011bst\u00ed, \u017ee je m\u016f\u017eeme doprov\u00e1zet p\u0159i jejich objevitelsk\u00fdch cest\u00e1ch a sledovat jejich r\u016fst. My rosteme s nimi.<\/p>\n\n\n\n<div class=\"wp-block-buttons alignwide is-content-justification-center is-layout-flex wp-container-core-buttons-is-layout-16018d1d wp-block-buttons-is-layout-flex\">\n<div class=\"wp-block-button\"><a class=\"wp-block-button__link wp-element-button\" href=\"https:\/\/docs.google.com\/forms\/d\/e\/1FAIpQLScnA_JsXBo9jBFyRIMZcWGTS30H4TIlDuWRZW2ack-7ZVQB1w\/viewform\" target=\"_blank\" rel=\"noreferrer noopener\">M\u00e1m z\u00e1jem o sch\u016fzku<\/a><\/div>\n<\/div>\n\n\n\n<p><\/p>\n","protected":false},"excerpt":{"rendered":"<p>D\u011btsk\u00e1 skupina pro d\u011bti od 1,5 do 3 let. Na\u0161e ch\u016fvy s laskavost\u00ed a respektem pe\u010duj\u00ed o v\u0161estrann\u00fd rozvoj ka\u017ed\u00e9ho d\u00edt\u011bte. N\u00e1\u0161 p\u0159\u00edb\u011bh za\u010dal v roce 2022 a dnes m\u00e1me dv\u011b jesli\u010dkov\u00e9 t\u0159\u00eddy s kapacitou 12 d\u011bt\u00ed na ul. Matrosovova v Mari\u00e1nsk\u00fdch Hor\u00e1ch a B\u00edloveck\u00e1 ve Svinov\u011b. V\u011b\u0159\u00edme, \u017ee d\u011bti si zaslou\u017e\u00ed respekt a v\u00edru [&hellip;]<\/p>\n","protected":false},"author":1,"featured_media":0,"parent":54,"menu_order":0,"comment_status":"closed","ping_status":"closed","template":"","meta":{"footnotes":""},"class_list":["post-107","page","type-page","status-publish","hentry"],"acf":[],"yoast_head":"<!-- This site is optimized with the Yoast SEO plugin v27.4 - https:\/\/yoast.com\/product\/yoast-seo-wordpress\/ -->\n<title>O jesl\u00edch | Jesle Montessori Ostrava<\/title>\n<meta name=\"description\" content=\"Montessori jesle nab\u00edzej\u00ed podn\u011btn\u00e9 prost\u0159ed\u00ed, kde d\u011bti objevuj\u00ed sv\u011bt p\u0159irozen\u00fdm zp\u016fsobem, rozv\u00edjej\u00ed sv\u00e9 dovednosti a buduj\u00ed sebed\u016fv\u011bru.\" \/>\n<meta name=\"robots\" content=\"index, follow, max-snippet:-1, max-image-preview:large, max-video-preview:-1\" \/>\n<link rel=\"canonical\" href=\"https:\/\/www.montessoriostrava.cz\/jesle\/o-nas\/o-jeslich\/\" \/>\n<meta property=\"og:locale\" content=\"cs_CZ\" \/>\n<meta property=\"og:type\" content=\"article\" \/>\n<meta property=\"og:title\" content=\"O jesl\u00edch | Jesle Montessori Ostrava\" \/>\n<meta property=\"og:description\" content=\"Montessori jesle nab\u00edzej\u00ed podn\u011btn\u00e9 prost\u0159ed\u00ed, kde d\u011bti objevuj\u00ed sv\u011bt p\u0159irozen\u00fdm zp\u016fsobem, rozv\u00edjej\u00ed sv\u00e9 dovednosti a buduj\u00ed sebed\u016fv\u011bru.\" \/>\n<meta property=\"og:url\" content=\"https:\/\/www.montessoriostrava.cz\/jesle\/o-nas\/o-jeslich\/\" \/>\n<meta property=\"og:site_name\" content=\"Jesle Montessori Ostrava\" \/>\n<meta property=\"article:modified_time\" content=\"2025-02-04T15:46:49+00:00\" \/>\n<meta property=\"og:image\" content=\"https:\/\/www.montessoriostrava.cz\/jesle\/wp-content\/uploads\/sites\/5\/2024\/09\/f0021e9424d2061da544170ac821a678-2-e1725373142383.png\" \/>\n\t<meta property=\"og:image:width\" content=\"683\" \/>\n\t<meta property=\"og:image:height\" content=\"700\" \/>\n\t<meta property=\"og:image:type\" content=\"image\/png\" \/>\n<meta name=\"twitter:card\" content=\"summary_large_image\" \/>\n<meta name=\"twitter:label1\" content=\"Odhadovan\u00e1 doba \u010dten\u00ed\" \/>\n\t<meta name=\"twitter:data1\" content=\"1 minuta\" \/>\n<script type=\"application\/ld+json\" class=\"yoast-schema-graph\">{\"@context\":\"https:\\\/\\\/schema.org\",\"@graph\":[{\"@type\":\"WebPage\",\"@id\":\"https:\\\/\\\/www.montessoriostrava.cz\\\/jesle\\\/o-nas\\\/o-jeslich\\\/\",\"url\":\"https:\\\/\\\/www.montessoriostrava.cz\\\/jesle\\\/o-nas\\\/o-jeslich\\\/\",\"name\":\"O jesl\u00edch | Jesle Montessori Ostrava\",\"isPartOf\":{\"@id\":\"https:\\\/\\\/www.montessoriostrava.cz\\\/jesle\\\/#website\"},\"datePublished\":\"2024-09-10T10:55:11+00:00\",\"dateModified\":\"2025-02-04T15:46:49+00:00\",\"description\":\"Montessori jesle nab\u00edzej\u00ed podn\u011btn\u00e9 prost\u0159ed\u00ed, kde d\u011bti objevuj\u00ed sv\u011bt p\u0159irozen\u00fdm zp\u016fsobem, rozv\u00edjej\u00ed sv\u00e9 dovednosti a buduj\u00ed sebed\u016fv\u011bru.\",\"breadcrumb\":{\"@id\":\"https:\\\/\\\/www.montessoriostrava.cz\\\/jesle\\\/o-nas\\\/o-jeslich\\\/#breadcrumb\"},\"inLanguage\":\"cs\",\"potentialAction\":[{\"@type\":\"ReadAction\",\"target\":[\"https:\\\/\\\/www.montessoriostrava.cz\\\/jesle\\\/o-nas\\\/o-jeslich\\\/\"]}]},{\"@type\":\"BreadcrumbList\",\"@id\":\"https:\\\/\\\/www.montessoriostrava.cz\\\/jesle\\\/o-nas\\\/o-jeslich\\\/#breadcrumb\",\"itemListElement\":[{\"@type\":\"ListItem\",\"position\":1,\"name\":\"Dom\u016f\",\"item\":\"https:\\\/\\\/www.montessoriostrava.cz\\\/jesle\\\/\"},{\"@type\":\"ListItem\",\"position\":2,\"name\":\"O n\u00e1s\",\"item\":\"https:\\\/\\\/www.montessoriostrava.cz\\\/jesle\\\/o-nas\\\/\"},{\"@type\":\"ListItem\",\"position\":3,\"name\":\"O jesl\u00edch\"}]},{\"@type\":\"WebSite\",\"@id\":\"https:\\\/\\\/www.montessoriostrava.cz\\\/jesle\\\/#website\",\"url\":\"https:\\\/\\\/www.montessoriostrava.cz\\\/jesle\\\/\",\"name\":\"Jesle Montessori Ostrava\",\"description\":\"\",\"publisher\":{\"@id\":\"https:\\\/\\\/www.montessoriostrava.cz\\\/jesle\\\/#organization\"},\"potentialAction\":[{\"@type\":\"SearchAction\",\"target\":{\"@type\":\"EntryPoint\",\"urlTemplate\":\"https:\\\/\\\/www.montessoriostrava.cz\\\/jesle\\\/?s={search_term_string}\"},\"query-input\":{\"@type\":\"PropertyValueSpecification\",\"valueRequired\":true,\"valueName\":\"search_term_string\"}}],\"inLanguage\":\"cs\"},{\"@type\":\"Organization\",\"@id\":\"https:\\\/\\\/www.montessoriostrava.cz\\\/jesle\\\/#organization\",\"name\":\"Montessori Ostrava\",\"url\":\"https:\\\/\\\/www.montessoriostrava.cz\\\/jesle\\\/\",\"logo\":{\"@type\":\"ImageObject\",\"inLanguage\":\"cs\",\"@id\":\"https:\\\/\\\/www.montessoriostrava.cz\\\/jesle\\\/#\\\/schema\\\/logo\\\/image\\\/\",\"url\":\"https:\\\/\\\/www.montessoriostrava.cz\\\/jesle\\\/wp-content\\\/uploads\\\/sites\\\/5\\\/2025\\\/01\\\/logo-montessori.png\",\"contentUrl\":\"https:\\\/\\\/www.montessoriostrava.cz\\\/jesle\\\/wp-content\\\/uploads\\\/sites\\\/5\\\/2025\\\/01\\\/logo-montessori.png\",\"width\":1794,\"height\":527,\"caption\":\"Montessori Ostrava\"},\"image\":{\"@id\":\"https:\\\/\\\/www.montessoriostrava.cz\\\/jesle\\\/#\\\/schema\\\/logo\\\/image\\\/\"}}]}<\/script>\n<!-- \/ Yoast SEO plugin. -->","yoast_head_json":{"title":"O jesl\u00edch | Jesle Montessori Ostrava","description":"Montessori jesle nab\u00edzej\u00ed podn\u011btn\u00e9 prost\u0159ed\u00ed, kde d\u011bti objevuj\u00ed sv\u011bt p\u0159irozen\u00fdm zp\u016fsobem, rozv\u00edjej\u00ed sv\u00e9 dovednosti a buduj\u00ed sebed\u016fv\u011bru.","robots":{"index":"index","follow":"follow","max-snippet":"max-snippet:-1","max-image-preview":"max-image-preview:large","max-video-preview":"max-video-preview:-1"},"canonical":"https:\/\/www.montessoriostrava.cz\/jesle\/o-nas\/o-jeslich\/","og_locale":"cs_CZ","og_type":"article","og_title":"O jesl\u00edch | Jesle Montessori Ostrava","og_description":"Montessori jesle nab\u00edzej\u00ed podn\u011btn\u00e9 prost\u0159ed\u00ed, kde d\u011bti objevuj\u00ed sv\u011bt p\u0159irozen\u00fdm zp\u016fsobem, rozv\u00edjej\u00ed sv\u00e9 dovednosti a buduj\u00ed sebed\u016fv\u011bru.","og_url":"https:\/\/www.montessoriostrava.cz\/jesle\/o-nas\/o-jeslich\/","og_site_name":"Jesle Montessori Ostrava","article_modified_time":"2025-02-04T15:46:49+00:00","og_image":[{"width":683,"height":700,"url":"https:\/\/www.montessoriostrava.cz\/jesle\/wp-content\/uploads\/sites\/5\/2024\/09\/f0021e9424d2061da544170ac821a678-2-e1725373142383.png","type":"image\/png"}],"twitter_card":"summary_large_image","twitter_misc":{"Odhadovan\u00e1 doba \u010dten\u00ed":"1 minuta"},"schema":{"@context":"https:\/\/schema.org","@graph":[{"@type":"WebPage","@id":"https:\/\/www.montessoriostrava.cz\/jesle\/o-nas\/o-jeslich\/","url":"https:\/\/www.montessoriostrava.cz\/jesle\/o-nas\/o-jeslich\/","name":"O jesl\u00edch | Jesle Montessori Ostrava","isPartOf":{"@id":"https:\/\/www.montessoriostrava.cz\/jesle\/#website"},"datePublished":"2024-09-10T10:55:11+00:00","dateModified":"2025-02-04T15:46:49+00:00","description":"Montessori jesle nab\u00edzej\u00ed podn\u011btn\u00e9 prost\u0159ed\u00ed, kde d\u011bti objevuj\u00ed sv\u011bt p\u0159irozen\u00fdm zp\u016fsobem, rozv\u00edjej\u00ed sv\u00e9 dovednosti a buduj\u00ed sebed\u016fv\u011bru.","breadcrumb":{"@id":"https:\/\/www.montessoriostrava.cz\/jesle\/o-nas\/o-jeslich\/#breadcrumb"},"inLanguage":"cs","potentialAction":[{"@type":"ReadAction","target":["https:\/\/www.montessoriostrava.cz\/jesle\/o-nas\/o-jeslich\/"]}]},{"@type":"BreadcrumbList","@id":"https:\/\/www.montessoriostrava.cz\/jesle\/o-nas\/o-jeslich\/#breadcrumb","itemListElement":[{"@type":"ListItem","position":1,"name":"Dom\u016f","item":"https:\/\/www.montessoriostrava.cz\/jesle\/"},{"@type":"ListItem","position":2,"name":"O n\u00e1s","item":"https:\/\/www.montessoriostrava.cz\/jesle\/o-nas\/"},{"@type":"ListItem","position":3,"name":"O jesl\u00edch"}]},{"@type":"WebSite","@id":"https:\/\/www.montessoriostrava.cz\/jesle\/#website","url":"https:\/\/www.montessoriostrava.cz\/jesle\/","name":"Jesle Montessori Ostrava","description":"","publisher":{"@id":"https:\/\/www.montessoriostrava.cz\/jesle\/#organization"},"potentialAction":[{"@type":"SearchAction","target":{"@type":"EntryPoint","urlTemplate":"https:\/\/www.montessoriostrava.cz\/jesle\/?s={search_term_string}"},"query-input":{"@type":"PropertyValueSpecification","valueRequired":true,"valueName":"search_term_string"}}],"inLanguage":"cs"},{"@type":"Organization","@id":"https:\/\/www.montessoriostrava.cz\/jesle\/#organization","name":"Montessori Ostrava","url":"https:\/\/www.montessoriostrava.cz\/jesle\/","logo":{"@type":"ImageObject","inLanguage":"cs","@id":"https:\/\/www.montessoriostrava.cz\/jesle\/#\/schema\/logo\/image\/","url":"https:\/\/www.montessoriostrava.cz\/jesle\/wp-content\/uploads\/sites\/5\/2025\/01\/logo-montessori.png","contentUrl":"https:\/\/www.montessoriostrava.cz\/jesle\/wp-content\/uploads\/sites\/5\/2025\/01\/logo-montessori.png","width":1794,"height":527,"caption":"Montessori Ostrava"},"image":{"@id":"https:\/\/www.montessoriostrava.cz\/jesle\/#\/schema\/logo\/image\/"}}]}},"_links":{"self":[{"href":"https:\/\/www.montessoriostrava.cz\/jesle\/wp-json\/wp\/v2\/pages\/107","targetHints":{"allow":["GET"]}}],"collection":[{"href":"https:\/\/www.montessoriostrava.cz\/jesle\/wp-json\/wp\/v2\/pages"}],"about":[{"href":"https:\/\/www.montessoriostrava.cz\/jesle\/wp-json\/wp\/v2\/types\/page"}],"author":[{"embeddable":true,"href":"https:\/\/www.montessoriostrava.cz\/jesle\/wp-json\/wp\/v2\/users\/1"}],"replies":[{"embeddable":true,"href":"https:\/\/www.montessoriostrava.cz\/jesle\/wp-json\/wp\/v2\/comments?post=107"}],"version-history":[{"count":8,"href":"https:\/\/www.montessoriostrava.cz\/jesle\/wp-json\/wp\/v2\/pages\/107\/revisions"}],"predecessor-version":[{"id":447,"href":"https:\/\/www.montessoriostrava.cz\/jesle\/wp-json\/wp\/v2\/pages\/107\/revisions\/447"}],"up":[{"embeddable":true,"href":"https:\/\/www.montessoriostrava.cz\/jesle\/wp-json\/wp\/v2\/pages\/54"}],"wp:attachment":[{"href":"https:\/\/www.montessoriostrava.cz\/jesle\/wp-json\/wp\/v2\/media?parent=107"}],"curies":[{"name":"wp","href":"https:\/\/api.w.org\/{rel}","templated":true}]}}