{"id":243,"date":"2024-09-10T14:06:35","date_gmt":"2024-09-10T12:06:35","guid":{"rendered":"https:\/\/www.montessoriostrava.cz\/jesle\/?page_id=243"},"modified":"2025-02-04T17:01:09","modified_gmt":"2025-02-04T16:01:09","slug":"prijimani-do-jesli","status":"publish","type":"page","link":"https:\/\/www.montessoriostrava.cz\/jesle\/prijimani-do-jesli\/","title":{"rendered":"P\u0159ij\u00edm\u00e1n\u00ed do jesl\u00ed"},"content":{"rendered":"\n<p><strong>Prvn\u00edm krokem je domluva n\u00e1v\u0161t\u011bvy<\/strong> u n\u00e1s na pracovi\u0161ti ve Svinov\u011b \u010di Mari\u00e1nsk\u00fdch Hor\u00e1ch a to bu\u010f individu\u00e1ln\u011b\u2026 a&nbsp; nebo na Dnech otev\u0159en\u00fdch dve\u0159\u00ed, kter\u00e9 se konaj\u00ed na ul. Matrosovova nebo B\u00edloveck\u00e1.<\/p>\n\n\n\n<div class=\"wp-block-columns is-layout-flex wp-container-core-columns-is-layout-9d6595d7 wp-block-columns-is-layout-flex\">\n<div class=\"wp-block-column is-layout-flow wp-block-column-is-layout-flow\">\n<figure class=\"wp-block-image size-large\"><img loading=\"lazy\" decoding=\"async\" width=\"768\" height=\"1024\" src=\"https:\/\/www.montessoriostrava.cz\/jesle\/wp-content\/uploads\/sites\/5\/2024\/09\/Jesle-Montessori-Ostrava-6-scaled-1-768x1024.jpg\" alt=\"P\u0159ij\u00edm\u00e1n\u00ed do jesl\u00ed\" class=\"wp-image-164\" srcset=\"https:\/\/www.montessoriostrava.cz\/jesle\/wp-content\/uploads\/sites\/5\/2024\/09\/Jesle-Montessori-Ostrava-6-scaled-1-768x1024.jpg 768w, https:\/\/www.montessoriostrava.cz\/jesle\/wp-content\/uploads\/sites\/5\/2024\/09\/Jesle-Montessori-Ostrava-6-scaled-1-225x300.jpg 225w, https:\/\/www.montessoriostrava.cz\/jesle\/wp-content\/uploads\/sites\/5\/2024\/09\/Jesle-Montessori-Ostrava-6-scaled-1-1152x1536.jpg 1152w, https:\/\/www.montessoriostrava.cz\/jesle\/wp-content\/uploads\/sites\/5\/2024\/09\/Jesle-Montessori-Ostrava-6-scaled-1-1536x2048.jpg 1536w, https:\/\/www.montessoriostrava.cz\/jesle\/wp-content\/uploads\/sites\/5\/2024\/09\/Jesle-Montessori-Ostrava-6-scaled-1.jpg 1920w\" sizes=\"auto, (max-width: 768px) 100vw, 768px\" \/><\/figure>\n<\/div>\n\n\n\n<div class=\"wp-block-column is-layout-flow wp-block-column-is-layout-flow\">\n<p class=\"has-text-align-left\">Jakmile n\u00e1m vypln\u00edte formul\u00e1\u0159, brzy se v\u00e1m ozveme s&nbsp;term\u00ednem <strong>spole\u010dn\u00e9 sch\u016fzky<\/strong> \u010di potvrd\u00edme \u00fa\u010dast na Dni otev\u0159en\u00fdch dve\u0159\u00ed.<\/p>\n\n\n\n<p class=\"has-text-align-left\">Prvn\u00ed setk\u00e1n\u00ed prob\u00edh\u00e1 spole\u010dn\u011b s va\u0161\u00edm d\u00edt\u011btem. C\u00edlem setk\u00e1n\u00ed je p\u0159edstavit v\u00e1m Jesle Montessori Ostrava, jej\u00ed principy, zodpov\u011bd\u011bt va\u0161e dotazy a nab\u00eddnout nejen v\u00e1m, ale i va\u0161emu d\u00edt\u011bti nahl\u00e9dnout do na\u0161\u00ed t\u0159\u00eddy. Na m\u00edst\u011b zjist\u00edte, zda-li na\u0161e instituce spl\u0148uje va\u0161e p\u0159edstavy a vy n\u00e1m sv\u011b\u0159\u00edte sv\u00e9 d\u00edt\u011b ke vzd\u011bl\u00e1v\u00e1n\u00ed.<\/p>\n\n\n\n<p>Posledn\u00edm a nejd\u016fle\u017eit\u011bj\u0161\u00edm krokem je sezn\u00e1men\u00ed se s va\u0161\u00edm d\u00edt\u011btem prost\u0159ednictv\u00edm <strong>adapta\u010dn\u00edho pobytu<\/strong>, kter\u00fd trv\u00e1 obvykle 1-3 dny a je pln\u011b v na\u0161\u00ed re\u017eii, tedy nic neplat\u00edte. P\u0159ed adapta\u010dn\u00edm pobytem je nutno vyplnit&nbsp;<strong>P\u0158IHL\u00c1\u0160KU DO JESL\u00cd<\/strong>.<\/p>\n\n\n\n<p>N\u00e1sleduje vyd\u00e1n\u00ed rozhodnut\u00ed o p\u0159ijet\u00ed d\u00edt\u011bte do na\u0161\u00ed D\u011aTSK\u00c9 SKUPINY a podpis dal\u0161\u00ed dokumentace.<\/p>\n\n\n\n<div class=\"wp-block-buttons is-content-justification-center is-layout-flex wp-container-core-buttons-is-layout-16018d1d wp-block-buttons-is-layout-flex\">\n<div class=\"wp-block-button\"><a class=\"wp-block-button__link wp-element-button\" href=\"https:\/\/docs.google.com\/forms\/d\/e\/1FAIpQLScnA_JsXBo9jBFyRIMZcWGTS30H4TIlDuWRZW2ack-7ZVQB1w\/viewform\" target=\"_blank\" rel=\"noreferrer noopener\">M\u00e1m z\u00e1jem o sch\u016fzku<\/a><\/div>\n<\/div>\n<\/div>\n<\/div>\n\n\n\n<p><\/p>\n\n\n\n<p><\/p>\n","protected":false},"excerpt":{"rendered":"<p>Prvn\u00edm krokem je domluva n\u00e1v\u0161t\u011bvy u n\u00e1s na pracovi\u0161ti ve Svinov\u011b \u010di Mari\u00e1nsk\u00fdch Hor\u00e1ch a to bu\u010f individu\u00e1ln\u011b\u2026 a&nbsp; nebo na Dnech otev\u0159en\u00fdch dve\u0159\u00ed, kter\u00e9 se konaj\u00ed na ul. Matrosovova nebo B\u00edloveck\u00e1. Jakmile n\u00e1m vypln\u00edte formul\u00e1\u0159, brzy se v\u00e1m ozveme s&nbsp;term\u00ednem spole\u010dn\u00e9 sch\u016fzky \u010di potvrd\u00edme \u00fa\u010dast na Dni otev\u0159en\u00fdch dve\u0159\u00ed. Prvn\u00ed setk\u00e1n\u00ed prob\u00edh\u00e1 spole\u010dn\u011b s [&hellip;]<\/p>\n","protected":false},"author":1,"featured_media":0,"parent":0,"menu_order":0,"comment_status":"closed","ping_status":"closed","template":"","meta":{"footnotes":""},"class_list":["post-243","page","type-page","status-publish","hentry"],"acf":[],"yoast_head":"<!-- This site is optimized with the Yoast SEO plugin v27.4 - https:\/\/yoast.com\/product\/yoast-seo-wordpress\/ -->\n<title>P\u0159ij\u00edm\u00e1n\u00ed do jesl\u00ed | Jesle Montessori Ostrava<\/title>\n<meta name=\"description\" content=\"Jak prob\u00edh\u00e1 proces p\u0159ij\u00edm\u00e1n\u00ed d\u011bt\u00ed do Montessori jesl\u00ed? Zjist\u011bte v\u00edce o podm\u00ednk\u00e1ch, krit\u00e9ri\u00edch a term\u00ednech pro nov\u00e9 z\u00e1jemce.\" \/>\n<meta name=\"robots\" content=\"index, follow, max-snippet:-1, max-image-preview:large, max-video-preview:-1\" \/>\n<link rel=\"canonical\" href=\"https:\/\/www.montessoriostrava.cz\/jesle\/prijimani-do-jesli\/\" \/>\n<meta property=\"og:locale\" content=\"cs_CZ\" \/>\n<meta property=\"og:type\" content=\"article\" \/>\n<meta property=\"og:title\" content=\"P\u0159ij\u00edm\u00e1n\u00ed do jesl\u00ed | Jesle Montessori Ostrava\" \/>\n<meta property=\"og:description\" content=\"Jak prob\u00edh\u00e1 proces p\u0159ij\u00edm\u00e1n\u00ed d\u011bt\u00ed do Montessori jesl\u00ed? Zjist\u011bte v\u00edce o podm\u00ednk\u00e1ch, krit\u00e9ri\u00edch a term\u00ednech pro nov\u00e9 z\u00e1jemce.\" \/>\n<meta property=\"og:url\" content=\"https:\/\/www.montessoriostrava.cz\/jesle\/prijimani-do-jesli\/\" \/>\n<meta property=\"og:site_name\" content=\"Jesle Montessori Ostrava\" \/>\n<meta property=\"article:modified_time\" content=\"2025-02-04T16:01:09+00:00\" \/>\n<meta property=\"og:image\" content=\"https:\/\/www.montessoriostrava.cz\/jesle\/wp-content\/uploads\/sites\/5\/2024\/09\/Jesle-Montessori-Ostrava-6-scaled-1.jpg\" \/>\n\t<meta property=\"og:image:width\" content=\"1920\" \/>\n\t<meta property=\"og:image:height\" content=\"2560\" \/>\n\t<meta property=\"og:image:type\" content=\"image\/jpeg\" \/>\n<meta name=\"twitter:card\" content=\"summary_large_image\" \/>\n<meta name=\"twitter:label1\" content=\"Odhadovan\u00e1 doba \u010dten\u00ed\" \/>\n\t<meta name=\"twitter:data1\" content=\"2 minuty\" \/>\n<script type=\"application\/ld+json\" class=\"yoast-schema-graph\">{\"@context\":\"https:\\\/\\\/schema.org\",\"@graph\":[{\"@type\":\"WebPage\",\"@id\":\"https:\\\/\\\/www.montessoriostrava.cz\\\/jesle\\\/prijimani-do-jesli\\\/\",\"url\":\"https:\\\/\\\/www.montessoriostrava.cz\\\/jesle\\\/prijimani-do-jesli\\\/\",\"name\":\"P\u0159ij\u00edm\u00e1n\u00ed do jesl\u00ed | Jesle Montessori Ostrava\",\"isPartOf\":{\"@id\":\"https:\\\/\\\/www.montessoriostrava.cz\\\/jesle\\\/#website\"},\"primaryImageOfPage\":{\"@id\":\"https:\\\/\\\/www.montessoriostrava.cz\\\/jesle\\\/prijimani-do-jesli\\\/#primaryimage\"},\"image\":{\"@id\":\"https:\\\/\\\/www.montessoriostrava.cz\\\/jesle\\\/prijimani-do-jesli\\\/#primaryimage\"},\"thumbnailUrl\":\"https:\\\/\\\/www.montessoriostrava.cz\\\/jesle\\\/wp-content\\\/uploads\\\/sites\\\/5\\\/2024\\\/09\\\/Jesle-Montessori-Ostrava-6-scaled-1-768x1024.jpg\",\"datePublished\":\"2024-09-10T12:06:35+00:00\",\"dateModified\":\"2025-02-04T16:01:09+00:00\",\"description\":\"Jak prob\u00edh\u00e1 proces p\u0159ij\u00edm\u00e1n\u00ed d\u011bt\u00ed do Montessori jesl\u00ed? Zjist\u011bte v\u00edce o podm\u00ednk\u00e1ch, krit\u00e9ri\u00edch a term\u00ednech pro nov\u00e9 z\u00e1jemce.\",\"breadcrumb\":{\"@id\":\"https:\\\/\\\/www.montessoriostrava.cz\\\/jesle\\\/prijimani-do-jesli\\\/#breadcrumb\"},\"inLanguage\":\"cs\",\"potentialAction\":[{\"@type\":\"ReadAction\",\"target\":[\"https:\\\/\\\/www.montessoriostrava.cz\\\/jesle\\\/prijimani-do-jesli\\\/\"]}]},{\"@type\":\"ImageObject\",\"inLanguage\":\"cs\",\"@id\":\"https:\\\/\\\/www.montessoriostrava.cz\\\/jesle\\\/prijimani-do-jesli\\\/#primaryimage\",\"url\":\"https:\\\/\\\/www.montessoriostrava.cz\\\/jesle\\\/wp-content\\\/uploads\\\/sites\\\/5\\\/2024\\\/09\\\/Jesle-Montessori-Ostrava-6-scaled-1.jpg\",\"contentUrl\":\"https:\\\/\\\/www.montessoriostrava.cz\\\/jesle\\\/wp-content\\\/uploads\\\/sites\\\/5\\\/2024\\\/09\\\/Jesle-Montessori-Ostrava-6-scaled-1.jpg\",\"width\":1920,\"height\":2560},{\"@type\":\"BreadcrumbList\",\"@id\":\"https:\\\/\\\/www.montessoriostrava.cz\\\/jesle\\\/prijimani-do-jesli\\\/#breadcrumb\",\"itemListElement\":[{\"@type\":\"ListItem\",\"position\":1,\"name\":\"Dom\u016f\",\"item\":\"https:\\\/\\\/www.montessoriostrava.cz\\\/jesle\\\/\"},{\"@type\":\"ListItem\",\"position\":2,\"name\":\"P\u0159ij\u00edm\u00e1n\u00ed do jesl\u00ed\"}]},{\"@type\":\"WebSite\",\"@id\":\"https:\\\/\\\/www.montessoriostrava.cz\\\/jesle\\\/#website\",\"url\":\"https:\\\/\\\/www.montessoriostrava.cz\\\/jesle\\\/\",\"name\":\"Jesle Montessori Ostrava\",\"description\":\"\",\"publisher\":{\"@id\":\"https:\\\/\\\/www.montessoriostrava.cz\\\/jesle\\\/#organization\"},\"potentialAction\":[{\"@type\":\"SearchAction\",\"target\":{\"@type\":\"EntryPoint\",\"urlTemplate\":\"https:\\\/\\\/www.montessoriostrava.cz\\\/jesle\\\/?s={search_term_string}\"},\"query-input\":{\"@type\":\"PropertyValueSpecification\",\"valueRequired\":true,\"valueName\":\"search_term_string\"}}],\"inLanguage\":\"cs\"},{\"@type\":\"Organization\",\"@id\":\"https:\\\/\\\/www.montessoriostrava.cz\\\/jesle\\\/#organization\",\"name\":\"Montessori Ostrava\",\"url\":\"https:\\\/\\\/www.montessoriostrava.cz\\\/jesle\\\/\",\"logo\":{\"@type\":\"ImageObject\",\"inLanguage\":\"cs\",\"@id\":\"https:\\\/\\\/www.montessoriostrava.cz\\\/jesle\\\/#\\\/schema\\\/logo\\\/image\\\/\",\"url\":\"https:\\\/\\\/www.montessoriostrava.cz\\\/jesle\\\/wp-content\\\/uploads\\\/sites\\\/5\\\/2025\\\/01\\\/logo-montessori.png\",\"contentUrl\":\"https:\\\/\\\/www.montessoriostrava.cz\\\/jesle\\\/wp-content\\\/uploads\\\/sites\\\/5\\\/2025\\\/01\\\/logo-montessori.png\",\"width\":1794,\"height\":527,\"caption\":\"Montessori Ostrava\"},\"image\":{\"@id\":\"https:\\\/\\\/www.montessoriostrava.cz\\\/jesle\\\/#\\\/schema\\\/logo\\\/image\\\/\"}}]}<\/script>\n<!-- \/ Yoast SEO plugin. -->","yoast_head_json":{"title":"P\u0159ij\u00edm\u00e1n\u00ed do jesl\u00ed | Jesle Montessori Ostrava","description":"Jak prob\u00edh\u00e1 proces p\u0159ij\u00edm\u00e1n\u00ed d\u011bt\u00ed do Montessori jesl\u00ed? Zjist\u011bte v\u00edce o podm\u00ednk\u00e1ch, krit\u00e9ri\u00edch a term\u00ednech pro nov\u00e9 z\u00e1jemce.","robots":{"index":"index","follow":"follow","max-snippet":"max-snippet:-1","max-image-preview":"max-image-preview:large","max-video-preview":"max-video-preview:-1"},"canonical":"https:\/\/www.montessoriostrava.cz\/jesle\/prijimani-do-jesli\/","og_locale":"cs_CZ","og_type":"article","og_title":"P\u0159ij\u00edm\u00e1n\u00ed do jesl\u00ed | Jesle Montessori Ostrava","og_description":"Jak prob\u00edh\u00e1 proces p\u0159ij\u00edm\u00e1n\u00ed d\u011bt\u00ed do Montessori jesl\u00ed? Zjist\u011bte v\u00edce o podm\u00ednk\u00e1ch, krit\u00e9ri\u00edch a term\u00ednech pro nov\u00e9 z\u00e1jemce.","og_url":"https:\/\/www.montessoriostrava.cz\/jesle\/prijimani-do-jesli\/","og_site_name":"Jesle Montessori Ostrava","article_modified_time":"2025-02-04T16:01:09+00:00","og_image":[{"width":1920,"height":2560,"url":"https:\/\/www.montessoriostrava.cz\/jesle\/wp-content\/uploads\/sites\/5\/2024\/09\/Jesle-Montessori-Ostrava-6-scaled-1.jpg","type":"image\/jpeg"}],"twitter_card":"summary_large_image","twitter_misc":{"Odhadovan\u00e1 doba \u010dten\u00ed":"2 minuty"},"schema":{"@context":"https:\/\/schema.org","@graph":[{"@type":"WebPage","@id":"https:\/\/www.montessoriostrava.cz\/jesle\/prijimani-do-jesli\/","url":"https:\/\/www.montessoriostrava.cz\/jesle\/prijimani-do-jesli\/","name":"P\u0159ij\u00edm\u00e1n\u00ed do jesl\u00ed | Jesle Montessori Ostrava","isPartOf":{"@id":"https:\/\/www.montessoriostrava.cz\/jesle\/#website"},"primaryImageOfPage":{"@id":"https:\/\/www.montessoriostrava.cz\/jesle\/prijimani-do-jesli\/#primaryimage"},"image":{"@id":"https:\/\/www.montessoriostrava.cz\/jesle\/prijimani-do-jesli\/#primaryimage"},"thumbnailUrl":"https:\/\/www.montessoriostrava.cz\/jesle\/wp-content\/uploads\/sites\/5\/2024\/09\/Jesle-Montessori-Ostrava-6-scaled-1-768x1024.jpg","datePublished":"2024-09-10T12:06:35+00:00","dateModified":"2025-02-04T16:01:09+00:00","description":"Jak prob\u00edh\u00e1 proces p\u0159ij\u00edm\u00e1n\u00ed d\u011bt\u00ed do Montessori jesl\u00ed? Zjist\u011bte v\u00edce o podm\u00ednk\u00e1ch, krit\u00e9ri\u00edch a term\u00ednech pro nov\u00e9 z\u00e1jemce.","breadcrumb":{"@id":"https:\/\/www.montessoriostrava.cz\/jesle\/prijimani-do-jesli\/#breadcrumb"},"inLanguage":"cs","potentialAction":[{"@type":"ReadAction","target":["https:\/\/www.montessoriostrava.cz\/jesle\/prijimani-do-jesli\/"]}]},{"@type":"ImageObject","inLanguage":"cs","@id":"https:\/\/www.montessoriostrava.cz\/jesle\/prijimani-do-jesli\/#primaryimage","url":"https:\/\/www.montessoriostrava.cz\/jesle\/wp-content\/uploads\/sites\/5\/2024\/09\/Jesle-Montessori-Ostrava-6-scaled-1.jpg","contentUrl":"https:\/\/www.montessoriostrava.cz\/jesle\/wp-content\/uploads\/sites\/5\/2024\/09\/Jesle-Montessori-Ostrava-6-scaled-1.jpg","width":1920,"height":2560},{"@type":"BreadcrumbList","@id":"https:\/\/www.montessoriostrava.cz\/jesle\/prijimani-do-jesli\/#breadcrumb","itemListElement":[{"@type":"ListItem","position":1,"name":"Dom\u016f","item":"https:\/\/www.montessoriostrava.cz\/jesle\/"},{"@type":"ListItem","position":2,"name":"P\u0159ij\u00edm\u00e1n\u00ed do jesl\u00ed"}]},{"@type":"WebSite","@id":"https:\/\/www.montessoriostrava.cz\/jesle\/#website","url":"https:\/\/www.montessoriostrava.cz\/jesle\/","name":"Jesle Montessori Ostrava","description":"","publisher":{"@id":"https:\/\/www.montessoriostrava.cz\/jesle\/#organization"},"potentialAction":[{"@type":"SearchAction","target":{"@type":"EntryPoint","urlTemplate":"https:\/\/www.montessoriostrava.cz\/jesle\/?s={search_term_string}"},"query-input":{"@type":"PropertyValueSpecification","valueRequired":true,"valueName":"search_term_string"}}],"inLanguage":"cs"},{"@type":"Organization","@id":"https:\/\/www.montessoriostrava.cz\/jesle\/#organization","name":"Montessori Ostrava","url":"https:\/\/www.montessoriostrava.cz\/jesle\/","logo":{"@type":"ImageObject","inLanguage":"cs","@id":"https:\/\/www.montessoriostrava.cz\/jesle\/#\/schema\/logo\/image\/","url":"https:\/\/www.montessoriostrava.cz\/jesle\/wp-content\/uploads\/sites\/5\/2025\/01\/logo-montessori.png","contentUrl":"https:\/\/www.montessoriostrava.cz\/jesle\/wp-content\/uploads\/sites\/5\/2025\/01\/logo-montessori.png","width":1794,"height":527,"caption":"Montessori Ostrava"},"image":{"@id":"https:\/\/www.montessoriostrava.cz\/jesle\/#\/schema\/logo\/image\/"}}]}},"_links":{"self":[{"href":"https:\/\/www.montessoriostrava.cz\/jesle\/wp-json\/wp\/v2\/pages\/243","targetHints":{"allow":["GET"]}}],"collection":[{"href":"https:\/\/www.montessoriostrava.cz\/jesle\/wp-json\/wp\/v2\/pages"}],"about":[{"href":"https:\/\/www.montessoriostrava.cz\/jesle\/wp-json\/wp\/v2\/types\/page"}],"author":[{"embeddable":true,"href":"https:\/\/www.montessoriostrava.cz\/jesle\/wp-json\/wp\/v2\/users\/1"}],"replies":[{"embeddable":true,"href":"https:\/\/www.montessoriostrava.cz\/jesle\/wp-json\/wp\/v2\/comments?post=243"}],"version-history":[{"count":15,"href":"https:\/\/www.montessoriostrava.cz\/jesle\/wp-json\/wp\/v2\/pages\/243\/revisions"}],"predecessor-version":[{"id":452,"href":"https:\/\/www.montessoriostrava.cz\/jesle\/wp-json\/wp\/v2\/pages\/243\/revisions\/452"}],"wp:attachment":[{"href":"https:\/\/www.montessoriostrava.cz\/jesle\/wp-json\/wp\/v2\/media?parent=243"}],"curies":[{"name":"wp","href":"https:\/\/api.w.org\/{rel}","templated":true}]}}