{"id":578,"date":"2025-10-20T17:58:20","date_gmt":"2025-10-20T15:58:20","guid":{"rendered":"https:\/\/www.montessoriostrava.cz\/jesle\/?page_id=578"},"modified":"2026-04-01T09:21:05","modified_gmt":"2026-04-01T07:21:05","slug":"jidelnicek","status":"publish","type":"page","link":"https:\/\/www.montessoriostrava.cz\/jesle\/jidelnicek\/","title":{"rendered":"J\u00eddeln\u00ed\u010dek"},"content":{"rendered":"\n<div class=\"wp-block-buttons is-content-justification-center is-layout-flex wp-container-core-buttons-is-layout-16018d1d wp-block-buttons-is-layout-flex\">\n<div class=\"wp-block-button\"><a class=\"wp-block-button__link wp-element-button\" href=\"https:\/\/www.montessoriostrava.cz\/jesle\/wp-content\/uploads\/sites\/5\/2026\/04\/Jidelnicek-4_2026.pdf\" target=\"_blank\" rel=\"noreferrer noopener\">Aktu\u00e1ln\u00ed j\u00eddeln\u00ed\u010dek ke sta\u017een\u00ed<\/a><\/div>\n<\/div>\n\n\n\n<p><\/p>\n","protected":false},"excerpt":{"rendered":"","protected":false},"author":1,"featured_media":0,"parent":0,"menu_order":0,"comment_status":"closed","ping_status":"closed","template":"","meta":{"footnotes":""},"class_list":["post-578","page","type-page","status-publish","hentry"],"acf":[],"yoast_head":"<!-- This site is optimized with the Yoast SEO plugin v27.4 - https:\/\/yoast.com\/product\/yoast-seo-wordpress\/ -->\n<title>J\u00eddeln\u00ed\u010dek | Jesle Montessori Ostrava<\/title>\n<meta name=\"robots\" content=\"index, follow, max-snippet:-1, max-image-preview:large, max-video-preview:-1\" \/>\n<link rel=\"canonical\" href=\"https:\/\/www.montessoriostrava.cz\/jesle\/jidelnicek\/\" \/>\n<meta property=\"og:locale\" content=\"cs_CZ\" \/>\n<meta property=\"og:type\" content=\"article\" \/>\n<meta property=\"og:title\" content=\"J\u00eddeln\u00ed\u010dek | Jesle Montessori Ostrava\" \/>\n<meta property=\"og:url\" content=\"https:\/\/www.montessoriostrava.cz\/jesle\/jidelnicek\/\" \/>\n<meta property=\"og:site_name\" content=\"Jesle Montessori Ostrava\" \/>\n<meta property=\"article:modified_time\" content=\"2026-04-01T07:21:05+00:00\" \/>\n<meta property=\"og:image\" content=\"https:\/\/www.montessoriostrava.cz\/jesle\/wp-content\/uploads\/sites\/5\/2024\/09\/f0021e9424d2061da544170ac821a678-2-e1725373142383.png\" \/>\n\t<meta property=\"og:image:width\" content=\"683\" \/>\n\t<meta property=\"og:image:height\" content=\"700\" \/>\n\t<meta property=\"og:image:type\" content=\"image\/png\" \/>\n<meta name=\"twitter:card\" content=\"summary_large_image\" \/>\n<meta name=\"twitter:label1\" content=\"Odhadovan\u00e1 doba \u010dten\u00ed\" \/>\n\t<meta name=\"twitter:data1\" content=\"1 minuta\" \/>\n<script type=\"application\/ld+json\" class=\"yoast-schema-graph\">{\"@context\":\"https:\\\/\\\/schema.org\",\"@graph\":[{\"@type\":\"WebPage\",\"@id\":\"https:\\\/\\\/www.montessoriostrava.cz\\\/jesle\\\/jidelnicek\\\/\",\"url\":\"https:\\\/\\\/www.montessoriostrava.cz\\\/jesle\\\/jidelnicek\\\/\",\"name\":\"J\u00eddeln\u00ed\u010dek | Jesle Montessori Ostrava\",\"isPartOf\":{\"@id\":\"https:\\\/\\\/www.montessoriostrava.cz\\\/jesle\\\/#website\"},\"datePublished\":\"2025-10-20T15:58:20+00:00\",\"dateModified\":\"2026-04-01T07:21:05+00:00\",\"breadcrumb\":{\"@id\":\"https:\\\/\\\/www.montessoriostrava.cz\\\/jesle\\\/jidelnicek\\\/#breadcrumb\"},\"inLanguage\":\"cs\",\"potentialAction\":[{\"@type\":\"ReadAction\",\"target\":[\"https:\\\/\\\/www.montessoriostrava.cz\\\/jesle\\\/jidelnicek\\\/\"]}]},{\"@type\":\"BreadcrumbList\",\"@id\":\"https:\\\/\\\/www.montessoriostrava.cz\\\/jesle\\\/jidelnicek\\\/#breadcrumb\",\"itemListElement\":[{\"@type\":\"ListItem\",\"position\":1,\"name\":\"Dom\u016f\",\"item\":\"https:\\\/\\\/www.montessoriostrava.cz\\\/jesle\\\/\"},{\"@type\":\"ListItem\",\"position\":2,\"name\":\"J\u00eddeln\u00ed\u010dek\"}]},{\"@type\":\"WebSite\",\"@id\":\"https:\\\/\\\/www.montessoriostrava.cz\\\/jesle\\\/#website\",\"url\":\"https:\\\/\\\/www.montessoriostrava.cz\\\/jesle\\\/\",\"name\":\"Jesle Montessori Ostrava\",\"description\":\"\",\"publisher\":{\"@id\":\"https:\\\/\\\/www.montessoriostrava.cz\\\/jesle\\\/#organization\"},\"potentialAction\":[{\"@type\":\"SearchAction\",\"target\":{\"@type\":\"EntryPoint\",\"urlTemplate\":\"https:\\\/\\\/www.montessoriostrava.cz\\\/jesle\\\/?s={search_term_string}\"},\"query-input\":{\"@type\":\"PropertyValueSpecification\",\"valueRequired\":true,\"valueName\":\"search_term_string\"}}],\"inLanguage\":\"cs\"},{\"@type\":\"Organization\",\"@id\":\"https:\\\/\\\/www.montessoriostrava.cz\\\/jesle\\\/#organization\",\"name\":\"Montessori Ostrava\",\"url\":\"https:\\\/\\\/www.montessoriostrava.cz\\\/jesle\\\/\",\"logo\":{\"@type\":\"ImageObject\",\"inLanguage\":\"cs\",\"@id\":\"https:\\\/\\\/www.montessoriostrava.cz\\\/jesle\\\/#\\\/schema\\\/logo\\\/image\\\/\",\"url\":\"https:\\\/\\\/www.montessoriostrava.cz\\\/jesle\\\/wp-content\\\/uploads\\\/sites\\\/5\\\/2025\\\/01\\\/logo-montessori.png\",\"contentUrl\":\"https:\\\/\\\/www.montessoriostrava.cz\\\/jesle\\\/wp-content\\\/uploads\\\/sites\\\/5\\\/2025\\\/01\\\/logo-montessori.png\",\"width\":1794,\"height\":527,\"caption\":\"Montessori Ostrava\"},\"image\":{\"@id\":\"https:\\\/\\\/www.montessoriostrava.cz\\\/jesle\\\/#\\\/schema\\\/logo\\\/image\\\/\"}}]}<\/script>\n<!-- \/ Yoast SEO plugin. -->","yoast_head_json":{"title":"J\u00eddeln\u00ed\u010dek | Jesle Montessori Ostrava","robots":{"index":"index","follow":"follow","max-snippet":"max-snippet:-1","max-image-preview":"max-image-preview:large","max-video-preview":"max-video-preview:-1"},"canonical":"https:\/\/www.montessoriostrava.cz\/jesle\/jidelnicek\/","og_locale":"cs_CZ","og_type":"article","og_title":"J\u00eddeln\u00ed\u010dek | Jesle Montessori Ostrava","og_url":"https:\/\/www.montessoriostrava.cz\/jesle\/jidelnicek\/","og_site_name":"Jesle Montessori Ostrava","article_modified_time":"2026-04-01T07:21:05+00:00","og_image":[{"width":683,"height":700,"url":"https:\/\/www.montessoriostrava.cz\/jesle\/wp-content\/uploads\/sites\/5\/2024\/09\/f0021e9424d2061da544170ac821a678-2-e1725373142383.png","type":"image\/png"}],"twitter_card":"summary_large_image","twitter_misc":{"Odhadovan\u00e1 doba \u010dten\u00ed":"1 minuta"},"schema":{"@context":"https:\/\/schema.org","@graph":[{"@type":"WebPage","@id":"https:\/\/www.montessoriostrava.cz\/jesle\/jidelnicek\/","url":"https:\/\/www.montessoriostrava.cz\/jesle\/jidelnicek\/","name":"J\u00eddeln\u00ed\u010dek | Jesle Montessori Ostrava","isPartOf":{"@id":"https:\/\/www.montessoriostrava.cz\/jesle\/#website"},"datePublished":"2025-10-20T15:58:20+00:00","dateModified":"2026-04-01T07:21:05+00:00","breadcrumb":{"@id":"https:\/\/www.montessoriostrava.cz\/jesle\/jidelnicek\/#breadcrumb"},"inLanguage":"cs","potentialAction":[{"@type":"ReadAction","target":["https:\/\/www.montessoriostrava.cz\/jesle\/jidelnicek\/"]}]},{"@type":"BreadcrumbList","@id":"https:\/\/www.montessoriostrava.cz\/jesle\/jidelnicek\/#breadcrumb","itemListElement":[{"@type":"ListItem","position":1,"name":"Dom\u016f","item":"https:\/\/www.montessoriostrava.cz\/jesle\/"},{"@type":"ListItem","position":2,"name":"J\u00eddeln\u00ed\u010dek"}]},{"@type":"WebSite","@id":"https:\/\/www.montessoriostrava.cz\/jesle\/#website","url":"https:\/\/www.montessoriostrava.cz\/jesle\/","name":"Jesle Montessori Ostrava","description":"","publisher":{"@id":"https:\/\/www.montessoriostrava.cz\/jesle\/#organization"},"potentialAction":[{"@type":"SearchAction","target":{"@type":"EntryPoint","urlTemplate":"https:\/\/www.montessoriostrava.cz\/jesle\/?s={search_term_string}"},"query-input":{"@type":"PropertyValueSpecification","valueRequired":true,"valueName":"search_term_string"}}],"inLanguage":"cs"},{"@type":"Organization","@id":"https:\/\/www.montessoriostrava.cz\/jesle\/#organization","name":"Montessori Ostrava","url":"https:\/\/www.montessoriostrava.cz\/jesle\/","logo":{"@type":"ImageObject","inLanguage":"cs","@id":"https:\/\/www.montessoriostrava.cz\/jesle\/#\/schema\/logo\/image\/","url":"https:\/\/www.montessoriostrava.cz\/jesle\/wp-content\/uploads\/sites\/5\/2025\/01\/logo-montessori.png","contentUrl":"https:\/\/www.montessoriostrava.cz\/jesle\/wp-content\/uploads\/sites\/5\/2025\/01\/logo-montessori.png","width":1794,"height":527,"caption":"Montessori Ostrava"},"image":{"@id":"https:\/\/www.montessoriostrava.cz\/jesle\/#\/schema\/logo\/image\/"}}]}},"_links":{"self":[{"href":"https:\/\/www.montessoriostrava.cz\/jesle\/wp-json\/wp\/v2\/pages\/578","targetHints":{"allow":["GET"]}}],"collection":[{"href":"https:\/\/www.montessoriostrava.cz\/jesle\/wp-json\/wp\/v2\/pages"}],"about":[{"href":"https:\/\/www.montessoriostrava.cz\/jesle\/wp-json\/wp\/v2\/types\/page"}],"author":[{"embeddable":true,"href":"https:\/\/www.montessoriostrava.cz\/jesle\/wp-json\/wp\/v2\/users\/1"}],"replies":[{"embeddable":true,"href":"https:\/\/www.montessoriostrava.cz\/jesle\/wp-json\/wp\/v2\/comments?post=578"}],"version-history":[{"count":8,"href":"https:\/\/www.montessoriostrava.cz\/jesle\/wp-json\/wp\/v2\/pages\/578\/revisions"}],"predecessor-version":[{"id":659,"href":"https:\/\/www.montessoriostrava.cz\/jesle\/wp-json\/wp\/v2\/pages\/578\/revisions\/659"}],"wp:attachment":[{"href":"https:\/\/www.montessoriostrava.cz\/jesle\/wp-json\/wp\/v2\/media?parent=578"}],"curies":[{"name":"wp","href":"https:\/\/api.w.org\/{rel}","templated":true}]}}