{"id":126,"date":"2025-01-22T16:32:04","date_gmt":"2025-01-22T15:32:04","guid":{"rendered":"https:\/\/www.montessoriostrava.cz\/lyceum\/?page_id=126"},"modified":"2025-11-17T19:52:26","modified_gmt":"2025-11-17T18:52:26","slug":"informace-o-skolnem","status":"publish","type":"page","link":"https:\/\/www.montessoriostrava.cz\/lyceum\/informace-o-skolnem\/","title":{"rendered":"Informace o \u0161koln\u00e9m"},"content":{"rendered":"\n<h2 class=\"wp-block-heading\">Informace o \u0161koln\u00e9m pro rok 2026\/2027:<\/h2>\n\n\n\n<p>St\u0159edn\u00ed \u0161kola Montessori lyceum je soukromou \u0161kolou a vzhledem k charakteru a intenzity \u0161koly vy\u017eaduje \u0161koln\u00e9. <\/p>\n\n\n\n<p>Na n\u00e1sleduj\u00edc\u00ed 4 let\u00e9 obdob\u00ed m\u00e1me v\u0161ak zaji\u0161t\u011bn stipendijn\u00ed fond od z\u0159izovatele a \u0161koln\u00e9 tak \u010din\u00ed m\u011bs\u00ed\u010dn\u011b\u00a0\u00a0<strong>5.950,- K\u010d\/m\u011bs\u00edc<\/strong>.<\/p>\n\n\n\n<p>D\u00e1le \u0161kola poskytuje prosp\u011bchov\u00e9 stipendium a\u017e <strong>20.000,- K\u010d\/rok.<\/strong><\/p>\n\n\n\n<p>Pro rodi\u010de, kte\u0159\u00ed si v\u00fd\u0161e uvedenou \u010d\u00e1stku nemohou b\u011bhem studia dovolit, nab\u00edz\u00edme d\u00e1le soci\u00e1ln\u00ed stipendium, o kter\u00e9 rodi\u010de \u017e\u00e1daj\u00ed v individu\u00e1ln\u00edm re\u017eimu. <a href=\"https:\/\/docs.google.com\/forms\/d\/e\/1FAIpQLSdIC0IeGt2qqayPObYmPV2GPENjpCcDjv22gewioMC7OWknIw\/viewform\">PODAT \u017d\u00c1DOST O STIPENDIUM<\/a><\/p>\n\n\n\n<h3 class=\"wp-block-heading\">Slevy ze \u0161koln\u00e9ho:<\/h3>\n\n\n\n<p><\/p>\n\n\n\n<ul class=\"wp-block-list\">\n<li>5% z ka\u017ed\u00e9ho \u0161koln\u00e9ho, pokud \u0161kolu studuj\u00ed sourozenci.<\/li>\n<\/ul>\n","protected":false},"excerpt":{"rendered":"<p>Informace o \u0161koln\u00e9m pro rok 2026\/2027: St\u0159edn\u00ed \u0161kola Montessori lyceum je soukromou \u0161kolou a vzhledem k charakteru a intenzity \u0161koly vy\u017eaduje \u0161koln\u00e9. Na n\u00e1sleduj\u00edc\u00ed 4 let\u00e9 obdob\u00ed m\u00e1me v\u0161ak zaji\u0161t\u011bn stipendijn\u00ed fond od z\u0159izovatele a \u0161koln\u00e9 tak \u010din\u00ed m\u011bs\u00ed\u010dn\u011b\u00a0\u00a05.950,- K\u010d\/m\u011bs\u00edc. D\u00e1le \u0161kola poskytuje prosp\u011bchov\u00e9 stipendium a\u017e 20.000,- K\u010d\/rok. Pro rodi\u010de, kte\u0159\u00ed si v\u00fd\u0161e uvedenou \u010d\u00e1stku [&hellip;]<\/p>\n","protected":false},"author":1,"featured_media":0,"parent":0,"menu_order":0,"comment_status":"closed","ping_status":"closed","template":"","meta":{"footnotes":""},"class_list":["post-126","page","type-page","status-publish","hentry"],"acf":[],"yoast_head":"<!-- This site is optimized with the Yoast SEO plugin v27.4 - https:\/\/yoast.com\/product\/yoast-seo-wordpress\/ -->\n<title>Informace o \u0161koln\u00e9m | Lyceum Montessori Ostrava<\/title>\n<meta name=\"description\" content=\"Zjist\u011bte aktu\u00e1ln\u00ed informace o \u0161koln\u00e9m na Montessori lyceu. Transparentn\u00ed podm\u00ednky a mo\u017enosti platby pro studenty a rodi\u010de.\" \/>\n<meta name=\"robots\" content=\"index, follow, max-snippet:-1, max-image-preview:large, max-video-preview:-1\" \/>\n<link rel=\"canonical\" href=\"https:\/\/www.montessoriostrava.cz\/lyceum\/informace-o-skolnem\/\" \/>\n<meta property=\"og:locale\" content=\"cs_CZ\" \/>\n<meta property=\"og:type\" content=\"article\" \/>\n<meta property=\"og:title\" content=\"Informace o \u0161koln\u00e9m | Lyceum Montessori Ostrava\" \/>\n<meta property=\"og:description\" content=\"Zjist\u011bte aktu\u00e1ln\u00ed informace o \u0161koln\u00e9m na Montessori lyceu. Transparentn\u00ed podm\u00ednky a mo\u017enosti platby pro studenty a rodi\u010de.\" \/>\n<meta property=\"og:url\" content=\"https:\/\/www.montessoriostrava.cz\/lyceum\/informace-o-skolnem\/\" \/>\n<meta property=\"og:site_name\" content=\"Lyceum Montessori Ostrava\" \/>\n<meta property=\"article:modified_time\" content=\"2025-11-17T18:52:26+00:00\" \/>\n<meta property=\"og:image\" content=\"https:\/\/www.montessoriostrava.cz\/lyceum\/wp-content\/uploads\/sites\/6\/2024\/09\/24d1d4840b2b8b0cfd188af16b4db2cc-e1738758227736.jpeg\" \/>\n\t<meta property=\"og:image:width\" content=\"363\" \/>\n\t<meta property=\"og:image:height\" content=\"374\" \/>\n\t<meta property=\"og:image:type\" content=\"image\/jpeg\" \/>\n<meta name=\"twitter:card\" content=\"summary_large_image\" \/>\n<meta name=\"twitter:label1\" content=\"Odhadovan\u00e1 doba \u010dten\u00ed\" \/>\n\t<meta name=\"twitter:data1\" content=\"1 minuta\" \/>\n<script type=\"application\/ld+json\" class=\"yoast-schema-graph\">{\"@context\":\"https:\\\/\\\/schema.org\",\"@graph\":[{\"@type\":\"WebPage\",\"@id\":\"https:\\\/\\\/www.montessoriostrava.cz\\\/lyceum\\\/informace-o-skolnem\\\/\",\"url\":\"https:\\\/\\\/www.montessoriostrava.cz\\\/lyceum\\\/informace-o-skolnem\\\/\",\"name\":\"Informace o \u0161koln\u00e9m | Lyceum Montessori Ostrava\",\"isPartOf\":{\"@id\":\"https:\\\/\\\/www.montessoriostrava.cz\\\/lyceum\\\/#website\"},\"datePublished\":\"2025-01-22T15:32:04+00:00\",\"dateModified\":\"2025-11-17T18:52:26+00:00\",\"description\":\"Zjist\u011bte aktu\u00e1ln\u00ed informace o \u0161koln\u00e9m na Montessori lyceu. Transparentn\u00ed podm\u00ednky a mo\u017enosti platby pro studenty a rodi\u010de.\",\"breadcrumb\":{\"@id\":\"https:\\\/\\\/www.montessoriostrava.cz\\\/lyceum\\\/informace-o-skolnem\\\/#breadcrumb\"},\"inLanguage\":\"cs\",\"potentialAction\":[{\"@type\":\"ReadAction\",\"target\":[\"https:\\\/\\\/www.montessoriostrava.cz\\\/lyceum\\\/informace-o-skolnem\\\/\"]}]},{\"@type\":\"BreadcrumbList\",\"@id\":\"https:\\\/\\\/www.montessoriostrava.cz\\\/lyceum\\\/informace-o-skolnem\\\/#breadcrumb\",\"itemListElement\":[{\"@type\":\"ListItem\",\"position\":1,\"name\":\"Dom\u016f\",\"item\":\"https:\\\/\\\/www.montessoriostrava.cz\\\/lyceum\\\/\"},{\"@type\":\"ListItem\",\"position\":2,\"name\":\"Informace o \u0161koln\u00e9m\"}]},{\"@type\":\"WebSite\",\"@id\":\"https:\\\/\\\/www.montessoriostrava.cz\\\/lyceum\\\/#website\",\"url\":\"https:\\\/\\\/www.montessoriostrava.cz\\\/lyceum\\\/\",\"name\":\"Lyceum Montessori Ostrava\",\"description\":\"\",\"publisher\":{\"@id\":\"https:\\\/\\\/www.montessoriostrava.cz\\\/lyceum\\\/#organization\"},\"potentialAction\":[{\"@type\":\"SearchAction\",\"target\":{\"@type\":\"EntryPoint\",\"urlTemplate\":\"https:\\\/\\\/www.montessoriostrava.cz\\\/lyceum\\\/?s={search_term_string}\"},\"query-input\":{\"@type\":\"PropertyValueSpecification\",\"valueRequired\":true,\"valueName\":\"search_term_string\"}}],\"inLanguage\":\"cs\"},{\"@type\":\"Organization\",\"@id\":\"https:\\\/\\\/www.montessoriostrava.cz\\\/lyceum\\\/#organization\",\"name\":\"Montessori Ostrava\",\"url\":\"https:\\\/\\\/www.montessoriostrava.cz\\\/lyceum\\\/\",\"logo\":{\"@type\":\"ImageObject\",\"inLanguage\":\"cs\",\"@id\":\"https:\\\/\\\/www.montessoriostrava.cz\\\/lyceum\\\/#\\\/schema\\\/logo\\\/image\\\/\",\"url\":\"https:\\\/\\\/www.montessoriostrava.cz\\\/lyceum\\\/wp-content\\\/uploads\\\/sites\\\/6\\\/2025\\\/01\\\/logo-montessori.png\",\"contentUrl\":\"https:\\\/\\\/www.montessoriostrava.cz\\\/lyceum\\\/wp-content\\\/uploads\\\/sites\\\/6\\\/2025\\\/01\\\/logo-montessori.png\",\"width\":1794,\"height\":527,\"caption\":\"Montessori Ostrava\"},\"image\":{\"@id\":\"https:\\\/\\\/www.montessoriostrava.cz\\\/lyceum\\\/#\\\/schema\\\/logo\\\/image\\\/\"}}]}<\/script>\n<!-- \/ Yoast SEO plugin. -->","yoast_head_json":{"title":"Informace o \u0161koln\u00e9m | Lyceum Montessori Ostrava","description":"Zjist\u011bte aktu\u00e1ln\u00ed informace o \u0161koln\u00e9m na Montessori lyceu. Transparentn\u00ed podm\u00ednky a mo\u017enosti platby pro studenty a rodi\u010de.","robots":{"index":"index","follow":"follow","max-snippet":"max-snippet:-1","max-image-preview":"max-image-preview:large","max-video-preview":"max-video-preview:-1"},"canonical":"https:\/\/www.montessoriostrava.cz\/lyceum\/informace-o-skolnem\/","og_locale":"cs_CZ","og_type":"article","og_title":"Informace o \u0161koln\u00e9m | Lyceum Montessori Ostrava","og_description":"Zjist\u011bte aktu\u00e1ln\u00ed informace o \u0161koln\u00e9m na Montessori lyceu. Transparentn\u00ed podm\u00ednky a mo\u017enosti platby pro studenty a rodi\u010de.","og_url":"https:\/\/www.montessoriostrava.cz\/lyceum\/informace-o-skolnem\/","og_site_name":"Lyceum Montessori Ostrava","article_modified_time":"2025-11-17T18:52:26+00:00","og_image":[{"width":363,"height":374,"url":"https:\/\/www.montessoriostrava.cz\/lyceum\/wp-content\/uploads\/sites\/6\/2024\/09\/24d1d4840b2b8b0cfd188af16b4db2cc-e1738758227736.jpeg","type":"image\/jpeg"}],"twitter_card":"summary_large_image","twitter_misc":{"Odhadovan\u00e1 doba \u010dten\u00ed":"1 minuta"},"schema":{"@context":"https:\/\/schema.org","@graph":[{"@type":"WebPage","@id":"https:\/\/www.montessoriostrava.cz\/lyceum\/informace-o-skolnem\/","url":"https:\/\/www.montessoriostrava.cz\/lyceum\/informace-o-skolnem\/","name":"Informace o \u0161koln\u00e9m | Lyceum Montessori Ostrava","isPartOf":{"@id":"https:\/\/www.montessoriostrava.cz\/lyceum\/#website"},"datePublished":"2025-01-22T15:32:04+00:00","dateModified":"2025-11-17T18:52:26+00:00","description":"Zjist\u011bte aktu\u00e1ln\u00ed informace o \u0161koln\u00e9m na Montessori lyceu. Transparentn\u00ed podm\u00ednky a mo\u017enosti platby pro studenty a rodi\u010de.","breadcrumb":{"@id":"https:\/\/www.montessoriostrava.cz\/lyceum\/informace-o-skolnem\/#breadcrumb"},"inLanguage":"cs","potentialAction":[{"@type":"ReadAction","target":["https:\/\/www.montessoriostrava.cz\/lyceum\/informace-o-skolnem\/"]}]},{"@type":"BreadcrumbList","@id":"https:\/\/www.montessoriostrava.cz\/lyceum\/informace-o-skolnem\/#breadcrumb","itemListElement":[{"@type":"ListItem","position":1,"name":"Dom\u016f","item":"https:\/\/www.montessoriostrava.cz\/lyceum\/"},{"@type":"ListItem","position":2,"name":"Informace o \u0161koln\u00e9m"}]},{"@type":"WebSite","@id":"https:\/\/www.montessoriostrava.cz\/lyceum\/#website","url":"https:\/\/www.montessoriostrava.cz\/lyceum\/","name":"Lyceum Montessori Ostrava","description":"","publisher":{"@id":"https:\/\/www.montessoriostrava.cz\/lyceum\/#organization"},"potentialAction":[{"@type":"SearchAction","target":{"@type":"EntryPoint","urlTemplate":"https:\/\/www.montessoriostrava.cz\/lyceum\/?s={search_term_string}"},"query-input":{"@type":"PropertyValueSpecification","valueRequired":true,"valueName":"search_term_string"}}],"inLanguage":"cs"},{"@type":"Organization","@id":"https:\/\/www.montessoriostrava.cz\/lyceum\/#organization","name":"Montessori Ostrava","url":"https:\/\/www.montessoriostrava.cz\/lyceum\/","logo":{"@type":"ImageObject","inLanguage":"cs","@id":"https:\/\/www.montessoriostrava.cz\/lyceum\/#\/schema\/logo\/image\/","url":"https:\/\/www.montessoriostrava.cz\/lyceum\/wp-content\/uploads\/sites\/6\/2025\/01\/logo-montessori.png","contentUrl":"https:\/\/www.montessoriostrava.cz\/lyceum\/wp-content\/uploads\/sites\/6\/2025\/01\/logo-montessori.png","width":1794,"height":527,"caption":"Montessori Ostrava"},"image":{"@id":"https:\/\/www.montessoriostrava.cz\/lyceum\/#\/schema\/logo\/image\/"}}]}},"_links":{"self":[{"href":"https:\/\/www.montessoriostrava.cz\/lyceum\/wp-json\/wp\/v2\/pages\/126","targetHints":{"allow":["GET"]}}],"collection":[{"href":"https:\/\/www.montessoriostrava.cz\/lyceum\/wp-json\/wp\/v2\/pages"}],"about":[{"href":"https:\/\/www.montessoriostrava.cz\/lyceum\/wp-json\/wp\/v2\/types\/page"}],"author":[{"embeddable":true,"href":"https:\/\/www.montessoriostrava.cz\/lyceum\/wp-json\/wp\/v2\/users\/1"}],"replies":[{"embeddable":true,"href":"https:\/\/www.montessoriostrava.cz\/lyceum\/wp-json\/wp\/v2\/comments?post=126"}],"version-history":[{"count":7,"href":"https:\/\/www.montessoriostrava.cz\/lyceum\/wp-json\/wp\/v2\/pages\/126\/revisions"}],"predecessor-version":[{"id":533,"href":"https:\/\/www.montessoriostrava.cz\/lyceum\/wp-json\/wp\/v2\/pages\/126\/revisions\/533"}],"wp:attachment":[{"href":"https:\/\/www.montessoriostrava.cz\/lyceum\/wp-json\/wp\/v2\/media?parent=126"}],"curies":[{"name":"wp","href":"https:\/\/api.w.org\/{rel}","templated":true}]}}