{"id":193,"date":"2025-02-07T10:39:08","date_gmt":"2025-02-07T09:39:08","guid":{"rendered":"https:\/\/www.montessoriostrava.cz\/lyceum\/?page_id=193"},"modified":"2025-02-07T10:39:08","modified_gmt":"2025-02-07T09:39:08","slug":"anglictina-ve-skole","status":"publish","type":"page","link":"https:\/\/www.montessoriostrava.cz\/lyceum\/o-nas\/anglictina-ve-skole\/","title":{"rendered":"Angli\u010dtina ve \u0161kole"},"content":{"rendered":"\n<p>Angli\u010dt\u00ed u\u010ditel\u00e9 s d\u011btmi komunikuje samoz\u0159ejm\u011b nejen p\u0159i v\u00fduce, ale i b\u011bhem sva\u010din a ob\u011bd\u016f, na v\u00fdletech a jin\u00fdch cest\u00e1ch mimo \u0161kolu, na t\u00fddenn\u00edch \u0161kol\u00e1ch v p\u0159\u00edrod\u011b a p\u0159i nejr\u016fzn\u011bj\u0161\u00edch dal\u0161\u00edch p\u0159\u00edle\u017eitostech. T\u00edm se pro d\u011bti angli\u010dtina postupn\u011b st\u00e1v\u00e1 zcela p\u0159irozenou sou\u010d\u00e1st\u00ed jejich \u017eivot\u016f, zvykaj\u00ed si na ni jako na prost\u0159edek komunikace, osvojuj\u00ed si zvuk ciz\u00ed \u0159e\u010di, zbavuj\u00ed se studu a obav z n\u00ed.<\/p>\n\n\n\n<p>D\u011bti se u\u010d\u00ed jednat v ciz\u00edm jazyce, komunikovat v p\u0159irozen\u00fdch, nikoli um\u011ble vykonstruovan\u00fdch, situac\u00edch a neu\u010d\u00ed se jen jazykov\u00fdm znalostem, kter\u00e9 \u201emo\u017en\u00e1 n\u011bkdy pou\u017eij\u00ed\u201c, ale t\u011bm, kter\u00e9 pou\u017eij\u00ed re\u00e1ln\u011b a bezprost\u0159edn\u011b.<\/p>\n\n\n\n<p>V\u00edcejazy\u010dn\u00e9 prost\u0159ed\u00ed ve \u0161kole pom\u00e1haj\u00ed vytv\u00e1\u0159et i samy d\u011bti. V ka\u017ed\u00e9 t\u0159\u00edd\u011b jsou s \u010desky mluv\u00edc\u00edmi d\u011btmi tak\u00e9 d\u011bti, pro kter\u00e9 je angli\u010dtina rodn\u00fdm jazykem, proto\u017ee poch\u00e1z\u00ed ze sm\u00ed\u0161en\u00fdch rodin. D\u011bti se poslouchaj\u00ed a u\u010d\u00ed se navz\u00e1jem, tomu pom\u00e1h\u00e1 i model v\u011bkov\u011b sm\u00ed\u0161en\u00fdch t\u0159\u00edd.<\/p>\n\n\n\n<p>Pro d\u011bti v&nbsp;Montessori Ostrava je komunikace v angli\u010dtin\u011b sou\u010d\u00e1st\u00ed jejich dne.&nbsp;Na konci prvn\u00edho stupn\u011b&nbsp;mluv\u00ed, \u010dtou a rozum\u00ed minim\u00e1ln\u011b na \u00farovni&nbsp;A2&nbsp;. Ka\u017ed\u00fd rok dost\u00e1v\u00e1 Montessori Ostrava od Statut\u00e1rn\u00edho m\u011bsta Ostrava dotaci na jazykov\u00e9 vzd\u011bl\u00e1v\u00e1n\u00ed \u017e\u00e1k\u016f v odborn\u00fdch p\u0159edm\u011btech (Metoda CLIL). Montessori Ostrava ka\u017edoro\u010dn\u011b p\u0159isp\u00edv\u00e1 na p\u0159\u00edpravu \u017e\u00e1k\u016f na mezin\u00e1rodn\u00ed jazykov\u00e9 zkou\u0161ky Cambridge.<\/p>\n","protected":false},"excerpt":{"rendered":"<p>Angli\u010dt\u00ed u\u010ditel\u00e9 s d\u011btmi komunikuje samoz\u0159ejm\u011b nejen p\u0159i v\u00fduce, ale i b\u011bhem sva\u010din a ob\u011bd\u016f, na v\u00fdletech a jin\u00fdch cest\u00e1ch mimo \u0161kolu, na t\u00fddenn\u00edch \u0161kol\u00e1ch v p\u0159\u00edrod\u011b a p\u0159i nejr\u016fzn\u011bj\u0161\u00edch dal\u0161\u00edch p\u0159\u00edle\u017eitostech. T\u00edm se pro d\u011bti angli\u010dtina postupn\u011b st\u00e1v\u00e1 zcela p\u0159irozenou sou\u010d\u00e1st\u00ed jejich \u017eivot\u016f, zvykaj\u00ed si na ni jako na prost\u0159edek komunikace, osvojuj\u00ed si zvuk [&hellip;]<\/p>\n","protected":false},"author":1,"featured_media":0,"parent":190,"menu_order":0,"comment_status":"closed","ping_status":"closed","template":"","meta":{"footnotes":""},"class_list":["post-193","page","type-page","status-publish","hentry"],"acf":[],"yoast_head":"<!-- This site is optimized with the Yoast SEO plugin v27.5 - https:\/\/yoast.com\/product\/yoast-seo-wordpress\/ -->\n<title>Angli\u010dtina ve \u0161kole | Lyceum Montessori Ostrava<\/title>\n<meta name=\"robots\" content=\"index, follow, max-snippet:-1, max-image-preview:large, max-video-preview:-1\" \/>\n<link rel=\"canonical\" href=\"https:\/\/www.montessoriostrava.cz\/lyceum\/o-nas\/anglictina-ve-skole\/\" \/>\n<meta property=\"og:locale\" content=\"cs_CZ\" \/>\n<meta property=\"og:type\" content=\"article\" \/>\n<meta property=\"og:title\" content=\"Angli\u010dtina ve \u0161kole | Lyceum Montessori Ostrava\" \/>\n<meta property=\"og:description\" content=\"Angli\u010dt\u00ed u\u010ditel\u00e9 s d\u011btmi komunikuje samoz\u0159ejm\u011b nejen p\u0159i v\u00fduce, ale i b\u011bhem sva\u010din a ob\u011bd\u016f, na v\u00fdletech a jin\u00fdch cest\u00e1ch mimo \u0161kolu, na t\u00fddenn\u00edch \u0161kol\u00e1ch v p\u0159\u00edrod\u011b a p\u0159i nejr\u016fzn\u011bj\u0161\u00edch dal\u0161\u00edch p\u0159\u00edle\u017eitostech. T\u00edm se pro d\u011bti angli\u010dtina postupn\u011b st\u00e1v\u00e1 zcela p\u0159irozenou sou\u010d\u00e1st\u00ed jejich \u017eivot\u016f, zvykaj\u00ed si na ni jako na prost\u0159edek komunikace, osvojuj\u00ed si zvuk [&hellip;]\" \/>\n<meta property=\"og:url\" content=\"https:\/\/www.montessoriostrava.cz\/lyceum\/o-nas\/anglictina-ve-skole\/\" \/>\n<meta property=\"og:site_name\" content=\"Lyceum Montessori Ostrava\" \/>\n<meta property=\"og:image\" content=\"https:\/\/www.montessoriostrava.cz\/lyceum\/wp-content\/uploads\/sites\/6\/2024\/09\/24d1d4840b2b8b0cfd188af16b4db2cc-e1738758227736.jpeg\" \/>\n\t<meta property=\"og:image:width\" content=\"363\" \/>\n\t<meta property=\"og:image:height\" content=\"374\" \/>\n\t<meta property=\"og:image:type\" content=\"image\/jpeg\" \/>\n<meta name=\"twitter:card\" content=\"summary_large_image\" \/>\n<meta name=\"twitter:label1\" content=\"Odhadovan\u00e1 doba \u010dten\u00ed\" \/>\n\t<meta name=\"twitter:data1\" content=\"2 minuty\" \/>\n<script type=\"application\/ld+json\" class=\"yoast-schema-graph\">{\"@context\":\"https:\\\/\\\/schema.org\",\"@graph\":[{\"@type\":\"WebPage\",\"@id\":\"https:\\\/\\\/www.montessoriostrava.cz\\\/lyceum\\\/o-nas\\\/anglictina-ve-skole\\\/\",\"url\":\"https:\\\/\\\/www.montessoriostrava.cz\\\/lyceum\\\/o-nas\\\/anglictina-ve-skole\\\/\",\"name\":\"Angli\u010dtina ve \u0161kole | Lyceum Montessori Ostrava\",\"isPartOf\":{\"@id\":\"https:\\\/\\\/www.montessoriostrava.cz\\\/lyceum\\\/#website\"},\"datePublished\":\"2025-02-07T09:39:08+00:00\",\"breadcrumb\":{\"@id\":\"https:\\\/\\\/www.montessoriostrava.cz\\\/lyceum\\\/o-nas\\\/anglictina-ve-skole\\\/#breadcrumb\"},\"inLanguage\":\"cs\",\"potentialAction\":[{\"@type\":\"ReadAction\",\"target\":[\"https:\\\/\\\/www.montessoriostrava.cz\\\/lyceum\\\/o-nas\\\/anglictina-ve-skole\\\/\"]}]},{\"@type\":\"BreadcrumbList\",\"@id\":\"https:\\\/\\\/www.montessoriostrava.cz\\\/lyceum\\\/o-nas\\\/anglictina-ve-skole\\\/#breadcrumb\",\"itemListElement\":[{\"@type\":\"ListItem\",\"position\":1,\"name\":\"Dom\u016f\",\"item\":\"https:\\\/\\\/www.montessoriostrava.cz\\\/lyceum\\\/\"},{\"@type\":\"ListItem\",\"position\":2,\"name\":\"O n\u00e1s\",\"item\":\"https:\\\/\\\/www.montessoriostrava.cz\\\/lyceum\\\/o-nas\\\/\"},{\"@type\":\"ListItem\",\"position\":3,\"name\":\"Angli\u010dtina ve \u0161kole\"}]},{\"@type\":\"WebSite\",\"@id\":\"https:\\\/\\\/www.montessoriostrava.cz\\\/lyceum\\\/#website\",\"url\":\"https:\\\/\\\/www.montessoriostrava.cz\\\/lyceum\\\/\",\"name\":\"Lyceum Montessori Ostrava\",\"description\":\"\",\"publisher\":{\"@id\":\"https:\\\/\\\/www.montessoriostrava.cz\\\/lyceum\\\/#organization\"},\"potentialAction\":[{\"@type\":\"SearchAction\",\"target\":{\"@type\":\"EntryPoint\",\"urlTemplate\":\"https:\\\/\\\/www.montessoriostrava.cz\\\/lyceum\\\/?s={search_term_string}\"},\"query-input\":{\"@type\":\"PropertyValueSpecification\",\"valueRequired\":true,\"valueName\":\"search_term_string\"}}],\"inLanguage\":\"cs\"},{\"@type\":\"Organization\",\"@id\":\"https:\\\/\\\/www.montessoriostrava.cz\\\/lyceum\\\/#organization\",\"name\":\"Montessori Ostrava\",\"url\":\"https:\\\/\\\/www.montessoriostrava.cz\\\/lyceum\\\/\",\"logo\":{\"@type\":\"ImageObject\",\"inLanguage\":\"cs\",\"@id\":\"https:\\\/\\\/www.montessoriostrava.cz\\\/lyceum\\\/#\\\/schema\\\/logo\\\/image\\\/\",\"url\":\"https:\\\/\\\/www.montessoriostrava.cz\\\/lyceum\\\/wp-content\\\/uploads\\\/sites\\\/6\\\/2025\\\/01\\\/logo-montessori.png\",\"contentUrl\":\"https:\\\/\\\/www.montessoriostrava.cz\\\/lyceum\\\/wp-content\\\/uploads\\\/sites\\\/6\\\/2025\\\/01\\\/logo-montessori.png\",\"width\":1794,\"height\":527,\"caption\":\"Montessori Ostrava\"},\"image\":{\"@id\":\"https:\\\/\\\/www.montessoriostrava.cz\\\/lyceum\\\/#\\\/schema\\\/logo\\\/image\\\/\"}}]}<\/script>\n<!-- \/ Yoast SEO plugin. -->","yoast_head_json":{"title":"Angli\u010dtina ve \u0161kole | Lyceum Montessori Ostrava","robots":{"index":"index","follow":"follow","max-snippet":"max-snippet:-1","max-image-preview":"max-image-preview:large","max-video-preview":"max-video-preview:-1"},"canonical":"https:\/\/www.montessoriostrava.cz\/lyceum\/o-nas\/anglictina-ve-skole\/","og_locale":"cs_CZ","og_type":"article","og_title":"Angli\u010dtina ve \u0161kole | Lyceum Montessori Ostrava","og_description":"Angli\u010dt\u00ed u\u010ditel\u00e9 s d\u011btmi komunikuje samoz\u0159ejm\u011b nejen p\u0159i v\u00fduce, ale i b\u011bhem sva\u010din a ob\u011bd\u016f, na v\u00fdletech a jin\u00fdch cest\u00e1ch mimo \u0161kolu, na t\u00fddenn\u00edch \u0161kol\u00e1ch v p\u0159\u00edrod\u011b a p\u0159i nejr\u016fzn\u011bj\u0161\u00edch dal\u0161\u00edch p\u0159\u00edle\u017eitostech. T\u00edm se pro d\u011bti angli\u010dtina postupn\u011b st\u00e1v\u00e1 zcela p\u0159irozenou sou\u010d\u00e1st\u00ed jejich \u017eivot\u016f, zvykaj\u00ed si na ni jako na prost\u0159edek komunikace, osvojuj\u00ed si zvuk [&hellip;]","og_url":"https:\/\/www.montessoriostrava.cz\/lyceum\/o-nas\/anglictina-ve-skole\/","og_site_name":"Lyceum Montessori Ostrava","og_image":[{"width":363,"height":374,"url":"https:\/\/www.montessoriostrava.cz\/lyceum\/wp-content\/uploads\/sites\/6\/2024\/09\/24d1d4840b2b8b0cfd188af16b4db2cc-e1738758227736.jpeg","type":"image\/jpeg"}],"twitter_card":"summary_large_image","twitter_misc":{"Odhadovan\u00e1 doba \u010dten\u00ed":"2 minuty"},"schema":{"@context":"https:\/\/schema.org","@graph":[{"@type":"WebPage","@id":"https:\/\/www.montessoriostrava.cz\/lyceum\/o-nas\/anglictina-ve-skole\/","url":"https:\/\/www.montessoriostrava.cz\/lyceum\/o-nas\/anglictina-ve-skole\/","name":"Angli\u010dtina ve \u0161kole | Lyceum Montessori Ostrava","isPartOf":{"@id":"https:\/\/www.montessoriostrava.cz\/lyceum\/#website"},"datePublished":"2025-02-07T09:39:08+00:00","breadcrumb":{"@id":"https:\/\/www.montessoriostrava.cz\/lyceum\/o-nas\/anglictina-ve-skole\/#breadcrumb"},"inLanguage":"cs","potentialAction":[{"@type":"ReadAction","target":["https:\/\/www.montessoriostrava.cz\/lyceum\/o-nas\/anglictina-ve-skole\/"]}]},{"@type":"BreadcrumbList","@id":"https:\/\/www.montessoriostrava.cz\/lyceum\/o-nas\/anglictina-ve-skole\/#breadcrumb","itemListElement":[{"@type":"ListItem","position":1,"name":"Dom\u016f","item":"https:\/\/www.montessoriostrava.cz\/lyceum\/"},{"@type":"ListItem","position":2,"name":"O n\u00e1s","item":"https:\/\/www.montessoriostrava.cz\/lyceum\/o-nas\/"},{"@type":"ListItem","position":3,"name":"Angli\u010dtina ve \u0161kole"}]},{"@type":"WebSite","@id":"https:\/\/www.montessoriostrava.cz\/lyceum\/#website","url":"https:\/\/www.montessoriostrava.cz\/lyceum\/","name":"Lyceum Montessori Ostrava","description":"","publisher":{"@id":"https:\/\/www.montessoriostrava.cz\/lyceum\/#organization"},"potentialAction":[{"@type":"SearchAction","target":{"@type":"EntryPoint","urlTemplate":"https:\/\/www.montessoriostrava.cz\/lyceum\/?s={search_term_string}"},"query-input":{"@type":"PropertyValueSpecification","valueRequired":true,"valueName":"search_term_string"}}],"inLanguage":"cs"},{"@type":"Organization","@id":"https:\/\/www.montessoriostrava.cz\/lyceum\/#organization","name":"Montessori Ostrava","url":"https:\/\/www.montessoriostrava.cz\/lyceum\/","logo":{"@type":"ImageObject","inLanguage":"cs","@id":"https:\/\/www.montessoriostrava.cz\/lyceum\/#\/schema\/logo\/image\/","url":"https:\/\/www.montessoriostrava.cz\/lyceum\/wp-content\/uploads\/sites\/6\/2025\/01\/logo-montessori.png","contentUrl":"https:\/\/www.montessoriostrava.cz\/lyceum\/wp-content\/uploads\/sites\/6\/2025\/01\/logo-montessori.png","width":1794,"height":527,"caption":"Montessori Ostrava"},"image":{"@id":"https:\/\/www.montessoriostrava.cz\/lyceum\/#\/schema\/logo\/image\/"}}]}},"_links":{"self":[{"href":"https:\/\/www.montessoriostrava.cz\/lyceum\/wp-json\/wp\/v2\/pages\/193","targetHints":{"allow":["GET"]}}],"collection":[{"href":"https:\/\/www.montessoriostrava.cz\/lyceum\/wp-json\/wp\/v2\/pages"}],"about":[{"href":"https:\/\/www.montessoriostrava.cz\/lyceum\/wp-json\/wp\/v2\/types\/page"}],"author":[{"embeddable":true,"href":"https:\/\/www.montessoriostrava.cz\/lyceum\/wp-json\/wp\/v2\/users\/1"}],"replies":[{"embeddable":true,"href":"https:\/\/www.montessoriostrava.cz\/lyceum\/wp-json\/wp\/v2\/comments?post=193"}],"version-history":[{"count":2,"href":"https:\/\/www.montessoriostrava.cz\/lyceum\/wp-json\/wp\/v2\/pages\/193\/revisions"}],"predecessor-version":[{"id":195,"href":"https:\/\/www.montessoriostrava.cz\/lyceum\/wp-json\/wp\/v2\/pages\/193\/revisions\/195"}],"up":[{"embeddable":true,"href":"https:\/\/www.montessoriostrava.cz\/lyceum\/wp-json\/wp\/v2\/pages\/190"}],"wp:attachment":[{"href":"https:\/\/www.montessoriostrava.cz\/lyceum\/wp-json\/wp\/v2\/media?parent=193"}],"curies":[{"name":"wp","href":"https:\/\/api.w.org\/{rel}","templated":true}]}}