{"id":207,"date":"2025-02-07T10:43:51","date_gmt":"2025-02-07T09:43:51","guid":{"rendered":"https:\/\/www.montessoriostrava.cz\/lyceum\/?page_id=207"},"modified":"2025-02-07T10:43:51","modified_gmt":"2025-02-07T09:43:51","slug":"projekty-eu","status":"publish","type":"page","link":"https:\/\/www.montessoriostrava.cz\/lyceum\/o-nas\/projekty-eu\/","title":{"rendered":"Projekty EU"},"content":{"rendered":"\n<h2 class=\"wp-block-heading\">Kreativn\u00ed vouchery<\/h2>\n\n\n\n<figure class=\"wp-block-image size-large\"><img decoding=\"async\" src=\"https:\/\/www.montessoriostrava.cz\/zs\/wp-content\/uploads\/sites\/3\/2024\/09\/eu-1024x125.png\" alt=\"Projekty EU\" class=\"wp-image-454\"\/><\/figure>\n\n\n\n<p>Projekt \u201e<strong>N\u00e1vrh webov\u00fdch str\u00e1nek pro Z\u00e1kladn\u00ed \u0161kolu a mate\u0159skou \u0161kolu Montessori Ostrava<\/strong>\u201c pod registra\u010dn\u00edm \u010d\u00edslem 0461000719 byl podpo\u0159en z finan\u010dn\u00edch prost\u0159edk\u016f EU. Projekt na vytvo\u0159en\u00ed nov\u00fdch webov\u00fdch str\u00e1nek pro Z\u00e1kladn\u00ed \u0161kolu a mate\u0159skou \u0161kolu Montessori Ostrava je zam\u011b\u0159en na vytvo\u0159en\u00ed profesion\u00e1ln\u011b navr\u017een\u00fdch str\u00e1nek, kter\u00e9 odraz\u00ed kvalitu a hodnoty Montessori pedagogiky. V\u00fdstupy projektu (grafick\u00e9 n\u00e1vrhy) budou b\u011bhem obdob\u00ed udr\u017eitelnosti vyu\u017eity pro n\u00e1slednou realizaci webov\u00fdch str\u00e1nek, jej\u00ed\u017e p\u0159edm\u011btem bude k\u00f3dov\u00e1n\u00ed, z\u00e1kladn\u00ed optimalizace pro vyhled\u00e1va\u010de (SEO), testov\u00e1n\u00ed, spu\u0161t\u011bn\u00ed a nasazen\u00ed na server. Po spu\u0161t\u011bn\u00ed t\u011bchto str\u00e1nek \u017eadatel pl\u00e1nuje jejich intenzivn\u00ed propagaci a dal\u0161\u00ed rozvoj, v\u010detn\u011b pokra\u010duj\u00edc\u00ed optimalizace pro vyhled\u00e1va\u010de, zlep\u0161ov\u00e1n\u00ed rychlosti na\u010d\u00edt\u00e1n\u00ed, aktualizac\u00ed obsahu a PPC marketingov\u00fdch kampan\u00ed pro zv\u00fd\u0161en\u00ed n\u00e1v\u0161t\u011bvnosti.<\/p>\n","protected":false},"excerpt":{"rendered":"<p>Kreativn\u00ed vouchery Projekt \u201eN\u00e1vrh webov\u00fdch str\u00e1nek pro Z\u00e1kladn\u00ed \u0161kolu a mate\u0159skou \u0161kolu Montessori Ostrava\u201c pod registra\u010dn\u00edm \u010d\u00edslem 0461000719 byl podpo\u0159en z finan\u010dn\u00edch prost\u0159edk\u016f EU. Projekt na vytvo\u0159en\u00ed nov\u00fdch webov\u00fdch str\u00e1nek pro Z\u00e1kladn\u00ed \u0161kolu a mate\u0159skou \u0161kolu Montessori Ostrava je zam\u011b\u0159en na vytvo\u0159en\u00ed profesion\u00e1ln\u011b navr\u017een\u00fdch str\u00e1nek, kter\u00e9 odraz\u00ed kvalitu a hodnoty Montessori pedagogiky. V\u00fdstupy projektu (grafick\u00e9 [&hellip;]<\/p>\n","protected":false},"author":1,"featured_media":0,"parent":190,"menu_order":0,"comment_status":"closed","ping_status":"closed","template":"","meta":{"footnotes":""},"class_list":["post-207","page","type-page","status-publish","hentry"],"acf":[],"yoast_head":"<!-- This site is optimized with the Yoast SEO plugin v27.5 - https:\/\/yoast.com\/product\/yoast-seo-wordpress\/ -->\n<title>Projekty EU | Lyceum Montessori Ostrava<\/title>\n<meta name=\"robots\" content=\"index, follow, max-snippet:-1, max-image-preview:large, max-video-preview:-1\" \/>\n<link rel=\"canonical\" href=\"https:\/\/www.montessoriostrava.cz\/lyceum\/o-nas\/projekty-eu\/\" \/>\n<meta property=\"og:locale\" content=\"cs_CZ\" \/>\n<meta property=\"og:type\" content=\"article\" \/>\n<meta property=\"og:title\" content=\"Projekty EU | Lyceum Montessori Ostrava\" \/>\n<meta property=\"og:description\" content=\"Kreativn\u00ed vouchery Projekt \u201eN\u00e1vrh webov\u00fdch str\u00e1nek pro Z\u00e1kladn\u00ed \u0161kolu a mate\u0159skou \u0161kolu Montessori Ostrava\u201c pod registra\u010dn\u00edm \u010d\u00edslem 0461000719 byl podpo\u0159en z finan\u010dn\u00edch prost\u0159edk\u016f EU. Projekt na vytvo\u0159en\u00ed nov\u00fdch webov\u00fdch str\u00e1nek pro Z\u00e1kladn\u00ed \u0161kolu a mate\u0159skou \u0161kolu Montessori Ostrava je zam\u011b\u0159en na vytvo\u0159en\u00ed profesion\u00e1ln\u011b navr\u017een\u00fdch str\u00e1nek, kter\u00e9 odraz\u00ed kvalitu a hodnoty Montessori pedagogiky. V\u00fdstupy projektu (grafick\u00e9 [&hellip;]\" \/>\n<meta property=\"og:url\" content=\"https:\/\/www.montessoriostrava.cz\/lyceum\/o-nas\/projekty-eu\/\" \/>\n<meta property=\"og:site_name\" content=\"Lyceum Montessori Ostrava\" \/>\n<meta property=\"og:image\" content=\"https:\/\/www.montessoriostrava.cz\/lyceum\/wp-content\/uploads\/sites\/6\/2024\/09\/24d1d4840b2b8b0cfd188af16b4db2cc-e1738758227736.jpeg\" \/>\n\t<meta property=\"og:image:width\" content=\"363\" \/>\n\t<meta property=\"og:image:height\" content=\"374\" \/>\n\t<meta property=\"og:image:type\" content=\"image\/jpeg\" \/>\n<meta name=\"twitter:card\" content=\"summary_large_image\" \/>\n<meta name=\"twitter:label1\" content=\"Odhadovan\u00e1 doba \u010dten\u00ed\" \/>\n\t<meta name=\"twitter:data1\" content=\"1 minuta\" \/>\n<script type=\"application\/ld+json\" class=\"yoast-schema-graph\">{\"@context\":\"https:\\\/\\\/schema.org\",\"@graph\":[{\"@type\":\"WebPage\",\"@id\":\"https:\\\/\\\/www.montessoriostrava.cz\\\/lyceum\\\/o-nas\\\/projekty-eu\\\/\",\"url\":\"https:\\\/\\\/www.montessoriostrava.cz\\\/lyceum\\\/o-nas\\\/projekty-eu\\\/\",\"name\":\"Projekty EU | Lyceum Montessori Ostrava\",\"isPartOf\":{\"@id\":\"https:\\\/\\\/www.montessoriostrava.cz\\\/lyceum\\\/#website\"},\"primaryImageOfPage\":{\"@id\":\"https:\\\/\\\/www.montessoriostrava.cz\\\/lyceum\\\/o-nas\\\/projekty-eu\\\/#primaryimage\"},\"image\":{\"@id\":\"https:\\\/\\\/www.montessoriostrava.cz\\\/lyceum\\\/o-nas\\\/projekty-eu\\\/#primaryimage\"},\"thumbnailUrl\":\"https:\\\/\\\/www.montessoriostrava.cz\\\/zs\\\/wp-content\\\/uploads\\\/sites\\\/3\\\/2024\\\/09\\\/eu-1024x125.png\",\"datePublished\":\"2025-02-07T09:43:51+00:00\",\"breadcrumb\":{\"@id\":\"https:\\\/\\\/www.montessoriostrava.cz\\\/lyceum\\\/o-nas\\\/projekty-eu\\\/#breadcrumb\"},\"inLanguage\":\"cs\",\"potentialAction\":[{\"@type\":\"ReadAction\",\"target\":[\"https:\\\/\\\/www.montessoriostrava.cz\\\/lyceum\\\/o-nas\\\/projekty-eu\\\/\"]}]},{\"@type\":\"ImageObject\",\"inLanguage\":\"cs\",\"@id\":\"https:\\\/\\\/www.montessoriostrava.cz\\\/lyceum\\\/o-nas\\\/projekty-eu\\\/#primaryimage\",\"url\":\"https:\\\/\\\/www.montessoriostrava.cz\\\/zs\\\/wp-content\\\/uploads\\\/sites\\\/3\\\/2024\\\/09\\\/eu-1024x125.png\",\"contentUrl\":\"https:\\\/\\\/www.montessoriostrava.cz\\\/zs\\\/wp-content\\\/uploads\\\/sites\\\/3\\\/2024\\\/09\\\/eu-1024x125.png\"},{\"@type\":\"BreadcrumbList\",\"@id\":\"https:\\\/\\\/www.montessoriostrava.cz\\\/lyceum\\\/o-nas\\\/projekty-eu\\\/#breadcrumb\",\"itemListElement\":[{\"@type\":\"ListItem\",\"position\":1,\"name\":\"Dom\u016f\",\"item\":\"https:\\\/\\\/www.montessoriostrava.cz\\\/lyceum\\\/\"},{\"@type\":\"ListItem\",\"position\":2,\"name\":\"O n\u00e1s\",\"item\":\"https:\\\/\\\/www.montessoriostrava.cz\\\/lyceum\\\/o-nas\\\/\"},{\"@type\":\"ListItem\",\"position\":3,\"name\":\"Projekty EU\"}]},{\"@type\":\"WebSite\",\"@id\":\"https:\\\/\\\/www.montessoriostrava.cz\\\/lyceum\\\/#website\",\"url\":\"https:\\\/\\\/www.montessoriostrava.cz\\\/lyceum\\\/\",\"name\":\"Lyceum Montessori Ostrava\",\"description\":\"\",\"publisher\":{\"@id\":\"https:\\\/\\\/www.montessoriostrava.cz\\\/lyceum\\\/#organization\"},\"potentialAction\":[{\"@type\":\"SearchAction\",\"target\":{\"@type\":\"EntryPoint\",\"urlTemplate\":\"https:\\\/\\\/www.montessoriostrava.cz\\\/lyceum\\\/?s={search_term_string}\"},\"query-input\":{\"@type\":\"PropertyValueSpecification\",\"valueRequired\":true,\"valueName\":\"search_term_string\"}}],\"inLanguage\":\"cs\"},{\"@type\":\"Organization\",\"@id\":\"https:\\\/\\\/www.montessoriostrava.cz\\\/lyceum\\\/#organization\",\"name\":\"Montessori Ostrava\",\"url\":\"https:\\\/\\\/www.montessoriostrava.cz\\\/lyceum\\\/\",\"logo\":{\"@type\":\"ImageObject\",\"inLanguage\":\"cs\",\"@id\":\"https:\\\/\\\/www.montessoriostrava.cz\\\/lyceum\\\/#\\\/schema\\\/logo\\\/image\\\/\",\"url\":\"https:\\\/\\\/www.montessoriostrava.cz\\\/lyceum\\\/wp-content\\\/uploads\\\/sites\\\/6\\\/2025\\\/01\\\/logo-montessori.png\",\"contentUrl\":\"https:\\\/\\\/www.montessoriostrava.cz\\\/lyceum\\\/wp-content\\\/uploads\\\/sites\\\/6\\\/2025\\\/01\\\/logo-montessori.png\",\"width\":1794,\"height\":527,\"caption\":\"Montessori Ostrava\"},\"image\":{\"@id\":\"https:\\\/\\\/www.montessoriostrava.cz\\\/lyceum\\\/#\\\/schema\\\/logo\\\/image\\\/\"}}]}<\/script>\n<!-- \/ Yoast SEO plugin. -->","yoast_head_json":{"title":"Projekty EU | Lyceum Montessori Ostrava","robots":{"index":"index","follow":"follow","max-snippet":"max-snippet:-1","max-image-preview":"max-image-preview:large","max-video-preview":"max-video-preview:-1"},"canonical":"https:\/\/www.montessoriostrava.cz\/lyceum\/o-nas\/projekty-eu\/","og_locale":"cs_CZ","og_type":"article","og_title":"Projekty EU | Lyceum Montessori Ostrava","og_description":"Kreativn\u00ed vouchery Projekt \u201eN\u00e1vrh webov\u00fdch str\u00e1nek pro Z\u00e1kladn\u00ed \u0161kolu a mate\u0159skou \u0161kolu Montessori Ostrava\u201c pod registra\u010dn\u00edm \u010d\u00edslem 0461000719 byl podpo\u0159en z finan\u010dn\u00edch prost\u0159edk\u016f EU. Projekt na vytvo\u0159en\u00ed nov\u00fdch webov\u00fdch str\u00e1nek pro Z\u00e1kladn\u00ed \u0161kolu a mate\u0159skou \u0161kolu Montessori Ostrava je zam\u011b\u0159en na vytvo\u0159en\u00ed profesion\u00e1ln\u011b navr\u017een\u00fdch str\u00e1nek, kter\u00e9 odraz\u00ed kvalitu a hodnoty Montessori pedagogiky. V\u00fdstupy projektu (grafick\u00e9 [&hellip;]","og_url":"https:\/\/www.montessoriostrava.cz\/lyceum\/o-nas\/projekty-eu\/","og_site_name":"Lyceum Montessori Ostrava","og_image":[{"width":363,"height":374,"url":"https:\/\/www.montessoriostrava.cz\/lyceum\/wp-content\/uploads\/sites\/6\/2024\/09\/24d1d4840b2b8b0cfd188af16b4db2cc-e1738758227736.jpeg","type":"image\/jpeg"}],"twitter_card":"summary_large_image","twitter_misc":{"Odhadovan\u00e1 doba \u010dten\u00ed":"1 minuta"},"schema":{"@context":"https:\/\/schema.org","@graph":[{"@type":"WebPage","@id":"https:\/\/www.montessoriostrava.cz\/lyceum\/o-nas\/projekty-eu\/","url":"https:\/\/www.montessoriostrava.cz\/lyceum\/o-nas\/projekty-eu\/","name":"Projekty EU | Lyceum Montessori Ostrava","isPartOf":{"@id":"https:\/\/www.montessoriostrava.cz\/lyceum\/#website"},"primaryImageOfPage":{"@id":"https:\/\/www.montessoriostrava.cz\/lyceum\/o-nas\/projekty-eu\/#primaryimage"},"image":{"@id":"https:\/\/www.montessoriostrava.cz\/lyceum\/o-nas\/projekty-eu\/#primaryimage"},"thumbnailUrl":"https:\/\/www.montessoriostrava.cz\/zs\/wp-content\/uploads\/sites\/3\/2024\/09\/eu-1024x125.png","datePublished":"2025-02-07T09:43:51+00:00","breadcrumb":{"@id":"https:\/\/www.montessoriostrava.cz\/lyceum\/o-nas\/projekty-eu\/#breadcrumb"},"inLanguage":"cs","potentialAction":[{"@type":"ReadAction","target":["https:\/\/www.montessoriostrava.cz\/lyceum\/o-nas\/projekty-eu\/"]}]},{"@type":"ImageObject","inLanguage":"cs","@id":"https:\/\/www.montessoriostrava.cz\/lyceum\/o-nas\/projekty-eu\/#primaryimage","url":"https:\/\/www.montessoriostrava.cz\/zs\/wp-content\/uploads\/sites\/3\/2024\/09\/eu-1024x125.png","contentUrl":"https:\/\/www.montessoriostrava.cz\/zs\/wp-content\/uploads\/sites\/3\/2024\/09\/eu-1024x125.png"},{"@type":"BreadcrumbList","@id":"https:\/\/www.montessoriostrava.cz\/lyceum\/o-nas\/projekty-eu\/#breadcrumb","itemListElement":[{"@type":"ListItem","position":1,"name":"Dom\u016f","item":"https:\/\/www.montessoriostrava.cz\/lyceum\/"},{"@type":"ListItem","position":2,"name":"O n\u00e1s","item":"https:\/\/www.montessoriostrava.cz\/lyceum\/o-nas\/"},{"@type":"ListItem","position":3,"name":"Projekty EU"}]},{"@type":"WebSite","@id":"https:\/\/www.montessoriostrava.cz\/lyceum\/#website","url":"https:\/\/www.montessoriostrava.cz\/lyceum\/","name":"Lyceum Montessori Ostrava","description":"","publisher":{"@id":"https:\/\/www.montessoriostrava.cz\/lyceum\/#organization"},"potentialAction":[{"@type":"SearchAction","target":{"@type":"EntryPoint","urlTemplate":"https:\/\/www.montessoriostrava.cz\/lyceum\/?s={search_term_string}"},"query-input":{"@type":"PropertyValueSpecification","valueRequired":true,"valueName":"search_term_string"}}],"inLanguage":"cs"},{"@type":"Organization","@id":"https:\/\/www.montessoriostrava.cz\/lyceum\/#organization","name":"Montessori Ostrava","url":"https:\/\/www.montessoriostrava.cz\/lyceum\/","logo":{"@type":"ImageObject","inLanguage":"cs","@id":"https:\/\/www.montessoriostrava.cz\/lyceum\/#\/schema\/logo\/image\/","url":"https:\/\/www.montessoriostrava.cz\/lyceum\/wp-content\/uploads\/sites\/6\/2025\/01\/logo-montessori.png","contentUrl":"https:\/\/www.montessoriostrava.cz\/lyceum\/wp-content\/uploads\/sites\/6\/2025\/01\/logo-montessori.png","width":1794,"height":527,"caption":"Montessori Ostrava"},"image":{"@id":"https:\/\/www.montessoriostrava.cz\/lyceum\/#\/schema\/logo\/image\/"}}]}},"_links":{"self":[{"href":"https:\/\/www.montessoriostrava.cz\/lyceum\/wp-json\/wp\/v2\/pages\/207","targetHints":{"allow":["GET"]}}],"collection":[{"href":"https:\/\/www.montessoriostrava.cz\/lyceum\/wp-json\/wp\/v2\/pages"}],"about":[{"href":"https:\/\/www.montessoriostrava.cz\/lyceum\/wp-json\/wp\/v2\/types\/page"}],"author":[{"embeddable":true,"href":"https:\/\/www.montessoriostrava.cz\/lyceum\/wp-json\/wp\/v2\/users\/1"}],"replies":[{"embeddable":true,"href":"https:\/\/www.montessoriostrava.cz\/lyceum\/wp-json\/wp\/v2\/comments?post=207"}],"version-history":[{"count":1,"href":"https:\/\/www.montessoriostrava.cz\/lyceum\/wp-json\/wp\/v2\/pages\/207\/revisions"}],"predecessor-version":[{"id":208,"href":"https:\/\/www.montessoriostrava.cz\/lyceum\/wp-json\/wp\/v2\/pages\/207\/revisions\/208"}],"up":[{"embeddable":true,"href":"https:\/\/www.montessoriostrava.cz\/lyceum\/wp-json\/wp\/v2\/pages\/190"}],"wp:attachment":[{"href":"https:\/\/www.montessoriostrava.cz\/lyceum\/wp-json\/wp\/v2\/media?parent=207"}],"curies":[{"name":"wp","href":"https:\/\/api.w.org\/{rel}","templated":true}]}}