{"id":219,"date":"2025-02-07T10:49:46","date_gmt":"2025-02-07T09:49:46","guid":{"rendered":"https:\/\/www.montessoriostrava.cz\/lyceum\/?page_id=219"},"modified":"2025-09-05T14:59:38","modified_gmt":"2025-09-05T12:59:38","slug":"vedeni","status":"publish","type":"page","link":"https:\/\/www.montessoriostrava.cz\/lyceum\/vedeni\/","title":{"rendered":"Veden\u00ed"},"content":{"rendered":"\n<div class=\"wp-block-columns is-layout-flex wp-container-core-columns-is-layout-9d6595d7 wp-block-columns-is-layout-flex\">\n<div class=\"wp-block-column is-layout-flow wp-block-column-is-layout-flow\" style=\"flex-basis:66.66%\">\n<h2 class=\"wp-block-heading\">Z\u0158IZOVATEL, \u0158EDITEL<\/h2>\n\n\n\n<h2 class=\"wp-block-heading\">Ing. Radan J\u00fcnger<\/h2>\n\n\n\n<p>Ostravsk\u00fd patriot, inov\u00e1tor,&nbsp;kreativec, podnikatel a pedagog, kter\u00fd v letech 2010-2019 vybudoval a \u0159\u00eddil nejv\u011bt\u0161\u00ed vzd\u011bl\u00e1vac\u00ed holding \u0161kol v&nbsp;\u010cesk\u00e9 republice.<\/p>\n\n\n\n<p>Po \u00fasp\u011b\u0161n\u00e9m exitu z vysok\u00e9ho \u0161kolstv\u00ed se, v roli rodi\u010de sv\u00fdch d\u011bt\u00ed, kter\u00fd chce jejich vzd\u011bl\u00e1v\u00e1n\u00ed aktivn\u011b ovlivnit, v\u011bnuje rozvoji p\u0159ed\u0161koln\u00edch a \u0161kolsk\u00fdch za\u0159\u00edzen\u00ed. Za c\u00edl si klade vytvo\u0159it modern\u00ed \u0161kolsk\u00e9 instituce, kter\u00e9 reaguj\u00ed na m\u011bn\u00edc\u00ed se vzd\u011bl\u00e1vac\u00ed pot\u0159eby a tvo\u0159\u00ed jinou volbu k m\u00edsty zastaral\u00e9mu tradi\u010dn\u00edmu vzd\u011bl\u00e1vac\u00edmu syst\u00e9mu. Svou vizi zalo\u017eil na celosv\u011btov\u00e9m a respektovan\u00e9m vzd\u011bl\u00e1vac\u00edm syst\u00e9mu Montessori pedagogiky. Absolvoval mezin\u00e1rodn\u011b certifikovan\u00fd kurz AMI pro Montessori \u0159editele, kter\u00fd vedli&nbsp;Sue Pritzker and Eder Cuevas.<\/p>\n\n\n\n<p>\u201eNejv\u00edce si cen\u00edm na sv\u00e9m pedagogick\u00e9m sboru, s jakou p\u00e9\u010d\u00ed se v\u011bnuj\u00ed na\u0161im \u017e\u00e1k\u016fm. Jsou nen\u00e1padn\u00fdmi pr\u016fvodci v jejich sv\u011bt\u011b a touze po pozn\u00e1n\u00ed. M\u016fj t\u00fdm pln\u011b kvalifikovan\u00fdch odborn\u00edk\u016f je nekone\u010dn\u00fdm procesem hled\u00e1n\u00ed, a je pe\u010dliv\u011b vyb\u00edr\u00e1n z t\u011bch nejlep\u0161\u00edch pedagog\u016f. A\u0165 u\u017e se jedn\u00e1 o veden\u00ed \u0161koly, t\u0159\u00eddn\u00ed u\u010ditele, asistentky nebo rodil\u00e9 mluv\u010d\u00ed.\u201c<\/p>\n\n\n\n<p>Z\u00e1kladn\u00edmi kameny v\u0161ech \u0161kol Montessori Ostrava jsou zap\u00e1len\u00ed u\u010ditel\u00e9, nov\u00e9 p\u0159\u00edstupy, modern\u00ed vzd\u011bl\u00e1vac\u00ed trendy a z\u00e1rove\u0148 kombinace osv\u011bd\u010den\u00fdch metod z klasick\u00e9 didaktiky a Montessori pedagogiky, s d\u016frazem na v\u00fduku ciz\u00edch jazyk\u016f.<\/p>\n\n\n\n<p>Seznamte se chromologicky s \u010dl\u00e1nky kter\u00e9 byly publikov\u00e1ny:<\/p>\n\n\n\n<p><a href=\"https:\/\/www.freshtime.cz\/wp-content\/uploads\/2012\/10\/FreshTime_2012_09.pdf\">Vzd\u011bl\u00e1n\u00ed je slu\u017eba, rovn\u011b\u017e tak\u00e9 investice. 2012<\/a>, <\/p>\n\n\n\n<p><a href=\"https:\/\/www.iprosperita.cz\/images\/pdf_prosperita\/2015-10_issue.pdf\">O reeingeneeringu vzd\u011bl\u00e1vac\u00edch proces\u016f. 2015<\/a>, <\/p>\n\n\n\n<p><a href=\"https:\/\/www.montessoriostrava.cz\/ms\/zeptali-jsme-se-reditele\/\">Rozhovor s&nbsp;\u0159editelem Montessori Ostrava. 2018<\/a>, <\/p>\n\n\n\n<p><a href=\"https:\/\/www.montessoriostrava.cz\/zs\/montessori-ostrava-kdyz-je-pedagog-nejen-ucitelem-ale-i-pruvodcem\/\">Kdy\u017e je pedagog nejen u\u010ditelem, ale i pr\u016fvodcem. 2020<\/a>, <\/p>\n\n\n\n<p><a href=\"https:\/\/www.vosmet.cz\/tiskova-zprava-multimedialni-studio-novy-svet-pro-studenty\">Otev\u0159en\u00ed medi\u00e1ln\u00edho studia. 2021<\/a>,<\/p>\n\n\n\n<p><a href=\"https:\/\/moravskoslezsky.denik.cz\/zpravy-z-ceska\/vzdelani-daval-deseti-tisicum-studentu-nyni-mentoruje-ty-nejmensi-20210208.html\"><\/a><a href=\"https:\/\/moravskoslezsky.denik.cz\/zpravy-z-ceska\/vzdelani-daval-deseti-tisicum-studentu-nyni-mentoruje-ty-nejmensi-20210208.html\">Vzd\u011bl\u00e1n\u00ed d\u00e1val deseti tis\u00edc\u016fm student\u016f. Nyn\u00ed mentoruje ty nejmen\u0161\u00ed. 2021<\/a>,<\/p>\n\n\n\n<p><a href=\"https:\/\/www.novinky.cz\/clanek\/bydleni-zahrada-skola-v-ostrave-ma-zrejme-jako-prvni-v-cesku-autonomni-hydroponickou-farmu-40450887\">Prvn\u00ed z\u00e1kladn\u00ed \u0161kola s&nbsp;hydroponickou farmou. 2023<\/a>,<\/p>\n\n\n\n<p><a href=\"https:\/\/moravskoslezsky.denik.cz\/zpravy_region\/ostrava-nova-stredni-skola-montessori-lyceum-2025.html\">Moravskoslezsk\u00fd kraj m\u00e1 prvn\u00ed Montessori lyceum. 2025<\/a><\/p>\n\n\n\n<p><a href=\"https:\/\/drive.google.com\/file\/d\/1ekxwhSIsL0dRKHRFCdRj7XI-snFviR5n\/view?usp=sharing\">Prima CNN NEWS &#8211; rostouc\u00ed z\u00e1jem o soukrom\u00e9 \u0161koly. 2025<\/a><\/p>\n\n\n\n<p><a href=\"https:\/\/moravskoslezsky.denik.cz\/zpravy_region\/ostrava-hulvaky-montessori-skola-skolka-hriste-otevreno-deti-verejnost-2025.html\">Slavnostn\u00ed otev\u0159en\u00ed multifunk\u010dn\u00edho h\u0159i\u0161t\u011b 2025<\/a><\/p>\n\n\n\n<p><\/p>\n<\/div>\n\n\n\n<div class=\"wp-block-column is-vertically-aligned-center is-layout-flow wp-block-column-is-layout-flow\" style=\"flex-basis:33.33%\"><div class=\"wp-block-image\">\n<figure class=\"aligncenter size-full\"><img decoding=\"async\" src=\"https:\/\/www.montessoriostrava.cz\/zs\/wp-content\/uploads\/sites\/3\/2024\/09\/radan-nas-tym.jpg\" alt=\"Veden\u00ed\" class=\"wp-image-206\"\/><\/figure>\n<\/div><\/div>\n<\/div>\n","protected":false},"excerpt":{"rendered":"<p>Z\u0158IZOVATEL, \u0158EDITEL Ing. Radan J\u00fcnger Ostravsk\u00fd patriot, inov\u00e1tor,&nbsp;kreativec, podnikatel a pedagog, kter\u00fd v letech 2010-2019 vybudoval a \u0159\u00eddil nejv\u011bt\u0161\u00ed vzd\u011bl\u00e1vac\u00ed holding \u0161kol v&nbsp;\u010cesk\u00e9 republice. Po \u00fasp\u011b\u0161n\u00e9m exitu z vysok\u00e9ho \u0161kolstv\u00ed se, v roli rodi\u010de sv\u00fdch d\u011bt\u00ed, kter\u00fd chce jejich vzd\u011bl\u00e1v\u00e1n\u00ed aktivn\u011b ovlivnit, v\u011bnuje rozvoji p\u0159ed\u0161koln\u00edch a \u0161kolsk\u00fdch za\u0159\u00edzen\u00ed. Za c\u00edl si klade vytvo\u0159it modern\u00ed \u0161kolsk\u00e9 [&hellip;]<\/p>\n","protected":false},"author":1,"featured_media":0,"parent":0,"menu_order":0,"comment_status":"closed","ping_status":"closed","template":"","meta":{"footnotes":""},"class_list":["post-219","page","type-page","status-publish","hentry"],"acf":[],"yoast_head":"<!-- This site is optimized with the Yoast SEO plugin v27.5 - https:\/\/yoast.com\/product\/yoast-seo-wordpress\/ -->\n<title>Veden\u00ed | Lyceum Montessori Ostrava<\/title>\n<meta name=\"robots\" content=\"index, follow, max-snippet:-1, max-image-preview:large, max-video-preview:-1\" \/>\n<link rel=\"canonical\" href=\"https:\/\/www.montessoriostrava.cz\/lyceum\/vedeni\/\" \/>\n<meta property=\"og:locale\" content=\"cs_CZ\" \/>\n<meta property=\"og:type\" content=\"article\" \/>\n<meta property=\"og:title\" content=\"Veden\u00ed | Lyceum Montessori Ostrava\" \/>\n<meta property=\"og:description\" content=\"Z\u0158IZOVATEL, \u0158EDITEL Ing. Radan J\u00fcnger Ostravsk\u00fd patriot, inov\u00e1tor,&nbsp;kreativec, podnikatel a pedagog, kter\u00fd v letech 2010-2019 vybudoval a \u0159\u00eddil nejv\u011bt\u0161\u00ed vzd\u011bl\u00e1vac\u00ed holding \u0161kol v&nbsp;\u010cesk\u00e9 republice. Po \u00fasp\u011b\u0161n\u00e9m exitu z vysok\u00e9ho \u0161kolstv\u00ed se, v roli rodi\u010de sv\u00fdch d\u011bt\u00ed, kter\u00fd chce jejich vzd\u011bl\u00e1v\u00e1n\u00ed aktivn\u011b ovlivnit, v\u011bnuje rozvoji p\u0159ed\u0161koln\u00edch a \u0161kolsk\u00fdch za\u0159\u00edzen\u00ed. Za c\u00edl si klade vytvo\u0159it modern\u00ed \u0161kolsk\u00e9 [&hellip;]\" \/>\n<meta property=\"og:url\" content=\"https:\/\/www.montessoriostrava.cz\/lyceum\/vedeni\/\" \/>\n<meta property=\"og:site_name\" content=\"Lyceum Montessori Ostrava\" \/>\n<meta property=\"article:modified_time\" content=\"2025-09-05T12:59:38+00:00\" \/>\n<meta property=\"og:image\" content=\"https:\/\/www.montessoriostrava.cz\/lyceum\/wp-content\/uploads\/sites\/6\/2024\/09\/24d1d4840b2b8b0cfd188af16b4db2cc-e1738758227736.jpeg\" \/>\n\t<meta property=\"og:image:width\" content=\"363\" \/>\n\t<meta property=\"og:image:height\" content=\"374\" \/>\n\t<meta property=\"og:image:type\" content=\"image\/jpeg\" \/>\n<meta name=\"twitter:card\" content=\"summary_large_image\" \/>\n<meta name=\"twitter:label1\" content=\"Odhadovan\u00e1 doba \u010dten\u00ed\" \/>\n\t<meta name=\"twitter:data1\" content=\"2 minuty\" \/>\n<script type=\"application\/ld+json\" class=\"yoast-schema-graph\">{\"@context\":\"https:\\\/\\\/schema.org\",\"@graph\":[{\"@type\":\"WebPage\",\"@id\":\"https:\\\/\\\/www.montessoriostrava.cz\\\/lyceum\\\/vedeni\\\/\",\"url\":\"https:\\\/\\\/www.montessoriostrava.cz\\\/lyceum\\\/vedeni\\\/\",\"name\":\"Veden\u00ed | Lyceum Montessori Ostrava\",\"isPartOf\":{\"@id\":\"https:\\\/\\\/www.montessoriostrava.cz\\\/lyceum\\\/#website\"},\"primaryImageOfPage\":{\"@id\":\"https:\\\/\\\/www.montessoriostrava.cz\\\/lyceum\\\/vedeni\\\/#primaryimage\"},\"image\":{\"@id\":\"https:\\\/\\\/www.montessoriostrava.cz\\\/lyceum\\\/vedeni\\\/#primaryimage\"},\"thumbnailUrl\":\"https:\\\/\\\/www.montessoriostrava.cz\\\/zs\\\/wp-content\\\/uploads\\\/sites\\\/3\\\/2024\\\/09\\\/radan-nas-tym.jpg\",\"datePublished\":\"2025-02-07T09:49:46+00:00\",\"dateModified\":\"2025-09-05T12:59:38+00:00\",\"breadcrumb\":{\"@id\":\"https:\\\/\\\/www.montessoriostrava.cz\\\/lyceum\\\/vedeni\\\/#breadcrumb\"},\"inLanguage\":\"cs\",\"potentialAction\":[{\"@type\":\"ReadAction\",\"target\":[\"https:\\\/\\\/www.montessoriostrava.cz\\\/lyceum\\\/vedeni\\\/\"]}]},{\"@type\":\"ImageObject\",\"inLanguage\":\"cs\",\"@id\":\"https:\\\/\\\/www.montessoriostrava.cz\\\/lyceum\\\/vedeni\\\/#primaryimage\",\"url\":\"https:\\\/\\\/www.montessoriostrava.cz\\\/zs\\\/wp-content\\\/uploads\\\/sites\\\/3\\\/2024\\\/09\\\/radan-nas-tym.jpg\",\"contentUrl\":\"https:\\\/\\\/www.montessoriostrava.cz\\\/zs\\\/wp-content\\\/uploads\\\/sites\\\/3\\\/2024\\\/09\\\/radan-nas-tym.jpg\"},{\"@type\":\"BreadcrumbList\",\"@id\":\"https:\\\/\\\/www.montessoriostrava.cz\\\/lyceum\\\/vedeni\\\/#breadcrumb\",\"itemListElement\":[{\"@type\":\"ListItem\",\"position\":1,\"name\":\"Dom\u016f\",\"item\":\"https:\\\/\\\/www.montessoriostrava.cz\\\/lyceum\\\/\"},{\"@type\":\"ListItem\",\"position\":2,\"name\":\"Veden\u00ed\"}]},{\"@type\":\"WebSite\",\"@id\":\"https:\\\/\\\/www.montessoriostrava.cz\\\/lyceum\\\/#website\",\"url\":\"https:\\\/\\\/www.montessoriostrava.cz\\\/lyceum\\\/\",\"name\":\"Lyceum Montessori Ostrava\",\"description\":\"\",\"publisher\":{\"@id\":\"https:\\\/\\\/www.montessoriostrava.cz\\\/lyceum\\\/#organization\"},\"potentialAction\":[{\"@type\":\"SearchAction\",\"target\":{\"@type\":\"EntryPoint\",\"urlTemplate\":\"https:\\\/\\\/www.montessoriostrava.cz\\\/lyceum\\\/?s={search_term_string}\"},\"query-input\":{\"@type\":\"PropertyValueSpecification\",\"valueRequired\":true,\"valueName\":\"search_term_string\"}}],\"inLanguage\":\"cs\"},{\"@type\":\"Organization\",\"@id\":\"https:\\\/\\\/www.montessoriostrava.cz\\\/lyceum\\\/#organization\",\"name\":\"Montessori Ostrava\",\"url\":\"https:\\\/\\\/www.montessoriostrava.cz\\\/lyceum\\\/\",\"logo\":{\"@type\":\"ImageObject\",\"inLanguage\":\"cs\",\"@id\":\"https:\\\/\\\/www.montessoriostrava.cz\\\/lyceum\\\/#\\\/schema\\\/logo\\\/image\\\/\",\"url\":\"https:\\\/\\\/www.montessoriostrava.cz\\\/lyceum\\\/wp-content\\\/uploads\\\/sites\\\/6\\\/2025\\\/01\\\/logo-montessori.png\",\"contentUrl\":\"https:\\\/\\\/www.montessoriostrava.cz\\\/lyceum\\\/wp-content\\\/uploads\\\/sites\\\/6\\\/2025\\\/01\\\/logo-montessori.png\",\"width\":1794,\"height\":527,\"caption\":\"Montessori Ostrava\"},\"image\":{\"@id\":\"https:\\\/\\\/www.montessoriostrava.cz\\\/lyceum\\\/#\\\/schema\\\/logo\\\/image\\\/\"}}]}<\/script>\n<!-- \/ Yoast SEO plugin. -->","yoast_head_json":{"title":"Veden\u00ed | Lyceum Montessori Ostrava","robots":{"index":"index","follow":"follow","max-snippet":"max-snippet:-1","max-image-preview":"max-image-preview:large","max-video-preview":"max-video-preview:-1"},"canonical":"https:\/\/www.montessoriostrava.cz\/lyceum\/vedeni\/","og_locale":"cs_CZ","og_type":"article","og_title":"Veden\u00ed | Lyceum Montessori Ostrava","og_description":"Z\u0158IZOVATEL, \u0158EDITEL Ing. Radan J\u00fcnger Ostravsk\u00fd patriot, inov\u00e1tor,&nbsp;kreativec, podnikatel a pedagog, kter\u00fd v letech 2010-2019 vybudoval a \u0159\u00eddil nejv\u011bt\u0161\u00ed vzd\u011bl\u00e1vac\u00ed holding \u0161kol v&nbsp;\u010cesk\u00e9 republice. Po \u00fasp\u011b\u0161n\u00e9m exitu z vysok\u00e9ho \u0161kolstv\u00ed se, v roli rodi\u010de sv\u00fdch d\u011bt\u00ed, kter\u00fd chce jejich vzd\u011bl\u00e1v\u00e1n\u00ed aktivn\u011b ovlivnit, v\u011bnuje rozvoji p\u0159ed\u0161koln\u00edch a \u0161kolsk\u00fdch za\u0159\u00edzen\u00ed. Za c\u00edl si klade vytvo\u0159it modern\u00ed \u0161kolsk\u00e9 [&hellip;]","og_url":"https:\/\/www.montessoriostrava.cz\/lyceum\/vedeni\/","og_site_name":"Lyceum Montessori Ostrava","article_modified_time":"2025-09-05T12:59:38+00:00","og_image":[{"width":363,"height":374,"url":"https:\/\/www.montessoriostrava.cz\/lyceum\/wp-content\/uploads\/sites\/6\/2024\/09\/24d1d4840b2b8b0cfd188af16b4db2cc-e1738758227736.jpeg","type":"image\/jpeg"}],"twitter_card":"summary_large_image","twitter_misc":{"Odhadovan\u00e1 doba \u010dten\u00ed":"2 minuty"},"schema":{"@context":"https:\/\/schema.org","@graph":[{"@type":"WebPage","@id":"https:\/\/www.montessoriostrava.cz\/lyceum\/vedeni\/","url":"https:\/\/www.montessoriostrava.cz\/lyceum\/vedeni\/","name":"Veden\u00ed | Lyceum Montessori Ostrava","isPartOf":{"@id":"https:\/\/www.montessoriostrava.cz\/lyceum\/#website"},"primaryImageOfPage":{"@id":"https:\/\/www.montessoriostrava.cz\/lyceum\/vedeni\/#primaryimage"},"image":{"@id":"https:\/\/www.montessoriostrava.cz\/lyceum\/vedeni\/#primaryimage"},"thumbnailUrl":"https:\/\/www.montessoriostrava.cz\/zs\/wp-content\/uploads\/sites\/3\/2024\/09\/radan-nas-tym.jpg","datePublished":"2025-02-07T09:49:46+00:00","dateModified":"2025-09-05T12:59:38+00:00","breadcrumb":{"@id":"https:\/\/www.montessoriostrava.cz\/lyceum\/vedeni\/#breadcrumb"},"inLanguage":"cs","potentialAction":[{"@type":"ReadAction","target":["https:\/\/www.montessoriostrava.cz\/lyceum\/vedeni\/"]}]},{"@type":"ImageObject","inLanguage":"cs","@id":"https:\/\/www.montessoriostrava.cz\/lyceum\/vedeni\/#primaryimage","url":"https:\/\/www.montessoriostrava.cz\/zs\/wp-content\/uploads\/sites\/3\/2024\/09\/radan-nas-tym.jpg","contentUrl":"https:\/\/www.montessoriostrava.cz\/zs\/wp-content\/uploads\/sites\/3\/2024\/09\/radan-nas-tym.jpg"},{"@type":"BreadcrumbList","@id":"https:\/\/www.montessoriostrava.cz\/lyceum\/vedeni\/#breadcrumb","itemListElement":[{"@type":"ListItem","position":1,"name":"Dom\u016f","item":"https:\/\/www.montessoriostrava.cz\/lyceum\/"},{"@type":"ListItem","position":2,"name":"Veden\u00ed"}]},{"@type":"WebSite","@id":"https:\/\/www.montessoriostrava.cz\/lyceum\/#website","url":"https:\/\/www.montessoriostrava.cz\/lyceum\/","name":"Lyceum Montessori Ostrava","description":"","publisher":{"@id":"https:\/\/www.montessoriostrava.cz\/lyceum\/#organization"},"potentialAction":[{"@type":"SearchAction","target":{"@type":"EntryPoint","urlTemplate":"https:\/\/www.montessoriostrava.cz\/lyceum\/?s={search_term_string}"},"query-input":{"@type":"PropertyValueSpecification","valueRequired":true,"valueName":"search_term_string"}}],"inLanguage":"cs"},{"@type":"Organization","@id":"https:\/\/www.montessoriostrava.cz\/lyceum\/#organization","name":"Montessori Ostrava","url":"https:\/\/www.montessoriostrava.cz\/lyceum\/","logo":{"@type":"ImageObject","inLanguage":"cs","@id":"https:\/\/www.montessoriostrava.cz\/lyceum\/#\/schema\/logo\/image\/","url":"https:\/\/www.montessoriostrava.cz\/lyceum\/wp-content\/uploads\/sites\/6\/2025\/01\/logo-montessori.png","contentUrl":"https:\/\/www.montessoriostrava.cz\/lyceum\/wp-content\/uploads\/sites\/6\/2025\/01\/logo-montessori.png","width":1794,"height":527,"caption":"Montessori Ostrava"},"image":{"@id":"https:\/\/www.montessoriostrava.cz\/lyceum\/#\/schema\/logo\/image\/"}}]}},"_links":{"self":[{"href":"https:\/\/www.montessoriostrava.cz\/lyceum\/wp-json\/wp\/v2\/pages\/219","targetHints":{"allow":["GET"]}}],"collection":[{"href":"https:\/\/www.montessoriostrava.cz\/lyceum\/wp-json\/wp\/v2\/pages"}],"about":[{"href":"https:\/\/www.montessoriostrava.cz\/lyceum\/wp-json\/wp\/v2\/types\/page"}],"author":[{"embeddable":true,"href":"https:\/\/www.montessoriostrava.cz\/lyceum\/wp-json\/wp\/v2\/users\/1"}],"replies":[{"embeddable":true,"href":"https:\/\/www.montessoriostrava.cz\/lyceum\/wp-json\/wp\/v2\/comments?post=219"}],"version-history":[{"count":5,"href":"https:\/\/www.montessoriostrava.cz\/lyceum\/wp-json\/wp\/v2\/pages\/219\/revisions"}],"predecessor-version":[{"id":506,"href":"https:\/\/www.montessoriostrava.cz\/lyceum\/wp-json\/wp\/v2\/pages\/219\/revisions\/506"}],"wp:attachment":[{"href":"https:\/\/www.montessoriostrava.cz\/lyceum\/wp-json\/wp\/v2\/media?parent=219"}],"curies":[{"name":"wp","href":"https:\/\/api.w.org\/{rel}","templated":true}]}}