{"id":600,"date":"2026-01-20T14:13:38","date_gmt":"2026-01-20T13:13:38","guid":{"rendered":"https:\/\/www.montessoriostrava.cz\/lyceum\/?page_id=600"},"modified":"2026-01-20T14:14:10","modified_gmt":"2026-01-20T13:14:10","slug":"ucebni-plan","status":"publish","type":"page","link":"https:\/\/www.montessoriostrava.cz\/lyceum\/ucebni-plan\/","title":{"rendered":"U\u010debn\u00ed pl\u00e1n"},"content":{"rendered":"<div class=\"wp-block-image\">\n<figure class=\"aligncenter size-large\"><img loading=\"lazy\" decoding=\"async\" width=\"721\" height=\"1024\" src=\"https:\/\/www.montessoriostrava.cz\/lyceum\/wp-content\/uploads\/sites\/6\/2026\/01\/Ucebni-plan-721x1024.png\" alt=\"U\u010debn\u00ed pl\u00e1n\" class=\"wp-image-601\" srcset=\"https:\/\/www.montessoriostrava.cz\/lyceum\/wp-content\/uploads\/sites\/6\/2026\/01\/Ucebni-plan-721x1024.png 721w, https:\/\/www.montessoriostrava.cz\/lyceum\/wp-content\/uploads\/sites\/6\/2026\/01\/Ucebni-plan-211x300.png 211w, https:\/\/www.montessoriostrava.cz\/lyceum\/wp-content\/uploads\/sites\/6\/2026\/01\/Ucebni-plan-768x1090.png 768w, https:\/\/www.montessoriostrava.cz\/lyceum\/wp-content\/uploads\/sites\/6\/2026\/01\/Ucebni-plan-1082x1536.png 1082w, https:\/\/www.montessoriostrava.cz\/lyceum\/wp-content\/uploads\/sites\/6\/2026\/01\/Ucebni-plan.png 1409w\" sizes=\"auto, (max-width: 721px) 100vw, 721px\" \/><\/figure>\n<\/div>\n\n<div class=\"wp-block-image\">\n<figure class=\"aligncenter size-large\"><img loading=\"lazy\" decoding=\"async\" width=\"721\" height=\"1024\" src=\"https:\/\/www.montessoriostrava.cz\/lyceum\/wp-content\/uploads\/sites\/6\/2026\/01\/Plakat-prezentace-skoly-721x1024.png\" alt=\"U\u010debn\u00ed pl\u00e1n\" class=\"wp-image-602\" srcset=\"https:\/\/www.montessoriostrava.cz\/lyceum\/wp-content\/uploads\/sites\/6\/2026\/01\/Plakat-prezentace-skoly-721x1024.png 721w, https:\/\/www.montessoriostrava.cz\/lyceum\/wp-content\/uploads\/sites\/6\/2026\/01\/Plakat-prezentace-skoly-211x300.png 211w, https:\/\/www.montessoriostrava.cz\/lyceum\/wp-content\/uploads\/sites\/6\/2026\/01\/Plakat-prezentace-skoly-768x1090.png 768w, https:\/\/www.montessoriostrava.cz\/lyceum\/wp-content\/uploads\/sites\/6\/2026\/01\/Plakat-prezentace-skoly-1082x1536.png 1082w, https:\/\/www.montessoriostrava.cz\/lyceum\/wp-content\/uploads\/sites\/6\/2026\/01\/Plakat-prezentace-skoly.png 1409w\" sizes=\"auto, (max-width: 721px) 100vw, 721px\" \/><\/figure>\n<\/div>","protected":false},"excerpt":{"rendered":"","protected":false},"author":6,"featured_media":0,"parent":0,"menu_order":0,"comment_status":"closed","ping_status":"closed","template":"","meta":{"footnotes":""},"class_list":["post-600","page","type-page","status-publish","hentry"],"acf":[],"yoast_head":"<!-- This site is optimized with the Yoast SEO plugin v27.4 - https:\/\/yoast.com\/product\/yoast-seo-wordpress\/ -->\n<title>U\u010debn\u00ed pl\u00e1n | Lyceum Montessori Ostrava<\/title>\n<meta name=\"robots\" content=\"index, follow, max-snippet:-1, max-image-preview:large, max-video-preview:-1\" \/>\n<link rel=\"canonical\" href=\"https:\/\/www.montessoriostrava.cz\/lyceum\/ucebni-plan\/\" \/>\n<meta property=\"og:locale\" content=\"cs_CZ\" \/>\n<meta property=\"og:type\" content=\"article\" \/>\n<meta property=\"og:title\" content=\"U\u010debn\u00ed pl\u00e1n | Lyceum Montessori Ostrava\" \/>\n<meta property=\"og:url\" content=\"https:\/\/www.montessoriostrava.cz\/lyceum\/ucebni-plan\/\" \/>\n<meta property=\"og:site_name\" content=\"Lyceum Montessori Ostrava\" \/>\n<meta property=\"article:modified_time\" content=\"2026-01-20T13:14:10+00:00\" \/>\n<meta property=\"og:image\" content=\"https:\/\/www.montessoriostrava.cz\/lyceum\/wp-content\/uploads\/sites\/6\/2026\/01\/Ucebni-plan.png\" \/>\n\t<meta property=\"og:image:width\" content=\"1409\" \/>\n\t<meta property=\"og:image:height\" content=\"2000\" \/>\n\t<meta property=\"og:image:type\" content=\"image\/png\" \/>\n<meta name=\"twitter:card\" content=\"summary_large_image\" \/>\n<meta name=\"twitter:label1\" content=\"Odhadovan\u00e1 doba \u010dten\u00ed\" \/>\n\t<meta name=\"twitter:data1\" content=\"1 minuta\" \/>\n<script type=\"application\/ld+json\" class=\"yoast-schema-graph\">{\"@context\":\"https:\\\/\\\/schema.org\",\"@graph\":[{\"@type\":\"WebPage\",\"@id\":\"https:\\\/\\\/www.montessoriostrava.cz\\\/lyceum\\\/ucebni-plan\\\/\",\"url\":\"https:\\\/\\\/www.montessoriostrava.cz\\\/lyceum\\\/ucebni-plan\\\/\",\"name\":\"U\u010debn\u00ed pl\u00e1n | Lyceum Montessori Ostrava\",\"isPartOf\":{\"@id\":\"https:\\\/\\\/www.montessoriostrava.cz\\\/lyceum\\\/#website\"},\"primaryImageOfPage\":{\"@id\":\"https:\\\/\\\/www.montessoriostrava.cz\\\/lyceum\\\/ucebni-plan\\\/#primaryimage\"},\"image\":{\"@id\":\"https:\\\/\\\/www.montessoriostrava.cz\\\/lyceum\\\/ucebni-plan\\\/#primaryimage\"},\"thumbnailUrl\":\"https:\\\/\\\/www.montessoriostrava.cz\\\/lyceum\\\/wp-content\\\/uploads\\\/sites\\\/6\\\/2026\\\/01\\\/Ucebni-plan-721x1024.png\",\"datePublished\":\"2026-01-20T13:13:38+00:00\",\"dateModified\":\"2026-01-20T13:14:10+00:00\",\"breadcrumb\":{\"@id\":\"https:\\\/\\\/www.montessoriostrava.cz\\\/lyceum\\\/ucebni-plan\\\/#breadcrumb\"},\"inLanguage\":\"cs\",\"potentialAction\":[{\"@type\":\"ReadAction\",\"target\":[\"https:\\\/\\\/www.montessoriostrava.cz\\\/lyceum\\\/ucebni-plan\\\/\"]}]},{\"@type\":\"ImageObject\",\"inLanguage\":\"cs\",\"@id\":\"https:\\\/\\\/www.montessoriostrava.cz\\\/lyceum\\\/ucebni-plan\\\/#primaryimage\",\"url\":\"https:\\\/\\\/www.montessoriostrava.cz\\\/lyceum\\\/wp-content\\\/uploads\\\/sites\\\/6\\\/2026\\\/01\\\/Ucebni-plan.png\",\"contentUrl\":\"https:\\\/\\\/www.montessoriostrava.cz\\\/lyceum\\\/wp-content\\\/uploads\\\/sites\\\/6\\\/2026\\\/01\\\/Ucebni-plan.png\",\"width\":1409,\"height\":2000},{\"@type\":\"BreadcrumbList\",\"@id\":\"https:\\\/\\\/www.montessoriostrava.cz\\\/lyceum\\\/ucebni-plan\\\/#breadcrumb\",\"itemListElement\":[{\"@type\":\"ListItem\",\"position\":1,\"name\":\"Dom\u016f\",\"item\":\"https:\\\/\\\/www.montessoriostrava.cz\\\/lyceum\\\/\"},{\"@type\":\"ListItem\",\"position\":2,\"name\":\"U\u010debn\u00ed pl\u00e1n\"}]},{\"@type\":\"WebSite\",\"@id\":\"https:\\\/\\\/www.montessoriostrava.cz\\\/lyceum\\\/#website\",\"url\":\"https:\\\/\\\/www.montessoriostrava.cz\\\/lyceum\\\/\",\"name\":\"Lyceum Montessori Ostrava\",\"description\":\"\",\"publisher\":{\"@id\":\"https:\\\/\\\/www.montessoriostrava.cz\\\/lyceum\\\/#organization\"},\"potentialAction\":[{\"@type\":\"SearchAction\",\"target\":{\"@type\":\"EntryPoint\",\"urlTemplate\":\"https:\\\/\\\/www.montessoriostrava.cz\\\/lyceum\\\/?s={search_term_string}\"},\"query-input\":{\"@type\":\"PropertyValueSpecification\",\"valueRequired\":true,\"valueName\":\"search_term_string\"}}],\"inLanguage\":\"cs\"},{\"@type\":\"Organization\",\"@id\":\"https:\\\/\\\/www.montessoriostrava.cz\\\/lyceum\\\/#organization\",\"name\":\"Montessori Ostrava\",\"url\":\"https:\\\/\\\/www.montessoriostrava.cz\\\/lyceum\\\/\",\"logo\":{\"@type\":\"ImageObject\",\"inLanguage\":\"cs\",\"@id\":\"https:\\\/\\\/www.montessoriostrava.cz\\\/lyceum\\\/#\\\/schema\\\/logo\\\/image\\\/\",\"url\":\"https:\\\/\\\/www.montessoriostrava.cz\\\/lyceum\\\/wp-content\\\/uploads\\\/sites\\\/6\\\/2025\\\/01\\\/logo-montessori.png\",\"contentUrl\":\"https:\\\/\\\/www.montessoriostrava.cz\\\/lyceum\\\/wp-content\\\/uploads\\\/sites\\\/6\\\/2025\\\/01\\\/logo-montessori.png\",\"width\":1794,\"height\":527,\"caption\":\"Montessori Ostrava\"},\"image\":{\"@id\":\"https:\\\/\\\/www.montessoriostrava.cz\\\/lyceum\\\/#\\\/schema\\\/logo\\\/image\\\/\"}}]}<\/script>\n<!-- \/ Yoast SEO plugin. -->","yoast_head_json":{"title":"U\u010debn\u00ed pl\u00e1n | Lyceum Montessori Ostrava","robots":{"index":"index","follow":"follow","max-snippet":"max-snippet:-1","max-image-preview":"max-image-preview:large","max-video-preview":"max-video-preview:-1"},"canonical":"https:\/\/www.montessoriostrava.cz\/lyceum\/ucebni-plan\/","og_locale":"cs_CZ","og_type":"article","og_title":"U\u010debn\u00ed pl\u00e1n | Lyceum Montessori Ostrava","og_url":"https:\/\/www.montessoriostrava.cz\/lyceum\/ucebni-plan\/","og_site_name":"Lyceum Montessori Ostrava","article_modified_time":"2026-01-20T13:14:10+00:00","og_image":[{"width":1409,"height":2000,"url":"https:\/\/www.montessoriostrava.cz\/lyceum\/wp-content\/uploads\/sites\/6\/2026\/01\/Ucebni-plan.png","type":"image\/png"}],"twitter_card":"summary_large_image","twitter_misc":{"Odhadovan\u00e1 doba \u010dten\u00ed":"1 minuta"},"schema":{"@context":"https:\/\/schema.org","@graph":[{"@type":"WebPage","@id":"https:\/\/www.montessoriostrava.cz\/lyceum\/ucebni-plan\/","url":"https:\/\/www.montessoriostrava.cz\/lyceum\/ucebni-plan\/","name":"U\u010debn\u00ed pl\u00e1n | Lyceum Montessori Ostrava","isPartOf":{"@id":"https:\/\/www.montessoriostrava.cz\/lyceum\/#website"},"primaryImageOfPage":{"@id":"https:\/\/www.montessoriostrava.cz\/lyceum\/ucebni-plan\/#primaryimage"},"image":{"@id":"https:\/\/www.montessoriostrava.cz\/lyceum\/ucebni-plan\/#primaryimage"},"thumbnailUrl":"https:\/\/www.montessoriostrava.cz\/lyceum\/wp-content\/uploads\/sites\/6\/2026\/01\/Ucebni-plan-721x1024.png","datePublished":"2026-01-20T13:13:38+00:00","dateModified":"2026-01-20T13:14:10+00:00","breadcrumb":{"@id":"https:\/\/www.montessoriostrava.cz\/lyceum\/ucebni-plan\/#breadcrumb"},"inLanguage":"cs","potentialAction":[{"@type":"ReadAction","target":["https:\/\/www.montessoriostrava.cz\/lyceum\/ucebni-plan\/"]}]},{"@type":"ImageObject","inLanguage":"cs","@id":"https:\/\/www.montessoriostrava.cz\/lyceum\/ucebni-plan\/#primaryimage","url":"https:\/\/www.montessoriostrava.cz\/lyceum\/wp-content\/uploads\/sites\/6\/2026\/01\/Ucebni-plan.png","contentUrl":"https:\/\/www.montessoriostrava.cz\/lyceum\/wp-content\/uploads\/sites\/6\/2026\/01\/Ucebni-plan.png","width":1409,"height":2000},{"@type":"BreadcrumbList","@id":"https:\/\/www.montessoriostrava.cz\/lyceum\/ucebni-plan\/#breadcrumb","itemListElement":[{"@type":"ListItem","position":1,"name":"Dom\u016f","item":"https:\/\/www.montessoriostrava.cz\/lyceum\/"},{"@type":"ListItem","position":2,"name":"U\u010debn\u00ed pl\u00e1n"}]},{"@type":"WebSite","@id":"https:\/\/www.montessoriostrava.cz\/lyceum\/#website","url":"https:\/\/www.montessoriostrava.cz\/lyceum\/","name":"Lyceum Montessori Ostrava","description":"","publisher":{"@id":"https:\/\/www.montessoriostrava.cz\/lyceum\/#organization"},"potentialAction":[{"@type":"SearchAction","target":{"@type":"EntryPoint","urlTemplate":"https:\/\/www.montessoriostrava.cz\/lyceum\/?s={search_term_string}"},"query-input":{"@type":"PropertyValueSpecification","valueRequired":true,"valueName":"search_term_string"}}],"inLanguage":"cs"},{"@type":"Organization","@id":"https:\/\/www.montessoriostrava.cz\/lyceum\/#organization","name":"Montessori Ostrava","url":"https:\/\/www.montessoriostrava.cz\/lyceum\/","logo":{"@type":"ImageObject","inLanguage":"cs","@id":"https:\/\/www.montessoriostrava.cz\/lyceum\/#\/schema\/logo\/image\/","url":"https:\/\/www.montessoriostrava.cz\/lyceum\/wp-content\/uploads\/sites\/6\/2025\/01\/logo-montessori.png","contentUrl":"https:\/\/www.montessoriostrava.cz\/lyceum\/wp-content\/uploads\/sites\/6\/2025\/01\/logo-montessori.png","width":1794,"height":527,"caption":"Montessori Ostrava"},"image":{"@id":"https:\/\/www.montessoriostrava.cz\/lyceum\/#\/schema\/logo\/image\/"}}]}},"_links":{"self":[{"href":"https:\/\/www.montessoriostrava.cz\/lyceum\/wp-json\/wp\/v2\/pages\/600","targetHints":{"allow":["GET"]}}],"collection":[{"href":"https:\/\/www.montessoriostrava.cz\/lyceum\/wp-json\/wp\/v2\/pages"}],"about":[{"href":"https:\/\/www.montessoriostrava.cz\/lyceum\/wp-json\/wp\/v2\/types\/page"}],"author":[{"embeddable":true,"href":"https:\/\/www.montessoriostrava.cz\/lyceum\/wp-json\/wp\/v2\/users\/6"}],"replies":[{"embeddable":true,"href":"https:\/\/www.montessoriostrava.cz\/lyceum\/wp-json\/wp\/v2\/comments?post=600"}],"version-history":[{"count":1,"href":"https:\/\/www.montessoriostrava.cz\/lyceum\/wp-json\/wp\/v2\/pages\/600\/revisions"}],"predecessor-version":[{"id":603,"href":"https:\/\/www.montessoriostrava.cz\/lyceum\/wp-json\/wp\/v2\/pages\/600\/revisions\/603"}],"wp:attachment":[{"href":"https:\/\/www.montessoriostrava.cz\/lyceum\/wp-json\/wp\/v2\/media?parent=600"}],"curies":[{"name":"wp","href":"https:\/\/api.w.org\/{rel}","templated":true}]}}