{"id":125,"date":"2024-09-03T15:06:04","date_gmt":"2024-09-03T13:06:04","guid":{"rendered":"https:\/\/www.montessoriostrava.cz\/ms\/?page_id=125"},"modified":"2025-01-31T10:11:14","modified_gmt":"2025-01-31T09:11:14","slug":"vzdelavaci-principy","status":"publish","type":"page","link":"https:\/\/www.montessoriostrava.cz\/ms\/vzdelavaci-principy\/","title":{"rendered":"Vzd\u011bl\u00e1vac\u00ed principy"},"content":{"rendered":"","protected":false},"excerpt":{"rendered":"","protected":false},"author":1,"featured_media":0,"parent":0,"menu_order":0,"comment_status":"closed","ping_status":"closed","template":"template-education-principles.blade.php","meta":{"footnotes":""},"class_list":["post-125","page","type-page","status-publish","hentry"],"acf":[],"yoast_head":"<!-- This site is optimized with the Yoast SEO plugin v27.5 - https:\/\/yoast.com\/product\/yoast-seo-wordpress\/ -->\n<title>Vzd\u011bl\u00e1vac\u00ed principy | M\u0160 Montessori Ostrava<\/title>\n<meta name=\"description\" content=\"Montessori principy vzd\u011bl\u00e1v\u00e1n\u00ed v na\u0161\u00ed mate\u0159sk\u00e9 \u0161kole. Podporujeme samostatnost, odpov\u011bdnost a radost z u\u010den\u00ed od \u00fatl\u00e9ho v\u011bku.\" \/>\n<meta name=\"robots\" content=\"index, follow, max-snippet:-1, max-image-preview:large, max-video-preview:-1\" \/>\n<link rel=\"canonical\" href=\"https:\/\/www.montessoriostrava.cz\/ms\/vzdelavaci-principy\/\" \/>\n<meta property=\"og:locale\" content=\"cs_CZ\" \/>\n<meta property=\"og:type\" content=\"article\" \/>\n<meta property=\"og:title\" content=\"Vzd\u011bl\u00e1vac\u00ed principy | M\u0160 Montessori Ostrava\" \/>\n<meta property=\"og:description\" content=\"Montessori principy vzd\u011bl\u00e1v\u00e1n\u00ed v na\u0161\u00ed mate\u0159sk\u00e9 \u0161kole. Podporujeme samostatnost, odpov\u011bdnost a radost z u\u010den\u00ed od \u00fatl\u00e9ho v\u011bku.\" \/>\n<meta property=\"og:url\" content=\"https:\/\/www.montessoriostrava.cz\/ms\/vzdelavaci-principy\/\" \/>\n<meta property=\"og:site_name\" content=\"M\u0160 Montessori Ostrava\" \/>\n<meta property=\"article:modified_time\" content=\"2025-01-31T09:11:14+00:00\" \/>\n<meta property=\"og:image\" content=\"https:\/\/www.montessoriostrava.cz\/ms\/wp-content\/uploads\/sites\/4\/2024\/09\/5-1.png\" \/>\n\t<meta property=\"og:image:width\" content=\"493\" \/>\n\t<meta property=\"og:image:height\" content=\"521\" \/>\n\t<meta property=\"og:image:type\" content=\"image\/png\" \/>\n<meta name=\"twitter:card\" content=\"summary_large_image\" \/>\n<script type=\"application\/ld+json\" class=\"yoast-schema-graph\">{\"@context\":\"https:\\\/\\\/schema.org\",\"@graph\":[{\"@type\":\"WebPage\",\"@id\":\"https:\\\/\\\/www.montessoriostrava.cz\\\/ms\\\/vzdelavaci-principy\\\/\",\"url\":\"https:\\\/\\\/www.montessoriostrava.cz\\\/ms\\\/vzdelavaci-principy\\\/\",\"name\":\"Vzd\u011bl\u00e1vac\u00ed principy | M\u0160 Montessori Ostrava\",\"isPartOf\":{\"@id\":\"https:\\\/\\\/www.montessoriostrava.cz\\\/ms\\\/#website\"},\"datePublished\":\"2024-09-03T13:06:04+00:00\",\"dateModified\":\"2025-01-31T09:11:14+00:00\",\"description\":\"Montessori principy vzd\u011bl\u00e1v\u00e1n\u00ed v na\u0161\u00ed mate\u0159sk\u00e9 \u0161kole. Podporujeme samostatnost, odpov\u011bdnost a radost z u\u010den\u00ed od \u00fatl\u00e9ho v\u011bku.\",\"breadcrumb\":{\"@id\":\"https:\\\/\\\/www.montessoriostrava.cz\\\/ms\\\/vzdelavaci-principy\\\/#breadcrumb\"},\"inLanguage\":\"cs\",\"potentialAction\":[{\"@type\":\"ReadAction\",\"target\":[\"https:\\\/\\\/www.montessoriostrava.cz\\\/ms\\\/vzdelavaci-principy\\\/\"]}]},{\"@type\":\"BreadcrumbList\",\"@id\":\"https:\\\/\\\/www.montessoriostrava.cz\\\/ms\\\/vzdelavaci-principy\\\/#breadcrumb\",\"itemListElement\":[{\"@type\":\"ListItem\",\"position\":1,\"name\":\"Dom\u016f\",\"item\":\"https:\\\/\\\/www.montessoriostrava.cz\\\/ms\\\/\"},{\"@type\":\"ListItem\",\"position\":2,\"name\":\"Vzd\u011bl\u00e1vac\u00ed principy\"}]},{\"@type\":\"WebSite\",\"@id\":\"https:\\\/\\\/www.montessoriostrava.cz\\\/ms\\\/#website\",\"url\":\"https:\\\/\\\/www.montessoriostrava.cz\\\/ms\\\/\",\"name\":\"M\u0160 Montessori Ostrava\",\"description\":\"\",\"publisher\":{\"@id\":\"https:\\\/\\\/www.montessoriostrava.cz\\\/ms\\\/#organization\"},\"potentialAction\":[{\"@type\":\"SearchAction\",\"target\":{\"@type\":\"EntryPoint\",\"urlTemplate\":\"https:\\\/\\\/www.montessoriostrava.cz\\\/ms\\\/?s={search_term_string}\"},\"query-input\":{\"@type\":\"PropertyValueSpecification\",\"valueRequired\":true,\"valueName\":\"search_term_string\"}}],\"inLanguage\":\"cs\"},{\"@type\":\"Organization\",\"@id\":\"https:\\\/\\\/www.montessoriostrava.cz\\\/ms\\\/#organization\",\"name\":\"Montessori Ostrava\",\"url\":\"https:\\\/\\\/www.montessoriostrava.cz\\\/ms\\\/\",\"logo\":{\"@type\":\"ImageObject\",\"inLanguage\":\"cs\",\"@id\":\"https:\\\/\\\/www.montessoriostrava.cz\\\/ms\\\/#\\\/schema\\\/logo\\\/image\\\/\",\"url\":\"https:\\\/\\\/www.montessoriostrava.cz\\\/ms\\\/wp-content\\\/uploads\\\/sites\\\/4\\\/2025\\\/01\\\/logo-montessori.png\",\"contentUrl\":\"https:\\\/\\\/www.montessoriostrava.cz\\\/ms\\\/wp-content\\\/uploads\\\/sites\\\/4\\\/2025\\\/01\\\/logo-montessori.png\",\"width\":1794,\"height\":527,\"caption\":\"Montessori Ostrava\"},\"image\":{\"@id\":\"https:\\\/\\\/www.montessoriostrava.cz\\\/ms\\\/#\\\/schema\\\/logo\\\/image\\\/\"}}]}<\/script>\n<!-- \/ Yoast SEO plugin. -->","yoast_head_json":{"title":"Vzd\u011bl\u00e1vac\u00ed principy | M\u0160 Montessori Ostrava","description":"Montessori principy vzd\u011bl\u00e1v\u00e1n\u00ed v na\u0161\u00ed mate\u0159sk\u00e9 \u0161kole. Podporujeme samostatnost, odpov\u011bdnost a radost z u\u010den\u00ed od \u00fatl\u00e9ho v\u011bku.","robots":{"index":"index","follow":"follow","max-snippet":"max-snippet:-1","max-image-preview":"max-image-preview:large","max-video-preview":"max-video-preview:-1"},"canonical":"https:\/\/www.montessoriostrava.cz\/ms\/vzdelavaci-principy\/","og_locale":"cs_CZ","og_type":"article","og_title":"Vzd\u011bl\u00e1vac\u00ed principy | M\u0160 Montessori Ostrava","og_description":"Montessori principy vzd\u011bl\u00e1v\u00e1n\u00ed v na\u0161\u00ed mate\u0159sk\u00e9 \u0161kole. Podporujeme samostatnost, odpov\u011bdnost a radost z u\u010den\u00ed od \u00fatl\u00e9ho v\u011bku.","og_url":"https:\/\/www.montessoriostrava.cz\/ms\/vzdelavaci-principy\/","og_site_name":"M\u0160 Montessori Ostrava","article_modified_time":"2025-01-31T09:11:14+00:00","og_image":[{"width":493,"height":521,"url":"https:\/\/www.montessoriostrava.cz\/ms\/wp-content\/uploads\/sites\/4\/2024\/09\/5-1.png","type":"image\/png"}],"twitter_card":"summary_large_image","schema":{"@context":"https:\/\/schema.org","@graph":[{"@type":"WebPage","@id":"https:\/\/www.montessoriostrava.cz\/ms\/vzdelavaci-principy\/","url":"https:\/\/www.montessoriostrava.cz\/ms\/vzdelavaci-principy\/","name":"Vzd\u011bl\u00e1vac\u00ed principy | M\u0160 Montessori Ostrava","isPartOf":{"@id":"https:\/\/www.montessoriostrava.cz\/ms\/#website"},"datePublished":"2024-09-03T13:06:04+00:00","dateModified":"2025-01-31T09:11:14+00:00","description":"Montessori principy vzd\u011bl\u00e1v\u00e1n\u00ed v na\u0161\u00ed mate\u0159sk\u00e9 \u0161kole. Podporujeme samostatnost, odpov\u011bdnost a radost z u\u010den\u00ed od \u00fatl\u00e9ho v\u011bku.","breadcrumb":{"@id":"https:\/\/www.montessoriostrava.cz\/ms\/vzdelavaci-principy\/#breadcrumb"},"inLanguage":"cs","potentialAction":[{"@type":"ReadAction","target":["https:\/\/www.montessoriostrava.cz\/ms\/vzdelavaci-principy\/"]}]},{"@type":"BreadcrumbList","@id":"https:\/\/www.montessoriostrava.cz\/ms\/vzdelavaci-principy\/#breadcrumb","itemListElement":[{"@type":"ListItem","position":1,"name":"Dom\u016f","item":"https:\/\/www.montessoriostrava.cz\/ms\/"},{"@type":"ListItem","position":2,"name":"Vzd\u011bl\u00e1vac\u00ed principy"}]},{"@type":"WebSite","@id":"https:\/\/www.montessoriostrava.cz\/ms\/#website","url":"https:\/\/www.montessoriostrava.cz\/ms\/","name":"M\u0160 Montessori Ostrava","description":"","publisher":{"@id":"https:\/\/www.montessoriostrava.cz\/ms\/#organization"},"potentialAction":[{"@type":"SearchAction","target":{"@type":"EntryPoint","urlTemplate":"https:\/\/www.montessoriostrava.cz\/ms\/?s={search_term_string}"},"query-input":{"@type":"PropertyValueSpecification","valueRequired":true,"valueName":"search_term_string"}}],"inLanguage":"cs"},{"@type":"Organization","@id":"https:\/\/www.montessoriostrava.cz\/ms\/#organization","name":"Montessori Ostrava","url":"https:\/\/www.montessoriostrava.cz\/ms\/","logo":{"@type":"ImageObject","inLanguage":"cs","@id":"https:\/\/www.montessoriostrava.cz\/ms\/#\/schema\/logo\/image\/","url":"https:\/\/www.montessoriostrava.cz\/ms\/wp-content\/uploads\/sites\/4\/2025\/01\/logo-montessori.png","contentUrl":"https:\/\/www.montessoriostrava.cz\/ms\/wp-content\/uploads\/sites\/4\/2025\/01\/logo-montessori.png","width":1794,"height":527,"caption":"Montessori Ostrava"},"image":{"@id":"https:\/\/www.montessoriostrava.cz\/ms\/#\/schema\/logo\/image\/"}}]}},"_links":{"self":[{"href":"https:\/\/www.montessoriostrava.cz\/ms\/wp-json\/wp\/v2\/pages\/125","targetHints":{"allow":["GET"]}}],"collection":[{"href":"https:\/\/www.montessoriostrava.cz\/ms\/wp-json\/wp\/v2\/pages"}],"about":[{"href":"https:\/\/www.montessoriostrava.cz\/ms\/wp-json\/wp\/v2\/types\/page"}],"author":[{"embeddable":true,"href":"https:\/\/www.montessoriostrava.cz\/ms\/wp-json\/wp\/v2\/users\/1"}],"replies":[{"embeddable":true,"href":"https:\/\/www.montessoriostrava.cz\/ms\/wp-json\/wp\/v2\/comments?post=125"}],"version-history":[{"count":1,"href":"https:\/\/www.montessoriostrava.cz\/ms\/wp-json\/wp\/v2\/pages\/125\/revisions"}],"predecessor-version":[{"id":126,"href":"https:\/\/www.montessoriostrava.cz\/ms\/wp-json\/wp\/v2\/pages\/125\/revisions\/126"}],"wp:attachment":[{"href":"https:\/\/www.montessoriostrava.cz\/ms\/wp-json\/wp\/v2\/media?parent=125"}],"curies":[{"name":"wp","href":"https:\/\/api.w.org\/{rel}","templated":true}]}}