{"id":186,"date":"2024-09-09T12:20:20","date_gmt":"2024-09-09T10:20:20","guid":{"rendered":"https:\/\/www.montessoriostrava.cz\/ms\/?page_id=186"},"modified":"2025-01-31T10:07:11","modified_gmt":"2025-01-31T09:07:11","slug":"prostory-skolky-matrosovova","status":"publish","type":"page","link":"https:\/\/www.montessoriostrava.cz\/ms\/o-nas\/prostory-skolky-matrosovova\/","title":{"rendered":"Prostory \u0161kolky Matrosovova"},"content":{"rendered":"\n<h2 class=\"wp-block-heading\">Prostory na\u0161\u00ed mate\u0159sk\u00e9 \u0161koly<\/h2>\n\n\n\n<ul class=\"wp-block-list\">\n<li>Dv\u011b t\u0159\u00eddy (80 m2 a 70 m2)<\/li>\n\n\n\n<li>Dv\u011b spac\u00ed m\u00edstnosti (60 m2)<\/li>\n\n\n\n<li>Dv\u011b um\u00fdv\u00e1rny (4x umyvad\u00e9lka, 2x d\u011btsk\u00e9 toalety, 2x piso\u00e1r, sprchy)<\/li>\n\n\n\n<li>J\u00eddelna s v\u00fddejnou<\/li>\n\n\n\n<li>Dv\u011b \u0161atni\u010dky se sk\u0159\u00ed\u0148kami a botn\u00edky<\/li>\n\n\n\n<li>T\u011blocvi\u010dna<\/li>\n\n\n\n<li>Zahrada o rozloze 180 m2<\/li>\n<\/ul>\n\n\n\n<figure class=\"wp-block-gallery has-nested-images columns-default is-cropped wp-block-gallery-1 is-layout-flex wp-block-gallery-is-layout-flex\">\n<figure class=\"wp-block-image size-large\"><img loading=\"lazy\" decoding=\"async\" width=\"1024\" height=\"683\" data-id=\"187\" src=\"https:\/\/www.montessoriostrava.cz\/ms\/wp-content\/uploads\/sites\/4\/2024\/09\/DSCF6571-1-scaled-1-1024x683.jpg\" alt=\"Prostory \u0161kolky Matrosovova\" class=\"wp-image-187\" srcset=\"https:\/\/www.montessoriostrava.cz\/ms\/wp-content\/uploads\/sites\/4\/2024\/09\/DSCF6571-1-scaled-1-1024x683.jpg 1024w, https:\/\/www.montessoriostrava.cz\/ms\/wp-content\/uploads\/sites\/4\/2024\/09\/DSCF6571-1-scaled-1-300x200.jpg 300w, https:\/\/www.montessoriostrava.cz\/ms\/wp-content\/uploads\/sites\/4\/2024\/09\/DSCF6571-1-scaled-1-768x512.jpg 768w, https:\/\/www.montessoriostrava.cz\/ms\/wp-content\/uploads\/sites\/4\/2024\/09\/DSCF6571-1-scaled-1-1536x1024.jpg 1536w, https:\/\/www.montessoriostrava.cz\/ms\/wp-content\/uploads\/sites\/4\/2024\/09\/DSCF6571-1-scaled-1-2048x1366.jpg 2048w\" sizes=\"auto, (max-width: 1024px) 100vw, 1024px\" \/><\/figure>\n\n\n\n<figure class=\"wp-block-image size-large\"><img loading=\"lazy\" decoding=\"async\" width=\"1024\" height=\"683\" data-id=\"192\" src=\"https:\/\/www.montessoriostrava.cz\/ms\/wp-content\/uploads\/sites\/4\/2024\/09\/DSCF6587-1-scaled-1-1024x683.jpg\" alt=\"Prostory \u0161kolky Matrosovova\" class=\"wp-image-192\" srcset=\"https:\/\/www.montessoriostrava.cz\/ms\/wp-content\/uploads\/sites\/4\/2024\/09\/DSCF6587-1-scaled-1-1024x683.jpg 1024w, https:\/\/www.montessoriostrava.cz\/ms\/wp-content\/uploads\/sites\/4\/2024\/09\/DSCF6587-1-scaled-1-300x200.jpg 300w, https:\/\/www.montessoriostrava.cz\/ms\/wp-content\/uploads\/sites\/4\/2024\/09\/DSCF6587-1-scaled-1-768x512.jpg 768w, https:\/\/www.montessoriostrava.cz\/ms\/wp-content\/uploads\/sites\/4\/2024\/09\/DSCF6587-1-scaled-1-1536x1024.jpg 1536w, https:\/\/www.montessoriostrava.cz\/ms\/wp-content\/uploads\/sites\/4\/2024\/09\/DSCF6587-1-scaled-1-2048x1366.jpg 2048w\" sizes=\"auto, (max-width: 1024px) 100vw, 1024px\" \/><\/figure>\n\n\n\n<figure class=\"wp-block-image size-large\"><img loading=\"lazy\" decoding=\"async\" width=\"1024\" height=\"683\" data-id=\"190\" src=\"https:\/\/www.montessoriostrava.cz\/ms\/wp-content\/uploads\/sites\/4\/2024\/09\/DSCF6758-1-scaled-1-1024x683.jpg\" alt=\"Prostory \u0161kolky Matrosovova\" class=\"wp-image-190\" srcset=\"https:\/\/www.montessoriostrava.cz\/ms\/wp-content\/uploads\/sites\/4\/2024\/09\/DSCF6758-1-scaled-1-1024x683.jpg 1024w, https:\/\/www.montessoriostrava.cz\/ms\/wp-content\/uploads\/sites\/4\/2024\/09\/DSCF6758-1-scaled-1-300x200.jpg 300w, https:\/\/www.montessoriostrava.cz\/ms\/wp-content\/uploads\/sites\/4\/2024\/09\/DSCF6758-1-scaled-1-768x512.jpg 768w, https:\/\/www.montessoriostrava.cz\/ms\/wp-content\/uploads\/sites\/4\/2024\/09\/DSCF6758-1-scaled-1-1536x1024.jpg 1536w, https:\/\/www.montessoriostrava.cz\/ms\/wp-content\/uploads\/sites\/4\/2024\/09\/DSCF6758-1-scaled-1-2048x1366.jpg 2048w\" sizes=\"auto, (max-width: 1024px) 100vw, 1024px\" \/><\/figure>\n\n\n\n<figure class=\"wp-block-image size-large\"><img loading=\"lazy\" decoding=\"async\" width=\"1024\" height=\"683\" data-id=\"189\" src=\"https:\/\/www.montessoriostrava.cz\/ms\/wp-content\/uploads\/sites\/4\/2024\/09\/DSCF6763-1-scaled-1-1024x683.jpg\" alt=\"Prostory \u0161kolky Matrosovova\" class=\"wp-image-189\" srcset=\"https:\/\/www.montessoriostrava.cz\/ms\/wp-content\/uploads\/sites\/4\/2024\/09\/DSCF6763-1-scaled-1-1024x683.jpg 1024w, https:\/\/www.montessoriostrava.cz\/ms\/wp-content\/uploads\/sites\/4\/2024\/09\/DSCF6763-1-scaled-1-300x200.jpg 300w, https:\/\/www.montessoriostrava.cz\/ms\/wp-content\/uploads\/sites\/4\/2024\/09\/DSCF6763-1-scaled-1-768x512.jpg 768w, https:\/\/www.montessoriostrava.cz\/ms\/wp-content\/uploads\/sites\/4\/2024\/09\/DSCF6763-1-scaled-1-1536x1024.jpg 1536w, https:\/\/www.montessoriostrava.cz\/ms\/wp-content\/uploads\/sites\/4\/2024\/09\/DSCF6763-1-scaled-1-2048x1366.jpg 2048w\" sizes=\"auto, (max-width: 1024px) 100vw, 1024px\" \/><\/figure>\n\n\n\n<figure class=\"wp-block-image size-large\"><img loading=\"lazy\" decoding=\"async\" width=\"1024\" height=\"683\" data-id=\"188\" src=\"https:\/\/www.montessoriostrava.cz\/ms\/wp-content\/uploads\/sites\/4\/2024\/09\/DSCF6769-1-scaled-1-1024x683.jpg\" alt=\"Prostory \u0161kolky Matrosovova\" class=\"wp-image-188\" srcset=\"https:\/\/www.montessoriostrava.cz\/ms\/wp-content\/uploads\/sites\/4\/2024\/09\/DSCF6769-1-scaled-1-1024x683.jpg 1024w, https:\/\/www.montessoriostrava.cz\/ms\/wp-content\/uploads\/sites\/4\/2024\/09\/DSCF6769-1-scaled-1-300x200.jpg 300w, https:\/\/www.montessoriostrava.cz\/ms\/wp-content\/uploads\/sites\/4\/2024\/09\/DSCF6769-1-scaled-1-768x512.jpg 768w, https:\/\/www.montessoriostrava.cz\/ms\/wp-content\/uploads\/sites\/4\/2024\/09\/DSCF6769-1-scaled-1-1536x1024.jpg 1536w, https:\/\/www.montessoriostrava.cz\/ms\/wp-content\/uploads\/sites\/4\/2024\/09\/DSCF6769-1-scaled-1-2048x1366.jpg 2048w\" sizes=\"auto, (max-width: 1024px) 100vw, 1024px\" \/><\/figure>\n\n\n\n<figure class=\"wp-block-image size-large\"><img loading=\"lazy\" decoding=\"async\" width=\"1024\" height=\"683\" data-id=\"191\" src=\"https:\/\/www.montessoriostrava.cz\/ms\/wp-content\/uploads\/sites\/4\/2024\/09\/prostory-nasi-skolky-1-scaled-1-1024x683.jpg\" alt=\"Prostory \u0161kolky Matrosovova\" class=\"wp-image-191\" srcset=\"https:\/\/www.montessoriostrava.cz\/ms\/wp-content\/uploads\/sites\/4\/2024\/09\/prostory-nasi-skolky-1-scaled-1-1024x683.jpg 1024w, https:\/\/www.montessoriostrava.cz\/ms\/wp-content\/uploads\/sites\/4\/2024\/09\/prostory-nasi-skolky-1-scaled-1-300x200.jpg 300w, https:\/\/www.montessoriostrava.cz\/ms\/wp-content\/uploads\/sites\/4\/2024\/09\/prostory-nasi-skolky-1-scaled-1-768x512.jpg 768w, https:\/\/www.montessoriostrava.cz\/ms\/wp-content\/uploads\/sites\/4\/2024\/09\/prostory-nasi-skolky-1-scaled-1-1536x1024.jpg 1536w, https:\/\/www.montessoriostrava.cz\/ms\/wp-content\/uploads\/sites\/4\/2024\/09\/prostory-nasi-skolky-1-scaled-1-2048x1366.jpg 2048w\" sizes=\"auto, (max-width: 1024px) 100vw, 1024px\" \/><\/figure>\n<\/figure>\n\n\n\n<h2 class=\"wp-block-heading\">Zahrada na\u0161\u00ed mate\u0159sk\u00e9 \u0161koly<\/h2>\n\n\n\n<p>Zahrada mate\u0159sk\u00e9 \u0161koly m\u00e1 d\u016fle\u017eitou roli ve vzd\u011bl\u00e1vac\u00edm procesu d\u011bt\u00ed, proto\u017ee poskytuje mo\u017enost pro fyzickou aktivitu d\u011bt\u00ed a tak\u00e9 pro pozorov\u00e1n\u00ed p\u0159\u00edrody.<\/p>\n\n\n\n<p>Zahrada je vytvo\u0159ena v jednotn\u00e9m principu, v\u0161echny prvky jsou ze stejn\u00e9ho materi\u00e1lu (d\u0159eva) a v p\u0159\u00edjemn\u00e9m barevn\u00e9m lad\u011bn\u00ed. D\u011bti se zde mohou v\u011bnovat p\u00e9\u010di o rostliny a drobn\u00e9 \u017eivo\u010dichy, maj\u00ed zde smyslov\u00e9 podn\u011bty k pozn\u00e1n\u00ed r\u016fzn\u00fdch druh\u016f p\u0159\u00edrodnin, prostor k pohybu a k n\u00e1m\u011btov\u00e9 h\u0159e.<\/p>\n\n\n\n<p>Zahradu tvo\u0159\u00ed jak v\u00fdukov\u00e9 prvky, tak sportovn\u011b pohybov\u00e9 (s po\u017eadovanou certifikac\u00ed) a hern\u00ed. Naleznete u n\u00e1s z\u00e1hony, ubikaci pro hmyz, d\u011btsk\u00fd dome\u010dek, sestavu se skluzavkou, p\u00edskovi\u0161t\u011b, vl\u00e1\u010dek, lanovou sestavu s horolezeckou st\u011bnou, balan\u010dn\u00ed prvky, houpadla s motivem kon\u00ed aj. viz fotodokumentace.<\/p>\n\n\n\n<figure class=\"wp-block-gallery has-nested-images columns-default is-cropped wp-block-gallery-2 is-layout-flex wp-block-gallery-is-layout-flex\">\n<figure class=\"wp-block-image size-large\"><a href=\"https:\/\/www.montessoriostrava.cz\/ms\/wp-content\/uploads\/sites\/4\/2024\/09\/lanova-stezka-1.jpg\"><img loading=\"lazy\" decoding=\"async\" width=\"1024\" height=\"577\" data-id=\"195\" src=\"https:\/\/www.montessoriostrava.cz\/ms\/wp-content\/uploads\/sites\/4\/2024\/09\/lanova-stezka-1-1024x577.jpg\" alt=\"Prostory \u0161kolky Matrosovova\" class=\"wp-image-195\" srcset=\"https:\/\/www.montessoriostrava.cz\/ms\/wp-content\/uploads\/sites\/4\/2024\/09\/lanova-stezka-1-1024x577.jpg 1024w, https:\/\/www.montessoriostrava.cz\/ms\/wp-content\/uploads\/sites\/4\/2024\/09\/lanova-stezka-1-300x169.jpg 300w, https:\/\/www.montessoriostrava.cz\/ms\/wp-content\/uploads\/sites\/4\/2024\/09\/lanova-stezka-1-768x433.jpg 768w, https:\/\/www.montessoriostrava.cz\/ms\/wp-content\/uploads\/sites\/4\/2024\/09\/lanova-stezka-1-1536x866.jpg 1536w, https:\/\/www.montessoriostrava.cz\/ms\/wp-content\/uploads\/sites\/4\/2024\/09\/lanova-stezka-1.jpg 2000w\" sizes=\"auto, (max-width: 1024px) 100vw, 1024px\" \/><\/a><\/figure>\n\n\n\n<figure class=\"wp-block-image size-large\"><a href=\"https:\/\/www.montessoriostrava.cz\/ms\/wp-content\/uploads\/sites\/4\/2024\/09\/pohled-na-piskoviste-a-dreveneho-horolezce-1-1024x577-1.jpg\"><img loading=\"lazy\" decoding=\"async\" width=\"1024\" height=\"577\" data-id=\"196\" src=\"https:\/\/www.montessoriostrava.cz\/ms\/wp-content\/uploads\/sites\/4\/2024\/09\/pohled-na-piskoviste-a-dreveneho-horolezce-1-1024x577-1.jpg\" alt=\"Prostory \u0161kolky Matrosovova\" class=\"wp-image-196\" srcset=\"https:\/\/www.montessoriostrava.cz\/ms\/wp-content\/uploads\/sites\/4\/2024\/09\/pohled-na-piskoviste-a-dreveneho-horolezce-1-1024x577-1.jpg 1024w, https:\/\/www.montessoriostrava.cz\/ms\/wp-content\/uploads\/sites\/4\/2024\/09\/pohled-na-piskoviste-a-dreveneho-horolezce-1-1024x577-1-300x169.jpg 300w, https:\/\/www.montessoriostrava.cz\/ms\/wp-content\/uploads\/sites\/4\/2024\/09\/pohled-na-piskoviste-a-dreveneho-horolezce-1-1024x577-1-768x433.jpg 768w\" sizes=\"auto, (max-width: 1024px) 100vw, 1024px\" \/><\/a><\/figure>\n\n\n\n<figure class=\"wp-block-image size-large\"><a href=\"https:\/\/www.montessoriostrava.cz\/ms\/wp-content\/uploads\/sites\/4\/2024\/09\/sestava-dreveny-horolezec-1.jpg\"><img loading=\"lazy\" decoding=\"async\" width=\"577\" height=\"1024\" data-id=\"197\" src=\"https:\/\/www.montessoriostrava.cz\/ms\/wp-content\/uploads\/sites\/4\/2024\/09\/sestava-dreveny-horolezec-1-577x1024.jpg\" alt=\"Prostory \u0161kolky Matrosovova\" class=\"wp-image-197\" srcset=\"https:\/\/www.montessoriostrava.cz\/ms\/wp-content\/uploads\/sites\/4\/2024\/09\/sestava-dreveny-horolezec-1-577x1024.jpg 577w, https:\/\/www.montessoriostrava.cz\/ms\/wp-content\/uploads\/sites\/4\/2024\/09\/sestava-dreveny-horolezec-1-169x300.jpg 169w, https:\/\/www.montessoriostrava.cz\/ms\/wp-content\/uploads\/sites\/4\/2024\/09\/sestava-dreveny-horolezec-1-768x1363.jpg 768w, https:\/\/www.montessoriostrava.cz\/ms\/wp-content\/uploads\/sites\/4\/2024\/09\/sestava-dreveny-horolezec-1-866x1536.jpg 866w, https:\/\/www.montessoriostrava.cz\/ms\/wp-content\/uploads\/sites\/4\/2024\/09\/sestava-dreveny-horolezec-1.jpg 1127w\" sizes=\"auto, (max-width: 577px) 100vw, 577px\" \/><\/a><\/figure>\n<\/figure>\n\n\n\n<h2 class=\"wp-block-heading\">Na\u0161e t\u0159\u00eddy<\/h2>\n\n\n\n<ul class=\"wp-block-list\">\n<li>V\u011bkov\u011b sm\u00ed\u0161en\u00e9 t\u0159\u00eddy (3-6 let),<\/li>\n\n\n\n<li>t\u0159\u00eddy jsou estetick\u00e9 a kr\u00e1sn\u00e9,<\/li>\n\n\n\n<li>zdi jsou vymalov\u00e1ny do jemn\u00fdch a sv\u011btl\u00fdch barev,<\/li>\n\n\n\n<li>na zdech se nach\u00e1z\u00ed re\u00e1ln\u00e9 obr\u00e1zky um\u011blc\u016f, kter\u00e9 jsou um\u00edst\u011bny do v\u00fd\u0161ky d\u011btsk\u00fdch o\u010d\u00ed,<\/li>\n\n\n\n<li>\u017eidle a stoly jsou v d\u011btsk\u00e9 velikosti a umo\u017e\u0148uj\u00ed snadnou manipulaci,<\/li>\n\n\n\n<li>ka\u017ed\u00e1 t\u0159\u00edda m\u00e1 vlastn\u00ed soci\u00e1ln\u00ed z\u00e1zem\u00ed a \u0161atnu se sk\u0159\u00ed\u0148kami,<\/li>\n\n\n\n<li>ve t\u0159\u00edd\u00e1ch se nach\u00e1z\u00ed prostor pro snadn\u00fd a pohodln\u00fd pohyb, nap\u0159. ch\u016fze po elipse,<\/li>\n\n\n\n<li>t\u0159\u00eddy jsou rozd\u011bleny do jednotliv\u00fdch pracovn\u00edch oblast\u00ed,<\/li>\n\n\n\n<li>ka\u017ed\u00e1 oblast se zam\u011b\u0159uje na jin\u00fd druh dovednost\u00ed a u\u010den\u00ed, nap\u0159. praktick\u00fd \u017eivot, smyslov\u00e1 v\u00fdchova, matematika, kultura, jazyk,<\/li>\n\n\n\n<li>v d\u0159ev\u011bn\u00fdch polic\u00edch se nach\u00e1z\u00ed Montessori pom\u016fcky.<\/li>\n<\/ul>\n","protected":false},"excerpt":{"rendered":"<p>Prostory na\u0161\u00ed mate\u0159sk\u00e9 \u0161koly Zahrada na\u0161\u00ed mate\u0159sk\u00e9 \u0161koly Zahrada mate\u0159sk\u00e9 \u0161koly m\u00e1 d\u016fle\u017eitou roli ve vzd\u011bl\u00e1vac\u00edm procesu d\u011bt\u00ed, proto\u017ee poskytuje mo\u017enost pro fyzickou aktivitu d\u011bt\u00ed a tak\u00e9 pro pozorov\u00e1n\u00ed p\u0159\u00edrody. Zahrada je vytvo\u0159ena v jednotn\u00e9m principu, v\u0161echny prvky jsou ze stejn\u00e9ho materi\u00e1lu (d\u0159eva) a v p\u0159\u00edjemn\u00e9m barevn\u00e9m lad\u011bn\u00ed. D\u011bti se zde mohou v\u011bnovat p\u00e9\u010di o [&hellip;]<\/p>\n","protected":false},"author":1,"featured_media":0,"parent":9,"menu_order":0,"comment_status":"closed","ping_status":"closed","template":"","meta":{"footnotes":""},"class_list":["post-186","page","type-page","status-publish","hentry"],"acf":[],"yoast_head":"<!-- This site is optimized with the Yoast SEO plugin v27.5 - https:\/\/yoast.com\/product\/yoast-seo-wordpress\/ -->\n<title>Prostory \u0161kolky Matrosovova | M\u0160 Montessori Ostrava<\/title>\n<meta name=\"description\" content=\"Seznamte se s inspirativn\u00edm prost\u0159ed\u00edm \u0161kolky Matrosovova. Podn\u011btn\u00e9 prostory Montessori \u0161kolky podporuj\u00ed radost z u\u010den\u00ed a objevov\u00e1n\u00ed.\" \/>\n<meta name=\"robots\" content=\"index, follow, max-snippet:-1, max-image-preview:large, max-video-preview:-1\" \/>\n<link rel=\"canonical\" href=\"https:\/\/www.montessoriostrava.cz\/ms\/o-nas\/prostory-skolky-matrosovova\/\" \/>\n<meta property=\"og:locale\" content=\"cs_CZ\" \/>\n<meta property=\"og:type\" content=\"article\" \/>\n<meta property=\"og:title\" content=\"Prostory \u0161kolky Matrosovova | M\u0160 Montessori Ostrava\" \/>\n<meta property=\"og:description\" content=\"Seznamte se s inspirativn\u00edm prost\u0159ed\u00edm \u0161kolky Matrosovova. Podn\u011btn\u00e9 prostory Montessori \u0161kolky podporuj\u00ed radost z u\u010den\u00ed a objevov\u00e1n\u00ed.\" \/>\n<meta property=\"og:url\" content=\"https:\/\/www.montessoriostrava.cz\/ms\/o-nas\/prostory-skolky-matrosovova\/\" \/>\n<meta property=\"og:site_name\" content=\"M\u0160 Montessori Ostrava\" \/>\n<meta property=\"article:modified_time\" content=\"2025-01-31T09:07:11+00:00\" \/>\n<meta property=\"og:image\" content=\"https:\/\/www.montessoriostrava.cz\/ms\/wp-content\/uploads\/sites\/4\/2024\/09\/DSCF6571-1-scaled-1.jpg\" \/>\n\t<meta property=\"og:image:width\" content=\"2560\" \/>\n\t<meta property=\"og:image:height\" content=\"1707\" \/>\n\t<meta property=\"og:image:type\" content=\"image\/jpeg\" \/>\n<meta name=\"twitter:card\" content=\"summary_large_image\" \/>\n<meta name=\"twitter:label1\" content=\"Odhadovan\u00e1 doba \u010dten\u00ed\" \/>\n\t<meta name=\"twitter:data1\" content=\"4 minuty\" \/>\n<script type=\"application\/ld+json\" class=\"yoast-schema-graph\">{\"@context\":\"https:\\\/\\\/schema.org\",\"@graph\":[{\"@type\":\"WebPage\",\"@id\":\"https:\\\/\\\/www.montessoriostrava.cz\\\/ms\\\/o-nas\\\/prostory-skolky-matrosovova\\\/\",\"url\":\"https:\\\/\\\/www.montessoriostrava.cz\\\/ms\\\/o-nas\\\/prostory-skolky-matrosovova\\\/\",\"name\":\"Prostory \u0161kolky Matrosovova | M\u0160 Montessori Ostrava\",\"isPartOf\":{\"@id\":\"https:\\\/\\\/www.montessoriostrava.cz\\\/ms\\\/#website\"},\"primaryImageOfPage\":{\"@id\":\"https:\\\/\\\/www.montessoriostrava.cz\\\/ms\\\/o-nas\\\/prostory-skolky-matrosovova\\\/#primaryimage\"},\"image\":{\"@id\":\"https:\\\/\\\/www.montessoriostrava.cz\\\/ms\\\/o-nas\\\/prostory-skolky-matrosovova\\\/#primaryimage\"},\"thumbnailUrl\":\"https:\\\/\\\/www.montessoriostrava.cz\\\/ms\\\/wp-content\\\/uploads\\\/sites\\\/4\\\/2024\\\/09\\\/DSCF6571-1-scaled-1-1024x683.jpg\",\"datePublished\":\"2024-09-09T10:20:20+00:00\",\"dateModified\":\"2025-01-31T09:07:11+00:00\",\"description\":\"Seznamte se s inspirativn\u00edm prost\u0159ed\u00edm \u0161kolky Matrosovova. Podn\u011btn\u00e9 prostory Montessori \u0161kolky podporuj\u00ed radost z u\u010den\u00ed a objevov\u00e1n\u00ed.\",\"breadcrumb\":{\"@id\":\"https:\\\/\\\/www.montessoriostrava.cz\\\/ms\\\/o-nas\\\/prostory-skolky-matrosovova\\\/#breadcrumb\"},\"inLanguage\":\"cs\",\"potentialAction\":[{\"@type\":\"ReadAction\",\"target\":[\"https:\\\/\\\/www.montessoriostrava.cz\\\/ms\\\/o-nas\\\/prostory-skolky-matrosovova\\\/\"]}]},{\"@type\":\"ImageObject\",\"inLanguage\":\"cs\",\"@id\":\"https:\\\/\\\/www.montessoriostrava.cz\\\/ms\\\/o-nas\\\/prostory-skolky-matrosovova\\\/#primaryimage\",\"url\":\"https:\\\/\\\/www.montessoriostrava.cz\\\/ms\\\/wp-content\\\/uploads\\\/sites\\\/4\\\/2024\\\/09\\\/DSCF6571-1-scaled-1.jpg\",\"contentUrl\":\"https:\\\/\\\/www.montessoriostrava.cz\\\/ms\\\/wp-content\\\/uploads\\\/sites\\\/4\\\/2024\\\/09\\\/DSCF6571-1-scaled-1.jpg\",\"width\":2560,\"height\":1707},{\"@type\":\"BreadcrumbList\",\"@id\":\"https:\\\/\\\/www.montessoriostrava.cz\\\/ms\\\/o-nas\\\/prostory-skolky-matrosovova\\\/#breadcrumb\",\"itemListElement\":[{\"@type\":\"ListItem\",\"position\":1,\"name\":\"Dom\u016f\",\"item\":\"https:\\\/\\\/www.montessoriostrava.cz\\\/ms\\\/\"},{\"@type\":\"ListItem\",\"position\":2,\"name\":\"O n\u00e1s\",\"item\":\"https:\\\/\\\/www.montessoriostrava.cz\\\/ms\\\/o-nas\\\/\"},{\"@type\":\"ListItem\",\"position\":3,\"name\":\"Prostory \u0161kolky Matrosovova\"}]},{\"@type\":\"WebSite\",\"@id\":\"https:\\\/\\\/www.montessoriostrava.cz\\\/ms\\\/#website\",\"url\":\"https:\\\/\\\/www.montessoriostrava.cz\\\/ms\\\/\",\"name\":\"M\u0160 Montessori Ostrava\",\"description\":\"\",\"publisher\":{\"@id\":\"https:\\\/\\\/www.montessoriostrava.cz\\\/ms\\\/#organization\"},\"potentialAction\":[{\"@type\":\"SearchAction\",\"target\":{\"@type\":\"EntryPoint\",\"urlTemplate\":\"https:\\\/\\\/www.montessoriostrava.cz\\\/ms\\\/?s={search_term_string}\"},\"query-input\":{\"@type\":\"PropertyValueSpecification\",\"valueRequired\":true,\"valueName\":\"search_term_string\"}}],\"inLanguage\":\"cs\"},{\"@type\":\"Organization\",\"@id\":\"https:\\\/\\\/www.montessoriostrava.cz\\\/ms\\\/#organization\",\"name\":\"Montessori Ostrava\",\"url\":\"https:\\\/\\\/www.montessoriostrava.cz\\\/ms\\\/\",\"logo\":{\"@type\":\"ImageObject\",\"inLanguage\":\"cs\",\"@id\":\"https:\\\/\\\/www.montessoriostrava.cz\\\/ms\\\/#\\\/schema\\\/logo\\\/image\\\/\",\"url\":\"https:\\\/\\\/www.montessoriostrava.cz\\\/ms\\\/wp-content\\\/uploads\\\/sites\\\/4\\\/2025\\\/01\\\/logo-montessori.png\",\"contentUrl\":\"https:\\\/\\\/www.montessoriostrava.cz\\\/ms\\\/wp-content\\\/uploads\\\/sites\\\/4\\\/2025\\\/01\\\/logo-montessori.png\",\"width\":1794,\"height\":527,\"caption\":\"Montessori Ostrava\"},\"image\":{\"@id\":\"https:\\\/\\\/www.montessoriostrava.cz\\\/ms\\\/#\\\/schema\\\/logo\\\/image\\\/\"}}]}<\/script>\n<!-- \/ Yoast SEO plugin. -->","yoast_head_json":{"title":"Prostory \u0161kolky Matrosovova | M\u0160 Montessori Ostrava","description":"Seznamte se s inspirativn\u00edm prost\u0159ed\u00edm \u0161kolky Matrosovova. Podn\u011btn\u00e9 prostory Montessori \u0161kolky podporuj\u00ed radost z u\u010den\u00ed a objevov\u00e1n\u00ed.","robots":{"index":"index","follow":"follow","max-snippet":"max-snippet:-1","max-image-preview":"max-image-preview:large","max-video-preview":"max-video-preview:-1"},"canonical":"https:\/\/www.montessoriostrava.cz\/ms\/o-nas\/prostory-skolky-matrosovova\/","og_locale":"cs_CZ","og_type":"article","og_title":"Prostory \u0161kolky Matrosovova | M\u0160 Montessori Ostrava","og_description":"Seznamte se s inspirativn\u00edm prost\u0159ed\u00edm \u0161kolky Matrosovova. Podn\u011btn\u00e9 prostory Montessori \u0161kolky podporuj\u00ed radost z u\u010den\u00ed a objevov\u00e1n\u00ed.","og_url":"https:\/\/www.montessoriostrava.cz\/ms\/o-nas\/prostory-skolky-matrosovova\/","og_site_name":"M\u0160 Montessori Ostrava","article_modified_time":"2025-01-31T09:07:11+00:00","og_image":[{"width":2560,"height":1707,"url":"https:\/\/www.montessoriostrava.cz\/ms\/wp-content\/uploads\/sites\/4\/2024\/09\/DSCF6571-1-scaled-1.jpg","type":"image\/jpeg"}],"twitter_card":"summary_large_image","twitter_misc":{"Odhadovan\u00e1 doba \u010dten\u00ed":"4 minuty"},"schema":{"@context":"https:\/\/schema.org","@graph":[{"@type":"WebPage","@id":"https:\/\/www.montessoriostrava.cz\/ms\/o-nas\/prostory-skolky-matrosovova\/","url":"https:\/\/www.montessoriostrava.cz\/ms\/o-nas\/prostory-skolky-matrosovova\/","name":"Prostory \u0161kolky Matrosovova | M\u0160 Montessori Ostrava","isPartOf":{"@id":"https:\/\/www.montessoriostrava.cz\/ms\/#website"},"primaryImageOfPage":{"@id":"https:\/\/www.montessoriostrava.cz\/ms\/o-nas\/prostory-skolky-matrosovova\/#primaryimage"},"image":{"@id":"https:\/\/www.montessoriostrava.cz\/ms\/o-nas\/prostory-skolky-matrosovova\/#primaryimage"},"thumbnailUrl":"https:\/\/www.montessoriostrava.cz\/ms\/wp-content\/uploads\/sites\/4\/2024\/09\/DSCF6571-1-scaled-1-1024x683.jpg","datePublished":"2024-09-09T10:20:20+00:00","dateModified":"2025-01-31T09:07:11+00:00","description":"Seznamte se s inspirativn\u00edm prost\u0159ed\u00edm \u0161kolky Matrosovova. Podn\u011btn\u00e9 prostory Montessori \u0161kolky podporuj\u00ed radost z u\u010den\u00ed a objevov\u00e1n\u00ed.","breadcrumb":{"@id":"https:\/\/www.montessoriostrava.cz\/ms\/o-nas\/prostory-skolky-matrosovova\/#breadcrumb"},"inLanguage":"cs","potentialAction":[{"@type":"ReadAction","target":["https:\/\/www.montessoriostrava.cz\/ms\/o-nas\/prostory-skolky-matrosovova\/"]}]},{"@type":"ImageObject","inLanguage":"cs","@id":"https:\/\/www.montessoriostrava.cz\/ms\/o-nas\/prostory-skolky-matrosovova\/#primaryimage","url":"https:\/\/www.montessoriostrava.cz\/ms\/wp-content\/uploads\/sites\/4\/2024\/09\/DSCF6571-1-scaled-1.jpg","contentUrl":"https:\/\/www.montessoriostrava.cz\/ms\/wp-content\/uploads\/sites\/4\/2024\/09\/DSCF6571-1-scaled-1.jpg","width":2560,"height":1707},{"@type":"BreadcrumbList","@id":"https:\/\/www.montessoriostrava.cz\/ms\/o-nas\/prostory-skolky-matrosovova\/#breadcrumb","itemListElement":[{"@type":"ListItem","position":1,"name":"Dom\u016f","item":"https:\/\/www.montessoriostrava.cz\/ms\/"},{"@type":"ListItem","position":2,"name":"O n\u00e1s","item":"https:\/\/www.montessoriostrava.cz\/ms\/o-nas\/"},{"@type":"ListItem","position":3,"name":"Prostory \u0161kolky Matrosovova"}]},{"@type":"WebSite","@id":"https:\/\/www.montessoriostrava.cz\/ms\/#website","url":"https:\/\/www.montessoriostrava.cz\/ms\/","name":"M\u0160 Montessori Ostrava","description":"","publisher":{"@id":"https:\/\/www.montessoriostrava.cz\/ms\/#organization"},"potentialAction":[{"@type":"SearchAction","target":{"@type":"EntryPoint","urlTemplate":"https:\/\/www.montessoriostrava.cz\/ms\/?s={search_term_string}"},"query-input":{"@type":"PropertyValueSpecification","valueRequired":true,"valueName":"search_term_string"}}],"inLanguage":"cs"},{"@type":"Organization","@id":"https:\/\/www.montessoriostrava.cz\/ms\/#organization","name":"Montessori Ostrava","url":"https:\/\/www.montessoriostrava.cz\/ms\/","logo":{"@type":"ImageObject","inLanguage":"cs","@id":"https:\/\/www.montessoriostrava.cz\/ms\/#\/schema\/logo\/image\/","url":"https:\/\/www.montessoriostrava.cz\/ms\/wp-content\/uploads\/sites\/4\/2025\/01\/logo-montessori.png","contentUrl":"https:\/\/www.montessoriostrava.cz\/ms\/wp-content\/uploads\/sites\/4\/2025\/01\/logo-montessori.png","width":1794,"height":527,"caption":"Montessori Ostrava"},"image":{"@id":"https:\/\/www.montessoriostrava.cz\/ms\/#\/schema\/logo\/image\/"}}]}},"_links":{"self":[{"href":"https:\/\/www.montessoriostrava.cz\/ms\/wp-json\/wp\/v2\/pages\/186","targetHints":{"allow":["GET"]}}],"collection":[{"href":"https:\/\/www.montessoriostrava.cz\/ms\/wp-json\/wp\/v2\/pages"}],"about":[{"href":"https:\/\/www.montessoriostrava.cz\/ms\/wp-json\/wp\/v2\/types\/page"}],"author":[{"embeddable":true,"href":"https:\/\/www.montessoriostrava.cz\/ms\/wp-json\/wp\/v2\/users\/1"}],"replies":[{"embeddable":true,"href":"https:\/\/www.montessoriostrava.cz\/ms\/wp-json\/wp\/v2\/comments?post=186"}],"version-history":[{"count":6,"href":"https:\/\/www.montessoriostrava.cz\/ms\/wp-json\/wp\/v2\/pages\/186\/revisions"}],"predecessor-version":[{"id":202,"href":"https:\/\/www.montessoriostrava.cz\/ms\/wp-json\/wp\/v2\/pages\/186\/revisions\/202"}],"up":[{"embeddable":true,"href":"https:\/\/www.montessoriostrava.cz\/ms\/wp-json\/wp\/v2\/pages\/9"}],"wp:attachment":[{"href":"https:\/\/www.montessoriostrava.cz\/ms\/wp-json\/wp\/v2\/media?parent=186"}],"curies":[{"name":"wp","href":"https:\/\/api.w.org\/{rel}","templated":true}]}}