{"id":278,"date":"2024-09-09T13:03:29","date_gmt":"2024-09-09T11:03:29","guid":{"rendered":"https:\/\/www.montessoriostrava.cz\/ms\/?page_id=278"},"modified":"2025-01-31T10:00:22","modified_gmt":"2025-01-31T09:00:22","slug":"kultura-a-svet-kolem-nas","status":"publish","type":"page","link":"https:\/\/www.montessoriostrava.cz\/ms\/o-nas\/montessori-vzdelavani\/kultura-a-svet-kolem-nas\/","title":{"rendered":"Kultura a sv\u011bt kolem n\u00e1s"},"content":{"rendered":"\n<div class=\"wp-block-columns is-layout-flex wp-container-core-columns-is-layout-9d6595d7 wp-block-columns-is-layout-flex\">\n<div class=\"wp-block-column is-layout-flow wp-block-column-is-layout-flow\" style=\"flex-basis:66.66%\">\n<p>C\u00edlem je rozv\u00edjet z\u00e1jem d\u011bt\u00ed o sv\u011bt a r\u016fzn\u00e9 kulturn\u00ed aspekty. V oblasti kultury se zde nach\u00e1zej\u00ed pom\u016fcky jako jsou mapy kontinent\u016f, pokusy, um\u011bleck\u00fd koutek, mal\u00e1 knihovna a \u010dtec\u00ed koutek. <\/p>\n\n\n\n<p>D\u011bti maj\u00ed p\u0159ipraven\u00e9 na t\u00e1cc\u00edch jednotliv\u00e9 v\u00fdtvarn\u00e9 a tvo\u0159\u00edc\u00ed techniky. Maj\u00ed tedy mo\u017enost nau\u010dit se st\u0159\u00edhat, lepit, malovat \u0161t\u011btcem, navl\u00e9kat kor\u00e1lky.<\/p>\n<\/div>\n\n\n\n<div class=\"wp-block-column is-layout-flow wp-block-column-is-layout-flow\" style=\"flex-basis:33.33%\">\n<figure data-wp-context=\"{&quot;imageId&quot;:&quot;69f4ef9b70487&quot;}\" data-wp-interactive=\"core\/image\" data-wp-key=\"69f4ef9b70487\" class=\"wp-block-image size-full wp-lightbox-container\"><img loading=\"lazy\" decoding=\"async\" width=\"1024\" height=\"683\" data-wp-class--hide=\"state.isContentHidden\" data-wp-class--show=\"state.isContentVisible\" data-wp-init=\"callbacks.setButtonStyles\" data-wp-on--click=\"actions.showLightbox\" data-wp-on--load=\"callbacks.setButtonStyles\" data-wp-on-window--resize=\"callbacks.setButtonStyles\" src=\"https:\/\/www.montessoriostrava.cz\/ms\/wp-content\/uploads\/sites\/4\/2024\/09\/kultura-1024x683-1.jpg\" alt=\"Kultura a sv\u011bt kolem n\u00e1s\" class=\"wp-image-279\" srcset=\"https:\/\/www.montessoriostrava.cz\/ms\/wp-content\/uploads\/sites\/4\/2024\/09\/kultura-1024x683-1.jpg 1024w, https:\/\/www.montessoriostrava.cz\/ms\/wp-content\/uploads\/sites\/4\/2024\/09\/kultura-1024x683-1-300x200.jpg 300w, https:\/\/www.montessoriostrava.cz\/ms\/wp-content\/uploads\/sites\/4\/2024\/09\/kultura-1024x683-1-768x512.jpg 768w\" sizes=\"auto, (max-width: 1024px) 100vw, 1024px\" \/><button\n\t\t\tclass=\"lightbox-trigger\"\n\t\t\ttype=\"button\"\n\t\t\taria-haspopup=\"dialog\"\n\t\t\taria-label=\"Zv\u011bt\u0161it\"\n\t\t\tdata-wp-init=\"callbacks.initTriggerButton\"\n\t\t\tdata-wp-on--click=\"actions.showLightbox\"\n\t\t\tdata-wp-style--right=\"state.imageButtonRight\"\n\t\t\tdata-wp-style--top=\"state.imageButtonTop\"\n\t\t>\n\t\t\t<svg xmlns=\"http:\/\/www.w3.org\/2000\/svg\" width=\"12\" height=\"12\" fill=\"none\" viewBox=\"0 0 12 12\">\n\t\t\t\t<path fill=\"#fff\" d=\"M2 0a2 2 0 0 0-2 2v2h1.5V2a.5.5 0 0 1 .5-.5h2V0H2Zm2 10.5H2a.5.5 0 0 1-.5-.5V8H0v2a2 2 0 0 0 2 2h2v-1.5ZM8 12v-1.5h2a.5.5 0 0 0 .5-.5V8H12v2a2 2 0 0 1-2 2H8Zm2-12a2 2 0 0 1 2 2v2h-1.5V2a.5.5 0 0 0-.5-.5H8V0h2Z\" \/>\n\t\t\t<\/svg>\n\t\t<\/button><\/figure>\n<\/div>\n<\/div>\n\n\n\n<p><\/p>\n","protected":false},"excerpt":{"rendered":"<p>C\u00edlem je rozv\u00edjet z\u00e1jem d\u011bt\u00ed o sv\u011bt a r\u016fzn\u00e9 kulturn\u00ed aspekty. V oblasti kultury se zde nach\u00e1zej\u00ed pom\u016fcky jako jsou mapy kontinent\u016f, pokusy, um\u011bleck\u00fd koutek, mal\u00e1 knihovna a \u010dtec\u00ed koutek. D\u011bti maj\u00ed p\u0159ipraven\u00e9 na t\u00e1cc\u00edch jednotliv\u00e9 v\u00fdtvarn\u00e9 a tvo\u0159\u00edc\u00ed techniky. Maj\u00ed tedy mo\u017enost nau\u010dit se st\u0159\u00edhat, lepit, malovat \u0161t\u011btcem, navl\u00e9kat kor\u00e1lky.<\/p>\n","protected":false},"author":1,"featured_media":0,"parent":235,"menu_order":0,"comment_status":"closed","ping_status":"closed","template":"","meta":{"footnotes":""},"class_list":["post-278","page","type-page","status-publish","hentry"],"acf":[],"yoast_head":"<!-- This site is optimized with the Yoast SEO plugin v27.5 - https:\/\/yoast.com\/product\/yoast-seo-wordpress\/ -->\n<title>Kultura a sv\u011bt kolem n\u00e1s | M\u0160 Montessori Ostrava<\/title>\n<meta name=\"description\" content=\"D\u011bti pozn\u00e1vaj\u00ed r\u016fzn\u00e9 kultury a sv\u011btov\u00e9 zaj\u00edmavosti pomoc\u00ed Montessori metod. M\u00e1me otev\u0159en\u00fd a hrav\u00fd p\u0159\u00edstup k u\u010den\u00ed.\" \/>\n<meta name=\"robots\" content=\"index, follow, max-snippet:-1, max-image-preview:large, max-video-preview:-1\" \/>\n<link rel=\"canonical\" href=\"https:\/\/www.montessoriostrava.cz\/ms\/o-nas\/montessori-vzdelavani\/kultura-a-svet-kolem-nas\/\" \/>\n<meta property=\"og:locale\" content=\"cs_CZ\" \/>\n<meta property=\"og:type\" content=\"article\" \/>\n<meta property=\"og:title\" content=\"Kultura a sv\u011bt kolem n\u00e1s | M\u0160 Montessori Ostrava\" \/>\n<meta property=\"og:description\" content=\"D\u011bti pozn\u00e1vaj\u00ed r\u016fzn\u00e9 kultury a sv\u011btov\u00e9 zaj\u00edmavosti pomoc\u00ed Montessori metod. M\u00e1me otev\u0159en\u00fd a hrav\u00fd p\u0159\u00edstup k u\u010den\u00ed.\" \/>\n<meta property=\"og:url\" content=\"https:\/\/www.montessoriostrava.cz\/ms\/o-nas\/montessori-vzdelavani\/kultura-a-svet-kolem-nas\/\" \/>\n<meta property=\"og:site_name\" content=\"M\u0160 Montessori Ostrava\" \/>\n<meta property=\"article:modified_time\" content=\"2025-01-31T09:00:22+00:00\" \/>\n<meta property=\"og:image\" content=\"https:\/\/www.montessoriostrava.cz\/ms\/wp-content\/uploads\/sites\/4\/2024\/09\/kultura-1024x683-1.jpg\" \/>\n\t<meta property=\"og:image:width\" content=\"1024\" \/>\n\t<meta property=\"og:image:height\" content=\"683\" \/>\n\t<meta property=\"og:image:type\" content=\"image\/jpeg\" \/>\n<meta name=\"twitter:card\" content=\"summary_large_image\" \/>\n<meta name=\"twitter:label1\" content=\"Odhadovan\u00e1 doba \u010dten\u00ed\" \/>\n\t<meta name=\"twitter:data1\" content=\"1 minuta\" \/>\n<script type=\"application\/ld+json\" class=\"yoast-schema-graph\">{\"@context\":\"https:\\\/\\\/schema.org\",\"@graph\":[{\"@type\":\"WebPage\",\"@id\":\"https:\\\/\\\/www.montessoriostrava.cz\\\/ms\\\/o-nas\\\/montessori-vzdelavani\\\/kultura-a-svet-kolem-nas\\\/\",\"url\":\"https:\\\/\\\/www.montessoriostrava.cz\\\/ms\\\/o-nas\\\/montessori-vzdelavani\\\/kultura-a-svet-kolem-nas\\\/\",\"name\":\"Kultura a sv\u011bt kolem n\u00e1s | M\u0160 Montessori Ostrava\",\"isPartOf\":{\"@id\":\"https:\\\/\\\/www.montessoriostrava.cz\\\/ms\\\/#website\"},\"primaryImageOfPage\":{\"@id\":\"https:\\\/\\\/www.montessoriostrava.cz\\\/ms\\\/o-nas\\\/montessori-vzdelavani\\\/kultura-a-svet-kolem-nas\\\/#primaryimage\"},\"image\":{\"@id\":\"https:\\\/\\\/www.montessoriostrava.cz\\\/ms\\\/o-nas\\\/montessori-vzdelavani\\\/kultura-a-svet-kolem-nas\\\/#primaryimage\"},\"thumbnailUrl\":\"https:\\\/\\\/www.montessoriostrava.cz\\\/ms\\\/wp-content\\\/uploads\\\/sites\\\/4\\\/2024\\\/09\\\/kultura-1024x683-1.jpg\",\"datePublished\":\"2024-09-09T11:03:29+00:00\",\"dateModified\":\"2025-01-31T09:00:22+00:00\",\"description\":\"D\u011bti pozn\u00e1vaj\u00ed r\u016fzn\u00e9 kultury a sv\u011btov\u00e9 zaj\u00edmavosti pomoc\u00ed Montessori metod. M\u00e1me otev\u0159en\u00fd a hrav\u00fd p\u0159\u00edstup k u\u010den\u00ed.\",\"breadcrumb\":{\"@id\":\"https:\\\/\\\/www.montessoriostrava.cz\\\/ms\\\/o-nas\\\/montessori-vzdelavani\\\/kultura-a-svet-kolem-nas\\\/#breadcrumb\"},\"inLanguage\":\"cs\",\"potentialAction\":[{\"@type\":\"ReadAction\",\"target\":[\"https:\\\/\\\/www.montessoriostrava.cz\\\/ms\\\/o-nas\\\/montessori-vzdelavani\\\/kultura-a-svet-kolem-nas\\\/\"]}]},{\"@type\":\"ImageObject\",\"inLanguage\":\"cs\",\"@id\":\"https:\\\/\\\/www.montessoriostrava.cz\\\/ms\\\/o-nas\\\/montessori-vzdelavani\\\/kultura-a-svet-kolem-nas\\\/#primaryimage\",\"url\":\"https:\\\/\\\/www.montessoriostrava.cz\\\/ms\\\/wp-content\\\/uploads\\\/sites\\\/4\\\/2024\\\/09\\\/kultura-1024x683-1.jpg\",\"contentUrl\":\"https:\\\/\\\/www.montessoriostrava.cz\\\/ms\\\/wp-content\\\/uploads\\\/sites\\\/4\\\/2024\\\/09\\\/kultura-1024x683-1.jpg\",\"width\":1024,\"height\":683},{\"@type\":\"BreadcrumbList\",\"@id\":\"https:\\\/\\\/www.montessoriostrava.cz\\\/ms\\\/o-nas\\\/montessori-vzdelavani\\\/kultura-a-svet-kolem-nas\\\/#breadcrumb\",\"itemListElement\":[{\"@type\":\"ListItem\",\"position\":1,\"name\":\"Dom\u016f\",\"item\":\"https:\\\/\\\/www.montessoriostrava.cz\\\/ms\\\/\"},{\"@type\":\"ListItem\",\"position\":2,\"name\":\"O n\u00e1s\",\"item\":\"https:\\\/\\\/www.montessoriostrava.cz\\\/ms\\\/o-nas\\\/\"},{\"@type\":\"ListItem\",\"position\":3,\"name\":\"Montessori vzd\u011bl\u00e1v\u00e1n\u00ed\",\"item\":\"https:\\\/\\\/www.montessoriostrava.cz\\\/ms\\\/o-nas\\\/montessori-vzdelavani\\\/\"},{\"@type\":\"ListItem\",\"position\":4,\"name\":\"Kultura a sv\u011bt kolem n\u00e1s\"}]},{\"@type\":\"WebSite\",\"@id\":\"https:\\\/\\\/www.montessoriostrava.cz\\\/ms\\\/#website\",\"url\":\"https:\\\/\\\/www.montessoriostrava.cz\\\/ms\\\/\",\"name\":\"M\u0160 Montessori Ostrava\",\"description\":\"\",\"publisher\":{\"@id\":\"https:\\\/\\\/www.montessoriostrava.cz\\\/ms\\\/#organization\"},\"potentialAction\":[{\"@type\":\"SearchAction\",\"target\":{\"@type\":\"EntryPoint\",\"urlTemplate\":\"https:\\\/\\\/www.montessoriostrava.cz\\\/ms\\\/?s={search_term_string}\"},\"query-input\":{\"@type\":\"PropertyValueSpecification\",\"valueRequired\":true,\"valueName\":\"search_term_string\"}}],\"inLanguage\":\"cs\"},{\"@type\":\"Organization\",\"@id\":\"https:\\\/\\\/www.montessoriostrava.cz\\\/ms\\\/#organization\",\"name\":\"Montessori Ostrava\",\"url\":\"https:\\\/\\\/www.montessoriostrava.cz\\\/ms\\\/\",\"logo\":{\"@type\":\"ImageObject\",\"inLanguage\":\"cs\",\"@id\":\"https:\\\/\\\/www.montessoriostrava.cz\\\/ms\\\/#\\\/schema\\\/logo\\\/image\\\/\",\"url\":\"https:\\\/\\\/www.montessoriostrava.cz\\\/ms\\\/wp-content\\\/uploads\\\/sites\\\/4\\\/2025\\\/01\\\/logo-montessori.png\",\"contentUrl\":\"https:\\\/\\\/www.montessoriostrava.cz\\\/ms\\\/wp-content\\\/uploads\\\/sites\\\/4\\\/2025\\\/01\\\/logo-montessori.png\",\"width\":1794,\"height\":527,\"caption\":\"Montessori Ostrava\"},\"image\":{\"@id\":\"https:\\\/\\\/www.montessoriostrava.cz\\\/ms\\\/#\\\/schema\\\/logo\\\/image\\\/\"}}]}<\/script>\n<!-- \/ Yoast SEO plugin. -->","yoast_head_json":{"title":"Kultura a sv\u011bt kolem n\u00e1s | M\u0160 Montessori Ostrava","description":"D\u011bti pozn\u00e1vaj\u00ed r\u016fzn\u00e9 kultury a sv\u011btov\u00e9 zaj\u00edmavosti pomoc\u00ed Montessori metod. M\u00e1me otev\u0159en\u00fd a hrav\u00fd p\u0159\u00edstup k u\u010den\u00ed.","robots":{"index":"index","follow":"follow","max-snippet":"max-snippet:-1","max-image-preview":"max-image-preview:large","max-video-preview":"max-video-preview:-1"},"canonical":"https:\/\/www.montessoriostrava.cz\/ms\/o-nas\/montessori-vzdelavani\/kultura-a-svet-kolem-nas\/","og_locale":"cs_CZ","og_type":"article","og_title":"Kultura a sv\u011bt kolem n\u00e1s | M\u0160 Montessori Ostrava","og_description":"D\u011bti pozn\u00e1vaj\u00ed r\u016fzn\u00e9 kultury a sv\u011btov\u00e9 zaj\u00edmavosti pomoc\u00ed Montessori metod. M\u00e1me otev\u0159en\u00fd a hrav\u00fd p\u0159\u00edstup k u\u010den\u00ed.","og_url":"https:\/\/www.montessoriostrava.cz\/ms\/o-nas\/montessori-vzdelavani\/kultura-a-svet-kolem-nas\/","og_site_name":"M\u0160 Montessori Ostrava","article_modified_time":"2025-01-31T09:00:22+00:00","og_image":[{"width":1024,"height":683,"url":"https:\/\/www.montessoriostrava.cz\/ms\/wp-content\/uploads\/sites\/4\/2024\/09\/kultura-1024x683-1.jpg","type":"image\/jpeg"}],"twitter_card":"summary_large_image","twitter_misc":{"Odhadovan\u00e1 doba \u010dten\u00ed":"1 minuta"},"schema":{"@context":"https:\/\/schema.org","@graph":[{"@type":"WebPage","@id":"https:\/\/www.montessoriostrava.cz\/ms\/o-nas\/montessori-vzdelavani\/kultura-a-svet-kolem-nas\/","url":"https:\/\/www.montessoriostrava.cz\/ms\/o-nas\/montessori-vzdelavani\/kultura-a-svet-kolem-nas\/","name":"Kultura a sv\u011bt kolem n\u00e1s | M\u0160 Montessori Ostrava","isPartOf":{"@id":"https:\/\/www.montessoriostrava.cz\/ms\/#website"},"primaryImageOfPage":{"@id":"https:\/\/www.montessoriostrava.cz\/ms\/o-nas\/montessori-vzdelavani\/kultura-a-svet-kolem-nas\/#primaryimage"},"image":{"@id":"https:\/\/www.montessoriostrava.cz\/ms\/o-nas\/montessori-vzdelavani\/kultura-a-svet-kolem-nas\/#primaryimage"},"thumbnailUrl":"https:\/\/www.montessoriostrava.cz\/ms\/wp-content\/uploads\/sites\/4\/2024\/09\/kultura-1024x683-1.jpg","datePublished":"2024-09-09T11:03:29+00:00","dateModified":"2025-01-31T09:00:22+00:00","description":"D\u011bti pozn\u00e1vaj\u00ed r\u016fzn\u00e9 kultury a sv\u011btov\u00e9 zaj\u00edmavosti pomoc\u00ed Montessori metod. M\u00e1me otev\u0159en\u00fd a hrav\u00fd p\u0159\u00edstup k u\u010den\u00ed.","breadcrumb":{"@id":"https:\/\/www.montessoriostrava.cz\/ms\/o-nas\/montessori-vzdelavani\/kultura-a-svet-kolem-nas\/#breadcrumb"},"inLanguage":"cs","potentialAction":[{"@type":"ReadAction","target":["https:\/\/www.montessoriostrava.cz\/ms\/o-nas\/montessori-vzdelavani\/kultura-a-svet-kolem-nas\/"]}]},{"@type":"ImageObject","inLanguage":"cs","@id":"https:\/\/www.montessoriostrava.cz\/ms\/o-nas\/montessori-vzdelavani\/kultura-a-svet-kolem-nas\/#primaryimage","url":"https:\/\/www.montessoriostrava.cz\/ms\/wp-content\/uploads\/sites\/4\/2024\/09\/kultura-1024x683-1.jpg","contentUrl":"https:\/\/www.montessoriostrava.cz\/ms\/wp-content\/uploads\/sites\/4\/2024\/09\/kultura-1024x683-1.jpg","width":1024,"height":683},{"@type":"BreadcrumbList","@id":"https:\/\/www.montessoriostrava.cz\/ms\/o-nas\/montessori-vzdelavani\/kultura-a-svet-kolem-nas\/#breadcrumb","itemListElement":[{"@type":"ListItem","position":1,"name":"Dom\u016f","item":"https:\/\/www.montessoriostrava.cz\/ms\/"},{"@type":"ListItem","position":2,"name":"O n\u00e1s","item":"https:\/\/www.montessoriostrava.cz\/ms\/o-nas\/"},{"@type":"ListItem","position":3,"name":"Montessori vzd\u011bl\u00e1v\u00e1n\u00ed","item":"https:\/\/www.montessoriostrava.cz\/ms\/o-nas\/montessori-vzdelavani\/"},{"@type":"ListItem","position":4,"name":"Kultura a sv\u011bt kolem n\u00e1s"}]},{"@type":"WebSite","@id":"https:\/\/www.montessoriostrava.cz\/ms\/#website","url":"https:\/\/www.montessoriostrava.cz\/ms\/","name":"M\u0160 Montessori Ostrava","description":"","publisher":{"@id":"https:\/\/www.montessoriostrava.cz\/ms\/#organization"},"potentialAction":[{"@type":"SearchAction","target":{"@type":"EntryPoint","urlTemplate":"https:\/\/www.montessoriostrava.cz\/ms\/?s={search_term_string}"},"query-input":{"@type":"PropertyValueSpecification","valueRequired":true,"valueName":"search_term_string"}}],"inLanguage":"cs"},{"@type":"Organization","@id":"https:\/\/www.montessoriostrava.cz\/ms\/#organization","name":"Montessori Ostrava","url":"https:\/\/www.montessoriostrava.cz\/ms\/","logo":{"@type":"ImageObject","inLanguage":"cs","@id":"https:\/\/www.montessoriostrava.cz\/ms\/#\/schema\/logo\/image\/","url":"https:\/\/www.montessoriostrava.cz\/ms\/wp-content\/uploads\/sites\/4\/2025\/01\/logo-montessori.png","contentUrl":"https:\/\/www.montessoriostrava.cz\/ms\/wp-content\/uploads\/sites\/4\/2025\/01\/logo-montessori.png","width":1794,"height":527,"caption":"Montessori Ostrava"},"image":{"@id":"https:\/\/www.montessoriostrava.cz\/ms\/#\/schema\/logo\/image\/"}}]}},"_links":{"self":[{"href":"https:\/\/www.montessoriostrava.cz\/ms\/wp-json\/wp\/v2\/pages\/278","targetHints":{"allow":["GET"]}}],"collection":[{"href":"https:\/\/www.montessoriostrava.cz\/ms\/wp-json\/wp\/v2\/pages"}],"about":[{"href":"https:\/\/www.montessoriostrava.cz\/ms\/wp-json\/wp\/v2\/types\/page"}],"author":[{"embeddable":true,"href":"https:\/\/www.montessoriostrava.cz\/ms\/wp-json\/wp\/v2\/users\/1"}],"replies":[{"embeddable":true,"href":"https:\/\/www.montessoriostrava.cz\/ms\/wp-json\/wp\/v2\/comments?post=278"}],"version-history":[{"count":1,"href":"https:\/\/www.montessoriostrava.cz\/ms\/wp-json\/wp\/v2\/pages\/278\/revisions"}],"predecessor-version":[{"id":280,"href":"https:\/\/www.montessoriostrava.cz\/ms\/wp-json\/wp\/v2\/pages\/278\/revisions\/280"}],"up":[{"embeddable":true,"href":"https:\/\/www.montessoriostrava.cz\/ms\/wp-json\/wp\/v2\/pages\/235"}],"wp:attachment":[{"href":"https:\/\/www.montessoriostrava.cz\/ms\/wp-json\/wp\/v2\/media?parent=278"}],"curies":[{"name":"wp","href":"https:\/\/api.w.org\/{rel}","templated":true}]}}