{"id":282,"date":"2024-09-09T13:05:10","date_gmt":"2024-09-09T11:05:10","guid":{"rendered":"https:\/\/www.montessoriostrava.cz\/ms\/?page_id=282"},"modified":"2025-01-31T09:58:29","modified_gmt":"2025-01-31T08:58:29","slug":"anglicky-jazyk-s-rodilymi-mluvcimi","status":"publish","type":"page","link":"https:\/\/www.montessoriostrava.cz\/ms\/o-nas\/anglicky-jazyk-s-rodilymi-mluvcimi\/","title":{"rendered":"Anglick\u00fd jazyk s rodil\u00fdmi mluv\u010d\u00edmi"},"content":{"rendered":"\n<p>Mate\u0159sk\u00e1 \u0161kola zavedla v\u00fduku anglick\u00e9ho jazyka s rodil\u00fdm mluv\u010d\u00edm, aby poskytla d\u011btem p\u0159\u00edle\u017eitost sezn\u00e1mit se s autentick\u00fdm anglick\u00fdm zvukem, slovn\u00ed z\u00e1sobou a kulturou ji\u017e od ran\u00e9ho v\u011bku. C\u00edlem je poskytnout d\u011btem <strong>pevn\u00fd z\u00e1klad pro budouc\u00ed jazykov\u00e9 dovednosti<\/strong>. V\u00fduka prob\u00edh\u00e1 formou her, p\u00edsni\u010dek, tvo\u0159en\u00ed, hudebn\u00edch aktivit a dal\u0161\u00edch interaktivn\u00edch metod. Tato z\u00e1bavn\u00e1 forma u\u010den\u00ed m\u00e1 za c\u00edl <strong>motivovat d\u011bti<\/strong> a vytvo\u0159it pro n\u011b <strong>pozitivn\u00ed a zaujat\u00e9 prost\u0159ed\u00ed<\/strong>.<\/p>\n\n\n<div class=\"wp-block-image\">\n<figure class=\"aligncenter size-large\"><a href=\"https:\/\/www.montessoriostrava.cz\/ms\/wp-content\/uploads\/sites\/4\/2024\/09\/IMG_1755-2048x1536-1.jpg\"><img loading=\"lazy\" decoding=\"async\" width=\"1024\" height=\"768\" src=\"https:\/\/www.montessoriostrava.cz\/ms\/wp-content\/uploads\/sites\/4\/2024\/09\/IMG_1755-2048x1536-1-1024x768.jpg\" alt=\"Anglick\u00fd jazyk s rodil\u00fdmi mluv\u010d\u00edmi\" class=\"wp-image-519\" srcset=\"https:\/\/www.montessoriostrava.cz\/ms\/wp-content\/uploads\/sites\/4\/2024\/09\/IMG_1755-2048x1536-1-1024x768.jpg 1024w, https:\/\/www.montessoriostrava.cz\/ms\/wp-content\/uploads\/sites\/4\/2024\/09\/IMG_1755-2048x1536-1-300x225.jpg 300w, https:\/\/www.montessoriostrava.cz\/ms\/wp-content\/uploads\/sites\/4\/2024\/09\/IMG_1755-2048x1536-1-768x576.jpg 768w, https:\/\/www.montessoriostrava.cz\/ms\/wp-content\/uploads\/sites\/4\/2024\/09\/IMG_1755-2048x1536-1-1536x1152.jpg 1536w, https:\/\/www.montessoriostrava.cz\/ms\/wp-content\/uploads\/sites\/4\/2024\/09\/IMG_1755-2048x1536-1.jpg 2048w\" sizes=\"auto, (max-width: 1024px) 100vw, 1024px\" \/><\/a><\/figure>\n<\/div>","protected":false},"excerpt":{"rendered":"<p>Mate\u0159sk\u00e1 \u0161kola zavedla v\u00fduku anglick\u00e9ho jazyka s rodil\u00fdm mluv\u010d\u00edm, aby poskytla d\u011btem p\u0159\u00edle\u017eitost sezn\u00e1mit se s autentick\u00fdm anglick\u00fdm zvukem, slovn\u00ed z\u00e1sobou a kulturou ji\u017e od ran\u00e9ho v\u011bku. C\u00edlem je poskytnout d\u011btem pevn\u00fd z\u00e1klad pro budouc\u00ed jazykov\u00e9 dovednosti. V\u00fduka prob\u00edh\u00e1 formou her, p\u00edsni\u010dek, tvo\u0159en\u00ed, hudebn\u00edch aktivit a dal\u0161\u00edch interaktivn\u00edch metod. Tato z\u00e1bavn\u00e1 forma u\u010den\u00ed m\u00e1 za [&hellip;]<\/p>\n","protected":false},"author":1,"featured_media":0,"parent":9,"menu_order":0,"comment_status":"closed","ping_status":"closed","template":"","meta":{"footnotes":""},"class_list":["post-282","page","type-page","status-publish","hentry"],"acf":[],"yoast_head":"<!-- This site is optimized with the Yoast SEO plugin v27.5 - https:\/\/yoast.com\/product\/yoast-seo-wordpress\/ -->\n<title>Anglick\u00fd jazyk s rodil\u00fdmi mluv\u010d\u00edmi | M\u0160 Montessori Ostrava<\/title>\n<meta name=\"description\" content=\"D\u011bti se u\u010d\u00ed anglicky p\u0159irozen\u011b s rodil\u00fdmi mluv\u010d\u00edmi v Montessori \u0161kolce. Podporujeme jejich jazykov\u00e9 dovednosti a u\u010d\u00edme se hrou.\" \/>\n<meta name=\"robots\" content=\"index, follow, max-snippet:-1, max-image-preview:large, max-video-preview:-1\" \/>\n<link rel=\"canonical\" href=\"https:\/\/www.montessoriostrava.cz\/ms\/o-nas\/anglicky-jazyk-s-rodilymi-mluvcimi\/\" \/>\n<meta property=\"og:locale\" content=\"cs_CZ\" \/>\n<meta property=\"og:type\" content=\"article\" \/>\n<meta property=\"og:title\" content=\"Anglick\u00fd jazyk s rodil\u00fdmi mluv\u010d\u00edmi | M\u0160 Montessori Ostrava\" \/>\n<meta property=\"og:description\" content=\"D\u011bti se u\u010d\u00ed anglicky p\u0159irozen\u011b s rodil\u00fdmi mluv\u010d\u00edmi v Montessori \u0161kolce. Podporujeme jejich jazykov\u00e9 dovednosti a u\u010d\u00edme se hrou.\" \/>\n<meta property=\"og:url\" content=\"https:\/\/www.montessoriostrava.cz\/ms\/o-nas\/anglicky-jazyk-s-rodilymi-mluvcimi\/\" \/>\n<meta property=\"og:site_name\" content=\"M\u0160 Montessori Ostrava\" \/>\n<meta property=\"article:modified_time\" content=\"2025-01-31T08:58:29+00:00\" \/>\n<meta property=\"og:image\" content=\"https:\/\/www.montessoriostrava.cz\/ms\/wp-content\/uploads\/sites\/4\/2024\/09\/IMG_1755-2048x1536-1.jpg\" \/>\n\t<meta property=\"og:image:width\" content=\"2048\" \/>\n\t<meta property=\"og:image:height\" content=\"1536\" \/>\n\t<meta property=\"og:image:type\" content=\"image\/jpeg\" \/>\n<meta name=\"twitter:card\" content=\"summary_large_image\" \/>\n<meta name=\"twitter:label1\" content=\"Odhadovan\u00e1 doba \u010dten\u00ed\" \/>\n\t<meta name=\"twitter:data1\" content=\"1 minuta\" \/>\n<script type=\"application\/ld+json\" class=\"yoast-schema-graph\">{\"@context\":\"https:\\\/\\\/schema.org\",\"@graph\":[{\"@type\":\"WebPage\",\"@id\":\"https:\\\/\\\/www.montessoriostrava.cz\\\/ms\\\/o-nas\\\/anglicky-jazyk-s-rodilymi-mluvcimi\\\/\",\"url\":\"https:\\\/\\\/www.montessoriostrava.cz\\\/ms\\\/o-nas\\\/anglicky-jazyk-s-rodilymi-mluvcimi\\\/\",\"name\":\"Anglick\u00fd jazyk s rodil\u00fdmi mluv\u010d\u00edmi | M\u0160 Montessori Ostrava\",\"isPartOf\":{\"@id\":\"https:\\\/\\\/www.montessoriostrava.cz\\\/ms\\\/#website\"},\"primaryImageOfPage\":{\"@id\":\"https:\\\/\\\/www.montessoriostrava.cz\\\/ms\\\/o-nas\\\/anglicky-jazyk-s-rodilymi-mluvcimi\\\/#primaryimage\"},\"image\":{\"@id\":\"https:\\\/\\\/www.montessoriostrava.cz\\\/ms\\\/o-nas\\\/anglicky-jazyk-s-rodilymi-mluvcimi\\\/#primaryimage\"},\"thumbnailUrl\":\"https:\\\/\\\/www.montessoriostrava.cz\\\/ms\\\/wp-content\\\/uploads\\\/sites\\\/4\\\/2024\\\/09\\\/IMG_1755-2048x1536-1-1024x768.jpg\",\"datePublished\":\"2024-09-09T11:05:10+00:00\",\"dateModified\":\"2025-01-31T08:58:29+00:00\",\"description\":\"D\u011bti se u\u010d\u00ed anglicky p\u0159irozen\u011b s rodil\u00fdmi mluv\u010d\u00edmi v Montessori \u0161kolce. Podporujeme jejich jazykov\u00e9 dovednosti a u\u010d\u00edme se hrou.\",\"breadcrumb\":{\"@id\":\"https:\\\/\\\/www.montessoriostrava.cz\\\/ms\\\/o-nas\\\/anglicky-jazyk-s-rodilymi-mluvcimi\\\/#breadcrumb\"},\"inLanguage\":\"cs\",\"potentialAction\":[{\"@type\":\"ReadAction\",\"target\":[\"https:\\\/\\\/www.montessoriostrava.cz\\\/ms\\\/o-nas\\\/anglicky-jazyk-s-rodilymi-mluvcimi\\\/\"]}]},{\"@type\":\"ImageObject\",\"inLanguage\":\"cs\",\"@id\":\"https:\\\/\\\/www.montessoriostrava.cz\\\/ms\\\/o-nas\\\/anglicky-jazyk-s-rodilymi-mluvcimi\\\/#primaryimage\",\"url\":\"https:\\\/\\\/www.montessoriostrava.cz\\\/ms\\\/wp-content\\\/uploads\\\/sites\\\/4\\\/2024\\\/09\\\/IMG_1755-2048x1536-1.jpg\",\"contentUrl\":\"https:\\\/\\\/www.montessoriostrava.cz\\\/ms\\\/wp-content\\\/uploads\\\/sites\\\/4\\\/2024\\\/09\\\/IMG_1755-2048x1536-1.jpg\",\"width\":2048,\"height\":1536},{\"@type\":\"BreadcrumbList\",\"@id\":\"https:\\\/\\\/www.montessoriostrava.cz\\\/ms\\\/o-nas\\\/anglicky-jazyk-s-rodilymi-mluvcimi\\\/#breadcrumb\",\"itemListElement\":[{\"@type\":\"ListItem\",\"position\":1,\"name\":\"Dom\u016f\",\"item\":\"https:\\\/\\\/www.montessoriostrava.cz\\\/ms\\\/\"},{\"@type\":\"ListItem\",\"position\":2,\"name\":\"O n\u00e1s\",\"item\":\"https:\\\/\\\/www.montessoriostrava.cz\\\/ms\\\/o-nas\\\/\"},{\"@type\":\"ListItem\",\"position\":3,\"name\":\"Anglick\u00fd jazyk s rodil\u00fdmi mluv\u010d\u00edmi\"}]},{\"@type\":\"WebSite\",\"@id\":\"https:\\\/\\\/www.montessoriostrava.cz\\\/ms\\\/#website\",\"url\":\"https:\\\/\\\/www.montessoriostrava.cz\\\/ms\\\/\",\"name\":\"M\u0160 Montessori Ostrava\",\"description\":\"\",\"publisher\":{\"@id\":\"https:\\\/\\\/www.montessoriostrava.cz\\\/ms\\\/#organization\"},\"potentialAction\":[{\"@type\":\"SearchAction\",\"target\":{\"@type\":\"EntryPoint\",\"urlTemplate\":\"https:\\\/\\\/www.montessoriostrava.cz\\\/ms\\\/?s={search_term_string}\"},\"query-input\":{\"@type\":\"PropertyValueSpecification\",\"valueRequired\":true,\"valueName\":\"search_term_string\"}}],\"inLanguage\":\"cs\"},{\"@type\":\"Organization\",\"@id\":\"https:\\\/\\\/www.montessoriostrava.cz\\\/ms\\\/#organization\",\"name\":\"Montessori Ostrava\",\"url\":\"https:\\\/\\\/www.montessoriostrava.cz\\\/ms\\\/\",\"logo\":{\"@type\":\"ImageObject\",\"inLanguage\":\"cs\",\"@id\":\"https:\\\/\\\/www.montessoriostrava.cz\\\/ms\\\/#\\\/schema\\\/logo\\\/image\\\/\",\"url\":\"https:\\\/\\\/www.montessoriostrava.cz\\\/ms\\\/wp-content\\\/uploads\\\/sites\\\/4\\\/2025\\\/01\\\/logo-montessori.png\",\"contentUrl\":\"https:\\\/\\\/www.montessoriostrava.cz\\\/ms\\\/wp-content\\\/uploads\\\/sites\\\/4\\\/2025\\\/01\\\/logo-montessori.png\",\"width\":1794,\"height\":527,\"caption\":\"Montessori Ostrava\"},\"image\":{\"@id\":\"https:\\\/\\\/www.montessoriostrava.cz\\\/ms\\\/#\\\/schema\\\/logo\\\/image\\\/\"}}]}<\/script>\n<!-- \/ Yoast SEO plugin. -->","yoast_head_json":{"title":"Anglick\u00fd jazyk s rodil\u00fdmi mluv\u010d\u00edmi | M\u0160 Montessori Ostrava","description":"D\u011bti se u\u010d\u00ed anglicky p\u0159irozen\u011b s rodil\u00fdmi mluv\u010d\u00edmi v Montessori \u0161kolce. Podporujeme jejich jazykov\u00e9 dovednosti a u\u010d\u00edme se hrou.","robots":{"index":"index","follow":"follow","max-snippet":"max-snippet:-1","max-image-preview":"max-image-preview:large","max-video-preview":"max-video-preview:-1"},"canonical":"https:\/\/www.montessoriostrava.cz\/ms\/o-nas\/anglicky-jazyk-s-rodilymi-mluvcimi\/","og_locale":"cs_CZ","og_type":"article","og_title":"Anglick\u00fd jazyk s rodil\u00fdmi mluv\u010d\u00edmi | M\u0160 Montessori Ostrava","og_description":"D\u011bti se u\u010d\u00ed anglicky p\u0159irozen\u011b s rodil\u00fdmi mluv\u010d\u00edmi v Montessori \u0161kolce. Podporujeme jejich jazykov\u00e9 dovednosti a u\u010d\u00edme se hrou.","og_url":"https:\/\/www.montessoriostrava.cz\/ms\/o-nas\/anglicky-jazyk-s-rodilymi-mluvcimi\/","og_site_name":"M\u0160 Montessori Ostrava","article_modified_time":"2025-01-31T08:58:29+00:00","og_image":[{"width":2048,"height":1536,"url":"https:\/\/www.montessoriostrava.cz\/ms\/wp-content\/uploads\/sites\/4\/2024\/09\/IMG_1755-2048x1536-1.jpg","type":"image\/jpeg"}],"twitter_card":"summary_large_image","twitter_misc":{"Odhadovan\u00e1 doba \u010dten\u00ed":"1 minuta"},"schema":{"@context":"https:\/\/schema.org","@graph":[{"@type":"WebPage","@id":"https:\/\/www.montessoriostrava.cz\/ms\/o-nas\/anglicky-jazyk-s-rodilymi-mluvcimi\/","url":"https:\/\/www.montessoriostrava.cz\/ms\/o-nas\/anglicky-jazyk-s-rodilymi-mluvcimi\/","name":"Anglick\u00fd jazyk s rodil\u00fdmi mluv\u010d\u00edmi | M\u0160 Montessori Ostrava","isPartOf":{"@id":"https:\/\/www.montessoriostrava.cz\/ms\/#website"},"primaryImageOfPage":{"@id":"https:\/\/www.montessoriostrava.cz\/ms\/o-nas\/anglicky-jazyk-s-rodilymi-mluvcimi\/#primaryimage"},"image":{"@id":"https:\/\/www.montessoriostrava.cz\/ms\/o-nas\/anglicky-jazyk-s-rodilymi-mluvcimi\/#primaryimage"},"thumbnailUrl":"https:\/\/www.montessoriostrava.cz\/ms\/wp-content\/uploads\/sites\/4\/2024\/09\/IMG_1755-2048x1536-1-1024x768.jpg","datePublished":"2024-09-09T11:05:10+00:00","dateModified":"2025-01-31T08:58:29+00:00","description":"D\u011bti se u\u010d\u00ed anglicky p\u0159irozen\u011b s rodil\u00fdmi mluv\u010d\u00edmi v Montessori \u0161kolce. Podporujeme jejich jazykov\u00e9 dovednosti a u\u010d\u00edme se hrou.","breadcrumb":{"@id":"https:\/\/www.montessoriostrava.cz\/ms\/o-nas\/anglicky-jazyk-s-rodilymi-mluvcimi\/#breadcrumb"},"inLanguage":"cs","potentialAction":[{"@type":"ReadAction","target":["https:\/\/www.montessoriostrava.cz\/ms\/o-nas\/anglicky-jazyk-s-rodilymi-mluvcimi\/"]}]},{"@type":"ImageObject","inLanguage":"cs","@id":"https:\/\/www.montessoriostrava.cz\/ms\/o-nas\/anglicky-jazyk-s-rodilymi-mluvcimi\/#primaryimage","url":"https:\/\/www.montessoriostrava.cz\/ms\/wp-content\/uploads\/sites\/4\/2024\/09\/IMG_1755-2048x1536-1.jpg","contentUrl":"https:\/\/www.montessoriostrava.cz\/ms\/wp-content\/uploads\/sites\/4\/2024\/09\/IMG_1755-2048x1536-1.jpg","width":2048,"height":1536},{"@type":"BreadcrumbList","@id":"https:\/\/www.montessoriostrava.cz\/ms\/o-nas\/anglicky-jazyk-s-rodilymi-mluvcimi\/#breadcrumb","itemListElement":[{"@type":"ListItem","position":1,"name":"Dom\u016f","item":"https:\/\/www.montessoriostrava.cz\/ms\/"},{"@type":"ListItem","position":2,"name":"O n\u00e1s","item":"https:\/\/www.montessoriostrava.cz\/ms\/o-nas\/"},{"@type":"ListItem","position":3,"name":"Anglick\u00fd jazyk s rodil\u00fdmi mluv\u010d\u00edmi"}]},{"@type":"WebSite","@id":"https:\/\/www.montessoriostrava.cz\/ms\/#website","url":"https:\/\/www.montessoriostrava.cz\/ms\/","name":"M\u0160 Montessori Ostrava","description":"","publisher":{"@id":"https:\/\/www.montessoriostrava.cz\/ms\/#organization"},"potentialAction":[{"@type":"SearchAction","target":{"@type":"EntryPoint","urlTemplate":"https:\/\/www.montessoriostrava.cz\/ms\/?s={search_term_string}"},"query-input":{"@type":"PropertyValueSpecification","valueRequired":true,"valueName":"search_term_string"}}],"inLanguage":"cs"},{"@type":"Organization","@id":"https:\/\/www.montessoriostrava.cz\/ms\/#organization","name":"Montessori Ostrava","url":"https:\/\/www.montessoriostrava.cz\/ms\/","logo":{"@type":"ImageObject","inLanguage":"cs","@id":"https:\/\/www.montessoriostrava.cz\/ms\/#\/schema\/logo\/image\/","url":"https:\/\/www.montessoriostrava.cz\/ms\/wp-content\/uploads\/sites\/4\/2025\/01\/logo-montessori.png","contentUrl":"https:\/\/www.montessoriostrava.cz\/ms\/wp-content\/uploads\/sites\/4\/2025\/01\/logo-montessori.png","width":1794,"height":527,"caption":"Montessori Ostrava"},"image":{"@id":"https:\/\/www.montessoriostrava.cz\/ms\/#\/schema\/logo\/image\/"}}]}},"_links":{"self":[{"href":"https:\/\/www.montessoriostrava.cz\/ms\/wp-json\/wp\/v2\/pages\/282","targetHints":{"allow":["GET"]}}],"collection":[{"href":"https:\/\/www.montessoriostrava.cz\/ms\/wp-json\/wp\/v2\/pages"}],"about":[{"href":"https:\/\/www.montessoriostrava.cz\/ms\/wp-json\/wp\/v2\/types\/page"}],"author":[{"embeddable":true,"href":"https:\/\/www.montessoriostrava.cz\/ms\/wp-json\/wp\/v2\/users\/1"}],"replies":[{"embeddable":true,"href":"https:\/\/www.montessoriostrava.cz\/ms\/wp-json\/wp\/v2\/comments?post=282"}],"version-history":[{"count":6,"href":"https:\/\/www.montessoriostrava.cz\/ms\/wp-json\/wp\/v2\/pages\/282\/revisions"}],"predecessor-version":[{"id":1041,"href":"https:\/\/www.montessoriostrava.cz\/ms\/wp-json\/wp\/v2\/pages\/282\/revisions\/1041"}],"up":[{"embeddable":true,"href":"https:\/\/www.montessoriostrava.cz\/ms\/wp-json\/wp\/v2\/pages\/9"}],"wp:attachment":[{"href":"https:\/\/www.montessoriostrava.cz\/ms\/wp-json\/wp\/v2\/media?parent=282"}],"curies":[{"name":"wp","href":"https:\/\/api.w.org\/{rel}","templated":true}]}}