{"id":349,"date":"2024-09-09T13:57:37","date_gmt":"2024-09-09T11:57:37","guid":{"rendered":"https:\/\/www.montessoriostrava.cz\/ms\/?page_id=349"},"modified":"2025-11-24T08:11:56","modified_gmt":"2025-11-24T07:11:56","slug":"prijimani-do-materske-skoly","status":"publish","type":"page","link":"https:\/\/www.montessoriostrava.cz\/ms\/prijimani-do-materske-skoly\/","title":{"rendered":"P\u0159ij\u00edm\u00e1n\u00ed do mate\u0159sk\u00e9 \u0161koly"},"content":{"rendered":"\n<p>Prvn\u00edm krokem je domluva n\u00e1v\u0161t\u011bvy u n\u00e1s na pracovi\u0161ti ve Svinov\u011b \u010di Mari\u00e1nsk\u00fdch Hor\u00e1ch a to bu\u010f individu\u00e1ln\u011b\u2026 a&nbsp; nebo na&nbsp;<strong>dnech otev\u0159en\u00fdch dve\u0159\u00ed<\/strong>, kter\u00e9 se konaj\u00ed: Matrosovova \u2013 B\u00edloveck\u00e1.<\/p>\n\n\n\n<p>Jakmile n\u00e1m vypln\u00edte formul\u00e1\u0159, brzy se v\u00e1m ozveme s&nbsp;term\u00ednem spole\u010dn\u00e9 sch\u016fzky \u010di potvrd\u00edme \u00fa\u010dast na&nbsp;<strong><a href=\"https:\/\/www.montessoriostrava.cz\/ms\/den-otevrenych-dveri\/\">Dni otev\u0159en\u00fdch dve\u0159\u00ed<\/a>.<\/strong>&nbsp;Toto setk\u00e1n\u00ed je zpravidla bez d\u011bt\u00ed, c\u00edlem je p\u0159edstavit v\u00e1m \u0161kolku, jej\u00ed principy a zodpov\u011bd\u011bt va\u0161e dotazy. Na m\u00edst\u011b zjist\u00edte, zda-li na\u0161e instituce spl\u0148uje va\u0161e p\u0159edstavy a vy n\u00e1m sv\u011b\u0159\u00edte sv\u00e9 d\u00edt\u011b ke vzd\u011bl\u00e1v\u00e1n\u00ed.<\/p>\n\n\n\n<p>Posledn\u00edm a nejd\u016fle\u017eit\u011bj\u0161\u00edm krokem je sezn\u00e1men\u00ed se s&nbsp;va\u0161\u00edm d\u00edt\u011btem prost\u0159ednictv\u00edm adapta\u010dn\u00edho pobytu, kter\u00fd trv\u00e1 obvykle 1-3 dny a je pln\u011b v&nbsp;na\u0161\u00ed re\u017eii, tedy nic neplat\u00edte. P\u0159ed adapta\u010dn\u00edm pobytem je nutno vyplnit&nbsp;<a href=\"https:\/\/www.montessoriostrava.cz\/ms\/wp-content\/uploads\/sites\/4\/2025\/11\/Zadost-o-prijeti-do-MS.pdf\" target=\"_blank\" rel=\"noreferrer noopener\"><strong>P\u0158IHL\u00c1\u0160KU DO \u0160KOLKY<\/strong><\/a>&nbsp;\u2013 naskenovan\u00e1 \u017e\u00e1dost o p\u0159ijet\u00ed.<\/p>\n\n\n\n<p>N\u00e1sleduje vyd\u00e1n\u00ed rozhodnut\u00ed o p\u0159ijet\u00ed d\u00edt\u011bte do na\u0161\u00ed \u0161kolky a podpis dal\u0161\u00ed dokumentace.<\/p>\n\n\n\n<p>Form\u00e1ln\u00ed z\u00e1pis dle pravidel M\u0160MT je stanoven na&nbsp;<strong>7.4.2026 od 14:00 \u2013 16:30<\/strong>.<\/p>\n\n\n\n<p>K z\u00e1pisu je pot\u0159eba p\u0159in\u00e9st vypln\u011bnou p\u0159ihl\u00e1\u0161ku, na kter\u00e9 v\u00e1\u0161 pediatr potvrd\u00ed, \u017ee d\u00edt\u011b absolvovalo pot\u0159ebn\u00e1 o\u010dkov\u00e1n\u00ed a je zp\u016fsobil\u00e9 k p\u0159ijet\u00ed do \u0161kolky. M\u016f\u017eeme p\u0159ijmout pouze d\u011bti, kter\u00e9 absolvovaly \u0159\u00e1dn\u00e1 o\u010dkov\u00e1n\u00ed podle o\u010dkovac\u00edho kalend\u00e1\u0159e platn\u00e9ho v \u010cesk\u00e9 republice nebo maj\u00ed doklad, \u017ee jsou proti n\u00e1kaze imunn\u00ed \u010di se nemohou o\u010dkov\u00e1n\u00ed podrobit z d\u016fvodu kontraindikace. To se net\u00fdk\u00e1 d\u011bt\u00ed, kter\u00e9 dos\u00e1hnou p\u00e1t\u00e9ho roku v\u011bku do\u00a0<strong>31. 8. 2026<\/strong>\u00a0a hl\u00e1s\u00ed se k povinn\u00e9mu p\u0159ed\u0161koln\u00edmu vzd\u011bl\u00e1v\u00e1n\u00ed. O p\u0159ijet\u00ed d\u00edt\u011bte se speci\u00e1ln\u00edmi zdravotn\u00edmi pot\u0159ebami rozhoduje \u0159editel \u0161kolky na z\u00e1klad\u011b \u017e\u00e1dosti z\u00e1konn\u00e9ho z\u00e1stupce, vyj\u00e1d\u0159en\u00ed l\u00e9ka\u0159e, speci\u00e1ln\u011b pedagogick\u00e9ho centra nebo pedagogicko psychologick\u00e9\u00a0poradny.<\/p>\n\n\n\n<div class=\"wp-block-buttons is-layout-flex wp-block-buttons-is-layout-flex\">\n<div class=\"wp-block-button\"><a class=\"wp-block-button__link wp-element-button\" href=\"https:\/\/docs.google.com\/forms\/d\/e\/1FAIpQLScnA_JsXBo9jBFyRIMZcWGTS30H4TIlDuWRZW2ack-7ZVQB1w\/viewform\" target=\"_blank\" rel=\"noreferrer noopener\">M\u00e1m z\u00e1jem o sch\u016fzku<\/a><\/div>\n<\/div>\n\n\n\n<figure class=\"wp-block-gallery has-nested-images columns-default is-cropped wp-block-gallery-1 is-layout-flex wp-block-gallery-is-layout-flex\">\n<figure class=\"wp-block-image size-large\"><a href=\"https:\/\/www.montessoriostrava.cz\/ms\/wp-content\/uploads\/sites\/4\/2024\/09\/IMG_1755-1024x768-1-1.jpg\"><img loading=\"lazy\" decoding=\"async\" width=\"1024\" height=\"768\" data-id=\"352\" src=\"https:\/\/www.montessoriostrava.cz\/ms\/wp-content\/uploads\/sites\/4\/2024\/09\/IMG_1755-1024x768-1-1.jpg\" alt=\"P\u0159ij\u00edm\u00e1n\u00ed do mate\u0159sk\u00e9 \u0161koly\" class=\"wp-image-352\" srcset=\"https:\/\/www.montessoriostrava.cz\/ms\/wp-content\/uploads\/sites\/4\/2024\/09\/IMG_1755-1024x768-1-1.jpg 1024w, https:\/\/www.montessoriostrava.cz\/ms\/wp-content\/uploads\/sites\/4\/2024\/09\/IMG_1755-1024x768-1-1-300x225.jpg 300w, https:\/\/www.montessoriostrava.cz\/ms\/wp-content\/uploads\/sites\/4\/2024\/09\/IMG_1755-1024x768-1-1-768x576.jpg 768w\" sizes=\"auto, (max-width: 1024px) 100vw, 1024px\" \/><\/a><\/figure>\n<\/figure>\n\n\n\n<p><strong>Krit\u00e9ria p\u0159ij\u00edm\u00e1n\u00ed d\u011bt\u00ed b\u011bhem ofici\u00e1ln\u00edho z\u00e1pisu jsou stanovena vnit\u0159n\u00ed sm\u011brnic\u00ed \u0159editele \u0161koly.<\/strong><\/p>\n\n\n\n<p>O p\u0159ijet\u00ed d\u00edt\u011bte ke vzd\u011bl\u00e1v\u00e1n\u00ed v M\u0160 Montessori Ostrava rozhoduje \u0159editel po ukon\u010den\u00ed z\u00e1pisu na z\u00e1klad\u011b stanoven\u00fdch krit\u00e9ri\u00ed. P\u0159ednostn\u011b (nehled\u011b na po\u0159ad\u00ed p\u0159ihl\u00e1\u0161ky) jsou do mate\u0159sk\u00e9 \u0161koly p\u0159ij\u00edm\u00e1ny d\u011bti podle n\u00e1sleduj\u00edc\u00edch krit\u00e9ri\u00ed. Krit\u00e9ria jsou se\u0159azena od nejvy\u0161\u0161\u00edho bodov\u00e9ho zhodnocen\u00ed:<\/p>\n\n\n\n<ul class=\"wp-block-list\">\n<li>D\u011bti se znalost\u00ed \u010desk\u00e9ho nebo anglick\u00e9ho jazyka na \u00farovni rodil\u00e9ho mluv\u010d\u00edho<\/li>\n\n\n\n<li>D\u011bti s p\u0159edch\u00e1zej\u00edc\u00ed doch\u00e1zkou do Jesl\u00ed Montessori Ostrava<\/li>\n\n\n\n<li>D\u011bti, jejich\u017e sourozenec\/sourozenci se v dob\u011b z\u00e1pisu vzd\u011bl\u00e1vaj\u00ed v syst\u00e9mu \u0161kol Montessori Ostrava<\/li>\n\n\n\n<li>D\u011bti mlad\u0161\u00ed 4 let (k 31.8.)<\/li>\n\n\n\n<li>D\u011bti s p\u0159edchoz\u00ed zku\u0161enost\u00ed s Montessori pedagogikou<\/li>\n\n\n\n<li>D\u011bti s pokro\u010dilou znalost\u00ed anglick\u00e9ho nebo \u010desk\u00e9ho jazyka jako druh\u00e9ho jazyka<\/li>\n\n\n\n<li>D\u011bti, kter\u00e9 nenos\u00ed pleny, p\u0159evl\u00e9kaj\u00ed se s minim\u00e1ln\u00ed pomoc\u00ed, jsou schopn\u00e9<br>n\u00e1sledovat jednoduch\u00e1 pravidla, odlou\u010dit se od rodi\u010d\u016f a adekv\u00e1tn\u011b vyj\u00e1d\u0159\u00ed sv\u00e9 pot\u0159eby<\/li>\n\n\n\n<li>Pokud se kapacita \u0161kolky (obou pobo\u010dek) po vyd\u00e1n\u00ed v\u0161ech rozhodnut\u00ed nenapln\u00ed, p\u0159ij\u00edm\u00e1 \u0161kolka z\u00e1jemce v re\u017eimu: \u201eP\u0159ihl\u00e1\u0161ka \u2013 sch\u016fzka se z\u00e1konn\u00fdmi z\u00e1stupci \u2013 n\u00e1v\u0161t\u011bva d\u00edt\u011bte ve t\u0159\u00edd\u011b \u2013 n\u00e1hled smlouvy \u2013 podpis \u017e\u00e1dosti, vyd\u00e1n\u00ed rozhodnut\u00ed a podpis smlouvy\u201c a\u017e do napln\u011bn\u00ed jej\u00ed kapacity.<\/li>\n\n\n\n<li>Pokud to dovoluje kapacita \u0161koly, d\u00edt\u011b m\u016f\u017ee b\u00fdt p\u0159ijato k p\u0159ed\u0161koln\u00edmu vzd\u011bl\u00e1v\u00e1n\u00ed i v pr\u016fb\u011bhu \u0161koln\u00edho roku.<\/li>\n\n\n\n<li>O p\u0159ijet\u00ed d\u00edt\u011bte se speci\u00e1ln\u00edmi zdravotn\u00edmi pot\u0159ebami rozhoduje \u0159editel \u0161koly na z\u00e1klad\u011b \u017e\u00e1dosti z\u00e1konn\u00e9ho z\u00e1stupce, vyj\u00e1d\u0159en\u00ed l\u00e9ka\u0159e, speci\u00e1ln\u011b pedagogick\u00e9ho centra nebo pedagogicko psychologick\u00e9 poradny.<\/li>\n\n\n\n<li>P\u0159i p\u0159ijet\u00ed d\u00edt\u011bte do M\u0160 se \u0159editel \u0161koly dohodne se z\u00e1konn\u00fdm z\u00e1stupcem na rozsahu pobytu d\u00edt\u011bte v M\u0160 v\u010detn\u011b zp\u016fsobu stravov\u00e1n\u00ed.<\/li>\n<\/ul>\n\n\n\n<p>V p\u0159\u00edpad\u011b dotaz\u016f pros\u00edm kontaktujte kancel\u00e1\u0159 \u0161kolky:<\/p>\n\n\n\n<p>Ing. Radan J\u00fcnger<br>Tel.: +420 739 527 100<\/p>\n\n\n\n<p>E-mail:&nbsp;<a href=\"mailto:info@montessoriostrava.cz\">info@montessoriostrava.cz<\/a><\/p>\n","protected":false},"excerpt":{"rendered":"<p>Prvn\u00edm krokem je domluva n\u00e1v\u0161t\u011bvy u n\u00e1s na pracovi\u0161ti ve Svinov\u011b \u010di Mari\u00e1nsk\u00fdch Hor\u00e1ch a to bu\u010f individu\u00e1ln\u011b\u2026 a&nbsp; nebo na&nbsp;dnech otev\u0159en\u00fdch dve\u0159\u00ed, kter\u00e9 se konaj\u00ed: Matrosovova \u2013 B\u00edloveck\u00e1. Jakmile n\u00e1m vypln\u00edte formul\u00e1\u0159, brzy se v\u00e1m ozveme s&nbsp;term\u00ednem spole\u010dn\u00e9 sch\u016fzky \u010di potvrd\u00edme \u00fa\u010dast na&nbsp;Dni otev\u0159en\u00fdch dve\u0159\u00ed.&nbsp;Toto setk\u00e1n\u00ed je zpravidla bez d\u011bt\u00ed, c\u00edlem je p\u0159edstavit v\u00e1m [&hellip;]<\/p>\n","protected":false},"author":1,"featured_media":0,"parent":0,"menu_order":0,"comment_status":"closed","ping_status":"closed","template":"","meta":{"footnotes":""},"class_list":["post-349","page","type-page","status-publish","hentry"],"acf":[],"yoast_head":"<!-- This site is optimized with the Yoast SEO plugin v27.5 - https:\/\/yoast.com\/product\/yoast-seo-wordpress\/ -->\n<title>P\u0159ij\u00edm\u00e1n\u00ed do mate\u0159sk\u00e9 \u0161koly | M\u0160 Montessori Ostrava<\/title>\n<meta name=\"description\" content=\"Informace o podm\u00ednk\u00e1ch a procesu p\u0159ij\u00edm\u00e1n\u00ed d\u011bt\u00ed do Montessori mate\u0159sk\u00e9 \u0161koly. P\u0159ehled krit\u00e9ri\u00ed, term\u00edn\u016f a pot\u0159ebn\u00fdch dokument\u016f.\" \/>\n<meta name=\"robots\" content=\"index, follow, max-snippet:-1, max-image-preview:large, max-video-preview:-1\" \/>\n<link rel=\"canonical\" href=\"https:\/\/www.montessoriostrava.cz\/ms\/prijimani-do-materske-skoly\/\" \/>\n<meta property=\"og:locale\" content=\"cs_CZ\" \/>\n<meta property=\"og:type\" content=\"article\" \/>\n<meta property=\"og:title\" content=\"P\u0159ij\u00edm\u00e1n\u00ed do mate\u0159sk\u00e9 \u0161koly | M\u0160 Montessori Ostrava\" \/>\n<meta property=\"og:description\" content=\"Informace o podm\u00ednk\u00e1ch a procesu p\u0159ij\u00edm\u00e1n\u00ed d\u011bt\u00ed do Montessori mate\u0159sk\u00e9 \u0161koly. P\u0159ehled krit\u00e9ri\u00ed, term\u00edn\u016f a pot\u0159ebn\u00fdch dokument\u016f.\" \/>\n<meta property=\"og:url\" content=\"https:\/\/www.montessoriostrava.cz\/ms\/prijimani-do-materske-skoly\/\" \/>\n<meta property=\"og:site_name\" content=\"M\u0160 Montessori Ostrava\" \/>\n<meta property=\"article:modified_time\" content=\"2025-11-24T07:11:56+00:00\" \/>\n<meta property=\"og:image\" content=\"https:\/\/www.montessoriostrava.cz\/ms\/wp-content\/uploads\/sites\/4\/2024\/09\/IMG_1755-1024x768-1-1.jpg\" \/>\n\t<meta property=\"og:image:width\" content=\"1024\" \/>\n\t<meta property=\"og:image:height\" content=\"768\" \/>\n\t<meta property=\"og:image:type\" content=\"image\/jpeg\" \/>\n<meta name=\"twitter:card\" content=\"summary_large_image\" \/>\n<meta name=\"twitter:label1\" content=\"Odhadovan\u00e1 doba \u010dten\u00ed\" \/>\n\t<meta name=\"twitter:data1\" content=\"3 minuty\" \/>\n<script type=\"application\/ld+json\" class=\"yoast-schema-graph\">{\"@context\":\"https:\\\/\\\/schema.org\",\"@graph\":[{\"@type\":\"WebPage\",\"@id\":\"https:\\\/\\\/www.montessoriostrava.cz\\\/ms\\\/prijimani-do-materske-skoly\\\/\",\"url\":\"https:\\\/\\\/www.montessoriostrava.cz\\\/ms\\\/prijimani-do-materske-skoly\\\/\",\"name\":\"P\u0159ij\u00edm\u00e1n\u00ed do mate\u0159sk\u00e9 \u0161koly | M\u0160 Montessori Ostrava\",\"isPartOf\":{\"@id\":\"https:\\\/\\\/www.montessoriostrava.cz\\\/ms\\\/#website\"},\"primaryImageOfPage\":{\"@id\":\"https:\\\/\\\/www.montessoriostrava.cz\\\/ms\\\/prijimani-do-materske-skoly\\\/#primaryimage\"},\"image\":{\"@id\":\"https:\\\/\\\/www.montessoriostrava.cz\\\/ms\\\/prijimani-do-materske-skoly\\\/#primaryimage\"},\"thumbnailUrl\":\"https:\\\/\\\/www.montessoriostrava.cz\\\/ms\\\/wp-content\\\/uploads\\\/sites\\\/4\\\/2024\\\/09\\\/IMG_1755-1024x768-1-1.jpg\",\"datePublished\":\"2024-09-09T11:57:37+00:00\",\"dateModified\":\"2025-11-24T07:11:56+00:00\",\"description\":\"Informace o podm\u00ednk\u00e1ch a procesu p\u0159ij\u00edm\u00e1n\u00ed d\u011bt\u00ed do Montessori mate\u0159sk\u00e9 \u0161koly. P\u0159ehled krit\u00e9ri\u00ed, term\u00edn\u016f a pot\u0159ebn\u00fdch dokument\u016f.\",\"breadcrumb\":{\"@id\":\"https:\\\/\\\/www.montessoriostrava.cz\\\/ms\\\/prijimani-do-materske-skoly\\\/#breadcrumb\"},\"inLanguage\":\"cs\",\"potentialAction\":[{\"@type\":\"ReadAction\",\"target\":[\"https:\\\/\\\/www.montessoriostrava.cz\\\/ms\\\/prijimani-do-materske-skoly\\\/\"]}]},{\"@type\":\"ImageObject\",\"inLanguage\":\"cs\",\"@id\":\"https:\\\/\\\/www.montessoriostrava.cz\\\/ms\\\/prijimani-do-materske-skoly\\\/#primaryimage\",\"url\":\"https:\\\/\\\/www.montessoriostrava.cz\\\/ms\\\/wp-content\\\/uploads\\\/sites\\\/4\\\/2024\\\/09\\\/IMG_1755-1024x768-1-1.jpg\",\"contentUrl\":\"https:\\\/\\\/www.montessoriostrava.cz\\\/ms\\\/wp-content\\\/uploads\\\/sites\\\/4\\\/2024\\\/09\\\/IMG_1755-1024x768-1-1.jpg\"},{\"@type\":\"BreadcrumbList\",\"@id\":\"https:\\\/\\\/www.montessoriostrava.cz\\\/ms\\\/prijimani-do-materske-skoly\\\/#breadcrumb\",\"itemListElement\":[{\"@type\":\"ListItem\",\"position\":1,\"name\":\"Dom\u016f\",\"item\":\"https:\\\/\\\/www.montessoriostrava.cz\\\/ms\\\/\"},{\"@type\":\"ListItem\",\"position\":2,\"name\":\"P\u0159ij\u00edm\u00e1n\u00ed do mate\u0159sk\u00e9 \u0161koly\"}]},{\"@type\":\"WebSite\",\"@id\":\"https:\\\/\\\/www.montessoriostrava.cz\\\/ms\\\/#website\",\"url\":\"https:\\\/\\\/www.montessoriostrava.cz\\\/ms\\\/\",\"name\":\"M\u0160 Montessori Ostrava\",\"description\":\"\",\"publisher\":{\"@id\":\"https:\\\/\\\/www.montessoriostrava.cz\\\/ms\\\/#organization\"},\"potentialAction\":[{\"@type\":\"SearchAction\",\"target\":{\"@type\":\"EntryPoint\",\"urlTemplate\":\"https:\\\/\\\/www.montessoriostrava.cz\\\/ms\\\/?s={search_term_string}\"},\"query-input\":{\"@type\":\"PropertyValueSpecification\",\"valueRequired\":true,\"valueName\":\"search_term_string\"}}],\"inLanguage\":\"cs\"},{\"@type\":\"Organization\",\"@id\":\"https:\\\/\\\/www.montessoriostrava.cz\\\/ms\\\/#organization\",\"name\":\"Montessori Ostrava\",\"url\":\"https:\\\/\\\/www.montessoriostrava.cz\\\/ms\\\/\",\"logo\":{\"@type\":\"ImageObject\",\"inLanguage\":\"cs\",\"@id\":\"https:\\\/\\\/www.montessoriostrava.cz\\\/ms\\\/#\\\/schema\\\/logo\\\/image\\\/\",\"url\":\"https:\\\/\\\/www.montessoriostrava.cz\\\/ms\\\/wp-content\\\/uploads\\\/sites\\\/4\\\/2025\\\/01\\\/logo-montessori.png\",\"contentUrl\":\"https:\\\/\\\/www.montessoriostrava.cz\\\/ms\\\/wp-content\\\/uploads\\\/sites\\\/4\\\/2025\\\/01\\\/logo-montessori.png\",\"width\":1794,\"height\":527,\"caption\":\"Montessori Ostrava\"},\"image\":{\"@id\":\"https:\\\/\\\/www.montessoriostrava.cz\\\/ms\\\/#\\\/schema\\\/logo\\\/image\\\/\"}}]}<\/script>\n<!-- \/ Yoast SEO plugin. -->","yoast_head_json":{"title":"P\u0159ij\u00edm\u00e1n\u00ed do mate\u0159sk\u00e9 \u0161koly | M\u0160 Montessori Ostrava","description":"Informace o podm\u00ednk\u00e1ch a procesu p\u0159ij\u00edm\u00e1n\u00ed d\u011bt\u00ed do Montessori mate\u0159sk\u00e9 \u0161koly. P\u0159ehled krit\u00e9ri\u00ed, term\u00edn\u016f a pot\u0159ebn\u00fdch dokument\u016f.","robots":{"index":"index","follow":"follow","max-snippet":"max-snippet:-1","max-image-preview":"max-image-preview:large","max-video-preview":"max-video-preview:-1"},"canonical":"https:\/\/www.montessoriostrava.cz\/ms\/prijimani-do-materske-skoly\/","og_locale":"cs_CZ","og_type":"article","og_title":"P\u0159ij\u00edm\u00e1n\u00ed do mate\u0159sk\u00e9 \u0161koly | M\u0160 Montessori Ostrava","og_description":"Informace o podm\u00ednk\u00e1ch a procesu p\u0159ij\u00edm\u00e1n\u00ed d\u011bt\u00ed do Montessori mate\u0159sk\u00e9 \u0161koly. P\u0159ehled krit\u00e9ri\u00ed, term\u00edn\u016f a pot\u0159ebn\u00fdch dokument\u016f.","og_url":"https:\/\/www.montessoriostrava.cz\/ms\/prijimani-do-materske-skoly\/","og_site_name":"M\u0160 Montessori Ostrava","article_modified_time":"2025-11-24T07:11:56+00:00","og_image":[{"width":1024,"height":768,"url":"https:\/\/www.montessoriostrava.cz\/ms\/wp-content\/uploads\/sites\/4\/2024\/09\/IMG_1755-1024x768-1-1.jpg","type":"image\/jpeg"}],"twitter_card":"summary_large_image","twitter_misc":{"Odhadovan\u00e1 doba \u010dten\u00ed":"3 minuty"},"schema":{"@context":"https:\/\/schema.org","@graph":[{"@type":"WebPage","@id":"https:\/\/www.montessoriostrava.cz\/ms\/prijimani-do-materske-skoly\/","url":"https:\/\/www.montessoriostrava.cz\/ms\/prijimani-do-materske-skoly\/","name":"P\u0159ij\u00edm\u00e1n\u00ed do mate\u0159sk\u00e9 \u0161koly | M\u0160 Montessori Ostrava","isPartOf":{"@id":"https:\/\/www.montessoriostrava.cz\/ms\/#website"},"primaryImageOfPage":{"@id":"https:\/\/www.montessoriostrava.cz\/ms\/prijimani-do-materske-skoly\/#primaryimage"},"image":{"@id":"https:\/\/www.montessoriostrava.cz\/ms\/prijimani-do-materske-skoly\/#primaryimage"},"thumbnailUrl":"https:\/\/www.montessoriostrava.cz\/ms\/wp-content\/uploads\/sites\/4\/2024\/09\/IMG_1755-1024x768-1-1.jpg","datePublished":"2024-09-09T11:57:37+00:00","dateModified":"2025-11-24T07:11:56+00:00","description":"Informace o podm\u00ednk\u00e1ch a procesu p\u0159ij\u00edm\u00e1n\u00ed d\u011bt\u00ed do Montessori mate\u0159sk\u00e9 \u0161koly. P\u0159ehled krit\u00e9ri\u00ed, term\u00edn\u016f a pot\u0159ebn\u00fdch dokument\u016f.","breadcrumb":{"@id":"https:\/\/www.montessoriostrava.cz\/ms\/prijimani-do-materske-skoly\/#breadcrumb"},"inLanguage":"cs","potentialAction":[{"@type":"ReadAction","target":["https:\/\/www.montessoriostrava.cz\/ms\/prijimani-do-materske-skoly\/"]}]},{"@type":"ImageObject","inLanguage":"cs","@id":"https:\/\/www.montessoriostrava.cz\/ms\/prijimani-do-materske-skoly\/#primaryimage","url":"https:\/\/www.montessoriostrava.cz\/ms\/wp-content\/uploads\/sites\/4\/2024\/09\/IMG_1755-1024x768-1-1.jpg","contentUrl":"https:\/\/www.montessoriostrava.cz\/ms\/wp-content\/uploads\/sites\/4\/2024\/09\/IMG_1755-1024x768-1-1.jpg"},{"@type":"BreadcrumbList","@id":"https:\/\/www.montessoriostrava.cz\/ms\/prijimani-do-materske-skoly\/#breadcrumb","itemListElement":[{"@type":"ListItem","position":1,"name":"Dom\u016f","item":"https:\/\/www.montessoriostrava.cz\/ms\/"},{"@type":"ListItem","position":2,"name":"P\u0159ij\u00edm\u00e1n\u00ed do mate\u0159sk\u00e9 \u0161koly"}]},{"@type":"WebSite","@id":"https:\/\/www.montessoriostrava.cz\/ms\/#website","url":"https:\/\/www.montessoriostrava.cz\/ms\/","name":"M\u0160 Montessori Ostrava","description":"","publisher":{"@id":"https:\/\/www.montessoriostrava.cz\/ms\/#organization"},"potentialAction":[{"@type":"SearchAction","target":{"@type":"EntryPoint","urlTemplate":"https:\/\/www.montessoriostrava.cz\/ms\/?s={search_term_string}"},"query-input":{"@type":"PropertyValueSpecification","valueRequired":true,"valueName":"search_term_string"}}],"inLanguage":"cs"},{"@type":"Organization","@id":"https:\/\/www.montessoriostrava.cz\/ms\/#organization","name":"Montessori Ostrava","url":"https:\/\/www.montessoriostrava.cz\/ms\/","logo":{"@type":"ImageObject","inLanguage":"cs","@id":"https:\/\/www.montessoriostrava.cz\/ms\/#\/schema\/logo\/image\/","url":"https:\/\/www.montessoriostrava.cz\/ms\/wp-content\/uploads\/sites\/4\/2025\/01\/logo-montessori.png","contentUrl":"https:\/\/www.montessoriostrava.cz\/ms\/wp-content\/uploads\/sites\/4\/2025\/01\/logo-montessori.png","width":1794,"height":527,"caption":"Montessori Ostrava"},"image":{"@id":"https:\/\/www.montessoriostrava.cz\/ms\/#\/schema\/logo\/image\/"}}]}},"_links":{"self":[{"href":"https:\/\/www.montessoriostrava.cz\/ms\/wp-json\/wp\/v2\/pages\/349","targetHints":{"allow":["GET"]}}],"collection":[{"href":"https:\/\/www.montessoriostrava.cz\/ms\/wp-json\/wp\/v2\/pages"}],"about":[{"href":"https:\/\/www.montessoriostrava.cz\/ms\/wp-json\/wp\/v2\/types\/page"}],"author":[{"embeddable":true,"href":"https:\/\/www.montessoriostrava.cz\/ms\/wp-json\/wp\/v2\/users\/1"}],"replies":[{"embeddable":true,"href":"https:\/\/www.montessoriostrava.cz\/ms\/wp-json\/wp\/v2\/comments?post=349"}],"version-history":[{"count":7,"href":"https:\/\/www.montessoriostrava.cz\/ms\/wp-json\/wp\/v2\/pages\/349\/revisions"}],"predecessor-version":[{"id":1376,"href":"https:\/\/www.montessoriostrava.cz\/ms\/wp-json\/wp\/v2\/pages\/349\/revisions\/1376"}],"wp:attachment":[{"href":"https:\/\/www.montessoriostrava.cz\/ms\/wp-json\/wp\/v2\/media?parent=349"}],"curies":[{"name":"wp","href":"https:\/\/api.w.org\/{rel}","templated":true}]}}