{"id":366,"date":"2024-09-09T14:11:20","date_gmt":"2024-09-09T12:11:20","guid":{"rendered":"https:\/\/www.montessoriostrava.cz\/ms\/?page_id=366"},"modified":"2025-01-31T10:09:35","modified_gmt":"2025-01-31T09:09:35","slug":"skolne","status":"publish","type":"page","link":"https:\/\/www.montessoriostrava.cz\/ms\/skolne\/","title":{"rendered":"\u0160koln\u00e9"},"content":{"rendered":"\n<p>\u0160koln\u00e9 se v na\u0161\u00ed \u0161kolce hrad\u00ed bezhotovostn\u00edm p\u0159evodem na \u00fa\u010det mate\u0159sk\u00e9 \u0161koly nebo prost\u0159ednictv\u00edm hotovostn\u00ed \u00fahrady \u00fa\u010detn\u00ed \u0161koly, v\u017edy nejpozd\u011bji k 15. dni m\u011bs\u00edce na m\u011bs\u00edc n\u00e1sleduj\u00edc\u00ed. Z organiza\u010dn\u00edch d\u016fvod\u016f v\u0161ak up\u0159ednost\u0148ujeme bezhotovostn\u00ed platby. Vedle \u0161koln\u00e9ho rodi\u010de hrad\u00ed tak\u00e9 za stravov\u00e1n\u00ed d\u011bt\u00ed.<\/p>\n\n\n\n<p><strong>Bankovn\u00ed spojen\u00ed:<\/strong>&nbsp;\u010d\u00edslo \u00fa\u010dtu: 131-1875240247\/0100<\/p>\n\n\n\n<h2 class=\"wp-block-heading\">Cen\u00edk \u0161koln\u00e9ho na \u0161koln\u00ed rok 2025\/2026<\/h2>\n\n\n\n<ul class=\"wp-block-list\">\n<li>\u0161koln\u00e9 je vypo\u010d\u00edt\u00e1no na 1 d\u00edt\u011b<\/li>\n\n\n\n<li>\u0161koln\u00e9 je vypo\u010d\u00edt\u00e1no tak, aby byly pokryty provozn\u00ed a mzdov\u00e9 n\u00e1klady mate\u0159sk\u00e9 \u0161koly<\/li>\n\n\n\n<li>\u0161koln\u00e9 je stanoveno na m\u011bs\u00ed\u010dn\u00ed platbu<\/li>\n\n\n\n<li>\u0161koln\u00e9 nezahrnuje stravov\u00e1n\u00ed d\u011bt\u00ed<\/li>\n<\/ul>\n\n\n\n<h3 class=\"wp-block-heading\">Platn\u00fd cen\u00edk m\u011bs\u00ed\u010dn\u00edho \u0161koln\u00e9ho (1 d\u00edt\u011b):<\/h3>\n\n\n\n<figure class=\"wp-block-table\"><table><tbody><tr><td><strong>V\u011bk d\u00edt\u011bte<\/strong><\/td><td><strong>Celodenn\u00ed<\/strong><\/td><td><strong>Polodenn\u00ed<\/strong><\/td><\/tr><tr><td>do 3 let<\/td><td>10.990 K\u010d<\/td><td>8.690 K\u010d<\/td><\/tr><tr><td>3 a v\u00edce let<\/td><td>9.690 K\u010d<\/td><td>7.490 K\u010d<\/td><\/tr><\/tbody><\/table><\/figure>\n\n\n\n<h2 class=\"wp-block-heading\">Slevy ze \u0161koln\u00e9ho<\/h2>\n\n\n\n<p>Montessori Ostrava podporuje studium sourozenc\u016f a poskytuje slevu 10% ze \u0161koln\u00e9ho pro celou rodinu. (Nap\u0159\u00ed\u010d \u0161kol\u00e1m Montessori Ostrava).<\/p>\n\n\n\n<figure class=\"wp-block-gallery has-nested-images columns-default is-cropped wp-block-gallery-1 is-layout-flex wp-block-gallery-is-layout-flex\">\n<figure class=\"wp-block-image size-large\"><a href=\"https:\/\/www.montessoriostrava.cz\/ms\/wp-content\/uploads\/sites\/4\/2024\/09\/skolni-jidelna.jpg\"><img loading=\"lazy\" decoding=\"async\" width=\"1000\" height=\"667\" data-id=\"368\" src=\"https:\/\/www.montessoriostrava.cz\/ms\/wp-content\/uploads\/sites\/4\/2024\/09\/skolni-jidelna.jpg\" alt=\"\u0160koln\u00e9\" class=\"wp-image-368\" srcset=\"https:\/\/www.montessoriostrava.cz\/ms\/wp-content\/uploads\/sites\/4\/2024\/09\/skolni-jidelna.jpg 1000w, https:\/\/www.montessoriostrava.cz\/ms\/wp-content\/uploads\/sites\/4\/2024\/09\/skolni-jidelna-300x200.jpg 300w, https:\/\/www.montessoriostrava.cz\/ms\/wp-content\/uploads\/sites\/4\/2024\/09\/skolni-jidelna-768x512.jpg 768w\" sizes=\"auto, (max-width: 1000px) 100vw, 1000px\" \/><\/a><\/figure>\n\n\n\n<figure class=\"wp-block-image size-large\"><a href=\"https:\/\/www.montessoriostrava.cz\/ms\/wp-content\/uploads\/sites\/4\/2024\/09\/svacinu-si-pripravujeme-sami.jpg\"><img loading=\"lazy\" decoding=\"async\" width=\"1000\" height=\"666\" data-id=\"371\" src=\"https:\/\/www.montessoriostrava.cz\/ms\/wp-content\/uploads\/sites\/4\/2024\/09\/svacinu-si-pripravujeme-sami.jpg\" alt=\"\u0160koln\u00e9\" class=\"wp-image-371\" srcset=\"https:\/\/www.montessoriostrava.cz\/ms\/wp-content\/uploads\/sites\/4\/2024\/09\/svacinu-si-pripravujeme-sami.jpg 1000w, https:\/\/www.montessoriostrava.cz\/ms\/wp-content\/uploads\/sites\/4\/2024\/09\/svacinu-si-pripravujeme-sami-300x200.jpg 300w, https:\/\/www.montessoriostrava.cz\/ms\/wp-content\/uploads\/sites\/4\/2024\/09\/svacinu-si-pripravujeme-sami-768x511.jpg 768w\" sizes=\"auto, (max-width: 1000px) 100vw, 1000px\" \/><\/a><\/figure>\n\n\n\n<figure class=\"wp-block-image size-large\"><a href=\"https:\/\/www.montessoriostrava.cz\/ms\/wp-content\/uploads\/sites\/4\/2024\/09\/svacinu-si-pripravujeme-sami-2.jpg\"><img loading=\"lazy\" decoding=\"async\" width=\"1000\" height=\"666\" data-id=\"369\" src=\"https:\/\/www.montessoriostrava.cz\/ms\/wp-content\/uploads\/sites\/4\/2024\/09\/svacinu-si-pripravujeme-sami-2.jpg\" alt=\"\u0160koln\u00e9\" class=\"wp-image-369\" srcset=\"https:\/\/www.montessoriostrava.cz\/ms\/wp-content\/uploads\/sites\/4\/2024\/09\/svacinu-si-pripravujeme-sami-2.jpg 1000w, https:\/\/www.montessoriostrava.cz\/ms\/wp-content\/uploads\/sites\/4\/2024\/09\/svacinu-si-pripravujeme-sami-2-300x200.jpg 300w, https:\/\/www.montessoriostrava.cz\/ms\/wp-content\/uploads\/sites\/4\/2024\/09\/svacinu-si-pripravujeme-sami-2-768x511.jpg 768w\" sizes=\"auto, (max-width: 1000px) 100vw, 1000px\" \/><\/a><\/figure>\n<\/figure>\n\n\n\n<h2 class=\"wp-block-heading\">Soci\u00e1ln\u00ed stipendium<\/h2>\n\n\n\n<p>V\u011b\u0159\u00edme, \u017ee ka\u017ed\u00e9 d\u00edt\u011b si zaslou\u017e\u00ed kvalitn\u00ed vzd\u011bl\u00e1n\u00ed a mo\u017enost rozv\u00edjet sv\u016fj potenci\u00e1l. Proto nab\u00edz\u00edme soci\u00e1ln\u00ed stipendium pro rodi\u010de \u017e\u00e1k\u016f Montessori Ostrava, kte\u0159\u00ed se nach\u00e1zej\u00ed v obt\u00ed\u017en\u00e9 finan\u010dn\u00ed situaci.<\/p>\n\n\n\n<p>Na\u0161e \u0161kola si zakl\u00e1d\u00e1 na podpo\u0159e rodin z r\u016fzn\u00fdch soci\u00e1ln\u00edch vrstev p\u0159\u00edpadn\u011b v\u0161em rodin\u00e1m, kter\u00e9 se dostanou do n\u00e1hle slo\u017eit\u00e9 finan\u010dn\u00ed situace.<\/p>\n\n\n\n<p>Soci\u00e1ln\u00ed stipendium je ur\u010deno na pokryt\u00ed n\u00e1klad\u016f studia ve v\u00fd\u0161i 0-100% p\u0159edepsan\u00e9ho \u0161koln\u00e9ho pro p\u0159\u00edslu\u0161n\u00fd \u0161koln\u00ed rok. Stipendium je p\u0159id\u011blov\u00e1no na z\u00e1klad\u011b individu\u00e1ln\u00edho posouzen\u00ed \u017e\u00e1dosti, jeho p\u0159id\u011blen\u00ed je anonymn\u00ed a diskr\u00e9tn\u00ed.<\/p>\n\n\n\n<div class=\"wp-block-buttons is-layout-flex wp-block-buttons-is-layout-flex\">\n<div class=\"wp-block-button\"><a class=\"wp-block-button__link wp-element-button\" href=\"https:\/\/docs.google.com\/forms\/d\/e\/1FAIpQLSdIC0IeGt2qqayPObYmPV2GPENjpCcDjv22gewioMC7OWknIw\/viewform\" target=\"_blank\" rel=\"noreferrer noopener\">\u017d\u00e1dost o soci\u00e1ln\u00ed stipendium<\/a><\/div>\n<\/div>\n","protected":false},"excerpt":{"rendered":"<p>\u0160koln\u00e9 se v na\u0161\u00ed \u0161kolce hrad\u00ed bezhotovostn\u00edm p\u0159evodem na \u00fa\u010det mate\u0159sk\u00e9 \u0161koly nebo prost\u0159ednictv\u00edm hotovostn\u00ed \u00fahrady \u00fa\u010detn\u00ed \u0161koly, v\u017edy nejpozd\u011bji k 15. dni m\u011bs\u00edce na m\u011bs\u00edc n\u00e1sleduj\u00edc\u00ed. Z organiza\u010dn\u00edch d\u016fvod\u016f v\u0161ak up\u0159ednost\u0148ujeme bezhotovostn\u00ed platby. Vedle \u0161koln\u00e9ho rodi\u010de hrad\u00ed tak\u00e9 za stravov\u00e1n\u00ed d\u011bt\u00ed. Bankovn\u00ed spojen\u00ed:&nbsp;\u010d\u00edslo \u00fa\u010dtu: 131-1875240247\/0100 Cen\u00edk \u0161koln\u00e9ho na \u0161koln\u00ed rok 2025\/2026 Platn\u00fd cen\u00edk m\u011bs\u00ed\u010dn\u00edho [&hellip;]<\/p>\n","protected":false},"author":1,"featured_media":0,"parent":0,"menu_order":0,"comment_status":"closed","ping_status":"closed","template":"","meta":{"footnotes":""},"class_list":["post-366","page","type-page","status-publish","hentry"],"acf":[],"yoast_head":"<!-- This site is optimized with the Yoast SEO plugin v27.6 - https:\/\/yoast.com\/product\/yoast-seo-wordpress\/ -->\n<title>\u0160koln\u00e9 | M\u0160 Montessori Ostrava<\/title>\n<meta name=\"description\" content=\"Podrobn\u00e9 informace o \u0161koln\u00e9m, platb\u00e1ch a mo\u017enostech finan\u010dn\u00ed podpory v Montessori \u0161kolce. Transparentn\u00ed podm\u00ednky a jasn\u00e1 pravidla.\" \/>\n<meta name=\"robots\" content=\"index, follow, max-snippet:-1, max-image-preview:large, max-video-preview:-1\" \/>\n<link rel=\"canonical\" href=\"https:\/\/www.montessoriostrava.cz\/ms\/skolne\/\" \/>\n<meta property=\"og:locale\" content=\"cs_CZ\" \/>\n<meta property=\"og:type\" content=\"article\" \/>\n<meta property=\"og:title\" content=\"\u0160koln\u00e9 | M\u0160 Montessori Ostrava\" \/>\n<meta property=\"og:description\" content=\"Podrobn\u00e9 informace o \u0161koln\u00e9m, platb\u00e1ch a mo\u017enostech finan\u010dn\u00ed podpory v Montessori \u0161kolce. Transparentn\u00ed podm\u00ednky a jasn\u00e1 pravidla.\" \/>\n<meta property=\"og:url\" content=\"https:\/\/www.montessoriostrava.cz\/ms\/skolne\/\" \/>\n<meta property=\"og:site_name\" content=\"M\u0160 Montessori Ostrava\" \/>\n<meta property=\"article:modified_time\" content=\"2025-01-31T09:09:35+00:00\" \/>\n<meta property=\"og:image\" content=\"https:\/\/www.montessoriostrava.cz\/ms\/wp-content\/uploads\/sites\/4\/2024\/09\/skolni-jidelna.jpg\" \/>\n\t<meta property=\"og:image:width\" content=\"1000\" \/>\n\t<meta property=\"og:image:height\" content=\"667\" \/>\n\t<meta property=\"og:image:type\" content=\"image\/jpeg\" \/>\n<meta name=\"twitter:card\" content=\"summary_large_image\" \/>\n<meta name=\"twitter:label1\" content=\"Odhadovan\u00e1 doba \u010dten\u00ed\" \/>\n\t<meta name=\"twitter:data1\" content=\"2 minuty\" \/>\n<script type=\"application\/ld+json\" class=\"yoast-schema-graph\">{\"@context\":\"https:\\\/\\\/schema.org\",\"@graph\":[{\"@type\":\"WebPage\",\"@id\":\"https:\\\/\\\/www.montessoriostrava.cz\\\/ms\\\/skolne\\\/\",\"url\":\"https:\\\/\\\/www.montessoriostrava.cz\\\/ms\\\/skolne\\\/\",\"name\":\"\u0160koln\u00e9 | M\u0160 Montessori Ostrava\",\"isPartOf\":{\"@id\":\"https:\\\/\\\/www.montessoriostrava.cz\\\/ms\\\/#website\"},\"primaryImageOfPage\":{\"@id\":\"https:\\\/\\\/www.montessoriostrava.cz\\\/ms\\\/skolne\\\/#primaryimage\"},\"image\":{\"@id\":\"https:\\\/\\\/www.montessoriostrava.cz\\\/ms\\\/skolne\\\/#primaryimage\"},\"thumbnailUrl\":\"https:\\\/\\\/www.montessoriostrava.cz\\\/ms\\\/wp-content\\\/uploads\\\/sites\\\/4\\\/2024\\\/09\\\/skolni-jidelna.jpg\",\"datePublished\":\"2024-09-09T12:11:20+00:00\",\"dateModified\":\"2025-01-31T09:09:35+00:00\",\"description\":\"Podrobn\u00e9 informace o \u0161koln\u00e9m, platb\u00e1ch a mo\u017enostech finan\u010dn\u00ed podpory v Montessori \u0161kolce. Transparentn\u00ed podm\u00ednky a jasn\u00e1 pravidla.\",\"breadcrumb\":{\"@id\":\"https:\\\/\\\/www.montessoriostrava.cz\\\/ms\\\/skolne\\\/#breadcrumb\"},\"inLanguage\":\"cs\",\"potentialAction\":[{\"@type\":\"ReadAction\",\"target\":[\"https:\\\/\\\/www.montessoriostrava.cz\\\/ms\\\/skolne\\\/\"]}]},{\"@type\":\"ImageObject\",\"inLanguage\":\"cs\",\"@id\":\"https:\\\/\\\/www.montessoriostrava.cz\\\/ms\\\/skolne\\\/#primaryimage\",\"url\":\"https:\\\/\\\/www.montessoriostrava.cz\\\/ms\\\/wp-content\\\/uploads\\\/sites\\\/4\\\/2024\\\/09\\\/skolni-jidelna.jpg\",\"contentUrl\":\"https:\\\/\\\/www.montessoriostrava.cz\\\/ms\\\/wp-content\\\/uploads\\\/sites\\\/4\\\/2024\\\/09\\\/skolni-jidelna.jpg\"},{\"@type\":\"BreadcrumbList\",\"@id\":\"https:\\\/\\\/www.montessoriostrava.cz\\\/ms\\\/skolne\\\/#breadcrumb\",\"itemListElement\":[{\"@type\":\"ListItem\",\"position\":1,\"name\":\"Dom\u016f\",\"item\":\"https:\\\/\\\/www.montessoriostrava.cz\\\/ms\\\/\"},{\"@type\":\"ListItem\",\"position\":2,\"name\":\"\u0160koln\u00e9\"}]},{\"@type\":\"WebSite\",\"@id\":\"https:\\\/\\\/www.montessoriostrava.cz\\\/ms\\\/#website\",\"url\":\"https:\\\/\\\/www.montessoriostrava.cz\\\/ms\\\/\",\"name\":\"M\u0160 Montessori Ostrava\",\"description\":\"\",\"publisher\":{\"@id\":\"https:\\\/\\\/www.montessoriostrava.cz\\\/ms\\\/#organization\"},\"potentialAction\":[{\"@type\":\"SearchAction\",\"target\":{\"@type\":\"EntryPoint\",\"urlTemplate\":\"https:\\\/\\\/www.montessoriostrava.cz\\\/ms\\\/?s={search_term_string}\"},\"query-input\":{\"@type\":\"PropertyValueSpecification\",\"valueRequired\":true,\"valueName\":\"search_term_string\"}}],\"inLanguage\":\"cs\"},{\"@type\":\"Organization\",\"@id\":\"https:\\\/\\\/www.montessoriostrava.cz\\\/ms\\\/#organization\",\"name\":\"Montessori Ostrava\",\"url\":\"https:\\\/\\\/www.montessoriostrava.cz\\\/ms\\\/\",\"logo\":{\"@type\":\"ImageObject\",\"inLanguage\":\"cs\",\"@id\":\"https:\\\/\\\/www.montessoriostrava.cz\\\/ms\\\/#\\\/schema\\\/logo\\\/image\\\/\",\"url\":\"https:\\\/\\\/www.montessoriostrava.cz\\\/ms\\\/wp-content\\\/uploads\\\/sites\\\/4\\\/2025\\\/01\\\/logo-montessori.png\",\"contentUrl\":\"https:\\\/\\\/www.montessoriostrava.cz\\\/ms\\\/wp-content\\\/uploads\\\/sites\\\/4\\\/2025\\\/01\\\/logo-montessori.png\",\"width\":1794,\"height\":527,\"caption\":\"Montessori Ostrava\"},\"image\":{\"@id\":\"https:\\\/\\\/www.montessoriostrava.cz\\\/ms\\\/#\\\/schema\\\/logo\\\/image\\\/\"}}]}<\/script>\n<!-- \/ Yoast SEO plugin. -->","yoast_head_json":{"title":"\u0160koln\u00e9 | M\u0160 Montessori Ostrava","description":"Podrobn\u00e9 informace o \u0161koln\u00e9m, platb\u00e1ch a mo\u017enostech finan\u010dn\u00ed podpory v Montessori \u0161kolce. Transparentn\u00ed podm\u00ednky a jasn\u00e1 pravidla.","robots":{"index":"index","follow":"follow","max-snippet":"max-snippet:-1","max-image-preview":"max-image-preview:large","max-video-preview":"max-video-preview:-1"},"canonical":"https:\/\/www.montessoriostrava.cz\/ms\/skolne\/","og_locale":"cs_CZ","og_type":"article","og_title":"\u0160koln\u00e9 | M\u0160 Montessori Ostrava","og_description":"Podrobn\u00e9 informace o \u0161koln\u00e9m, platb\u00e1ch a mo\u017enostech finan\u010dn\u00ed podpory v Montessori \u0161kolce. Transparentn\u00ed podm\u00ednky a jasn\u00e1 pravidla.","og_url":"https:\/\/www.montessoriostrava.cz\/ms\/skolne\/","og_site_name":"M\u0160 Montessori Ostrava","article_modified_time":"2025-01-31T09:09:35+00:00","og_image":[{"width":1000,"height":667,"url":"https:\/\/www.montessoriostrava.cz\/ms\/wp-content\/uploads\/sites\/4\/2024\/09\/skolni-jidelna.jpg","type":"image\/jpeg"}],"twitter_card":"summary_large_image","twitter_misc":{"Odhadovan\u00e1 doba \u010dten\u00ed":"2 minuty"},"schema":{"@context":"https:\/\/schema.org","@graph":[{"@type":"WebPage","@id":"https:\/\/www.montessoriostrava.cz\/ms\/skolne\/","url":"https:\/\/www.montessoriostrava.cz\/ms\/skolne\/","name":"\u0160koln\u00e9 | M\u0160 Montessori Ostrava","isPartOf":{"@id":"https:\/\/www.montessoriostrava.cz\/ms\/#website"},"primaryImageOfPage":{"@id":"https:\/\/www.montessoriostrava.cz\/ms\/skolne\/#primaryimage"},"image":{"@id":"https:\/\/www.montessoriostrava.cz\/ms\/skolne\/#primaryimage"},"thumbnailUrl":"https:\/\/www.montessoriostrava.cz\/ms\/wp-content\/uploads\/sites\/4\/2024\/09\/skolni-jidelna.jpg","datePublished":"2024-09-09T12:11:20+00:00","dateModified":"2025-01-31T09:09:35+00:00","description":"Podrobn\u00e9 informace o \u0161koln\u00e9m, platb\u00e1ch a mo\u017enostech finan\u010dn\u00ed podpory v Montessori \u0161kolce. Transparentn\u00ed podm\u00ednky a jasn\u00e1 pravidla.","breadcrumb":{"@id":"https:\/\/www.montessoriostrava.cz\/ms\/skolne\/#breadcrumb"},"inLanguage":"cs","potentialAction":[{"@type":"ReadAction","target":["https:\/\/www.montessoriostrava.cz\/ms\/skolne\/"]}]},{"@type":"ImageObject","inLanguage":"cs","@id":"https:\/\/www.montessoriostrava.cz\/ms\/skolne\/#primaryimage","url":"https:\/\/www.montessoriostrava.cz\/ms\/wp-content\/uploads\/sites\/4\/2024\/09\/skolni-jidelna.jpg","contentUrl":"https:\/\/www.montessoriostrava.cz\/ms\/wp-content\/uploads\/sites\/4\/2024\/09\/skolni-jidelna.jpg"},{"@type":"BreadcrumbList","@id":"https:\/\/www.montessoriostrava.cz\/ms\/skolne\/#breadcrumb","itemListElement":[{"@type":"ListItem","position":1,"name":"Dom\u016f","item":"https:\/\/www.montessoriostrava.cz\/ms\/"},{"@type":"ListItem","position":2,"name":"\u0160koln\u00e9"}]},{"@type":"WebSite","@id":"https:\/\/www.montessoriostrava.cz\/ms\/#website","url":"https:\/\/www.montessoriostrava.cz\/ms\/","name":"M\u0160 Montessori Ostrava","description":"","publisher":{"@id":"https:\/\/www.montessoriostrava.cz\/ms\/#organization"},"potentialAction":[{"@type":"SearchAction","target":{"@type":"EntryPoint","urlTemplate":"https:\/\/www.montessoriostrava.cz\/ms\/?s={search_term_string}"},"query-input":{"@type":"PropertyValueSpecification","valueRequired":true,"valueName":"search_term_string"}}],"inLanguage":"cs"},{"@type":"Organization","@id":"https:\/\/www.montessoriostrava.cz\/ms\/#organization","name":"Montessori Ostrava","url":"https:\/\/www.montessoriostrava.cz\/ms\/","logo":{"@type":"ImageObject","inLanguage":"cs","@id":"https:\/\/www.montessoriostrava.cz\/ms\/#\/schema\/logo\/image\/","url":"https:\/\/www.montessoriostrava.cz\/ms\/wp-content\/uploads\/sites\/4\/2025\/01\/logo-montessori.png","contentUrl":"https:\/\/www.montessoriostrava.cz\/ms\/wp-content\/uploads\/sites\/4\/2025\/01\/logo-montessori.png","width":1794,"height":527,"caption":"Montessori Ostrava"},"image":{"@id":"https:\/\/www.montessoriostrava.cz\/ms\/#\/schema\/logo\/image\/"}}]}},"_links":{"self":[{"href":"https:\/\/www.montessoriostrava.cz\/ms\/wp-json\/wp\/v2\/pages\/366","targetHints":{"allow":["GET"]}}],"collection":[{"href":"https:\/\/www.montessoriostrava.cz\/ms\/wp-json\/wp\/v2\/pages"}],"about":[{"href":"https:\/\/www.montessoriostrava.cz\/ms\/wp-json\/wp\/v2\/types\/page"}],"author":[{"embeddable":true,"href":"https:\/\/www.montessoriostrava.cz\/ms\/wp-json\/wp\/v2\/users\/1"}],"replies":[{"embeddable":true,"href":"https:\/\/www.montessoriostrava.cz\/ms\/wp-json\/wp\/v2\/comments?post=366"}],"version-history":[{"count":4,"href":"https:\/\/www.montessoriostrava.cz\/ms\/wp-json\/wp\/v2\/pages\/366\/revisions"}],"predecessor-version":[{"id":589,"href":"https:\/\/www.montessoriostrava.cz\/ms\/wp-json\/wp\/v2\/pages\/366\/revisions\/589"}],"wp:attachment":[{"href":"https:\/\/www.montessoriostrava.cz\/ms\/wp-json\/wp\/v2\/media?parent=366"}],"curies":[{"name":"wp","href":"https:\/\/api.w.org\/{rel}","templated":true}]}}