{"id":1008,"date":"2026-01-08T13:40:29","date_gmt":"2026-01-08T12:40:29","guid":{"rendered":"https:\/\/www.montessoriostrava.cz\/zs\/?page_id=1008"},"modified":"2026-04-23T12:38:42","modified_gmt":"2026-04-23T10:38:42","slug":"dokumenty","status":"publish","type":"page","link":"https:\/\/www.montessoriostrava.cz\/zs\/pro-rodice\/dokumenty\/","title":{"rendered":"Dokumenty\/N\u00e1st\u011bnka"},"content":{"rendered":"\n<ul class=\"wp-block-list\">\n<li><strong>INSPEK\u010cN\u00cd ZPR\u00c1VY<\/strong>\n<ul class=\"wp-block-list\">\n<li><a href=\"https:\/\/drive.google.com\/file\/d\/1tqfZk9RhNqcBafq0WYPG3d-au7LzyoEY\/view?usp=sharing\">2014<\/a><\/li>\n\n\n\n<li><a href=\"https:\/\/drive.google.com\/file\/d\/1VxXuH-ZwQ72RamOdI0AOWQyyZZsUfcVG\/view?usp=sharing\">2017<\/a><\/li>\n\n\n\n<li><a href=\"https:\/\/drive.google.com\/file\/d\/1ZAX9CcmGfg9F8kR5TZfiWsWdmX3iHd1n\/view?usp=sharing\">2026<\/a><\/li>\n<\/ul>\n<\/li>\n\n\n\n<li><a href=\"https:\/\/drive.google.com\/file\/d\/1imkcOl3mBx2qZPzVGsX8wchon2E517wm\/view?usp=share_link\" id=\"https:\/\/drive.google.com\/file\/d\/1imkcOl3mBx2qZPzVGsX8wchon2E517wm\/view?usp=share_link\">V\u00fdsledky z\u00e1pisu do \u0161koln\u00edho roku 2026\/2027<\/a><\/li>\n\n\n\n<li><a href=\"https:\/\/drive.google.com\/file\/d\/1LVYGQwZu8l2ZclzcKnG_DDSsu7YyRbqn\/view\" target=\"_blank\" rel=\"noreferrer noopener\">Vy\u0301roc\u030cni\u0301 zpra\u0301va Montessori 2024-2025<\/a><\/li>\n\n\n\n<li><a href=\"https:\/\/drive.google.com\/file\/d\/1I6JYbwjA9cW5CeaLp3lbG6VWcxGV2Gli\/view?usp=sharing\">\u0160koln\u00ed \u0159\u00e1d Z\u00e1kladn\u00ed \u0161kola Montessori Ostrava<\/a><\/li>\n\n\n\n<li><a href=\"https:\/\/drive.google.com\/file\/d\/1M_38TodOECogGl1lxVMB8jDu6kDcdwGn\/view?usp=sharing\">P\u0159\u00edloha ke \u0160\u0158, Pravidla hodnocen\u00ed<\/a><\/li>\n\n\n\n<li><a href=\"https:\/\/drive.google.com\/file\/d\/1CjMXQ1mKnfbeI1oHZ4gSrV7_44SckJj3\/view?usp=sharing\" id=\"https:\/\/drive.google.com\/file\/d\/1CjMXQ1mKnfbeI1oHZ4gSrV7_44SckJj3\/view?usp=sharing\">\u0160VP Z\u00e1kladn\u00ed \u0161kola Montessori Ostrava<\/a><\/li>\n\n\n\n<li><a href=\"https:\/\/drive.google.com\/file\/d\/1Td2Ta4UsHsNqrWjcfcLUpFpDDhe2JMlT\/view?usp=share_link\" id=\"https:\/\/drive.google.com\/file\/d\/1Td2Ta4UsHsNqrWjcfcLUpFpDDhe2JMlT\/view?usp=share_link\">\u0160VP \u0161koln\u00ed dru\u017einy<\/a><\/li>\n\n\n\n<li><strong>\u0160KOLSK\u00c1 RADA<\/strong>\n<ul class=\"wp-block-list\">\n<li><a href=\"https:\/\/drive.google.com\/file\/d\/1TPEWuDPntJprijR-Id-SSKpRb-UtylcE\/view?usp=sharing\">Slo\u017een\u00ed \u0161kolsk\u00e9 rady<\/a><\/li>\n\n\n\n<li><a href=\"https:\/\/drive.google.com\/file\/d\/1cGYw5ZhL6Qe0ALoc94aQHrDuucaLCsAV\/view?usp=sharing\">Jednac\u00ed \u0159\u00e1d \u0161kolsk\u00e9 rady<\/a><\/li>\n\n\n\n<li><a href=\"https:\/\/drive.google.com\/file\/d\/19nXOfIo1sxiNJDpaMuWPfXk73HzbhJEp\/view?usp=share_link\" id=\"https:\/\/drive.google.com\/file\/d\/19nXOfIo1sxiNJDpaMuWPfXk73HzbhJEp\/view?usp=share_link\">Z\u00e1pis ze zased\u00e1n\u00ed 30.09.2025<\/a><\/li>\n\n\n\n<li><a href=\"https:\/\/forms.gle\/rmmZ95CcJ2iqy7We6\" id=\"https:\/\/forms.gle\/rmmZ95CcJ2iqy7We6\">Pod\u00e1n\u00ed podn\u011btu \u0161kolsk\u00e9 rad\u011b<\/a><\/li>\n<\/ul>\n<\/li>\n\n\n\n<li><a href=\"https:\/\/drive.google.com\/file\/d\/1Vjn29WD0Zw1Nyf4q92m6SjGXnZJrt2Nx\/view?usp=share_link\" id=\"https:\/\/drive.google.com\/file\/d\/1Vjn29WD0Zw1Nyf4q92m6SjGXnZJrt2Nx\/view?usp=share_link\">Sm\u011brnice o ochran\u011b osobn\u00edch \u00fadaj\u016f<\/a><\/li>\n\n\n\n<li><a href=\"https:\/\/drive.google.com\/file\/d\/1_fsRxMN9kuHfzkpwwoL_BqAZwe3tgqGY\/view?usp=sharing\">Vnit\u0159n\u00ed \u0159\u00e1d \u0161koln\u00ed dru\u017einy<\/a><\/li>\n\n\n\n<li><a href=\"https:\/\/drive.google.com\/file\/d\/1M0qIyQrVjEg0kzjkW1h1-erCEEt_IHc8\/view?usp=sharing\" id=\"https:\/\/drive.google.com\/file\/d\/1M0qIyQrVjEg0kzjkW1h1-erCEEt_IHc8\/view?usp=sharing\">Vnit\u0159n\u00ed \u0159\u00e1d \u0161koln\u00ed j\u00eddelny &#8211; v\u00fddejny<\/a><\/li>\n\n\n\n<li><a href=\"https:\/\/drive.google.com\/file\/d\/1dyCvu6swLkEOfUtMPJujbkN0j6RwwvDT\/view?usp=sharing\">Krit\u00e9ria p\u0159ijet\u00ed k povinn\u00e9 \u0161koln\u00ed doch\u00e1zce 2026\/2027<\/a><\/li>\n\n\n\n<li><a href=\"https:\/\/drive.google.com\/file\/d\/1zXSqcpO16xelERLRyrUKqiyvRIkq4rxt\/view?usp=sharing\" id=\"https:\/\/drive.google.com\/file\/d\/1zXSqcpO16xelERLRyrUKqiyvRIkq4rxt\/view?usp=sharing\">Program poradensk\u00fdch slu\u017eeb ve \u0161kole<\/a><\/li>\n\n\n\n<li><a href=\"https:\/\/drive.google.com\/file\/d\/1zXSqcpO16xelERLRyrUKqiyvRIkq4rxt\/view?usp=sharing\" id=\"https:\/\/drive.google.com\/file\/d\/1zXSqcpO16xelERLRyrUKqiyvRIkq4rxt\/view?usp=sharing\">Minim\u00e1ln\u00ed preventivn\u00ed program<\/a><\/li>\n\n\n\n<li><a href=\"https:\/\/drive.google.com\/file\/d\/17tUhEmUjvu8gCt27NhpN28ffzrnOXQd9\/view?usp=sharing\">Postupu zav\u00e1d\u011bn\u00ed PO v Z\u0160<\/a><\/li>\n\n\n\n<li><a href=\"https:\/\/drive.google.com\/file\/d\/1IkvSFiguzQLgrvY25mA06Wxv5wWiis5z\/view?usp=sharing\">Traumatologick\u00fd pl\u00e1n<\/a><\/li>\n<\/ul>\n\n\n\n<p><\/p>\n","protected":false},"excerpt":{"rendered":"","protected":false},"author":1,"featured_media":0,"parent":18,"menu_order":0,"comment_status":"closed","ping_status":"closed","template":"","meta":{"footnotes":""},"class_list":["post-1008","page","type-page","status-publish","hentry"],"acf":[],"yoast_head":"<!-- This site is optimized with the Yoast SEO plugin v27.5 - https:\/\/yoast.com\/product\/yoast-seo-wordpress\/ -->\n<title>Dokumenty\/N\u00e1st\u011bnka | Z\u0160 Montessori Ostrava<\/title>\n<meta name=\"robots\" content=\"index, follow, max-snippet:-1, max-image-preview:large, max-video-preview:-1\" \/>\n<link rel=\"canonical\" href=\"https:\/\/www.montessoriostrava.cz\/zs\/pro-rodice\/dokumenty\/\" \/>\n<meta property=\"og:locale\" content=\"cs_CZ\" \/>\n<meta property=\"og:type\" content=\"article\" \/>\n<meta property=\"og:title\" content=\"Dokumenty\/N\u00e1st\u011bnka | Z\u0160 Montessori Ostrava\" \/>\n<meta property=\"og:url\" content=\"https:\/\/www.montessoriostrava.cz\/zs\/pro-rodice\/dokumenty\/\" \/>\n<meta property=\"og:site_name\" content=\"Z\u0160 Montessori Ostrava\" \/>\n<meta property=\"article:modified_time\" content=\"2026-04-23T10:38:42+00:00\" \/>\n<meta property=\"og:image\" content=\"https:\/\/www.montessoriostrava.cz\/zs\/wp-content\/uploads\/sites\/3\/2024\/09\/9a24f4ac6f0934060ce15cbb2a87d445.png\" \/>\n\t<meta property=\"og:image:width\" content=\"2048\" \/>\n\t<meta property=\"og:image:height\" content=\"2048\" \/>\n\t<meta property=\"og:image:type\" content=\"image\/png\" \/>\n<meta name=\"twitter:card\" content=\"summary_large_image\" \/>\n<meta name=\"twitter:label1\" content=\"Odhadovan\u00e1 doba \u010dten\u00ed\" \/>\n\t<meta name=\"twitter:data1\" content=\"1 minuta\" \/>\n<script type=\"application\/ld+json\" class=\"yoast-schema-graph\">{\"@context\":\"https:\\\/\\\/schema.org\",\"@graph\":[{\"@type\":\"WebPage\",\"@id\":\"https:\\\/\\\/www.montessoriostrava.cz\\\/zs\\\/pro-rodice\\\/dokumenty\\\/\",\"url\":\"https:\\\/\\\/www.montessoriostrava.cz\\\/zs\\\/pro-rodice\\\/dokumenty\\\/\",\"name\":\"Dokumenty\\\/N\u00e1st\u011bnka | Z\u0160 Montessori Ostrava\",\"isPartOf\":{\"@id\":\"https:\\\/\\\/www.montessoriostrava.cz\\\/zs\\\/#website\"},\"datePublished\":\"2026-01-08T12:40:29+00:00\",\"dateModified\":\"2026-04-23T10:38:42+00:00\",\"breadcrumb\":{\"@id\":\"https:\\\/\\\/www.montessoriostrava.cz\\\/zs\\\/pro-rodice\\\/dokumenty\\\/#breadcrumb\"},\"inLanguage\":\"cs\",\"potentialAction\":[{\"@type\":\"ReadAction\",\"target\":[\"https:\\\/\\\/www.montessoriostrava.cz\\\/zs\\\/pro-rodice\\\/dokumenty\\\/\"]}]},{\"@type\":\"BreadcrumbList\",\"@id\":\"https:\\\/\\\/www.montessoriostrava.cz\\\/zs\\\/pro-rodice\\\/dokumenty\\\/#breadcrumb\",\"itemListElement\":[{\"@type\":\"ListItem\",\"position\":1,\"name\":\"Dom\u016f\",\"item\":\"https:\\\/\\\/www.montessoriostrava.cz\\\/zs\\\/\"},{\"@type\":\"ListItem\",\"position\":2,\"name\":\"Pro rodi\u010de\",\"item\":\"https:\\\/\\\/www.montessoriostrava.cz\\\/zs\\\/pro-rodice\\\/\"},{\"@type\":\"ListItem\",\"position\":3,\"name\":\"Dokumenty\\\/N\u00e1st\u011bnka\"}]},{\"@type\":\"WebSite\",\"@id\":\"https:\\\/\\\/www.montessoriostrava.cz\\\/zs\\\/#website\",\"url\":\"https:\\\/\\\/www.montessoriostrava.cz\\\/zs\\\/\",\"name\":\"Z\u0160 Montessori Ostrava\",\"description\":\"Z\u00e1kladn\u00ed \u0161kola s respektem!\",\"publisher\":{\"@id\":\"https:\\\/\\\/www.montessoriostrava.cz\\\/zs\\\/#organization\"},\"potentialAction\":[{\"@type\":\"SearchAction\",\"target\":{\"@type\":\"EntryPoint\",\"urlTemplate\":\"https:\\\/\\\/www.montessoriostrava.cz\\\/zs\\\/?s={search_term_string}\"},\"query-input\":{\"@type\":\"PropertyValueSpecification\",\"valueRequired\":true,\"valueName\":\"search_term_string\"}}],\"inLanguage\":\"cs\"},{\"@type\":\"Organization\",\"@id\":\"https:\\\/\\\/www.montessoriostrava.cz\\\/zs\\\/#organization\",\"name\":\"Montessori Ostrava\",\"url\":\"https:\\\/\\\/www.montessoriostrava.cz\\\/zs\\\/\",\"logo\":{\"@type\":\"ImageObject\",\"inLanguage\":\"cs\",\"@id\":\"https:\\\/\\\/www.montessoriostrava.cz\\\/zs\\\/#\\\/schema\\\/logo\\\/image\\\/\",\"url\":\"https:\\\/\\\/www.montessoriostrava.cz\\\/zs\\\/wp-content\\\/uploads\\\/sites\\\/3\\\/2025\\\/01\\\/logo-montessori.png\",\"contentUrl\":\"https:\\\/\\\/www.montessoriostrava.cz\\\/zs\\\/wp-content\\\/uploads\\\/sites\\\/3\\\/2025\\\/01\\\/logo-montessori.png\",\"width\":1794,\"height\":527,\"caption\":\"Montessori Ostrava\"},\"image\":{\"@id\":\"https:\\\/\\\/www.montessoriostrava.cz\\\/zs\\\/#\\\/schema\\\/logo\\\/image\\\/\"}}]}<\/script>\n<!-- \/ Yoast SEO plugin. -->","yoast_head_json":{"title":"Dokumenty\/N\u00e1st\u011bnka | Z\u0160 Montessori Ostrava","robots":{"index":"index","follow":"follow","max-snippet":"max-snippet:-1","max-image-preview":"max-image-preview:large","max-video-preview":"max-video-preview:-1"},"canonical":"https:\/\/www.montessoriostrava.cz\/zs\/pro-rodice\/dokumenty\/","og_locale":"cs_CZ","og_type":"article","og_title":"Dokumenty\/N\u00e1st\u011bnka | Z\u0160 Montessori Ostrava","og_url":"https:\/\/www.montessoriostrava.cz\/zs\/pro-rodice\/dokumenty\/","og_site_name":"Z\u0160 Montessori Ostrava","article_modified_time":"2026-04-23T10:38:42+00:00","og_image":[{"width":2048,"height":2048,"url":"https:\/\/www.montessoriostrava.cz\/zs\/wp-content\/uploads\/sites\/3\/2024\/09\/9a24f4ac6f0934060ce15cbb2a87d445.png","type":"image\/png"}],"twitter_card":"summary_large_image","twitter_misc":{"Odhadovan\u00e1 doba \u010dten\u00ed":"1 minuta"},"schema":{"@context":"https:\/\/schema.org","@graph":[{"@type":"WebPage","@id":"https:\/\/www.montessoriostrava.cz\/zs\/pro-rodice\/dokumenty\/","url":"https:\/\/www.montessoriostrava.cz\/zs\/pro-rodice\/dokumenty\/","name":"Dokumenty\/N\u00e1st\u011bnka | Z\u0160 Montessori Ostrava","isPartOf":{"@id":"https:\/\/www.montessoriostrava.cz\/zs\/#website"},"datePublished":"2026-01-08T12:40:29+00:00","dateModified":"2026-04-23T10:38:42+00:00","breadcrumb":{"@id":"https:\/\/www.montessoriostrava.cz\/zs\/pro-rodice\/dokumenty\/#breadcrumb"},"inLanguage":"cs","potentialAction":[{"@type":"ReadAction","target":["https:\/\/www.montessoriostrava.cz\/zs\/pro-rodice\/dokumenty\/"]}]},{"@type":"BreadcrumbList","@id":"https:\/\/www.montessoriostrava.cz\/zs\/pro-rodice\/dokumenty\/#breadcrumb","itemListElement":[{"@type":"ListItem","position":1,"name":"Dom\u016f","item":"https:\/\/www.montessoriostrava.cz\/zs\/"},{"@type":"ListItem","position":2,"name":"Pro rodi\u010de","item":"https:\/\/www.montessoriostrava.cz\/zs\/pro-rodice\/"},{"@type":"ListItem","position":3,"name":"Dokumenty\/N\u00e1st\u011bnka"}]},{"@type":"WebSite","@id":"https:\/\/www.montessoriostrava.cz\/zs\/#website","url":"https:\/\/www.montessoriostrava.cz\/zs\/","name":"Z\u0160 Montessori Ostrava","description":"Z\u00e1kladn\u00ed \u0161kola s respektem!","publisher":{"@id":"https:\/\/www.montessoriostrava.cz\/zs\/#organization"},"potentialAction":[{"@type":"SearchAction","target":{"@type":"EntryPoint","urlTemplate":"https:\/\/www.montessoriostrava.cz\/zs\/?s={search_term_string}"},"query-input":{"@type":"PropertyValueSpecification","valueRequired":true,"valueName":"search_term_string"}}],"inLanguage":"cs"},{"@type":"Organization","@id":"https:\/\/www.montessoriostrava.cz\/zs\/#organization","name":"Montessori Ostrava","url":"https:\/\/www.montessoriostrava.cz\/zs\/","logo":{"@type":"ImageObject","inLanguage":"cs","@id":"https:\/\/www.montessoriostrava.cz\/zs\/#\/schema\/logo\/image\/","url":"https:\/\/www.montessoriostrava.cz\/zs\/wp-content\/uploads\/sites\/3\/2025\/01\/logo-montessori.png","contentUrl":"https:\/\/www.montessoriostrava.cz\/zs\/wp-content\/uploads\/sites\/3\/2025\/01\/logo-montessori.png","width":1794,"height":527,"caption":"Montessori Ostrava"},"image":{"@id":"https:\/\/www.montessoriostrava.cz\/zs\/#\/schema\/logo\/image\/"}}]}},"_links":{"self":[{"href":"https:\/\/www.montessoriostrava.cz\/zs\/wp-json\/wp\/v2\/pages\/1008","targetHints":{"allow":["GET"]}}],"collection":[{"href":"https:\/\/www.montessoriostrava.cz\/zs\/wp-json\/wp\/v2\/pages"}],"about":[{"href":"https:\/\/www.montessoriostrava.cz\/zs\/wp-json\/wp\/v2\/types\/page"}],"author":[{"embeddable":true,"href":"https:\/\/www.montessoriostrava.cz\/zs\/wp-json\/wp\/v2\/users\/1"}],"replies":[{"embeddable":true,"href":"https:\/\/www.montessoriostrava.cz\/zs\/wp-json\/wp\/v2\/comments?post=1008"}],"version-history":[{"count":20,"href":"https:\/\/www.montessoriostrava.cz\/zs\/wp-json\/wp\/v2\/pages\/1008\/revisions"}],"predecessor-version":[{"id":1079,"href":"https:\/\/www.montessoriostrava.cz\/zs\/wp-json\/wp\/v2\/pages\/1008\/revisions\/1079"}],"up":[{"embeddable":true,"href":"https:\/\/www.montessoriostrava.cz\/zs\/wp-json\/wp\/v2\/pages\/18"}],"wp:attachment":[{"href":"https:\/\/www.montessoriostrava.cz\/zs\/wp-json\/wp\/v2\/media?parent=1008"}],"curies":[{"name":"wp","href":"https:\/\/api.w.org\/{rel}","templated":true}]}}