{"id":182,"date":"2024-09-05T15:28:36","date_gmt":"2024-09-05T13:28:36","guid":{"rendered":"https:\/\/www.montessoriostrava.cz\/zs\/?page_id=182"},"modified":"2025-01-31T09:07:38","modified_gmt":"2025-01-31T08:07:38","slug":"vzdelani-pro-21-stoleti","status":"publish","type":"page","link":"https:\/\/www.montessoriostrava.cz\/zs\/o-nas\/vzdelani-pro-21-stoleti\/","title":{"rendered":"Vzd\u011bl\u00e1n\u00ed pro 21. stolet\u00ed"},"content":{"rendered":"\n<p>Obsah, organizace a forma vzd\u011bl\u00e1v\u00e1n\u00ed d\u011bt\u00ed na Z\u00e1kladn\u00ed \u0161kole Montessori Ostrava vych\u00e1z\u00ed z&nbsp;vize a posl\u00e1n\u00ed \u0161koly a stoj\u00ed na t\u0159ech pil\u00ed\u0159\u00edch:<\/p>\n\n\n\n<ol class=\"wp-block-list\">\n<li>Inovovan\u00fd r\u00e1mcov\u00fd vzd\u011bl\u00e1vac\u00ed program vych\u00e1zej\u00ed ze strategi\u00ed vzd\u011bl\u00e1van\u00ed M\u0160MT 2030+<\/li>\n\n\n\n<li>\u0160koln\u00ed vzd\u011bl\u00e1vac\u00ed pl\u00e1n Montessori Ostrava<\/li>\n\n\n\n<li>Praktick\u00e9, inovativn\u00ed a organick\u00e9 vzd\u011bl\u00e1v\u00e1n\u00ed reaguj\u00edc\u00ed na zm\u011bny ve spole\u010dnosti a vzd\u011bl\u00e1vac\u00ed pot\u0159eby.<\/li>\n<\/ol>\n\n\n\n<h2 class=\"wp-block-heading\">Vrstevnick\u00e9 u\u010den\u00ed (V\u00fduka v&nbsp;r\u00e1mci trojro\u010d\u00ed)<\/h2>\n\n\n\n<p>Vrstevnick\u00e9 u\u010den\u00ed pom\u00e1h\u00e1 rozv\u00edjet dovednosti, jako je empatie, komunikace, vz\u00e1jemn\u00e1 pomoc a respekt. Vrstevnick\u00e9 u\u010den\u00ed tak\u00e9 p\u0159isp\u00edv\u00e1 k vytv\u00e1\u0159en\u00ed pozitivn\u00edho a podporuj\u00edc\u00edho prost\u0159ed\u00ed pro v\u0161echny \u017e\u00e1ky. Spolupr\u00e1ce mezi d\u011btmi r\u016fzn\u00fdch v\u011bkov\u00fdch skupin p\u0159in\u00e1\u0161\u00ed mnoho v\u00fdhod a p\u0159isp\u00edv\u00e1 k celkov\u00e9mu rozvoji d\u00edt\u011bte jak akademicky, tak i soci\u00e1ln\u011b.<\/p>\n\n\n\n<h2 class=\"wp-block-heading\">Efektivn\u00ed formy hodnocen\u00ed<\/h2>\n\n\n\n<p>Formativn\u00ed hodnocen\u00ed \u2013 jde o slovn\u00ed hodnocen\u00ed m\u00edsto zn\u00e1mek formou poskytnut\u00ed zp\u011btn\u00e9 vazby. \u017d\u00e1k i jeho rodi\u010de jsou podrobn\u011b informov\u00e1ny o tom, jak \u017e\u00e1k zvl\u00e1d\u00e1 danou v\u011bdomost , dovednost, jak ji um\u00ed uplatnit. M\u00e1 motiva\u010dn\u00ed charakter.<\/p>\n\n\n\n<p>Sebehodnocen\u00ed \u2013 v\u00fdsledky pr\u00e1ce \u017e\u00e1ka nen\u00ed hodnocena dle \u017eeb\u0159\u00ed\u010dku v\u00fdkon\u016f, nen\u00ed ani porovn\u00e1v\u00e1na s&nbsp;ostatn\u00edmi d\u011btmi. M\u00e1 op\u011bt motiva\u010dn\u00ed charakter, eliminuje strach z&nbsp;ne\u00fasp\u011bchu. M\u00e1 sv\u00e1 pravidla.<\/p>\n\n\n\n<p>Tr\u00e9nink spolupr\u00e1ce \u2013 pr\u016fvodci nahrazuj\u00ed sout\u011b\u017een\u00ed, z\u00e1m\u011brn\u00e9 porovn\u00e1v\u00e1n\u00ed a sestavovan\u00ed po\u0159ad\u00ed mezi spolu\u017e\u00e1ky m\u00edrou spolupr\u00e1ce mezi sebou a jej\u00edm vyhodnocov\u00e1n\u00edm.<\/p>\n\n\n<div class=\"wp-block-image\">\n<figure class=\"aligncenter size-full\"><img loading=\"lazy\" decoding=\"async\" width=\"1024\" height=\"476\" src=\"https:\/\/www.montessoriostrava.cz\/zs\/wp-content\/uploads\/sites\/3\/2024\/09\/DSC9763-1024x476-1.jpg\" alt=\"Vzd\u011bl\u00e1n\u00ed pro 21. stolet\u00ed\" class=\"wp-image-306\" srcset=\"https:\/\/www.montessoriostrava.cz\/zs\/wp-content\/uploads\/sites\/3\/2024\/09\/DSC9763-1024x476-1.jpg 1024w, https:\/\/www.montessoriostrava.cz\/zs\/wp-content\/uploads\/sites\/3\/2024\/09\/DSC9763-1024x476-1-300x139.jpg 300w, https:\/\/www.montessoriostrava.cz\/zs\/wp-content\/uploads\/sites\/3\/2024\/09\/DSC9763-1024x476-1-768x357.jpg 768w\" sizes=\"auto, (max-width: 1024px) 100vw, 1024px\" \/><\/figure>\n<\/div>\n\n\n<h2 class=\"wp-block-heading\">Projektov\u00e1 v\u00fduka<\/h2>\n\n\n\n<p>U\u010ditel se st\u00e1v\u00e1 pr\u016fvodcem a \u017e\u00e1ci p\u0159eb\u00edraj\u00ed hlavn\u00ed iniciativu. Zab\u00fdvaj\u00ed se jednou oblast\u00ed podrobn\u011b a nahl\u00ed\u017eej\u00ed na ni z r\u016fzn\u00fdch stran. U\u010d\u00ed se na re\u00e1ln\u00fdch p\u0159\u00edkladech ze \u017eivota, a nikoliv na u\u010debnicov\u00fdch p\u0159\u00edkladech.<\/p>\n\n\n\n<h2 class=\"wp-block-heading\">Krou\u017eky veden\u00e9 \u017e\u00e1ky<\/h2>\n\n\n\n<p>\u017d\u00e1ci z&nbsp;vy\u0161\u0161\u00edch ro\u010dn\u00edk\u016f si sami pl\u00e1nuj\u00ed, organizuj\u00ed a realizuj\u00ed pro sv\u00e9 zpravidla mlad\u0161\u00ed spolu\u017e\u00e1ky volno\u010dasov\u00e9 aktivity r\u016fzn\u00e9ho charakteru.<\/p>\n\n\n\n<h2 class=\"wp-block-heading\">V\u00fdpravy<\/h2>\n\n\n\n<p>Jsou zam\u011b\u0159eny na obohacov\u00e1n\u00ed u\u010debn\u00edch zku\u0161enost\u00ed d\u011bt\u00ed a podporuj\u00ed jejich z\u00e1jem, zv\u00eddavost a aktivn\u00ed zapojen\u00ed do vlastn\u00edho u\u010den\u00ed. \u017d\u00e1ci spoluur\u010duj\u00ed c\u00edl a program ka\u017ed\u00e9 v\u00fdpravy, participuj\u00ed na organizaci a realizaci. U\u010ditel\u00e9 zasahuj\u00ed zpravidla jen p\u0159i krizov\u00fdch momentech. Jde o praktickou formu tr\u00e9ningu svobody, samostatnosti a zodpov\u011bdnosti.<\/p>\n\n\n\n<h2 class=\"wp-block-heading\">Ro\u010dn\u00edkov\u00e1 pr\u00e1ce<\/h2>\n\n\n\n<p>\u017d\u00e1ci od II. stupn\u011b si sami b\u011bhem \u0161koln\u00edho roku zpracov\u00e1vaj\u00ed vlastn\u00ed t\u00e9ma v&nbsp;podob\u011b pr\u00e1ce v\u011bdeck\u00e9ho typu, kterou n\u00e1sledn\u011b prezentuj\u00ed ve dvou jazyc\u00edch.<\/p>\n\n\n\n<h2 class=\"wp-block-heading\">Portfolia \u017e\u00e1ka<\/h2>\n\n\n\n<p>Osobn\u00ed slo\u017eka \u017e\u00e1ka a \u0161anon, jej\u00ed\u017e sou\u010d\u00e1st\u00ed jsou vybran\u00e9 pr\u00e1ce z&nbsp;jednotliv\u00fdch p\u0159edm\u011bt\u016f zaznamen\u00e1vaj\u00edc\u00ed individu\u00e1ln\u00ed pokrok \u017e\u00e1ka a \u017e\u00e1kovo pochopen\u00ed a&nbsp;aplikaci u\u010diva.<\/p>\n\n\n\n<h2 class=\"wp-block-heading\">Pr\u00e1ce s&nbsp;technologiemi a um\u011bl\u00e1 inteligence<\/h2>\n\n\n\n<p>\u017d\u00e1dnou digit\u00e1ln\u00ed techniku ve \u0161kole nezavrhujeme, naopak podporujeme jejich smyslupln\u00e9 vyu\u017eit\u00ed, a to v\u010detn\u011b AI (Um\u011bl\u00e9 inteligence). \u0160kola vyu\u017e\u00edv\u00e1 iPady, po\u010d\u00edta\u010de, kamery a tisk\u00e1rny.<\/p>\n","protected":false},"excerpt":{"rendered":"<p>Obsah, organizace a forma vzd\u011bl\u00e1v\u00e1n\u00ed d\u011bt\u00ed na Z\u00e1kladn\u00ed \u0161kole Montessori Ostrava vych\u00e1z\u00ed z&nbsp;vize a posl\u00e1n\u00ed \u0161koly a stoj\u00ed na t\u0159ech pil\u00ed\u0159\u00edch: Vrstevnick\u00e9 u\u010den\u00ed (V\u00fduka v&nbsp;r\u00e1mci trojro\u010d\u00ed) Vrstevnick\u00e9 u\u010den\u00ed pom\u00e1h\u00e1 rozv\u00edjet dovednosti, jako je empatie, komunikace, vz\u00e1jemn\u00e1 pomoc a respekt. Vrstevnick\u00e9 u\u010den\u00ed tak\u00e9 p\u0159isp\u00edv\u00e1 k vytv\u00e1\u0159en\u00ed pozitivn\u00edho a podporuj\u00edc\u00edho prost\u0159ed\u00ed pro v\u0161echny \u017e\u00e1ky. Spolupr\u00e1ce mezi d\u011btmi [&hellip;]<\/p>\n","protected":false},"author":1,"featured_media":0,"parent":12,"menu_order":0,"comment_status":"closed","ping_status":"closed","template":"","meta":{"footnotes":""},"class_list":["post-182","page","type-page","status-publish","hentry"],"acf":[],"yoast_head":"<!-- This site is optimized with the Yoast SEO plugin v27.5 - https:\/\/yoast.com\/product\/yoast-seo-wordpress\/ -->\n<title>Vzd\u011bl\u00e1n\u00ed pro 21. stolet\u00ed | Z\u0160 Montessori Ostrava<\/title>\n<meta name=\"description\" content=\"Modern\u00ed p\u0159\u00edstup ke vzd\u011bl\u00e1v\u00e1n\u00ed na Z\u0160 Montessori Ostrava. P\u0159ipravujeme \u017e\u00e1ky na v\u00fdzvy budoucnosti s d\u016frazem na kritick\u00e9 my\u0161len\u00ed a samostatnost.\" \/>\n<meta name=\"robots\" content=\"index, follow, max-snippet:-1, max-image-preview:large, max-video-preview:-1\" \/>\n<link rel=\"canonical\" href=\"https:\/\/www.montessoriostrava.cz\/zs\/o-nas\/vzdelani-pro-21-stoleti\/\" \/>\n<meta property=\"og:locale\" content=\"cs_CZ\" \/>\n<meta property=\"og:type\" content=\"article\" \/>\n<meta property=\"og:title\" content=\"Vzd\u011bl\u00e1n\u00ed pro 21. stolet\u00ed | Z\u0160 Montessori Ostrava\" \/>\n<meta property=\"og:description\" content=\"Modern\u00ed p\u0159\u00edstup ke vzd\u011bl\u00e1v\u00e1n\u00ed na Z\u0160 Montessori Ostrava. P\u0159ipravujeme \u017e\u00e1ky na v\u00fdzvy budoucnosti s d\u016frazem na kritick\u00e9 my\u0161len\u00ed a samostatnost.\" \/>\n<meta property=\"og:url\" content=\"https:\/\/www.montessoriostrava.cz\/zs\/o-nas\/vzdelani-pro-21-stoleti\/\" \/>\n<meta property=\"og:site_name\" content=\"Z\u0160 Montessori Ostrava\" \/>\n<meta property=\"article:modified_time\" content=\"2025-01-31T08:07:38+00:00\" \/>\n<meta property=\"og:image\" content=\"https:\/\/www.montessoriostrava.cz\/zs\/wp-content\/uploads\/sites\/3\/2024\/09\/DSC9763-1024x476-1.jpg\" \/>\n\t<meta property=\"og:image:width\" content=\"1024\" \/>\n\t<meta property=\"og:image:height\" content=\"476\" \/>\n\t<meta property=\"og:image:type\" content=\"image\/jpeg\" \/>\n<meta name=\"twitter:card\" content=\"summary_large_image\" \/>\n<meta name=\"twitter:label1\" content=\"Odhadovan\u00e1 doba \u010dten\u00ed\" \/>\n\t<meta name=\"twitter:data1\" content=\"3 minuty\" \/>\n<script type=\"application\/ld+json\" class=\"yoast-schema-graph\">{\"@context\":\"https:\\\/\\\/schema.org\",\"@graph\":[{\"@type\":\"WebPage\",\"@id\":\"https:\\\/\\\/www.montessoriostrava.cz\\\/zs\\\/o-nas\\\/vzdelani-pro-21-stoleti\\\/\",\"url\":\"https:\\\/\\\/www.montessoriostrava.cz\\\/zs\\\/o-nas\\\/vzdelani-pro-21-stoleti\\\/\",\"name\":\"Vzd\u011bl\u00e1n\u00ed pro 21. stolet\u00ed | Z\u0160 Montessori Ostrava\",\"isPartOf\":{\"@id\":\"https:\\\/\\\/www.montessoriostrava.cz\\\/zs\\\/#website\"},\"primaryImageOfPage\":{\"@id\":\"https:\\\/\\\/www.montessoriostrava.cz\\\/zs\\\/o-nas\\\/vzdelani-pro-21-stoleti\\\/#primaryimage\"},\"image\":{\"@id\":\"https:\\\/\\\/www.montessoriostrava.cz\\\/zs\\\/o-nas\\\/vzdelani-pro-21-stoleti\\\/#primaryimage\"},\"thumbnailUrl\":\"https:\\\/\\\/www.montessoriostrava.cz\\\/zs\\\/wp-content\\\/uploads\\\/sites\\\/3\\\/2024\\\/09\\\/DSC9763-1024x476-1.jpg\",\"datePublished\":\"2024-09-05T13:28:36+00:00\",\"dateModified\":\"2025-01-31T08:07:38+00:00\",\"description\":\"Modern\u00ed p\u0159\u00edstup ke vzd\u011bl\u00e1v\u00e1n\u00ed na Z\u0160 Montessori Ostrava. P\u0159ipravujeme \u017e\u00e1ky na v\u00fdzvy budoucnosti s d\u016frazem na kritick\u00e9 my\u0161len\u00ed a samostatnost.\",\"breadcrumb\":{\"@id\":\"https:\\\/\\\/www.montessoriostrava.cz\\\/zs\\\/o-nas\\\/vzdelani-pro-21-stoleti\\\/#breadcrumb\"},\"inLanguage\":\"cs\",\"potentialAction\":[{\"@type\":\"ReadAction\",\"target\":[\"https:\\\/\\\/www.montessoriostrava.cz\\\/zs\\\/o-nas\\\/vzdelani-pro-21-stoleti\\\/\"]}]},{\"@type\":\"ImageObject\",\"inLanguage\":\"cs\",\"@id\":\"https:\\\/\\\/www.montessoriostrava.cz\\\/zs\\\/o-nas\\\/vzdelani-pro-21-stoleti\\\/#primaryimage\",\"url\":\"https:\\\/\\\/www.montessoriostrava.cz\\\/zs\\\/wp-content\\\/uploads\\\/sites\\\/3\\\/2024\\\/09\\\/DSC9763-1024x476-1.jpg\",\"contentUrl\":\"https:\\\/\\\/www.montessoriostrava.cz\\\/zs\\\/wp-content\\\/uploads\\\/sites\\\/3\\\/2024\\\/09\\\/DSC9763-1024x476-1.jpg\",\"width\":1024,\"height\":476},{\"@type\":\"BreadcrumbList\",\"@id\":\"https:\\\/\\\/www.montessoriostrava.cz\\\/zs\\\/o-nas\\\/vzdelani-pro-21-stoleti\\\/#breadcrumb\",\"itemListElement\":[{\"@type\":\"ListItem\",\"position\":1,\"name\":\"Dom\u016f\",\"item\":\"https:\\\/\\\/www.montessoriostrava.cz\\\/zs\\\/\"},{\"@type\":\"ListItem\",\"position\":2,\"name\":\"O n\u00e1s\",\"item\":\"https:\\\/\\\/www.montessoriostrava.cz\\\/zs\\\/o-nas\\\/\"},{\"@type\":\"ListItem\",\"position\":3,\"name\":\"Vzd\u011bl\u00e1n\u00ed pro 21. stolet\u00ed\"}]},{\"@type\":\"WebSite\",\"@id\":\"https:\\\/\\\/www.montessoriostrava.cz\\\/zs\\\/#website\",\"url\":\"https:\\\/\\\/www.montessoriostrava.cz\\\/zs\\\/\",\"name\":\"Z\u0160 Montessori Ostrava\",\"description\":\"Z\u00e1kladn\u00ed \u0161kola s respektem!\",\"publisher\":{\"@id\":\"https:\\\/\\\/www.montessoriostrava.cz\\\/zs\\\/#organization\"},\"potentialAction\":[{\"@type\":\"SearchAction\",\"target\":{\"@type\":\"EntryPoint\",\"urlTemplate\":\"https:\\\/\\\/www.montessoriostrava.cz\\\/zs\\\/?s={search_term_string}\"},\"query-input\":{\"@type\":\"PropertyValueSpecification\",\"valueRequired\":true,\"valueName\":\"search_term_string\"}}],\"inLanguage\":\"cs\"},{\"@type\":\"Organization\",\"@id\":\"https:\\\/\\\/www.montessoriostrava.cz\\\/zs\\\/#organization\",\"name\":\"Montessori Ostrava\",\"url\":\"https:\\\/\\\/www.montessoriostrava.cz\\\/zs\\\/\",\"logo\":{\"@type\":\"ImageObject\",\"inLanguage\":\"cs\",\"@id\":\"https:\\\/\\\/www.montessoriostrava.cz\\\/zs\\\/#\\\/schema\\\/logo\\\/image\\\/\",\"url\":\"https:\\\/\\\/www.montessoriostrava.cz\\\/zs\\\/wp-content\\\/uploads\\\/sites\\\/3\\\/2025\\\/01\\\/logo-montessori.png\",\"contentUrl\":\"https:\\\/\\\/www.montessoriostrava.cz\\\/zs\\\/wp-content\\\/uploads\\\/sites\\\/3\\\/2025\\\/01\\\/logo-montessori.png\",\"width\":1794,\"height\":527,\"caption\":\"Montessori Ostrava\"},\"image\":{\"@id\":\"https:\\\/\\\/www.montessoriostrava.cz\\\/zs\\\/#\\\/schema\\\/logo\\\/image\\\/\"}}]}<\/script>\n<!-- \/ Yoast SEO plugin. -->","yoast_head_json":{"title":"Vzd\u011bl\u00e1n\u00ed pro 21. stolet\u00ed | Z\u0160 Montessori Ostrava","description":"Modern\u00ed p\u0159\u00edstup ke vzd\u011bl\u00e1v\u00e1n\u00ed na Z\u0160 Montessori Ostrava. P\u0159ipravujeme \u017e\u00e1ky na v\u00fdzvy budoucnosti s d\u016frazem na kritick\u00e9 my\u0161len\u00ed a samostatnost.","robots":{"index":"index","follow":"follow","max-snippet":"max-snippet:-1","max-image-preview":"max-image-preview:large","max-video-preview":"max-video-preview:-1"},"canonical":"https:\/\/www.montessoriostrava.cz\/zs\/o-nas\/vzdelani-pro-21-stoleti\/","og_locale":"cs_CZ","og_type":"article","og_title":"Vzd\u011bl\u00e1n\u00ed pro 21. stolet\u00ed | Z\u0160 Montessori Ostrava","og_description":"Modern\u00ed p\u0159\u00edstup ke vzd\u011bl\u00e1v\u00e1n\u00ed na Z\u0160 Montessori Ostrava. P\u0159ipravujeme \u017e\u00e1ky na v\u00fdzvy budoucnosti s d\u016frazem na kritick\u00e9 my\u0161len\u00ed a samostatnost.","og_url":"https:\/\/www.montessoriostrava.cz\/zs\/o-nas\/vzdelani-pro-21-stoleti\/","og_site_name":"Z\u0160 Montessori Ostrava","article_modified_time":"2025-01-31T08:07:38+00:00","og_image":[{"width":1024,"height":476,"url":"https:\/\/www.montessoriostrava.cz\/zs\/wp-content\/uploads\/sites\/3\/2024\/09\/DSC9763-1024x476-1.jpg","type":"image\/jpeg"}],"twitter_card":"summary_large_image","twitter_misc":{"Odhadovan\u00e1 doba \u010dten\u00ed":"3 minuty"},"schema":{"@context":"https:\/\/schema.org","@graph":[{"@type":"WebPage","@id":"https:\/\/www.montessoriostrava.cz\/zs\/o-nas\/vzdelani-pro-21-stoleti\/","url":"https:\/\/www.montessoriostrava.cz\/zs\/o-nas\/vzdelani-pro-21-stoleti\/","name":"Vzd\u011bl\u00e1n\u00ed pro 21. stolet\u00ed | Z\u0160 Montessori Ostrava","isPartOf":{"@id":"https:\/\/www.montessoriostrava.cz\/zs\/#website"},"primaryImageOfPage":{"@id":"https:\/\/www.montessoriostrava.cz\/zs\/o-nas\/vzdelani-pro-21-stoleti\/#primaryimage"},"image":{"@id":"https:\/\/www.montessoriostrava.cz\/zs\/o-nas\/vzdelani-pro-21-stoleti\/#primaryimage"},"thumbnailUrl":"https:\/\/www.montessoriostrava.cz\/zs\/wp-content\/uploads\/sites\/3\/2024\/09\/DSC9763-1024x476-1.jpg","datePublished":"2024-09-05T13:28:36+00:00","dateModified":"2025-01-31T08:07:38+00:00","description":"Modern\u00ed p\u0159\u00edstup ke vzd\u011bl\u00e1v\u00e1n\u00ed na Z\u0160 Montessori Ostrava. P\u0159ipravujeme \u017e\u00e1ky na v\u00fdzvy budoucnosti s d\u016frazem na kritick\u00e9 my\u0161len\u00ed a samostatnost.","breadcrumb":{"@id":"https:\/\/www.montessoriostrava.cz\/zs\/o-nas\/vzdelani-pro-21-stoleti\/#breadcrumb"},"inLanguage":"cs","potentialAction":[{"@type":"ReadAction","target":["https:\/\/www.montessoriostrava.cz\/zs\/o-nas\/vzdelani-pro-21-stoleti\/"]}]},{"@type":"ImageObject","inLanguage":"cs","@id":"https:\/\/www.montessoriostrava.cz\/zs\/o-nas\/vzdelani-pro-21-stoleti\/#primaryimage","url":"https:\/\/www.montessoriostrava.cz\/zs\/wp-content\/uploads\/sites\/3\/2024\/09\/DSC9763-1024x476-1.jpg","contentUrl":"https:\/\/www.montessoriostrava.cz\/zs\/wp-content\/uploads\/sites\/3\/2024\/09\/DSC9763-1024x476-1.jpg","width":1024,"height":476},{"@type":"BreadcrumbList","@id":"https:\/\/www.montessoriostrava.cz\/zs\/o-nas\/vzdelani-pro-21-stoleti\/#breadcrumb","itemListElement":[{"@type":"ListItem","position":1,"name":"Dom\u016f","item":"https:\/\/www.montessoriostrava.cz\/zs\/"},{"@type":"ListItem","position":2,"name":"O n\u00e1s","item":"https:\/\/www.montessoriostrava.cz\/zs\/o-nas\/"},{"@type":"ListItem","position":3,"name":"Vzd\u011bl\u00e1n\u00ed pro 21. stolet\u00ed"}]},{"@type":"WebSite","@id":"https:\/\/www.montessoriostrava.cz\/zs\/#website","url":"https:\/\/www.montessoriostrava.cz\/zs\/","name":"Z\u0160 Montessori Ostrava","description":"Z\u00e1kladn\u00ed \u0161kola s respektem!","publisher":{"@id":"https:\/\/www.montessoriostrava.cz\/zs\/#organization"},"potentialAction":[{"@type":"SearchAction","target":{"@type":"EntryPoint","urlTemplate":"https:\/\/www.montessoriostrava.cz\/zs\/?s={search_term_string}"},"query-input":{"@type":"PropertyValueSpecification","valueRequired":true,"valueName":"search_term_string"}}],"inLanguage":"cs"},{"@type":"Organization","@id":"https:\/\/www.montessoriostrava.cz\/zs\/#organization","name":"Montessori Ostrava","url":"https:\/\/www.montessoriostrava.cz\/zs\/","logo":{"@type":"ImageObject","inLanguage":"cs","@id":"https:\/\/www.montessoriostrava.cz\/zs\/#\/schema\/logo\/image\/","url":"https:\/\/www.montessoriostrava.cz\/zs\/wp-content\/uploads\/sites\/3\/2025\/01\/logo-montessori.png","contentUrl":"https:\/\/www.montessoriostrava.cz\/zs\/wp-content\/uploads\/sites\/3\/2025\/01\/logo-montessori.png","width":1794,"height":527,"caption":"Montessori Ostrava"},"image":{"@id":"https:\/\/www.montessoriostrava.cz\/zs\/#\/schema\/logo\/image\/"}}]}},"_links":{"self":[{"href":"https:\/\/www.montessoriostrava.cz\/zs\/wp-json\/wp\/v2\/pages\/182","targetHints":{"allow":["GET"]}}],"collection":[{"href":"https:\/\/www.montessoriostrava.cz\/zs\/wp-json\/wp\/v2\/pages"}],"about":[{"href":"https:\/\/www.montessoriostrava.cz\/zs\/wp-json\/wp\/v2\/types\/page"}],"author":[{"embeddable":true,"href":"https:\/\/www.montessoriostrava.cz\/zs\/wp-json\/wp\/v2\/users\/1"}],"replies":[{"embeddable":true,"href":"https:\/\/www.montessoriostrava.cz\/zs\/wp-json\/wp\/v2\/comments?post=182"}],"version-history":[{"count":2,"href":"https:\/\/www.montessoriostrava.cz\/zs\/wp-json\/wp\/v2\/pages\/182\/revisions"}],"predecessor-version":[{"id":421,"href":"https:\/\/www.montessoriostrava.cz\/zs\/wp-json\/wp\/v2\/pages\/182\/revisions\/421"}],"up":[{"embeddable":true,"href":"https:\/\/www.montessoriostrava.cz\/zs\/wp-json\/wp\/v2\/pages\/12"}],"wp:attachment":[{"href":"https:\/\/www.montessoriostrava.cz\/zs\/wp-json\/wp\/v2\/media?parent=182"}],"curies":[{"name":"wp","href":"https:\/\/api.w.org\/{rel}","templated":true}]}}