{"id":188,"date":"2024-09-05T15:33:40","date_gmt":"2024-09-05T13:33:40","guid":{"rendered":"https:\/\/www.montessoriostrava.cz\/zs\/?page_id=188"},"modified":"2025-01-31T09:01:43","modified_gmt":"2025-01-31T08:01:43","slug":"montessori-podnikatelska-akademie","status":"publish","type":"page","link":"https:\/\/www.montessoriostrava.cz\/zs\/o-nas\/montessori-podnikatelska-akademie\/","title":{"rendered":"Montessori podnikatelsk\u00e1 akademie"},"content":{"rendered":"\n<p>Druh\u00e9 trojro\u010d\u00ed pak okrajov\u011b participuje na provozu \u0161koln\u00edho bufetu, kde doch\u00e1z\u00ed k&nbsp;dal\u0161\u00edmu prohlubov\u00e1n\u00ed praktick\u00fdch a re\u00e1ln\u00fdch dovednost\u00ed.<\/p>\n\n\n\n<p>Vrchol Montessori podnikatelsk\u00e9 akademie p\u0159edstavuje unik\u00e1tn\u00ed aplikovan\u00e9 vzd\u011bl\u00e1v\u00e1n\u00ed na II. stupni (Druh\u00e9 trojro\u010d\u00ed). \u017d\u00e1ci se, paraleln\u011b vedle b\u011b\u017en\u00e9 v\u00fduky, \u0159\u00edzen\u00fdm zp\u016fsobem zam\u011b\u0159uj\u00ed na praktick\u00e9, zku\u0161enostn\u00ed a dovednostn\u00ed vzd\u011bl\u00e1v\u00e1n\u00ed v&nbsp;podob\u011b hydroponick\u00e9ho p\u011bstov\u00e1n\u00ed rostlin. Krom\u011b rozvoje praktick\u00fdch dovednost\u00ed a pochopen\u00ed v\u011bdeck\u00fdch princip\u016f mohou \u017e\u00e1ci z\u00edskat cenn\u00e9 zku\u0161enosti v oblastech environment\u00e1ln\u00ed v\u00fdchovy, soci\u00e1ln\u00edho a emo\u010dn\u00edho rozvoje, matematiky, kreativn\u00edho my\u0161len\u00ed a \u0159e\u0161en\u00ed probl\u00e9m\u016f, prezentace, multidisciplin\u00e1rn\u00edho p\u0159\u00edstupu a podnik\u00e1n\u00ed.<\/p>\n\n\n<div class=\"wp-block-image\">\n<figure class=\"aligncenter size-full\"><img loading=\"lazy\" decoding=\"async\" width=\"1024\" height=\"478\" src=\"https:\/\/www.montessoriostrava.cz\/zs\/wp-content\/uploads\/sites\/3\/2024\/09\/DSC9711-1024x478-1.jpg\" alt=\"Montessori podnikatelsk\u00e1 akademie\" class=\"wp-image-427\" srcset=\"https:\/\/www.montessoriostrava.cz\/zs\/wp-content\/uploads\/sites\/3\/2024\/09\/DSC9711-1024x478-1.jpg 1024w, https:\/\/www.montessoriostrava.cz\/zs\/wp-content\/uploads\/sites\/3\/2024\/09\/DSC9711-1024x478-1-300x140.jpg 300w, https:\/\/www.montessoriostrava.cz\/zs\/wp-content\/uploads\/sites\/3\/2024\/09\/DSC9711-1024x478-1-768x359.jpg 768w\" sizes=\"auto, (max-width: 1024px) 100vw, 1024px\" \/><\/figure>\n<\/div>","protected":false},"excerpt":{"rendered":"<p>Druh\u00e9 trojro\u010d\u00ed pak okrajov\u011b participuje na provozu \u0161koln\u00edho bufetu, kde doch\u00e1z\u00ed k&nbsp;dal\u0161\u00edmu prohlubov\u00e1n\u00ed praktick\u00fdch a re\u00e1ln\u00fdch dovednost\u00ed. Vrchol Montessori podnikatelsk\u00e9 akademie p\u0159edstavuje unik\u00e1tn\u00ed aplikovan\u00e9 vzd\u011bl\u00e1v\u00e1n\u00ed na II. stupni (Druh\u00e9 trojro\u010d\u00ed). \u017d\u00e1ci se, paraleln\u011b vedle b\u011b\u017en\u00e9 v\u00fduky, \u0159\u00edzen\u00fdm zp\u016fsobem zam\u011b\u0159uj\u00ed na praktick\u00e9, zku\u0161enostn\u00ed a dovednostn\u00ed vzd\u011bl\u00e1v\u00e1n\u00ed v&nbsp;podob\u011b hydroponick\u00e9ho p\u011bstov\u00e1n\u00ed rostlin. Krom\u011b rozvoje praktick\u00fdch dovednost\u00ed a pochopen\u00ed [&hellip;]<\/p>\n","protected":false},"author":1,"featured_media":0,"parent":12,"menu_order":0,"comment_status":"closed","ping_status":"closed","template":"","meta":{"footnotes":""},"class_list":["post-188","page","type-page","status-publish","hentry"],"acf":[],"yoast_head":"<!-- This site is optimized with the Yoast SEO plugin v27.5 - https:\/\/yoast.com\/product\/yoast-seo-wordpress\/ -->\n<title>Montessori podnikatelsk\u00e1 akademie | Z\u0160 Montessori Ostrava<\/title>\n<meta name=\"description\" content=\"Rozv\u00edj\u00edme podnikavost a kreativn\u00ed my\u0161len\u00ed. Na\u0161i \u017e\u00e1ci z\u00edsk\u00e1vaj\u00ed praktick\u00e9 zku\u0161enosti a u\u010d\u00ed se odpov\u011bdnosti skrze re\u00e1ln\u00e9 projekty.\" \/>\n<meta name=\"robots\" content=\"index, follow, max-snippet:-1, max-image-preview:large, max-video-preview:-1\" \/>\n<link rel=\"canonical\" href=\"https:\/\/www.montessoriostrava.cz\/zs\/o-nas\/montessori-podnikatelska-akademie\/\" \/>\n<meta property=\"og:locale\" content=\"cs_CZ\" \/>\n<meta property=\"og:type\" content=\"article\" \/>\n<meta property=\"og:title\" content=\"Montessori podnikatelsk\u00e1 akademie | Z\u0160 Montessori Ostrava\" \/>\n<meta property=\"og:description\" content=\"Rozv\u00edj\u00edme podnikavost a kreativn\u00ed my\u0161len\u00ed. Na\u0161i \u017e\u00e1ci z\u00edsk\u00e1vaj\u00ed praktick\u00e9 zku\u0161enosti a u\u010d\u00ed se odpov\u011bdnosti skrze re\u00e1ln\u00e9 projekty.\" \/>\n<meta property=\"og:url\" content=\"https:\/\/www.montessoriostrava.cz\/zs\/o-nas\/montessori-podnikatelska-akademie\/\" \/>\n<meta property=\"og:site_name\" content=\"Z\u0160 Montessori Ostrava\" \/>\n<meta property=\"article:modified_time\" content=\"2025-01-31T08:01:43+00:00\" \/>\n<meta property=\"og:image\" content=\"https:\/\/www.montessoriostrava.cz\/zs\/wp-content\/uploads\/sites\/3\/2024\/09\/DSC9711-1024x478-1.jpg\" \/>\n\t<meta property=\"og:image:width\" content=\"1024\" \/>\n\t<meta property=\"og:image:height\" content=\"478\" \/>\n\t<meta property=\"og:image:type\" content=\"image\/jpeg\" \/>\n<meta name=\"twitter:card\" content=\"summary_large_image\" \/>\n<meta name=\"twitter:label1\" content=\"Odhadovan\u00e1 doba \u010dten\u00ed\" \/>\n\t<meta name=\"twitter:data1\" content=\"1 minuta\" \/>\n<script type=\"application\/ld+json\" class=\"yoast-schema-graph\">{\"@context\":\"https:\\\/\\\/schema.org\",\"@graph\":[{\"@type\":\"WebPage\",\"@id\":\"https:\\\/\\\/www.montessoriostrava.cz\\\/zs\\\/o-nas\\\/montessori-podnikatelska-akademie\\\/\",\"url\":\"https:\\\/\\\/www.montessoriostrava.cz\\\/zs\\\/o-nas\\\/montessori-podnikatelska-akademie\\\/\",\"name\":\"Montessori podnikatelsk\u00e1 akademie | Z\u0160 Montessori Ostrava\",\"isPartOf\":{\"@id\":\"https:\\\/\\\/www.montessoriostrava.cz\\\/zs\\\/#website\"},\"primaryImageOfPage\":{\"@id\":\"https:\\\/\\\/www.montessoriostrava.cz\\\/zs\\\/o-nas\\\/montessori-podnikatelska-akademie\\\/#primaryimage\"},\"image\":{\"@id\":\"https:\\\/\\\/www.montessoriostrava.cz\\\/zs\\\/o-nas\\\/montessori-podnikatelska-akademie\\\/#primaryimage\"},\"thumbnailUrl\":\"https:\\\/\\\/www.montessoriostrava.cz\\\/zs\\\/wp-content\\\/uploads\\\/sites\\\/3\\\/2024\\\/09\\\/DSC9711-1024x478-1.jpg\",\"datePublished\":\"2024-09-05T13:33:40+00:00\",\"dateModified\":\"2025-01-31T08:01:43+00:00\",\"description\":\"Rozv\u00edj\u00edme podnikavost a kreativn\u00ed my\u0161len\u00ed. Na\u0161i \u017e\u00e1ci z\u00edsk\u00e1vaj\u00ed praktick\u00e9 zku\u0161enosti a u\u010d\u00ed se odpov\u011bdnosti skrze re\u00e1ln\u00e9 projekty.\",\"breadcrumb\":{\"@id\":\"https:\\\/\\\/www.montessoriostrava.cz\\\/zs\\\/o-nas\\\/montessori-podnikatelska-akademie\\\/#breadcrumb\"},\"inLanguage\":\"cs\",\"potentialAction\":[{\"@type\":\"ReadAction\",\"target\":[\"https:\\\/\\\/www.montessoriostrava.cz\\\/zs\\\/o-nas\\\/montessori-podnikatelska-akademie\\\/\"]}]},{\"@type\":\"ImageObject\",\"inLanguage\":\"cs\",\"@id\":\"https:\\\/\\\/www.montessoriostrava.cz\\\/zs\\\/o-nas\\\/montessori-podnikatelska-akademie\\\/#primaryimage\",\"url\":\"https:\\\/\\\/www.montessoriostrava.cz\\\/zs\\\/wp-content\\\/uploads\\\/sites\\\/3\\\/2024\\\/09\\\/DSC9711-1024x478-1.jpg\",\"contentUrl\":\"https:\\\/\\\/www.montessoriostrava.cz\\\/zs\\\/wp-content\\\/uploads\\\/sites\\\/3\\\/2024\\\/09\\\/DSC9711-1024x478-1.jpg\",\"width\":1024,\"height\":478},{\"@type\":\"BreadcrumbList\",\"@id\":\"https:\\\/\\\/www.montessoriostrava.cz\\\/zs\\\/o-nas\\\/montessori-podnikatelska-akademie\\\/#breadcrumb\",\"itemListElement\":[{\"@type\":\"ListItem\",\"position\":1,\"name\":\"Dom\u016f\",\"item\":\"https:\\\/\\\/www.montessoriostrava.cz\\\/zs\\\/\"},{\"@type\":\"ListItem\",\"position\":2,\"name\":\"O n\u00e1s\",\"item\":\"https:\\\/\\\/www.montessoriostrava.cz\\\/zs\\\/o-nas\\\/\"},{\"@type\":\"ListItem\",\"position\":3,\"name\":\"Montessori podnikatelsk\u00e1 akademie\"}]},{\"@type\":\"WebSite\",\"@id\":\"https:\\\/\\\/www.montessoriostrava.cz\\\/zs\\\/#website\",\"url\":\"https:\\\/\\\/www.montessoriostrava.cz\\\/zs\\\/\",\"name\":\"Z\u0160 Montessori Ostrava\",\"description\":\"Z\u00e1kladn\u00ed \u0161kola s respektem!\",\"publisher\":{\"@id\":\"https:\\\/\\\/www.montessoriostrava.cz\\\/zs\\\/#organization\"},\"potentialAction\":[{\"@type\":\"SearchAction\",\"target\":{\"@type\":\"EntryPoint\",\"urlTemplate\":\"https:\\\/\\\/www.montessoriostrava.cz\\\/zs\\\/?s={search_term_string}\"},\"query-input\":{\"@type\":\"PropertyValueSpecification\",\"valueRequired\":true,\"valueName\":\"search_term_string\"}}],\"inLanguage\":\"cs\"},{\"@type\":\"Organization\",\"@id\":\"https:\\\/\\\/www.montessoriostrava.cz\\\/zs\\\/#organization\",\"name\":\"Montessori Ostrava\",\"url\":\"https:\\\/\\\/www.montessoriostrava.cz\\\/zs\\\/\",\"logo\":{\"@type\":\"ImageObject\",\"inLanguage\":\"cs\",\"@id\":\"https:\\\/\\\/www.montessoriostrava.cz\\\/zs\\\/#\\\/schema\\\/logo\\\/image\\\/\",\"url\":\"https:\\\/\\\/www.montessoriostrava.cz\\\/zs\\\/wp-content\\\/uploads\\\/sites\\\/3\\\/2025\\\/01\\\/logo-montessori.png\",\"contentUrl\":\"https:\\\/\\\/www.montessoriostrava.cz\\\/zs\\\/wp-content\\\/uploads\\\/sites\\\/3\\\/2025\\\/01\\\/logo-montessori.png\",\"width\":1794,\"height\":527,\"caption\":\"Montessori Ostrava\"},\"image\":{\"@id\":\"https:\\\/\\\/www.montessoriostrava.cz\\\/zs\\\/#\\\/schema\\\/logo\\\/image\\\/\"}}]}<\/script>\n<!-- \/ Yoast SEO plugin. -->","yoast_head_json":{"title":"Montessori podnikatelsk\u00e1 akademie | Z\u0160 Montessori Ostrava","description":"Rozv\u00edj\u00edme podnikavost a kreativn\u00ed my\u0161len\u00ed. Na\u0161i \u017e\u00e1ci z\u00edsk\u00e1vaj\u00ed praktick\u00e9 zku\u0161enosti a u\u010d\u00ed se odpov\u011bdnosti skrze re\u00e1ln\u00e9 projekty.","robots":{"index":"index","follow":"follow","max-snippet":"max-snippet:-1","max-image-preview":"max-image-preview:large","max-video-preview":"max-video-preview:-1"},"canonical":"https:\/\/www.montessoriostrava.cz\/zs\/o-nas\/montessori-podnikatelska-akademie\/","og_locale":"cs_CZ","og_type":"article","og_title":"Montessori podnikatelsk\u00e1 akademie | Z\u0160 Montessori Ostrava","og_description":"Rozv\u00edj\u00edme podnikavost a kreativn\u00ed my\u0161len\u00ed. Na\u0161i \u017e\u00e1ci z\u00edsk\u00e1vaj\u00ed praktick\u00e9 zku\u0161enosti a u\u010d\u00ed se odpov\u011bdnosti skrze re\u00e1ln\u00e9 projekty.","og_url":"https:\/\/www.montessoriostrava.cz\/zs\/o-nas\/montessori-podnikatelska-akademie\/","og_site_name":"Z\u0160 Montessori Ostrava","article_modified_time":"2025-01-31T08:01:43+00:00","og_image":[{"width":1024,"height":478,"url":"https:\/\/www.montessoriostrava.cz\/zs\/wp-content\/uploads\/sites\/3\/2024\/09\/DSC9711-1024x478-1.jpg","type":"image\/jpeg"}],"twitter_card":"summary_large_image","twitter_misc":{"Odhadovan\u00e1 doba \u010dten\u00ed":"1 minuta"},"schema":{"@context":"https:\/\/schema.org","@graph":[{"@type":"WebPage","@id":"https:\/\/www.montessoriostrava.cz\/zs\/o-nas\/montessori-podnikatelska-akademie\/","url":"https:\/\/www.montessoriostrava.cz\/zs\/o-nas\/montessori-podnikatelska-akademie\/","name":"Montessori podnikatelsk\u00e1 akademie | Z\u0160 Montessori Ostrava","isPartOf":{"@id":"https:\/\/www.montessoriostrava.cz\/zs\/#website"},"primaryImageOfPage":{"@id":"https:\/\/www.montessoriostrava.cz\/zs\/o-nas\/montessori-podnikatelska-akademie\/#primaryimage"},"image":{"@id":"https:\/\/www.montessoriostrava.cz\/zs\/o-nas\/montessori-podnikatelska-akademie\/#primaryimage"},"thumbnailUrl":"https:\/\/www.montessoriostrava.cz\/zs\/wp-content\/uploads\/sites\/3\/2024\/09\/DSC9711-1024x478-1.jpg","datePublished":"2024-09-05T13:33:40+00:00","dateModified":"2025-01-31T08:01:43+00:00","description":"Rozv\u00edj\u00edme podnikavost a kreativn\u00ed my\u0161len\u00ed. Na\u0161i \u017e\u00e1ci z\u00edsk\u00e1vaj\u00ed praktick\u00e9 zku\u0161enosti a u\u010d\u00ed se odpov\u011bdnosti skrze re\u00e1ln\u00e9 projekty.","breadcrumb":{"@id":"https:\/\/www.montessoriostrava.cz\/zs\/o-nas\/montessori-podnikatelska-akademie\/#breadcrumb"},"inLanguage":"cs","potentialAction":[{"@type":"ReadAction","target":["https:\/\/www.montessoriostrava.cz\/zs\/o-nas\/montessori-podnikatelska-akademie\/"]}]},{"@type":"ImageObject","inLanguage":"cs","@id":"https:\/\/www.montessoriostrava.cz\/zs\/o-nas\/montessori-podnikatelska-akademie\/#primaryimage","url":"https:\/\/www.montessoriostrava.cz\/zs\/wp-content\/uploads\/sites\/3\/2024\/09\/DSC9711-1024x478-1.jpg","contentUrl":"https:\/\/www.montessoriostrava.cz\/zs\/wp-content\/uploads\/sites\/3\/2024\/09\/DSC9711-1024x478-1.jpg","width":1024,"height":478},{"@type":"BreadcrumbList","@id":"https:\/\/www.montessoriostrava.cz\/zs\/o-nas\/montessori-podnikatelska-akademie\/#breadcrumb","itemListElement":[{"@type":"ListItem","position":1,"name":"Dom\u016f","item":"https:\/\/www.montessoriostrava.cz\/zs\/"},{"@type":"ListItem","position":2,"name":"O n\u00e1s","item":"https:\/\/www.montessoriostrava.cz\/zs\/o-nas\/"},{"@type":"ListItem","position":3,"name":"Montessori podnikatelsk\u00e1 akademie"}]},{"@type":"WebSite","@id":"https:\/\/www.montessoriostrava.cz\/zs\/#website","url":"https:\/\/www.montessoriostrava.cz\/zs\/","name":"Z\u0160 Montessori Ostrava","description":"Z\u00e1kladn\u00ed \u0161kola s respektem!","publisher":{"@id":"https:\/\/www.montessoriostrava.cz\/zs\/#organization"},"potentialAction":[{"@type":"SearchAction","target":{"@type":"EntryPoint","urlTemplate":"https:\/\/www.montessoriostrava.cz\/zs\/?s={search_term_string}"},"query-input":{"@type":"PropertyValueSpecification","valueRequired":true,"valueName":"search_term_string"}}],"inLanguage":"cs"},{"@type":"Organization","@id":"https:\/\/www.montessoriostrava.cz\/zs\/#organization","name":"Montessori Ostrava","url":"https:\/\/www.montessoriostrava.cz\/zs\/","logo":{"@type":"ImageObject","inLanguage":"cs","@id":"https:\/\/www.montessoriostrava.cz\/zs\/#\/schema\/logo\/image\/","url":"https:\/\/www.montessoriostrava.cz\/zs\/wp-content\/uploads\/sites\/3\/2025\/01\/logo-montessori.png","contentUrl":"https:\/\/www.montessoriostrava.cz\/zs\/wp-content\/uploads\/sites\/3\/2025\/01\/logo-montessori.png","width":1794,"height":527,"caption":"Montessori Ostrava"},"image":{"@id":"https:\/\/www.montessoriostrava.cz\/zs\/#\/schema\/logo\/image\/"}}]}},"_links":{"self":[{"href":"https:\/\/www.montessoriostrava.cz\/zs\/wp-json\/wp\/v2\/pages\/188","targetHints":{"allow":["GET"]}}],"collection":[{"href":"https:\/\/www.montessoriostrava.cz\/zs\/wp-json\/wp\/v2\/pages"}],"about":[{"href":"https:\/\/www.montessoriostrava.cz\/zs\/wp-json\/wp\/v2\/types\/page"}],"author":[{"embeddable":true,"href":"https:\/\/www.montessoriostrava.cz\/zs\/wp-json\/wp\/v2\/users\/1"}],"replies":[{"embeddable":true,"href":"https:\/\/www.montessoriostrava.cz\/zs\/wp-json\/wp\/v2\/comments?post=188"}],"version-history":[{"count":6,"href":"https:\/\/www.montessoriostrava.cz\/zs\/wp-json\/wp\/v2\/pages\/188\/revisions"}],"predecessor-version":[{"id":429,"href":"https:\/\/www.montessoriostrava.cz\/zs\/wp-json\/wp\/v2\/pages\/188\/revisions\/429"}],"up":[{"embeddable":true,"href":"https:\/\/www.montessoriostrava.cz\/zs\/wp-json\/wp\/v2\/pages\/12"}],"wp:attachment":[{"href":"https:\/\/www.montessoriostrava.cz\/zs\/wp-json\/wp\/v2\/media?parent=188"}],"curies":[{"name":"wp","href":"https:\/\/api.w.org\/{rel}","templated":true}]}}