{"id":190,"date":"2024-09-05T15:39:05","date_gmt":"2024-09-05T13:39:05","guid":{"rendered":"https:\/\/www.montessoriostrava.cz\/zs\/?page_id=190"},"modified":"2025-01-31T09:07:59","modified_gmt":"2025-01-31T08:07:59","slug":"vzdelavaci-oblasti","status":"publish","type":"page","link":"https:\/\/www.montessoriostrava.cz\/zs\/o-nas\/vzdelavaci-oblasti\/","title":{"rendered":"Vzd\u011bl\u00e1vac\u00ed oblasti"},"content":{"rendered":"\n<p>Pedagogick\u00fd p\u0159\u00edstup je zalo\u017een na Montessori filozofii a v\u00fduka ve v\u0161ech p\u0159edm\u011btech vych\u00e1z\u00ed z Montessori metodiky. Vzd\u011bl\u00e1vac\u00ed obsah Montessori z\u00e1kladn\u00ed \u0161koly pln\u011b vych\u00e1z\u00ed z&nbsp;oblast\u00ed M\u0160MT (RVP), n\u011bkter\u00e9 vzd\u011bl\u00e1vac\u00ed oblasti jsou v\u0161ak slou\u010deny pod souhrnn\u00fdm n\u00e1zvem (nap\u0159. Kosmick\u00e1 v\u00fdchova \u2013 zahrnuje v&nbsp;sob\u011b vzd\u011bl\u00e1vac\u00ed oblast: \u010clov\u011bk a jeho sv\u011bt, \u010clov\u011bk a spole\u010dnost a \u010clov\u011bk a sv\u011bt pr\u00e1ce).<\/p>\n\n\n\n<p>Pln\u011b tak napl\u0148ujeme po\u017eadavky \u010desk\u00e9ho vzd\u011bl\u00e1vac\u00edho pl\u00e1nu a d\u011bti odch\u00e1zej\u00edc\u00ed ze z\u00e1kladn\u00ed \u0161koly Montessori Ostrava se velmi dob\u0159e um\u00eds\u0165uj\u00ed v p\u0159ij\u00edmac\u00edch zkou\u0161k\u00e1ch na \u010desk\u00e9 st\u0159edn\u00ed \u0161koly (Do roku 2025 zat\u00edm na 8let\u00e1.).<\/p>\n\n\n\n<p>Vzd\u011bl\u00e1vac\u00ed obsah Montessori z\u00e1kladn\u00ed \u0161koly pln\u011b vych\u00e1z\u00ed z&nbsp;t\u011bchto oblast\u00ed, n\u011bkter\u00e9 vzd\u011bl\u00e1vac\u00ed oblasti jsou v\u0161ak slou\u010deny pod souhrnn\u00fdm n\u00e1zvem (nap\u0159. Kosmick\u00e1 v\u00fdchova \u2013 zahrnuje v&nbsp;sob\u011b vzd\u011bl\u00e1vac\u00ed oblast: \u010clov\u011bk a jeho sv\u011bt, \u010clov\u011bk a spole\u010dnost a \u010clov\u011bk a sv\u011bt pr\u00e1ce).<\/p>\n\n\n\n<figure class=\"wp-block-table is-style-regular\"><table class=\"has-fixed-layout\"><thead><tr><th><strong>Vzd\u011bl\u00e1vac\u00ed oblast<\/strong><\/th><th><strong>Vzd\u011bl\u00e1vac\u00ed obory (p\u0159edm\u011bty)<\/strong><\/th><\/tr><\/thead><tbody><tr><td><strong>Jazyk a jazykov\u00e1 komunikace<\/strong><\/td><td>\u010cesk\u00fd jazyk<\/td><\/tr><tr><td><\/td><td>Anglick\u00fd jazyk<\/td><\/tr><tr><td><\/td><td>Francouzsk\u00fd jazyk<\/td><\/tr><tr><td><strong>Matematika a jej\u00ed aplikace<\/strong><\/td><td>Matematika<\/td><\/tr><tr><td><strong>Informa\u010dn\u00ed a komunika\u010dn\u00ed technologie<\/strong><\/td><td>Informatika<\/td><\/tr><tr><td><strong>Kosmick\u00e1 v\u00fdchova<\/strong><\/td><td>Kosmick\u00e1 v\u00fdchova<\/td><\/tr><tr><td><strong>Um\u011bn\u00ed a kultura<\/strong><\/td><td>V\u00fdtvarn\u00e1 v\u00fdchova<\/td><\/tr><tr><td><\/td><td>Hudebn\u00ed v\u00fdchova<\/td><\/tr><tr><td><strong>\u010clov\u011bk a zdrav\u00ed<\/strong><\/td><td>T\u011blesn\u00e1 v\u00fdchova<\/td><\/tr><\/tbody><\/table><\/figure>\n","protected":false},"excerpt":{"rendered":"<p>Pedagogick\u00fd p\u0159\u00edstup je zalo\u017een na Montessori filozofii a v\u00fduka ve v\u0161ech p\u0159edm\u011btech vych\u00e1z\u00ed z Montessori metodiky. Vzd\u011bl\u00e1vac\u00ed obsah Montessori z\u00e1kladn\u00ed \u0161koly pln\u011b vych\u00e1z\u00ed z&nbsp;oblast\u00ed M\u0160MT (RVP), n\u011bkter\u00e9 vzd\u011bl\u00e1vac\u00ed oblasti jsou v\u0161ak slou\u010deny pod souhrnn\u00fdm n\u00e1zvem (nap\u0159. Kosmick\u00e1 v\u00fdchova \u2013 zahrnuje v&nbsp;sob\u011b vzd\u011bl\u00e1vac\u00ed oblast: \u010clov\u011bk a jeho sv\u011bt, \u010clov\u011bk a spole\u010dnost a \u010clov\u011bk a sv\u011bt pr\u00e1ce). [&hellip;]<\/p>\n","protected":false},"author":1,"featured_media":0,"parent":12,"menu_order":0,"comment_status":"closed","ping_status":"closed","template":"","meta":{"footnotes":""},"class_list":["post-190","page","type-page","status-publish","hentry"],"acf":[],"yoast_head":"<!-- This site is optimized with the Yoast SEO plugin v27.5 - https:\/\/yoast.com\/product\/yoast-seo-wordpress\/ -->\n<title>Vzd\u011bl\u00e1vac\u00ed oblasti | Z\u0160 Montessori Ostrava<\/title>\n<meta name=\"description\" content=\"Objevte kl\u00ed\u010dov\u00e9 vzd\u011bl\u00e1vac\u00ed oblasti na Z\u0160 Montessori Ostrava. Podporujeme rozvoj dovednost\u00ed v souladu s pot\u0159ebami dne\u0161n\u00edho sv\u011bta.\" \/>\n<meta name=\"robots\" content=\"index, follow, max-snippet:-1, max-image-preview:large, max-video-preview:-1\" \/>\n<link rel=\"canonical\" href=\"https:\/\/www.montessoriostrava.cz\/zs\/o-nas\/vzdelavaci-oblasti\/\" \/>\n<meta property=\"og:locale\" content=\"cs_CZ\" \/>\n<meta property=\"og:type\" content=\"article\" \/>\n<meta property=\"og:title\" content=\"Vzd\u011bl\u00e1vac\u00ed oblasti | Z\u0160 Montessori Ostrava\" \/>\n<meta property=\"og:description\" content=\"Objevte kl\u00ed\u010dov\u00e9 vzd\u011bl\u00e1vac\u00ed oblasti na Z\u0160 Montessori Ostrava. Podporujeme rozvoj dovednost\u00ed v souladu s pot\u0159ebami dne\u0161n\u00edho sv\u011bta.\" \/>\n<meta property=\"og:url\" content=\"https:\/\/www.montessoriostrava.cz\/zs\/o-nas\/vzdelavaci-oblasti\/\" \/>\n<meta property=\"og:site_name\" content=\"Z\u0160 Montessori Ostrava\" \/>\n<meta property=\"article:modified_time\" content=\"2025-01-31T08:07:59+00:00\" \/>\n<meta property=\"og:image\" content=\"https:\/\/www.montessoriostrava.cz\/zs\/wp-content\/uploads\/sites\/3\/2024\/09\/9a24f4ac6f0934060ce15cbb2a87d445.png\" \/>\n\t<meta property=\"og:image:width\" content=\"2048\" \/>\n\t<meta property=\"og:image:height\" content=\"2048\" \/>\n\t<meta property=\"og:image:type\" content=\"image\/png\" \/>\n<meta name=\"twitter:card\" content=\"summary_large_image\" \/>\n<meta name=\"twitter:label1\" content=\"Odhadovan\u00e1 doba \u010dten\u00ed\" \/>\n\t<meta name=\"twitter:data1\" content=\"1 minuta\" \/>\n<script type=\"application\/ld+json\" class=\"yoast-schema-graph\">{\"@context\":\"https:\\\/\\\/schema.org\",\"@graph\":[{\"@type\":\"WebPage\",\"@id\":\"https:\\\/\\\/www.montessoriostrava.cz\\\/zs\\\/o-nas\\\/vzdelavaci-oblasti\\\/\",\"url\":\"https:\\\/\\\/www.montessoriostrava.cz\\\/zs\\\/o-nas\\\/vzdelavaci-oblasti\\\/\",\"name\":\"Vzd\u011bl\u00e1vac\u00ed oblasti | Z\u0160 Montessori Ostrava\",\"isPartOf\":{\"@id\":\"https:\\\/\\\/www.montessoriostrava.cz\\\/zs\\\/#website\"},\"datePublished\":\"2024-09-05T13:39:05+00:00\",\"dateModified\":\"2025-01-31T08:07:59+00:00\",\"description\":\"Objevte kl\u00ed\u010dov\u00e9 vzd\u011bl\u00e1vac\u00ed oblasti na Z\u0160 Montessori Ostrava. Podporujeme rozvoj dovednost\u00ed v souladu s pot\u0159ebami dne\u0161n\u00edho sv\u011bta.\",\"breadcrumb\":{\"@id\":\"https:\\\/\\\/www.montessoriostrava.cz\\\/zs\\\/o-nas\\\/vzdelavaci-oblasti\\\/#breadcrumb\"},\"inLanguage\":\"cs\",\"potentialAction\":[{\"@type\":\"ReadAction\",\"target\":[\"https:\\\/\\\/www.montessoriostrava.cz\\\/zs\\\/o-nas\\\/vzdelavaci-oblasti\\\/\"]}]},{\"@type\":\"BreadcrumbList\",\"@id\":\"https:\\\/\\\/www.montessoriostrava.cz\\\/zs\\\/o-nas\\\/vzdelavaci-oblasti\\\/#breadcrumb\",\"itemListElement\":[{\"@type\":\"ListItem\",\"position\":1,\"name\":\"Dom\u016f\",\"item\":\"https:\\\/\\\/www.montessoriostrava.cz\\\/zs\\\/\"},{\"@type\":\"ListItem\",\"position\":2,\"name\":\"O n\u00e1s\",\"item\":\"https:\\\/\\\/www.montessoriostrava.cz\\\/zs\\\/o-nas\\\/\"},{\"@type\":\"ListItem\",\"position\":3,\"name\":\"Vzd\u011bl\u00e1vac\u00ed oblasti\"}]},{\"@type\":\"WebSite\",\"@id\":\"https:\\\/\\\/www.montessoriostrava.cz\\\/zs\\\/#website\",\"url\":\"https:\\\/\\\/www.montessoriostrava.cz\\\/zs\\\/\",\"name\":\"Z\u0160 Montessori Ostrava\",\"description\":\"Z\u00e1kladn\u00ed \u0161kola s respektem!\",\"publisher\":{\"@id\":\"https:\\\/\\\/www.montessoriostrava.cz\\\/zs\\\/#organization\"},\"potentialAction\":[{\"@type\":\"SearchAction\",\"target\":{\"@type\":\"EntryPoint\",\"urlTemplate\":\"https:\\\/\\\/www.montessoriostrava.cz\\\/zs\\\/?s={search_term_string}\"},\"query-input\":{\"@type\":\"PropertyValueSpecification\",\"valueRequired\":true,\"valueName\":\"search_term_string\"}}],\"inLanguage\":\"cs\"},{\"@type\":\"Organization\",\"@id\":\"https:\\\/\\\/www.montessoriostrava.cz\\\/zs\\\/#organization\",\"name\":\"Montessori Ostrava\",\"url\":\"https:\\\/\\\/www.montessoriostrava.cz\\\/zs\\\/\",\"logo\":{\"@type\":\"ImageObject\",\"inLanguage\":\"cs\",\"@id\":\"https:\\\/\\\/www.montessoriostrava.cz\\\/zs\\\/#\\\/schema\\\/logo\\\/image\\\/\",\"url\":\"https:\\\/\\\/www.montessoriostrava.cz\\\/zs\\\/wp-content\\\/uploads\\\/sites\\\/3\\\/2025\\\/01\\\/logo-montessori.png\",\"contentUrl\":\"https:\\\/\\\/www.montessoriostrava.cz\\\/zs\\\/wp-content\\\/uploads\\\/sites\\\/3\\\/2025\\\/01\\\/logo-montessori.png\",\"width\":1794,\"height\":527,\"caption\":\"Montessori Ostrava\"},\"image\":{\"@id\":\"https:\\\/\\\/www.montessoriostrava.cz\\\/zs\\\/#\\\/schema\\\/logo\\\/image\\\/\"}}]}<\/script>\n<!-- \/ Yoast SEO plugin. -->","yoast_head_json":{"title":"Vzd\u011bl\u00e1vac\u00ed oblasti | Z\u0160 Montessori Ostrava","description":"Objevte kl\u00ed\u010dov\u00e9 vzd\u011bl\u00e1vac\u00ed oblasti na Z\u0160 Montessori Ostrava. Podporujeme rozvoj dovednost\u00ed v souladu s pot\u0159ebami dne\u0161n\u00edho sv\u011bta.","robots":{"index":"index","follow":"follow","max-snippet":"max-snippet:-1","max-image-preview":"max-image-preview:large","max-video-preview":"max-video-preview:-1"},"canonical":"https:\/\/www.montessoriostrava.cz\/zs\/o-nas\/vzdelavaci-oblasti\/","og_locale":"cs_CZ","og_type":"article","og_title":"Vzd\u011bl\u00e1vac\u00ed oblasti | Z\u0160 Montessori Ostrava","og_description":"Objevte kl\u00ed\u010dov\u00e9 vzd\u011bl\u00e1vac\u00ed oblasti na Z\u0160 Montessori Ostrava. Podporujeme rozvoj dovednost\u00ed v souladu s pot\u0159ebami dne\u0161n\u00edho sv\u011bta.","og_url":"https:\/\/www.montessoriostrava.cz\/zs\/o-nas\/vzdelavaci-oblasti\/","og_site_name":"Z\u0160 Montessori Ostrava","article_modified_time":"2025-01-31T08:07:59+00:00","og_image":[{"width":2048,"height":2048,"url":"https:\/\/www.montessoriostrava.cz\/zs\/wp-content\/uploads\/sites\/3\/2024\/09\/9a24f4ac6f0934060ce15cbb2a87d445.png","type":"image\/png"}],"twitter_card":"summary_large_image","twitter_misc":{"Odhadovan\u00e1 doba \u010dten\u00ed":"1 minuta"},"schema":{"@context":"https:\/\/schema.org","@graph":[{"@type":"WebPage","@id":"https:\/\/www.montessoriostrava.cz\/zs\/o-nas\/vzdelavaci-oblasti\/","url":"https:\/\/www.montessoriostrava.cz\/zs\/o-nas\/vzdelavaci-oblasti\/","name":"Vzd\u011bl\u00e1vac\u00ed oblasti | Z\u0160 Montessori Ostrava","isPartOf":{"@id":"https:\/\/www.montessoriostrava.cz\/zs\/#website"},"datePublished":"2024-09-05T13:39:05+00:00","dateModified":"2025-01-31T08:07:59+00:00","description":"Objevte kl\u00ed\u010dov\u00e9 vzd\u011bl\u00e1vac\u00ed oblasti na Z\u0160 Montessori Ostrava. Podporujeme rozvoj dovednost\u00ed v souladu s pot\u0159ebami dne\u0161n\u00edho sv\u011bta.","breadcrumb":{"@id":"https:\/\/www.montessoriostrava.cz\/zs\/o-nas\/vzdelavaci-oblasti\/#breadcrumb"},"inLanguage":"cs","potentialAction":[{"@type":"ReadAction","target":["https:\/\/www.montessoriostrava.cz\/zs\/o-nas\/vzdelavaci-oblasti\/"]}]},{"@type":"BreadcrumbList","@id":"https:\/\/www.montessoriostrava.cz\/zs\/o-nas\/vzdelavaci-oblasti\/#breadcrumb","itemListElement":[{"@type":"ListItem","position":1,"name":"Dom\u016f","item":"https:\/\/www.montessoriostrava.cz\/zs\/"},{"@type":"ListItem","position":2,"name":"O n\u00e1s","item":"https:\/\/www.montessoriostrava.cz\/zs\/o-nas\/"},{"@type":"ListItem","position":3,"name":"Vzd\u011bl\u00e1vac\u00ed oblasti"}]},{"@type":"WebSite","@id":"https:\/\/www.montessoriostrava.cz\/zs\/#website","url":"https:\/\/www.montessoriostrava.cz\/zs\/","name":"Z\u0160 Montessori Ostrava","description":"Z\u00e1kladn\u00ed \u0161kola s respektem!","publisher":{"@id":"https:\/\/www.montessoriostrava.cz\/zs\/#organization"},"potentialAction":[{"@type":"SearchAction","target":{"@type":"EntryPoint","urlTemplate":"https:\/\/www.montessoriostrava.cz\/zs\/?s={search_term_string}"},"query-input":{"@type":"PropertyValueSpecification","valueRequired":true,"valueName":"search_term_string"}}],"inLanguage":"cs"},{"@type":"Organization","@id":"https:\/\/www.montessoriostrava.cz\/zs\/#organization","name":"Montessori Ostrava","url":"https:\/\/www.montessoriostrava.cz\/zs\/","logo":{"@type":"ImageObject","inLanguage":"cs","@id":"https:\/\/www.montessoriostrava.cz\/zs\/#\/schema\/logo\/image\/","url":"https:\/\/www.montessoriostrava.cz\/zs\/wp-content\/uploads\/sites\/3\/2025\/01\/logo-montessori.png","contentUrl":"https:\/\/www.montessoriostrava.cz\/zs\/wp-content\/uploads\/sites\/3\/2025\/01\/logo-montessori.png","width":1794,"height":527,"caption":"Montessori Ostrava"},"image":{"@id":"https:\/\/www.montessoriostrava.cz\/zs\/#\/schema\/logo\/image\/"}}]}},"_links":{"self":[{"href":"https:\/\/www.montessoriostrava.cz\/zs\/wp-json\/wp\/v2\/pages\/190","targetHints":{"allow":["GET"]}}],"collection":[{"href":"https:\/\/www.montessoriostrava.cz\/zs\/wp-json\/wp\/v2\/pages"}],"about":[{"href":"https:\/\/www.montessoriostrava.cz\/zs\/wp-json\/wp\/v2\/types\/page"}],"author":[{"embeddable":true,"href":"https:\/\/www.montessoriostrava.cz\/zs\/wp-json\/wp\/v2\/users\/1"}],"replies":[{"embeddable":true,"href":"https:\/\/www.montessoriostrava.cz\/zs\/wp-json\/wp\/v2\/comments?post=190"}],"version-history":[{"count":6,"href":"https:\/\/www.montessoriostrava.cz\/zs\/wp-json\/wp\/v2\/pages\/190\/revisions"}],"predecessor-version":[{"id":435,"href":"https:\/\/www.montessoriostrava.cz\/zs\/wp-json\/wp\/v2\/pages\/190\/revisions\/435"}],"up":[{"embeddable":true,"href":"https:\/\/www.montessoriostrava.cz\/zs\/wp-json\/wp\/v2\/pages\/12"}],"wp:attachment":[{"href":"https:\/\/www.montessoriostrava.cz\/zs\/wp-json\/wp\/v2\/media?parent=190"}],"curies":[{"name":"wp","href":"https:\/\/api.w.org\/{rel}","templated":true}]}}