{"id":20,"date":"2024-09-03T11:03:56","date_gmt":"2024-09-03T09:03:56","guid":{"rendered":"https:\/\/www.montessoriostrava.cz\/zs\/?page_id=20"},"modified":"2025-01-31T08:52:55","modified_gmt":"2025-01-31T07:52:55","slug":"kontakty","status":"publish","type":"page","link":"https:\/\/www.montessoriostrava.cz\/zs\/kontakty\/","title":{"rendered":"Kontakty"},"content":{"rendered":"\n<div class=\"wp-block-columns is-layout-flex wp-container-core-columns-is-layout-9d6595d7 wp-block-columns-is-layout-flex\">\n<div class=\"wp-block-column is-layout-flow wp-block-column-is-layout-flow\">\n<h2 class=\"wp-block-heading\">Adresa \u0161koly<\/h2>\n\n\n\n<p>Z\u00e1kladn\u00ed \u0161kola a mate\u0159sk\u00e1 \u0161kola Montessori Ostrava, Matrosovova 833\/14<br>709 00 Ostrava-Hulv\u00e1ky Ostrava<\/p>\n<\/div>\n\n\n\n<div class=\"wp-block-column is-layout-flow wp-block-column-is-layout-flow\">\n<h2 class=\"wp-block-heading\">\u00dadaje \u0161koly<\/h2>\n\n\n\n<p>I\u010cO: 01820494, IZO: 691005290<br>Datov\u00e1 schr\u00e1nka: auhzcnm<\/p>\n<\/div>\n\n\n\n<div class=\"wp-block-column is-layout-flow wp-block-column-is-layout-flow\">\n<h2 class=\"wp-block-heading\">Bankovn\u00ed spojen\u00ed<\/h2>\n\n\n\n<p>\u010c\u00edslo \u00fa\u010dtu: 131-1875240247\/0100<br>Email:&nbsp;<a href=\"mailto:info@montessoriostrava.cz\">info@montessoriostrava.cz<\/a><\/p>\n<\/div>\n<\/div>\n\n\n\n<iframe src=\"https:\/\/www.google.com\/maps\/embed?pb=!1m18!1m12!1m3!1d2573.9906339796066!2d18.242693177490953!3d49.82384123228156!2m3!1f0!2f0!3f0!3m2!1i1024!2i768!4f13.1!3m3!1m2!1s0x4713e3707fabb32f%3A0x4cfb5d732b5e743d!2zWsOha2xhZG7DrSBhIE1hdGXFmXNrw6EgxaFrb2xhIE1vbnRlc3NvcmkgT3N0cmF2YQ!5e0!3m2!1scs!2scz!4v1725616924316!5m2!1scs!2scz\" width=\"100%\" height=\"450\" style=\"border:0;\" allowfullscreen=\"\" loading=\"lazy\" referrerpolicy=\"no-referrer-when-downgrade\"><\/iframe>\n","protected":false},"excerpt":{"rendered":"<p>Adresa \u0161koly Z\u00e1kladn\u00ed \u0161kola a mate\u0159sk\u00e1 \u0161kola Montessori Ostrava, Matrosovova 833\/14709 00 Ostrava-Hulv\u00e1ky Ostrava \u00dadaje \u0161koly I\u010cO: 01820494, IZO: 691005290Datov\u00e1 schr\u00e1nka: auhzcnm Bankovn\u00ed spojen\u00ed \u010c\u00edslo \u00fa\u010dtu: 131-1875240247\/0100Email:&nbsp;info@montessoriostrava.cz<\/p>\n","protected":false},"author":1,"featured_media":0,"parent":0,"menu_order":0,"comment_status":"closed","ping_status":"closed","template":"","meta":{"footnotes":""},"class_list":["post-20","page","type-page","status-publish","hentry"],"acf":[],"yoast_head":"<!-- This site is optimized with the Yoast SEO plugin v27.5 - https:\/\/yoast.com\/product\/yoast-seo-wordpress\/ -->\n<title>Kontakty | Z\u0160 Montessori Ostrava<\/title>\n<meta name=\"description\" content=\"Kontaktujte Montessori Z\u00e1kladn\u00ed \u0161kolu. Najdete zde telefon, e-mail i adresu \u0161koly. R\u00e1di v\u00e1m odpov\u00edme na v\u0161echny dotazy!\" \/>\n<meta name=\"robots\" content=\"index, follow, max-snippet:-1, max-image-preview:large, max-video-preview:-1\" \/>\n<link rel=\"canonical\" href=\"https:\/\/www.montessoriostrava.cz\/zs\/kontakty\/\" \/>\n<meta property=\"og:locale\" content=\"cs_CZ\" \/>\n<meta property=\"og:type\" content=\"article\" \/>\n<meta property=\"og:title\" content=\"Kontakty | Z\u0160 Montessori Ostrava\" \/>\n<meta property=\"og:description\" content=\"Kontaktujte Montessori Z\u00e1kladn\u00ed \u0161kolu. Najdete zde telefon, e-mail i adresu \u0161koly. R\u00e1di v\u00e1m odpov\u00edme na v\u0161echny dotazy!\" \/>\n<meta property=\"og:url\" content=\"https:\/\/www.montessoriostrava.cz\/zs\/kontakty\/\" \/>\n<meta property=\"og:site_name\" content=\"Z\u0160 Montessori Ostrava\" \/>\n<meta property=\"article:modified_time\" content=\"2025-01-31T07:52:55+00:00\" \/>\n<meta property=\"og:image\" content=\"https:\/\/www.montessoriostrava.cz\/zs\/wp-content\/uploads\/sites\/3\/2024\/09\/9a24f4ac6f0934060ce15cbb2a87d445.png\" \/>\n\t<meta property=\"og:image:width\" content=\"2048\" \/>\n\t<meta property=\"og:image:height\" content=\"2048\" \/>\n\t<meta property=\"og:image:type\" content=\"image\/png\" \/>\n<meta name=\"twitter:card\" content=\"summary_large_image\" \/>\n<meta name=\"twitter:label1\" content=\"Odhadovan\u00e1 doba \u010dten\u00ed\" \/>\n\t<meta name=\"twitter:data1\" content=\"1 minuta\" \/>\n<script type=\"application\/ld+json\" class=\"yoast-schema-graph\">{\"@context\":\"https:\\\/\\\/schema.org\",\"@graph\":[{\"@type\":\"WebPage\",\"@id\":\"https:\\\/\\\/www.montessoriostrava.cz\\\/zs\\\/kontakty\\\/\",\"url\":\"https:\\\/\\\/www.montessoriostrava.cz\\\/zs\\\/kontakty\\\/\",\"name\":\"Kontakty | Z\u0160 Montessori Ostrava\",\"isPartOf\":{\"@id\":\"https:\\\/\\\/www.montessoriostrava.cz\\\/zs\\\/#website\"},\"datePublished\":\"2024-09-03T09:03:56+00:00\",\"dateModified\":\"2025-01-31T07:52:55+00:00\",\"description\":\"Kontaktujte Montessori Z\u00e1kladn\u00ed \u0161kolu. Najdete zde telefon, e-mail i adresu \u0161koly. R\u00e1di v\u00e1m odpov\u00edme na v\u0161echny dotazy!\",\"breadcrumb\":{\"@id\":\"https:\\\/\\\/www.montessoriostrava.cz\\\/zs\\\/kontakty\\\/#breadcrumb\"},\"inLanguage\":\"cs\",\"potentialAction\":[{\"@type\":\"ReadAction\",\"target\":[\"https:\\\/\\\/www.montessoriostrava.cz\\\/zs\\\/kontakty\\\/\"]}]},{\"@type\":\"BreadcrumbList\",\"@id\":\"https:\\\/\\\/www.montessoriostrava.cz\\\/zs\\\/kontakty\\\/#breadcrumb\",\"itemListElement\":[{\"@type\":\"ListItem\",\"position\":1,\"name\":\"Dom\u016f\",\"item\":\"https:\\\/\\\/www.montessoriostrava.cz\\\/zs\\\/\"},{\"@type\":\"ListItem\",\"position\":2,\"name\":\"Kontakty\"}]},{\"@type\":\"WebSite\",\"@id\":\"https:\\\/\\\/www.montessoriostrava.cz\\\/zs\\\/#website\",\"url\":\"https:\\\/\\\/www.montessoriostrava.cz\\\/zs\\\/\",\"name\":\"Z\u0160 Montessori Ostrava\",\"description\":\"Z\u00e1kladn\u00ed \u0161kola s respektem!\",\"publisher\":{\"@id\":\"https:\\\/\\\/www.montessoriostrava.cz\\\/zs\\\/#organization\"},\"potentialAction\":[{\"@type\":\"SearchAction\",\"target\":{\"@type\":\"EntryPoint\",\"urlTemplate\":\"https:\\\/\\\/www.montessoriostrava.cz\\\/zs\\\/?s={search_term_string}\"},\"query-input\":{\"@type\":\"PropertyValueSpecification\",\"valueRequired\":true,\"valueName\":\"search_term_string\"}}],\"inLanguage\":\"cs\"},{\"@type\":\"Organization\",\"@id\":\"https:\\\/\\\/www.montessoriostrava.cz\\\/zs\\\/#organization\",\"name\":\"Montessori Ostrava\",\"url\":\"https:\\\/\\\/www.montessoriostrava.cz\\\/zs\\\/\",\"logo\":{\"@type\":\"ImageObject\",\"inLanguage\":\"cs\",\"@id\":\"https:\\\/\\\/www.montessoriostrava.cz\\\/zs\\\/#\\\/schema\\\/logo\\\/image\\\/\",\"url\":\"https:\\\/\\\/www.montessoriostrava.cz\\\/zs\\\/wp-content\\\/uploads\\\/sites\\\/3\\\/2025\\\/01\\\/logo-montessori.png\",\"contentUrl\":\"https:\\\/\\\/www.montessoriostrava.cz\\\/zs\\\/wp-content\\\/uploads\\\/sites\\\/3\\\/2025\\\/01\\\/logo-montessori.png\",\"width\":1794,\"height\":527,\"caption\":\"Montessori Ostrava\"},\"image\":{\"@id\":\"https:\\\/\\\/www.montessoriostrava.cz\\\/zs\\\/#\\\/schema\\\/logo\\\/image\\\/\"}}]}<\/script>\n<!-- \/ Yoast SEO plugin. -->","yoast_head_json":{"title":"Kontakty | Z\u0160 Montessori Ostrava","description":"Kontaktujte Montessori Z\u00e1kladn\u00ed \u0161kolu. Najdete zde telefon, e-mail i adresu \u0161koly. R\u00e1di v\u00e1m odpov\u00edme na v\u0161echny dotazy!","robots":{"index":"index","follow":"follow","max-snippet":"max-snippet:-1","max-image-preview":"max-image-preview:large","max-video-preview":"max-video-preview:-1"},"canonical":"https:\/\/www.montessoriostrava.cz\/zs\/kontakty\/","og_locale":"cs_CZ","og_type":"article","og_title":"Kontakty | Z\u0160 Montessori Ostrava","og_description":"Kontaktujte Montessori Z\u00e1kladn\u00ed \u0161kolu. Najdete zde telefon, e-mail i adresu \u0161koly. R\u00e1di v\u00e1m odpov\u00edme na v\u0161echny dotazy!","og_url":"https:\/\/www.montessoriostrava.cz\/zs\/kontakty\/","og_site_name":"Z\u0160 Montessori Ostrava","article_modified_time":"2025-01-31T07:52:55+00:00","og_image":[{"width":2048,"height":2048,"url":"https:\/\/www.montessoriostrava.cz\/zs\/wp-content\/uploads\/sites\/3\/2024\/09\/9a24f4ac6f0934060ce15cbb2a87d445.png","type":"image\/png"}],"twitter_card":"summary_large_image","twitter_misc":{"Odhadovan\u00e1 doba \u010dten\u00ed":"1 minuta"},"schema":{"@context":"https:\/\/schema.org","@graph":[{"@type":"WebPage","@id":"https:\/\/www.montessoriostrava.cz\/zs\/kontakty\/","url":"https:\/\/www.montessoriostrava.cz\/zs\/kontakty\/","name":"Kontakty | Z\u0160 Montessori Ostrava","isPartOf":{"@id":"https:\/\/www.montessoriostrava.cz\/zs\/#website"},"datePublished":"2024-09-03T09:03:56+00:00","dateModified":"2025-01-31T07:52:55+00:00","description":"Kontaktujte Montessori Z\u00e1kladn\u00ed \u0161kolu. Najdete zde telefon, e-mail i adresu \u0161koly. R\u00e1di v\u00e1m odpov\u00edme na v\u0161echny dotazy!","breadcrumb":{"@id":"https:\/\/www.montessoriostrava.cz\/zs\/kontakty\/#breadcrumb"},"inLanguage":"cs","potentialAction":[{"@type":"ReadAction","target":["https:\/\/www.montessoriostrava.cz\/zs\/kontakty\/"]}]},{"@type":"BreadcrumbList","@id":"https:\/\/www.montessoriostrava.cz\/zs\/kontakty\/#breadcrumb","itemListElement":[{"@type":"ListItem","position":1,"name":"Dom\u016f","item":"https:\/\/www.montessoriostrava.cz\/zs\/"},{"@type":"ListItem","position":2,"name":"Kontakty"}]},{"@type":"WebSite","@id":"https:\/\/www.montessoriostrava.cz\/zs\/#website","url":"https:\/\/www.montessoriostrava.cz\/zs\/","name":"Z\u0160 Montessori Ostrava","description":"Z\u00e1kladn\u00ed \u0161kola s respektem!","publisher":{"@id":"https:\/\/www.montessoriostrava.cz\/zs\/#organization"},"potentialAction":[{"@type":"SearchAction","target":{"@type":"EntryPoint","urlTemplate":"https:\/\/www.montessoriostrava.cz\/zs\/?s={search_term_string}"},"query-input":{"@type":"PropertyValueSpecification","valueRequired":true,"valueName":"search_term_string"}}],"inLanguage":"cs"},{"@type":"Organization","@id":"https:\/\/www.montessoriostrava.cz\/zs\/#organization","name":"Montessori Ostrava","url":"https:\/\/www.montessoriostrava.cz\/zs\/","logo":{"@type":"ImageObject","inLanguage":"cs","@id":"https:\/\/www.montessoriostrava.cz\/zs\/#\/schema\/logo\/image\/","url":"https:\/\/www.montessoriostrava.cz\/zs\/wp-content\/uploads\/sites\/3\/2025\/01\/logo-montessori.png","contentUrl":"https:\/\/www.montessoriostrava.cz\/zs\/wp-content\/uploads\/sites\/3\/2025\/01\/logo-montessori.png","width":1794,"height":527,"caption":"Montessori Ostrava"},"image":{"@id":"https:\/\/www.montessoriostrava.cz\/zs\/#\/schema\/logo\/image\/"}}]}},"_links":{"self":[{"href":"https:\/\/www.montessoriostrava.cz\/zs\/wp-json\/wp\/v2\/pages\/20","targetHints":{"allow":["GET"]}}],"collection":[{"href":"https:\/\/www.montessoriostrava.cz\/zs\/wp-json\/wp\/v2\/pages"}],"about":[{"href":"https:\/\/www.montessoriostrava.cz\/zs\/wp-json\/wp\/v2\/types\/page"}],"author":[{"embeddable":true,"href":"https:\/\/www.montessoriostrava.cz\/zs\/wp-json\/wp\/v2\/users\/1"}],"replies":[{"embeddable":true,"href":"https:\/\/www.montessoriostrava.cz\/zs\/wp-json\/wp\/v2\/comments?post=20"}],"version-history":[{"count":5,"href":"https:\/\/www.montessoriostrava.cz\/zs\/wp-json\/wp\/v2\/pages\/20\/revisions"}],"predecessor-version":[{"id":279,"href":"https:\/\/www.montessoriostrava.cz\/zs\/wp-json\/wp\/v2\/pages\/20\/revisions\/279"}],"wp:attachment":[{"href":"https:\/\/www.montessoriostrava.cz\/zs\/wp-json\/wp\/v2\/media?parent=20"}],"curies":[{"name":"wp","href":"https:\/\/api.w.org\/{rel}","templated":true}]}}