{"id":233,"date":"2024-09-05T16:02:44","date_gmt":"2024-09-05T14:02:44","guid":{"rendered":"https:\/\/www.montessoriostrava.cz\/zs\/?page_id=233"},"modified":"2025-01-31T09:20:25","modified_gmt":"2025-01-31T08:20:25","slug":"stravovani","status":"publish","type":"page","link":"https:\/\/www.montessoriostrava.cz\/zs\/pro-rodice\/stravovani\/","title":{"rendered":"Stravov\u00e1n\u00ed"},"content":{"rendered":"\n<h2 class=\"wp-block-heading\">Dodavatel stravy<\/h2>\n\n\n\n<p>J\u00eddlo je do \u0161koly dod\u00e1v\u00e1no ze \u0161koln\u00ed j\u00eddelny&nbsp;<a href=\"http:\/\/zdravavareckasweb.webmium.com\/kontakt\" target=\"_blank\" rel=\"noreferrer noopener\">Zdrav\u00e1 va\u0159e\u010dka.<\/a><\/p>\n\n\n\n<p>Dodavatel m\u00e1 vlastn\u00ed dopravu a j\u00eddlo dov\u00e1\u017e\u00ed p\u0159\u00edmo do z\u00e1kladn\u00ed \u0161koly. Pro p\u0159evoz j\u00eddla m\u00e1 z\u00e1kladn\u00ed \u0161kola zaji\u0161t\u011bny vlastn\u00ed nerezov\u00e9 n\u00e1doby a termoboxy, kter\u00e9 jsou k tomu ur\u010deny. V r\u00e1mci p\u0159evozu jsou termoboxy um\u00edst\u011bny v zadn\u00ed \u010d\u00e1sti automobilu ur\u010den\u00e9 v\u00fdhradn\u011b pro p\u0159evoz j\u00eddla. Po transportu je j\u00eddlo p\u0159eneseno do v\u00fddejny a p\u0159i dodr\u017eov\u00e1n\u00ed hygienick\u00fdch podm\u00ednek um\u00edst\u011bno do termoport\u016f s oh\u0159\u00edv\u00e1n\u00edm, aby byla udr\u017eov\u00e1na teplota j\u00eddla.<\/p>\n\n\n\n<h2 class=\"wp-block-heading\">V\u00fddejna j\u00eddla<\/h2>\n\n\n\n<ul class=\"wp-block-list\">\n<li>J\u00eddlo vyd\u00e1v\u00e1 zam\u011bstnankyn\u011b (kucha\u0159ka) s pr\u016fkazem o zdravotn\u00ed zp\u016fsobilosti.<\/li>\n\n\n\n<li>V\u00fddejna j\u00eddla je samostatnou m\u00edstnost\u00ed a je um\u00edst\u011bna v budov\u011b \u0161koly.<\/li>\n\n\n\n<li>V\u00fddejn\u00ed \u010d\u00e1st je spole\u010dn\u011b s j\u00eddelnou.<\/li>\n\n\n\n<li>Vybaven\u00ed j\u00eddelny tvo\u0159\u00ed stoly a \u017eidle odpov\u00eddaj\u00edc\u00ed po\u017eadavk\u016fm v\u011bkov\u00e9 skupin\u011b d\u011bt\u00ed od 6-15 let.<\/li>\n<\/ul>\n\n\n\n<h2 class=\"wp-block-heading\">J\u00eddeln\u00ed\u010dek<\/h2>\n\n\n\n<p>Na stavb\u011b j\u00eddeln\u00ed\u010dku pro d\u011bti spolupracuje \u0161\u00e9fkucha\u0159ka j\u00eddelny s \u0159editelem \u0161koly. Jejich spole\u010dn\u00fdm c\u00edlem je sestavovat d\u011btem pestr\u00fd j\u00eddeln\u00ed\u010dek tak, aby byl v souladu s platn\u00fdmi normami a z\u00e1rove\u0148 odpov\u00eddal z\u00e1sad\u00e1m zdrav\u00e9ho stravov\u00e1n\u00ed. Ob\u011bdy objedn\u00e1vaj\u00ed rodi\u010de p\u0159es str\u00e1nky&nbsp;<a href=\"http:\/\/www.strava.cz\/\" target=\"_blank\" rel=\"noreferrer noopener\">www.strava.cz<\/a>&nbsp;a nebo p\u0159es&nbsp;<strong><a href=\"https:\/\/app.strava.cz\/prihlasit-se?jidelna\" target=\"_blank\" rel=\"noreferrer noopener\">novou aplikaci Strava<\/a><\/strong>.<\/p>\n\n\n\n<p>Za\u0159\u00edzen\u00ed \u0161koln\u00edho stravov\u00e1n\u00ed je vybaveno modern\u00ed technologi\u00ed. P\u0159i p\u0159\u00edprav\u00e1ch j\u00eddla se dodr\u017euj\u00ed ve\u0161ker\u00e9 hygienick\u00e9 p\u0159edpisy odpov\u00eddaj\u00edc\u00ed norm\u00e1m EU. Stravov\u00e1n\u00ed d\u011bt\u00ed je pln\u011b v souladu s platnou legislativou, je zaji\u0161t\u011bno kvalifikovan\u00fdm person\u00e1lem a podl\u00e9h\u00e1 pravideln\u00fdm intern\u00edm i extern\u00edm kontrol\u00e1m v oblasti hygieny, financov\u00e1n\u00ed a skladby j\u00eddeln\u00ed\u010dku.<\/p>\n\n\n\n<h2 class=\"wp-block-heading\">Z\u00e1v\u011brem<\/h2>\n\n\n\n<ul class=\"wp-block-list\">\n<li>Stravov\u00e1n\u00ed d\u011bt\u00ed je oblast\u00ed, kter\u00e9 je v\u011bnov\u00e1na v na\u0161\u00ed \u0161kole velk\u00e1 pozornost.<\/li>\n\n\n\n<li>D\u011bti jsou vedeny k samostatnosti p\u0159i stolov\u00e1n\u00ed, k odpov\u00eddaj\u00edc\u00edm spole\u010densk\u00fdm n\u00e1vyk\u016fm a ke konzumaci zdrav\u00fdch potravin.<\/li>\n\n\n\n<li>Z\u00e1rove\u0148 je respektov\u00e1no jejich osobn\u00ed tempo p\u0159i j\u00eddle, mno\u017estv\u00ed j\u00eddla, kter\u00e9 d\u00edt\u011b sn\u00ed a p\u0159\u00edpadn\u00e1 nechu\u0165 ke konzumaci n\u011bkter\u00fdch potravin.<\/li>\n\n\n\n<li>D\u011bti do j\u00eddla nenut\u00edme.<\/li>\n<\/ul>\n","protected":false},"excerpt":{"rendered":"<p>Dodavatel stravy J\u00eddlo je do \u0161koly dod\u00e1v\u00e1no ze \u0161koln\u00ed j\u00eddelny&nbsp;Zdrav\u00e1 va\u0159e\u010dka. Dodavatel m\u00e1 vlastn\u00ed dopravu a j\u00eddlo dov\u00e1\u017e\u00ed p\u0159\u00edmo do z\u00e1kladn\u00ed \u0161koly. Pro p\u0159evoz j\u00eddla m\u00e1 z\u00e1kladn\u00ed \u0161kola zaji\u0161t\u011bny vlastn\u00ed nerezov\u00e9 n\u00e1doby a termoboxy, kter\u00e9 jsou k tomu ur\u010deny. V r\u00e1mci p\u0159evozu jsou termoboxy um\u00edst\u011bny v zadn\u00ed \u010d\u00e1sti automobilu ur\u010den\u00e9 v\u00fdhradn\u011b pro p\u0159evoz j\u00eddla. Po [&hellip;]<\/p>\n","protected":false},"author":1,"featured_media":0,"parent":18,"menu_order":0,"comment_status":"closed","ping_status":"closed","template":"","meta":{"footnotes":""},"class_list":["post-233","page","type-page","status-publish","hentry"],"acf":[],"yoast_head":"<!-- This site is optimized with the Yoast SEO plugin v27.5 - https:\/\/yoast.com\/product\/yoast-seo-wordpress\/ -->\n<title>Stravov\u00e1n\u00ed | Z\u0160 Montessori Ostrava<\/title>\n<meta name=\"description\" content=\"Zdrav\u00e9 a vyv\u00e1\u017een\u00e9 stravov\u00e1n\u00ed pro \u017e\u00e1ky s d\u016frazem na kvalitn\u00ed suroviny. Podporujeme zdrav\u00e9 n\u00e1vyky a respektujeme individu\u00e1ln\u00ed pot\u0159eby d\u011bt\u00ed.\" \/>\n<meta name=\"robots\" content=\"index, follow, max-snippet:-1, max-image-preview:large, max-video-preview:-1\" \/>\n<link rel=\"canonical\" href=\"https:\/\/www.montessoriostrava.cz\/zs\/pro-rodice\/stravovani\/\" \/>\n<meta property=\"og:locale\" content=\"cs_CZ\" \/>\n<meta property=\"og:type\" content=\"article\" \/>\n<meta property=\"og:title\" content=\"Stravov\u00e1n\u00ed | Z\u0160 Montessori Ostrava\" \/>\n<meta property=\"og:description\" content=\"Zdrav\u00e9 a vyv\u00e1\u017een\u00e9 stravov\u00e1n\u00ed pro \u017e\u00e1ky s d\u016frazem na kvalitn\u00ed suroviny. Podporujeme zdrav\u00e9 n\u00e1vyky a respektujeme individu\u00e1ln\u00ed pot\u0159eby d\u011bt\u00ed.\" \/>\n<meta property=\"og:url\" content=\"https:\/\/www.montessoriostrava.cz\/zs\/pro-rodice\/stravovani\/\" \/>\n<meta property=\"og:site_name\" content=\"Z\u0160 Montessori Ostrava\" \/>\n<meta property=\"article:modified_time\" content=\"2025-01-31T08:20:25+00:00\" \/>\n<meta property=\"og:image\" content=\"https:\/\/www.montessoriostrava.cz\/zs\/wp-content\/uploads\/sites\/3\/2024\/09\/9a24f4ac6f0934060ce15cbb2a87d445.png\" \/>\n\t<meta property=\"og:image:width\" content=\"2048\" \/>\n\t<meta property=\"og:image:height\" content=\"2048\" \/>\n\t<meta property=\"og:image:type\" content=\"image\/png\" \/>\n<meta name=\"twitter:card\" content=\"summary_large_image\" \/>\n<meta name=\"twitter:label1\" content=\"Odhadovan\u00e1 doba \u010dten\u00ed\" \/>\n\t<meta name=\"twitter:data1\" content=\"2 minuty\" \/>\n<script type=\"application\/ld+json\" class=\"yoast-schema-graph\">{\"@context\":\"https:\\\/\\\/schema.org\",\"@graph\":[{\"@type\":\"WebPage\",\"@id\":\"https:\\\/\\\/www.montessoriostrava.cz\\\/zs\\\/pro-rodice\\\/stravovani\\\/\",\"url\":\"https:\\\/\\\/www.montessoriostrava.cz\\\/zs\\\/pro-rodice\\\/stravovani\\\/\",\"name\":\"Stravov\u00e1n\u00ed | Z\u0160 Montessori Ostrava\",\"isPartOf\":{\"@id\":\"https:\\\/\\\/www.montessoriostrava.cz\\\/zs\\\/#website\"},\"datePublished\":\"2024-09-05T14:02:44+00:00\",\"dateModified\":\"2025-01-31T08:20:25+00:00\",\"description\":\"Zdrav\u00e9 a vyv\u00e1\u017een\u00e9 stravov\u00e1n\u00ed pro \u017e\u00e1ky s d\u016frazem na kvalitn\u00ed suroviny. Podporujeme zdrav\u00e9 n\u00e1vyky a respektujeme individu\u00e1ln\u00ed pot\u0159eby d\u011bt\u00ed.\",\"breadcrumb\":{\"@id\":\"https:\\\/\\\/www.montessoriostrava.cz\\\/zs\\\/pro-rodice\\\/stravovani\\\/#breadcrumb\"},\"inLanguage\":\"cs\",\"potentialAction\":[{\"@type\":\"ReadAction\",\"target\":[\"https:\\\/\\\/www.montessoriostrava.cz\\\/zs\\\/pro-rodice\\\/stravovani\\\/\"]}]},{\"@type\":\"BreadcrumbList\",\"@id\":\"https:\\\/\\\/www.montessoriostrava.cz\\\/zs\\\/pro-rodice\\\/stravovani\\\/#breadcrumb\",\"itemListElement\":[{\"@type\":\"ListItem\",\"position\":1,\"name\":\"Dom\u016f\",\"item\":\"https:\\\/\\\/www.montessoriostrava.cz\\\/zs\\\/\"},{\"@type\":\"ListItem\",\"position\":2,\"name\":\"Pro rodi\u010de\",\"item\":\"https:\\\/\\\/www.montessoriostrava.cz\\\/zs\\\/pro-rodice\\\/\"},{\"@type\":\"ListItem\",\"position\":3,\"name\":\"Stravov\u00e1n\u00ed\"}]},{\"@type\":\"WebSite\",\"@id\":\"https:\\\/\\\/www.montessoriostrava.cz\\\/zs\\\/#website\",\"url\":\"https:\\\/\\\/www.montessoriostrava.cz\\\/zs\\\/\",\"name\":\"Z\u0160 Montessori Ostrava\",\"description\":\"Z\u00e1kladn\u00ed \u0161kola s respektem!\",\"publisher\":{\"@id\":\"https:\\\/\\\/www.montessoriostrava.cz\\\/zs\\\/#organization\"},\"potentialAction\":[{\"@type\":\"SearchAction\",\"target\":{\"@type\":\"EntryPoint\",\"urlTemplate\":\"https:\\\/\\\/www.montessoriostrava.cz\\\/zs\\\/?s={search_term_string}\"},\"query-input\":{\"@type\":\"PropertyValueSpecification\",\"valueRequired\":true,\"valueName\":\"search_term_string\"}}],\"inLanguage\":\"cs\"},{\"@type\":\"Organization\",\"@id\":\"https:\\\/\\\/www.montessoriostrava.cz\\\/zs\\\/#organization\",\"name\":\"Montessori Ostrava\",\"url\":\"https:\\\/\\\/www.montessoriostrava.cz\\\/zs\\\/\",\"logo\":{\"@type\":\"ImageObject\",\"inLanguage\":\"cs\",\"@id\":\"https:\\\/\\\/www.montessoriostrava.cz\\\/zs\\\/#\\\/schema\\\/logo\\\/image\\\/\",\"url\":\"https:\\\/\\\/www.montessoriostrava.cz\\\/zs\\\/wp-content\\\/uploads\\\/sites\\\/3\\\/2025\\\/01\\\/logo-montessori.png\",\"contentUrl\":\"https:\\\/\\\/www.montessoriostrava.cz\\\/zs\\\/wp-content\\\/uploads\\\/sites\\\/3\\\/2025\\\/01\\\/logo-montessori.png\",\"width\":1794,\"height\":527,\"caption\":\"Montessori Ostrava\"},\"image\":{\"@id\":\"https:\\\/\\\/www.montessoriostrava.cz\\\/zs\\\/#\\\/schema\\\/logo\\\/image\\\/\"}}]}<\/script>\n<!-- \/ Yoast SEO plugin. -->","yoast_head_json":{"title":"Stravov\u00e1n\u00ed | Z\u0160 Montessori Ostrava","description":"Zdrav\u00e9 a vyv\u00e1\u017een\u00e9 stravov\u00e1n\u00ed pro \u017e\u00e1ky s d\u016frazem na kvalitn\u00ed suroviny. Podporujeme zdrav\u00e9 n\u00e1vyky a respektujeme individu\u00e1ln\u00ed pot\u0159eby d\u011bt\u00ed.","robots":{"index":"index","follow":"follow","max-snippet":"max-snippet:-1","max-image-preview":"max-image-preview:large","max-video-preview":"max-video-preview:-1"},"canonical":"https:\/\/www.montessoriostrava.cz\/zs\/pro-rodice\/stravovani\/","og_locale":"cs_CZ","og_type":"article","og_title":"Stravov\u00e1n\u00ed | Z\u0160 Montessori Ostrava","og_description":"Zdrav\u00e9 a vyv\u00e1\u017een\u00e9 stravov\u00e1n\u00ed pro \u017e\u00e1ky s d\u016frazem na kvalitn\u00ed suroviny. Podporujeme zdrav\u00e9 n\u00e1vyky a respektujeme individu\u00e1ln\u00ed pot\u0159eby d\u011bt\u00ed.","og_url":"https:\/\/www.montessoriostrava.cz\/zs\/pro-rodice\/stravovani\/","og_site_name":"Z\u0160 Montessori Ostrava","article_modified_time":"2025-01-31T08:20:25+00:00","og_image":[{"width":2048,"height":2048,"url":"https:\/\/www.montessoriostrava.cz\/zs\/wp-content\/uploads\/sites\/3\/2024\/09\/9a24f4ac6f0934060ce15cbb2a87d445.png","type":"image\/png"}],"twitter_card":"summary_large_image","twitter_misc":{"Odhadovan\u00e1 doba \u010dten\u00ed":"2 minuty"},"schema":{"@context":"https:\/\/schema.org","@graph":[{"@type":"WebPage","@id":"https:\/\/www.montessoriostrava.cz\/zs\/pro-rodice\/stravovani\/","url":"https:\/\/www.montessoriostrava.cz\/zs\/pro-rodice\/stravovani\/","name":"Stravov\u00e1n\u00ed | Z\u0160 Montessori Ostrava","isPartOf":{"@id":"https:\/\/www.montessoriostrava.cz\/zs\/#website"},"datePublished":"2024-09-05T14:02:44+00:00","dateModified":"2025-01-31T08:20:25+00:00","description":"Zdrav\u00e9 a vyv\u00e1\u017een\u00e9 stravov\u00e1n\u00ed pro \u017e\u00e1ky s d\u016frazem na kvalitn\u00ed suroviny. Podporujeme zdrav\u00e9 n\u00e1vyky a respektujeme individu\u00e1ln\u00ed pot\u0159eby d\u011bt\u00ed.","breadcrumb":{"@id":"https:\/\/www.montessoriostrava.cz\/zs\/pro-rodice\/stravovani\/#breadcrumb"},"inLanguage":"cs","potentialAction":[{"@type":"ReadAction","target":["https:\/\/www.montessoriostrava.cz\/zs\/pro-rodice\/stravovani\/"]}]},{"@type":"BreadcrumbList","@id":"https:\/\/www.montessoriostrava.cz\/zs\/pro-rodice\/stravovani\/#breadcrumb","itemListElement":[{"@type":"ListItem","position":1,"name":"Dom\u016f","item":"https:\/\/www.montessoriostrava.cz\/zs\/"},{"@type":"ListItem","position":2,"name":"Pro rodi\u010de","item":"https:\/\/www.montessoriostrava.cz\/zs\/pro-rodice\/"},{"@type":"ListItem","position":3,"name":"Stravov\u00e1n\u00ed"}]},{"@type":"WebSite","@id":"https:\/\/www.montessoriostrava.cz\/zs\/#website","url":"https:\/\/www.montessoriostrava.cz\/zs\/","name":"Z\u0160 Montessori Ostrava","description":"Z\u00e1kladn\u00ed \u0161kola s respektem!","publisher":{"@id":"https:\/\/www.montessoriostrava.cz\/zs\/#organization"},"potentialAction":[{"@type":"SearchAction","target":{"@type":"EntryPoint","urlTemplate":"https:\/\/www.montessoriostrava.cz\/zs\/?s={search_term_string}"},"query-input":{"@type":"PropertyValueSpecification","valueRequired":true,"valueName":"search_term_string"}}],"inLanguage":"cs"},{"@type":"Organization","@id":"https:\/\/www.montessoriostrava.cz\/zs\/#organization","name":"Montessori Ostrava","url":"https:\/\/www.montessoriostrava.cz\/zs\/","logo":{"@type":"ImageObject","inLanguage":"cs","@id":"https:\/\/www.montessoriostrava.cz\/zs\/#\/schema\/logo\/image\/","url":"https:\/\/www.montessoriostrava.cz\/zs\/wp-content\/uploads\/sites\/3\/2025\/01\/logo-montessori.png","contentUrl":"https:\/\/www.montessoriostrava.cz\/zs\/wp-content\/uploads\/sites\/3\/2025\/01\/logo-montessori.png","width":1794,"height":527,"caption":"Montessori Ostrava"},"image":{"@id":"https:\/\/www.montessoriostrava.cz\/zs\/#\/schema\/logo\/image\/"}}]}},"_links":{"self":[{"href":"https:\/\/www.montessoriostrava.cz\/zs\/wp-json\/wp\/v2\/pages\/233","targetHints":{"allow":["GET"]}}],"collection":[{"href":"https:\/\/www.montessoriostrava.cz\/zs\/wp-json\/wp\/v2\/pages"}],"about":[{"href":"https:\/\/www.montessoriostrava.cz\/zs\/wp-json\/wp\/v2\/types\/page"}],"author":[{"embeddable":true,"href":"https:\/\/www.montessoriostrava.cz\/zs\/wp-json\/wp\/v2\/users\/1"}],"replies":[{"embeddable":true,"href":"https:\/\/www.montessoriostrava.cz\/zs\/wp-json\/wp\/v2\/comments?post=233"}],"version-history":[{"count":2,"href":"https:\/\/www.montessoriostrava.cz\/zs\/wp-json\/wp\/v2\/pages\/233\/revisions"}],"predecessor-version":[{"id":295,"href":"https:\/\/www.montessoriostrava.cz\/zs\/wp-json\/wp\/v2\/pages\/233\/revisions\/295"}],"up":[{"embeddable":true,"href":"https:\/\/www.montessoriostrava.cz\/zs\/wp-json\/wp\/v2\/pages\/18"}],"wp:attachment":[{"href":"https:\/\/www.montessoriostrava.cz\/zs\/wp-json\/wp\/v2\/media?parent=233"}],"curies":[{"name":"wp","href":"https:\/\/api.w.org\/{rel}","templated":true}]}}