{"id":24,"date":"2024-09-03T11:05:07","date_gmt":"2024-09-03T09:05:07","guid":{"rendered":"https:\/\/www.montessoriostrava.cz\/zs\/?page_id=24"},"modified":"2025-01-31T09:08:14","modified_gmt":"2025-01-31T08:08:14","slug":"vzdelavaci-principy","status":"publish","type":"page","link":"https:\/\/www.montessoriostrava.cz\/zs\/o-nas\/vzdelavaci-principy\/","title":{"rendered":"Vzd\u011bl\u00e1vac\u00ed principy"},"content":{"rendered":"\n<p class=\"u-frame--narrow has-small-font-size\">St\u011b\u017eejn\u00ed my\u0161lenkou je, \u017ee d\u00edt\u011b se u\u010d\u00ed nejl\u00e9pe tehdy, kdy\u017e je t\u00edm procesem zaujato, kdy\u017e jej bav\u00ed, t\u011b\u0161\u00ed a povzbuzuje, kdy\u017e nach\u00e1z\u00ed svoji vnit\u0159n\u00ed motivaci k u\u010den\u00ed. Montessori didaktika a metodika n\u00e1m poskytly d\u016fkladn\u011b promy\u0161len\u00fd a systematicky uspo\u0159\u00e1dan\u00fd koncept, kter\u00fd je \u00fasp\u011b\u0161n\u011b aplikov\u00e1n ji\u017e p\u0159es 100 let v mnoha zem\u00edch a \u0161kol\u00e1ch na sv\u011bt\u011b. V dob\u011b dynamicky m\u011bn\u00edc\u00edho se prost\u0159ed\u00ed p\u0159edstavuje univerz\u00e1ln\u00ed, ov\u011b\u0159en\u00fd a popul\u00e1rn\u00ed vzd\u011bl\u00e1vac\u00ed vzorec pro sou\u010dasnost, ale i pro II. polovinu 21. stolet\u00ed.<\/p>\n\n\n\n<h3 class=\"wp-block-heading has-text-align-left\">Rozd\u00edl mezi Montessori a tradi\u010dn\u00ed pedagogikou<\/h3>\n\n\n\n<figure class=\"wp-block-table Principles-table is-style-regular\"><table class=\"has-fixed-layout\"><thead><tr><th><\/th><th><strong>Montessori pedagogika<\/strong><\/th><th><strong>Tradi\u010dn\u00ed pedagogika<\/strong><\/th><\/tr><\/thead><tbody><tr><td><strong>V\u011bk<\/strong><\/td><td>V\u011bkov\u011b sm\u00ed\u0161en\u00e9 skupiny<\/td><td>D\u011bti stejn\u00e9ho v\u011bku<\/td><\/tr><tr><td><strong>Pohyb<\/strong><\/td><td>D\u011bti se mohou pohybovat po t\u0159\u00edd\u011b a pracovat na r\u016fzn\u00fdch m\u00edstech samostatn\u011b nebo ve skupin\u011b<\/td><td>D\u011bti sed\u00ed v\u011bt\u0161inou v lavic\u00edch na sv\u00fdch m\u00edstech<\/td><\/tr><tr><td><strong>Zodpov\u011bdnost<\/strong><\/td><td>D\u011bti si \u0159\u00edd\u00ed svou \u010dinnost skrze p\u0159ipraven\u00e9 prost\u0159ed\u00ed, co\u017e podporuje p\u0159ij\u00edm\u00e1n\u00ed vlastn\u00ed odpov\u011bdnosti za proces u\u010den\u00ed<\/td><td>U\u010ditel \u0159\u00edd\u00ed \u010dinnost d\u011bt\u00ed<\/td><\/tr><tr><td><strong>Hodnocen\u00ed<\/strong><\/td><td>Zam\u011b\u0159en\u00e1 na proces, pou\u017e\u00edv\u00e1n\u00ed formativn\u00edho hodnocen\u00ed, bez pou\u017eit\u00ed zn\u00e1mek a porovn\u00e1v\u00e1n\u00ed d\u011bt\u00ed<\/td><td>Zam\u011b\u0159en\u00e1 na v\u00fdsledek, pou\u017e\u00edv\u00e1n\u00ed test\u016f a zn\u00e1mek<\/td><\/tr><tr><td><strong>Spolupr\u00e1ce\/Individualita<\/strong><\/td><td>D\u016fraz je kladen na spolupr\u00e1ci<\/td><td>D\u016fraz je kladen na porovn\u00e1v\u00e1n\u00ed a sout\u011b\u017eivost<\/td><\/tr><tr><td><strong>Studijn\u00ed \u010das<\/strong><\/td><td>D\u011bti se u\u010d\u00ed v bloc\u00edch tzv. nep\u0159eru\u0161ovan\u00e9 montessori cykly, propojov\u00e1n\u00ed p\u0159edm\u011bt\u016f, d\u011bti si \u0159\u00edd\u00ed svou \u010dinnost a vol\u00ed si danou pr\u00e1ci a \u010das<\/td><td>D\u011bti se u\u010d\u00ed v r\u00e1mci hodin, kdy v\u0161ichni pracuj\u00ed na stejn\u00e9m p\u0159edm\u011btu a zad\u00e1n\u00ed ve stejn\u00fd \u010das<\/td><\/tr><tr><td><strong>Pl\u00e1n<\/strong><\/td><td>U\u010den\u00ed zalo\u017een\u00e9 na dotazech a objevov\u00e1n\u00ed<\/td><td>U\u010den\u00ed zalo\u017een\u00e9 na spln\u011bn\u00ed standardu a v\u00fdstup\u016f ro\u010dn\u00edku<\/td><\/tr><tr><td><strong>U\u010ditel\u00e9<\/strong><\/td><td>U\u010ditel\u00e9 pl\u00e1nuj\u00ed individu\u00e1ln\u00ed lekce, d\u011bti pou\u017e\u00edvaj\u00ed samostatn\u011b konkr\u00e9tn\u00ed v\u00fdukov\u00e9 materi\u00e1ly, u\u010d\u00ed se od sebe a maj\u00ed mo\u017enost r\u016fstu na z\u00e1klad\u011b vlastn\u00edho potenci\u00e1lu<\/td><td>U\u010ditel d\u00e1v\u00e1 instrukce cel\u00e9 t\u0159\u00edd\u011b nebo skupin\u011b d\u011bt\u00ed na z\u00e1klad\u011b p\u0159edem stanoven\u00e9ho kurikula a jejich r\u016fst se soust\u0159ed\u00ed na oblast a v\u00fdstupy dan\u00e9ho ro\u010dn\u00edku<\/td><\/tr><\/tbody><\/table><\/figure>\n","protected":false},"excerpt":{"rendered":"<p>St\u011b\u017eejn\u00ed my\u0161lenkou je, \u017ee d\u00edt\u011b se u\u010d\u00ed nejl\u00e9pe tehdy, kdy\u017e je t\u00edm procesem zaujato, kdy\u017e jej bav\u00ed, t\u011b\u0161\u00ed a povzbuzuje, kdy\u017e nach\u00e1z\u00ed svoji vnit\u0159n\u00ed motivaci k u\u010den\u00ed. Montessori didaktika a metodika n\u00e1m poskytly d\u016fkladn\u011b promy\u0161len\u00fd a systematicky uspo\u0159\u00e1dan\u00fd koncept, kter\u00fd je \u00fasp\u011b\u0161n\u011b aplikov\u00e1n ji\u017e p\u0159es 100 let v mnoha zem\u00edch a \u0161kol\u00e1ch na sv\u011bt\u011b. V [&hellip;]<\/p>\n","protected":false},"author":1,"featured_media":0,"parent":12,"menu_order":0,"comment_status":"closed","ping_status":"closed","template":"template-education-principles.blade.php","meta":{"footnotes":""},"class_list":["post-24","page","type-page","status-publish","hentry"],"acf":[],"yoast_head":"<!-- This site is optimized with the Yoast SEO plugin v27.5 - https:\/\/yoast.com\/product\/yoast-seo-wordpress\/ -->\n<title>Vzd\u011bl\u00e1vac\u00ed principy | Z\u0160 Montessori Ostrava<\/title>\n<meta name=\"description\" content=\"Seznamte se s principy vzd\u011bl\u00e1v\u00e1n\u00ed na Z\u0160 Montessori Ostrava. Individu\u00e1ln\u00ed p\u0159\u00edstup, samostatnost a respekt k p\u0159irozen\u00e9mu v\u00fdvoji d\u00edt\u011bte.\" \/>\n<meta name=\"robots\" content=\"index, follow, max-snippet:-1, max-image-preview:large, max-video-preview:-1\" \/>\n<link rel=\"canonical\" href=\"https:\/\/www.montessoriostrava.cz\/zs\/o-nas\/vzdelavaci-principy\/\" \/>\n<meta property=\"og:locale\" content=\"cs_CZ\" \/>\n<meta property=\"og:type\" content=\"article\" \/>\n<meta property=\"og:title\" content=\"Vzd\u011bl\u00e1vac\u00ed principy | Z\u0160 Montessori Ostrava\" \/>\n<meta property=\"og:description\" content=\"Seznamte se s principy vzd\u011bl\u00e1v\u00e1n\u00ed na Z\u0160 Montessori Ostrava. Individu\u00e1ln\u00ed p\u0159\u00edstup, samostatnost a respekt k p\u0159irozen\u00e9mu v\u00fdvoji d\u00edt\u011bte.\" \/>\n<meta property=\"og:url\" content=\"https:\/\/www.montessoriostrava.cz\/zs\/o-nas\/vzdelavaci-principy\/\" \/>\n<meta property=\"og:site_name\" content=\"Z\u0160 Montessori Ostrava\" \/>\n<meta property=\"article:modified_time\" content=\"2025-01-31T08:08:14+00:00\" \/>\n<meta property=\"og:image\" content=\"https:\/\/www.montessoriostrava.cz\/zs\/wp-content\/uploads\/sites\/3\/2024\/09\/9a24f4ac6f0934060ce15cbb2a87d445.png\" \/>\n\t<meta property=\"og:image:width\" content=\"2048\" \/>\n\t<meta property=\"og:image:height\" content=\"2048\" \/>\n\t<meta property=\"og:image:type\" content=\"image\/png\" \/>\n<meta name=\"twitter:card\" content=\"summary_large_image\" \/>\n<meta name=\"twitter:label1\" content=\"Odhadovan\u00e1 doba \u010dten\u00ed\" \/>\n\t<meta name=\"twitter:data1\" content=\"2 minuty\" \/>\n<script type=\"application\/ld+json\" class=\"yoast-schema-graph\">{\"@context\":\"https:\\\/\\\/schema.org\",\"@graph\":[{\"@type\":\"WebPage\",\"@id\":\"https:\\\/\\\/www.montessoriostrava.cz\\\/zs\\\/o-nas\\\/vzdelavaci-principy\\\/\",\"url\":\"https:\\\/\\\/www.montessoriostrava.cz\\\/zs\\\/o-nas\\\/vzdelavaci-principy\\\/\",\"name\":\"Vzd\u011bl\u00e1vac\u00ed principy | Z\u0160 Montessori Ostrava\",\"isPartOf\":{\"@id\":\"https:\\\/\\\/www.montessoriostrava.cz\\\/zs\\\/#website\"},\"datePublished\":\"2024-09-03T09:05:07+00:00\",\"dateModified\":\"2025-01-31T08:08:14+00:00\",\"description\":\"Seznamte se s principy vzd\u011bl\u00e1v\u00e1n\u00ed na Z\u0160 Montessori Ostrava. Individu\u00e1ln\u00ed p\u0159\u00edstup, samostatnost a respekt k p\u0159irozen\u00e9mu v\u00fdvoji d\u00edt\u011bte.\",\"breadcrumb\":{\"@id\":\"https:\\\/\\\/www.montessoriostrava.cz\\\/zs\\\/o-nas\\\/vzdelavaci-principy\\\/#breadcrumb\"},\"inLanguage\":\"cs\",\"potentialAction\":[{\"@type\":\"ReadAction\",\"target\":[\"https:\\\/\\\/www.montessoriostrava.cz\\\/zs\\\/o-nas\\\/vzdelavaci-principy\\\/\"]}]},{\"@type\":\"BreadcrumbList\",\"@id\":\"https:\\\/\\\/www.montessoriostrava.cz\\\/zs\\\/o-nas\\\/vzdelavaci-principy\\\/#breadcrumb\",\"itemListElement\":[{\"@type\":\"ListItem\",\"position\":1,\"name\":\"Dom\u016f\",\"item\":\"https:\\\/\\\/www.montessoriostrava.cz\\\/zs\\\/\"},{\"@type\":\"ListItem\",\"position\":2,\"name\":\"O n\u00e1s\",\"item\":\"https:\\\/\\\/www.montessoriostrava.cz\\\/zs\\\/o-nas\\\/\"},{\"@type\":\"ListItem\",\"position\":3,\"name\":\"Vzd\u011bl\u00e1vac\u00ed principy\"}]},{\"@type\":\"WebSite\",\"@id\":\"https:\\\/\\\/www.montessoriostrava.cz\\\/zs\\\/#website\",\"url\":\"https:\\\/\\\/www.montessoriostrava.cz\\\/zs\\\/\",\"name\":\"Z\u0160 Montessori Ostrava\",\"description\":\"Z\u00e1kladn\u00ed \u0161kola s respektem!\",\"publisher\":{\"@id\":\"https:\\\/\\\/www.montessoriostrava.cz\\\/zs\\\/#organization\"},\"potentialAction\":[{\"@type\":\"SearchAction\",\"target\":{\"@type\":\"EntryPoint\",\"urlTemplate\":\"https:\\\/\\\/www.montessoriostrava.cz\\\/zs\\\/?s={search_term_string}\"},\"query-input\":{\"@type\":\"PropertyValueSpecification\",\"valueRequired\":true,\"valueName\":\"search_term_string\"}}],\"inLanguage\":\"cs\"},{\"@type\":\"Organization\",\"@id\":\"https:\\\/\\\/www.montessoriostrava.cz\\\/zs\\\/#organization\",\"name\":\"Montessori Ostrava\",\"url\":\"https:\\\/\\\/www.montessoriostrava.cz\\\/zs\\\/\",\"logo\":{\"@type\":\"ImageObject\",\"inLanguage\":\"cs\",\"@id\":\"https:\\\/\\\/www.montessoriostrava.cz\\\/zs\\\/#\\\/schema\\\/logo\\\/image\\\/\",\"url\":\"https:\\\/\\\/www.montessoriostrava.cz\\\/zs\\\/wp-content\\\/uploads\\\/sites\\\/3\\\/2025\\\/01\\\/logo-montessori.png\",\"contentUrl\":\"https:\\\/\\\/www.montessoriostrava.cz\\\/zs\\\/wp-content\\\/uploads\\\/sites\\\/3\\\/2025\\\/01\\\/logo-montessori.png\",\"width\":1794,\"height\":527,\"caption\":\"Montessori Ostrava\"},\"image\":{\"@id\":\"https:\\\/\\\/www.montessoriostrava.cz\\\/zs\\\/#\\\/schema\\\/logo\\\/image\\\/\"}}]}<\/script>\n<!-- \/ Yoast SEO plugin. -->","yoast_head_json":{"title":"Vzd\u011bl\u00e1vac\u00ed principy | Z\u0160 Montessori Ostrava","description":"Seznamte se s principy vzd\u011bl\u00e1v\u00e1n\u00ed na Z\u0160 Montessori Ostrava. Individu\u00e1ln\u00ed p\u0159\u00edstup, samostatnost a respekt k p\u0159irozen\u00e9mu v\u00fdvoji d\u00edt\u011bte.","robots":{"index":"index","follow":"follow","max-snippet":"max-snippet:-1","max-image-preview":"max-image-preview:large","max-video-preview":"max-video-preview:-1"},"canonical":"https:\/\/www.montessoriostrava.cz\/zs\/o-nas\/vzdelavaci-principy\/","og_locale":"cs_CZ","og_type":"article","og_title":"Vzd\u011bl\u00e1vac\u00ed principy | Z\u0160 Montessori Ostrava","og_description":"Seznamte se s principy vzd\u011bl\u00e1v\u00e1n\u00ed na Z\u0160 Montessori Ostrava. Individu\u00e1ln\u00ed p\u0159\u00edstup, samostatnost a respekt k p\u0159irozen\u00e9mu v\u00fdvoji d\u00edt\u011bte.","og_url":"https:\/\/www.montessoriostrava.cz\/zs\/o-nas\/vzdelavaci-principy\/","og_site_name":"Z\u0160 Montessori Ostrava","article_modified_time":"2025-01-31T08:08:14+00:00","og_image":[{"width":2048,"height":2048,"url":"https:\/\/www.montessoriostrava.cz\/zs\/wp-content\/uploads\/sites\/3\/2024\/09\/9a24f4ac6f0934060ce15cbb2a87d445.png","type":"image\/png"}],"twitter_card":"summary_large_image","twitter_misc":{"Odhadovan\u00e1 doba \u010dten\u00ed":"2 minuty"},"schema":{"@context":"https:\/\/schema.org","@graph":[{"@type":"WebPage","@id":"https:\/\/www.montessoriostrava.cz\/zs\/o-nas\/vzdelavaci-principy\/","url":"https:\/\/www.montessoriostrava.cz\/zs\/o-nas\/vzdelavaci-principy\/","name":"Vzd\u011bl\u00e1vac\u00ed principy | Z\u0160 Montessori Ostrava","isPartOf":{"@id":"https:\/\/www.montessoriostrava.cz\/zs\/#website"},"datePublished":"2024-09-03T09:05:07+00:00","dateModified":"2025-01-31T08:08:14+00:00","description":"Seznamte se s principy vzd\u011bl\u00e1v\u00e1n\u00ed na Z\u0160 Montessori Ostrava. Individu\u00e1ln\u00ed p\u0159\u00edstup, samostatnost a respekt k p\u0159irozen\u00e9mu v\u00fdvoji d\u00edt\u011bte.","breadcrumb":{"@id":"https:\/\/www.montessoriostrava.cz\/zs\/o-nas\/vzdelavaci-principy\/#breadcrumb"},"inLanguage":"cs","potentialAction":[{"@type":"ReadAction","target":["https:\/\/www.montessoriostrava.cz\/zs\/o-nas\/vzdelavaci-principy\/"]}]},{"@type":"BreadcrumbList","@id":"https:\/\/www.montessoriostrava.cz\/zs\/o-nas\/vzdelavaci-principy\/#breadcrumb","itemListElement":[{"@type":"ListItem","position":1,"name":"Dom\u016f","item":"https:\/\/www.montessoriostrava.cz\/zs\/"},{"@type":"ListItem","position":2,"name":"O n\u00e1s","item":"https:\/\/www.montessoriostrava.cz\/zs\/o-nas\/"},{"@type":"ListItem","position":3,"name":"Vzd\u011bl\u00e1vac\u00ed principy"}]},{"@type":"WebSite","@id":"https:\/\/www.montessoriostrava.cz\/zs\/#website","url":"https:\/\/www.montessoriostrava.cz\/zs\/","name":"Z\u0160 Montessori Ostrava","description":"Z\u00e1kladn\u00ed \u0161kola s respektem!","publisher":{"@id":"https:\/\/www.montessoriostrava.cz\/zs\/#organization"},"potentialAction":[{"@type":"SearchAction","target":{"@type":"EntryPoint","urlTemplate":"https:\/\/www.montessoriostrava.cz\/zs\/?s={search_term_string}"},"query-input":{"@type":"PropertyValueSpecification","valueRequired":true,"valueName":"search_term_string"}}],"inLanguage":"cs"},{"@type":"Organization","@id":"https:\/\/www.montessoriostrava.cz\/zs\/#organization","name":"Montessori Ostrava","url":"https:\/\/www.montessoriostrava.cz\/zs\/","logo":{"@type":"ImageObject","inLanguage":"cs","@id":"https:\/\/www.montessoriostrava.cz\/zs\/#\/schema\/logo\/image\/","url":"https:\/\/www.montessoriostrava.cz\/zs\/wp-content\/uploads\/sites\/3\/2025\/01\/logo-montessori.png","contentUrl":"https:\/\/www.montessoriostrava.cz\/zs\/wp-content\/uploads\/sites\/3\/2025\/01\/logo-montessori.png","width":1794,"height":527,"caption":"Montessori Ostrava"},"image":{"@id":"https:\/\/www.montessoriostrava.cz\/zs\/#\/schema\/logo\/image\/"}}]}},"_links":{"self":[{"href":"https:\/\/www.montessoriostrava.cz\/zs\/wp-json\/wp\/v2\/pages\/24","targetHints":{"allow":["GET"]}}],"collection":[{"href":"https:\/\/www.montessoriostrava.cz\/zs\/wp-json\/wp\/v2\/pages"}],"about":[{"href":"https:\/\/www.montessoriostrava.cz\/zs\/wp-json\/wp\/v2\/types\/page"}],"author":[{"embeddable":true,"href":"https:\/\/www.montessoriostrava.cz\/zs\/wp-json\/wp\/v2\/users\/1"}],"replies":[{"embeddable":true,"href":"https:\/\/www.montessoriostrava.cz\/zs\/wp-json\/wp\/v2\/comments?post=24"}],"version-history":[{"count":10,"href":"https:\/\/www.montessoriostrava.cz\/zs\/wp-json\/wp\/v2\/pages\/24\/revisions"}],"predecessor-version":[{"id":430,"href":"https:\/\/www.montessoriostrava.cz\/zs\/wp-json\/wp\/v2\/pages\/24\/revisions\/430"}],"up":[{"embeddable":true,"href":"https:\/\/www.montessoriostrava.cz\/zs\/wp-json\/wp\/v2\/pages\/12"}],"wp:attachment":[{"href":"https:\/\/www.montessoriostrava.cz\/zs\/wp-json\/wp\/v2\/media?parent=24"}],"curies":[{"name":"wp","href":"https:\/\/api.w.org\/{rel}","templated":true}]}}